{"id":854,"date":"2022-06-19T12:27:42","date_gmt":"2022-06-19T10:27:42","guid":{"rendered":"https:\/\/test.reismann.de\/?page_id=854"},"modified":"2025-09-29T22:34:54","modified_gmt":"2025-09-29T20:34:54","slug":"satzung","status":"publish","type":"page","link":"https:\/\/reismann.de\/?page_id=854","title":{"rendered":"Satzung"},"content":{"rendered":"\t\t<div data-elementor-type=\"wp-page\" data-elementor-id=\"854\" class=\"elementor elementor-854\">\n\t\t\t\t\t\t<section class=\"elementor-section elementor-top-section elementor-element elementor-element-20dc534 elementor-section-boxed elementor-section-height-default elementor-section-height-default\" data-id=\"20dc534\" data-element_type=\"section\" data-e-type=\"section\">\n\t\t\t\t\t\t<div class=\"elementor-container elementor-column-gap-default\">\n\t\t\t\t\t<div class=\"elementor-column elementor-col-100 elementor-top-column elementor-element elementor-element-c65f02a\" data-id=\"c65f02a\" data-element_type=\"column\" data-e-type=\"column\">\n\t\t\t<div class=\"elementor-widget-wrap elementor-element-populated\">\n\t\t\t\t\t\t<div class=\"elementor-element elementor-element-e30f36c elementor-widget elementor-widget-heading\" data-id=\"e30f36c\" data-element_type=\"widget\" data-e-type=\"widget\" data-widget_type=\"heading.default\">\n\t\t\t\t<div class=\"elementor-widget-container\">\n\t\t\t\t\t<h2 class=\"elementor-heading-title elementor-size-default\">Satzung<\/h2>\t\t\t\t<\/div>\n\t\t\t\t<\/div>\n\t\t\t\t<div class=\"elementor-element elementor-element-fea757b elementor-widget elementor-widget-text-editor\" data-id=\"fea757b\" data-element_type=\"widget\" data-e-type=\"widget\" data-widget_type=\"text-editor.default\">\n\t\t\t\t<div class=\"elementor-widget-container\">\n\t\t\t\t\t\t\t\t\t<h3>\u00a7 1 Name und Sitz<\/h3><p>Der Verein f\u00fchrt den Namen \u201eVerein ehemaliger Reism\u00e4nner e.V.\u201c. Der Sitz des Vereins ist Paderborn.<\/p><h3>\u00a7 2 Gesch\u00e4ftsjahr<\/h3><p>Gesch\u00e4ftsjahr ist das Kalenderjahr.<\/p><h3>\u00a7 3 Zweck des Vereins<\/h3><p>Der Verein verfolgt ausschlie\u00dflich und unmittelbar gemeinn\u00fctzige Zwecke im Sinne des Abschnitts &#8222;Steuerbeg\u00fcnstigte Zwecke&#8220; der Abgabenordnung.<br \/>Zweck des Vereins ist die F\u00f6rderung der Erziehung, Volks- und Berufsbildung einschlie\u00dflich der Studentenhilfe.<br \/>Der Satzungszweck wird verwirklicht insbesondere durch die F\u00f6rderung der Sch\u00fclerinnen, Sch\u00fcler und Ehemaligen des Reismann-Gymnasiums in Paderborn, einschlie\u00dflich der Studierenden an ihren Studienorten, sowie durch die Pflege der Freundschaft und die Aufrechterhaltung der Kontakte Ehemaliger untereinander und zur Schule.<\/p><h3>\u00a7 4 Selbstlose T\u00e4tigkeit<\/h3><p>Der Verein ist selbstlos t\u00e4tig; er verfolgt nicht in erster Linie eigenwirtschaftliche Zwecke.<\/p><h3>\u00a7 5 Mittelverwendung<\/h3><p>Mittel des Vereins d\u00fcrfen nur f\u00fcr die satzungsm\u00e4\u00dfigen Zwecke verwendet werden. Die Mitglieder erhalten keine Zuwendungen aus Mitteln des Vereins.<\/p><h3>\u00a7 6 Verbot von Beg\u00fcnstigungen<\/h3><p>Es darf keine Person durch Ausgaben, die dem Zweck der K\u00f6rperschaft fremd sind, oder durch unverh\u00e4ltnism\u00e4\u00dfig hohe Verg\u00fctungen beg\u00fcnstigt werden.<\/p><h3>\u00a7 7 Erwerb der Mitgliedschaft<\/h3><ol><li>Vereinsmitglieder k\u00f6nnen nat\u00fcrliche Personen werden, die am Reismann-Gymnasium in Paderborn die Reifepr\u00fcfung abgelegt haben oder wenigstens drei Jahre das Reismann-Gymnasium besucht haben, sowie (ehemalige) Lehrkr\u00e4fte der Schule.<\/li><li>Dar\u00fcber hinaus k\u00f6nnen juristische und nat\u00fcrliche Personen f\u00f6rdernde Mitglieder werden.<\/li><\/ol><p>Stimmberechtigt und w\u00e4hlbar sind nur Mitglieder im Sinne der Ziffer 1. Die sonstigen Mitglieder haben das Recht, an Versammlungen beratend teilzunehmen.<br \/>Der Aufnahmeantrag ist schriftlich zu stellen.<br \/>\u00dcber den Aufnahmeantrag entscheidet der Vorstand.<br \/>Gegen die Ablehnung, die keiner Begr\u00fcndung bedarf, steht dem\/der Bewerber\/in die Berufung an die Mitgliederversammlung zu, welche dann endg\u00fcltig entscheidet.<br \/>Verdiente Mitglieder k\u00f6nnen durch Beschluss des Vorstandes ausgezeichnet werden.<\/p><h3>\u00a7 8 Beendigung der Mitgliedschaft<\/h3><p>Die Mitgliedschaft endet durch Austritt, Ausschluss, Tod oder Aufl\u00f6sung der juristischen Person.<br \/>Der Austritt erfolgt durch schriftliche Erkl\u00e4rung gegen\u00fcber einem vertretungsberechtigten Vorstandsmitglied. Die schriftliche Austrittserkl\u00e4rung muss mit einer Frist von einem Monat jeweils zum Ende des Gesch\u00e4ftsjahres gegen\u00fcber dem Vorstand erkl\u00e4rt werden.<br \/>Ein Ausschluss kann nur aus wichtigem Grund erfolgen. Wichtige Gr\u00fcnde sind insbesondere ein die Vereinsziele sch\u00e4digendes Verhalten, die Verletzung satzungsm\u00e4\u00dfiger Pflichten oder Beitragsr\u00fcckst\u00e4nde von mindestens einem Jahr. \u00dcber den Ausschluss entscheidet der Vorstand. Gegen den Ausschluss steht dem Mitglied die Berufung an die Mitgliederversammlung zu, die schriftlich binnen eines Monats an den Vorstand zu richten ist. Die Mitgliederversammlung entscheidet im Rahmen des Vereins endg\u00fcltig.<br \/>Dem Mitglied bleibt die \u00dcberpr\u00fcfung der Ma\u00dfnahme durch Anrufung der ordentlichen Gerichte vorbehalten. Die Anrufung eines ordentlichen Gerichts hat aufschiebende Wirkung bis zur Rechtskraft der gerichtlichen Entscheidung.<\/p><h3>\u00a7 9 Beitr\u00e4ge<\/h3><p>Von den Mitgliedern werden Beitr\u00e4ge erhoben. Die H\u00f6he der Beitr\u00e4ge und deren F\u00e4lligkeit wird in der Beitragsordnung geregelt.<\/p><h3>\u00a7 10 Organe des Vereins<\/h3><p>Organe des Vereins sind<\/p><ul><li>die Mitgliederversammlung<\/li><li>der Vorstand.<\/li><\/ul><h3>\u00a7 11 Mitgliederversammlung<\/h3><p>Die Mitgliederversammlung ist das oberste Vereinsorgan. Zu ihren Aufgaben geh\u00f6ren insbesondere<\/p><ol><li>die Wahl und Abwahl des Vorstands,<\/li><li>Entlastung des Vorstands,<\/li><li>Entgegennahme der Berichte des Vorstandes,<\/li><li>Wahl der Kassenpr\u00fcfern\/innen,<\/li><li>Festsetzung der Beitragsordnung,<\/li><li>Beschlussfassung \u00fcber die \u00c4nderung der Satzung,<\/li><li>Beschlussfassung \u00fcber die Aufl\u00f6sung des Vereins,<\/li><li>Entscheidung \u00fcber Aufnahme und Ausschluss von Mitgliedern in Berufungsf\u00e4llen<\/li><li>sowie weitere Aufgaben, soweit sich diese aus der Satzung oder nach dem Gesetz ergeben.<\/li><\/ol><p>Im erstem Halbjahr eines jeden Gesch\u00e4ftsjahres findet eine ordentliche Mitgliederversammlung statt.<br \/>Der Vorstand ist zur Einberufung einer au\u00dferordentlichen Mitgliederversammlung verpflichtet, wenn mindestens ein Drittel der Mitglieder dies schriftlich unter Angabe von Gr\u00fcnden verlangt.<br \/>Die Mitgliederversammlung wird vom Vorstand unter Einhaltung einer Frist von einem Monat schriftlich unter Angabe der Tagesordnung einberufen. Die Frist beginnt mit dem auf die Absendung des Einladungsschreibens folgenden Tag. Das Einladungsschreiben gilt als den Mitgliedern zugegangen, wenn es an die letzte, dem Verein bekannt gegebene Anschrift gerichtet war.<br \/>Die Einladung kann auch elektronisch erfolgen (E-Mail), wenn das Mitglied seine elektronische Anschrift (E-Mail-Adresse) auf einem Vereinsformular (Aufnahmeantrag, Teilnehmerlisten des Vereins, \u00c4nderungsmitteilungen usw.) dem Verein mitgeteilt hat. Die elektronische Einladung ersetzt dann die postalische.<br \/>Die Tagesordnung ist zu erg\u00e4nzen, wenn dies ein Mitglied bis sp\u00e4testens eine Woche vor dem angesetzten Termin schriftlich beantragt. Die Erg\u00e4nzung ist zu Beginn der Versammlung bekanntzumachen.<br \/>Antr\u00e4ge \u00fcber die \u00c4nderung der Satzung und \u00fcber die Aufl\u00f6sung des Vereins, die den Mitgliedern nicht bereits vor der Versammlung zugegangen sind, k\u00f6nnen erst auf der n\u00e4chsten Mitgliederversammlung beschlossen werden.<br \/>Die Mitgliederversammlung ist ohne R\u00fccksicht auf die Zahl der erschienenen Mitglieder beschlussf\u00e4hig.<br \/>Die Mitgliederversammlung wird von einem Vorstandsmitglied geleitet. Zu Beginn der Mitgliederversammlung ist ein Schriftf\u00fchrer zu w\u00e4hlen.<br \/>Jedes Mitglied hat eine Stimme. Das Stimmrecht kann nur pers\u00f6nlich oder f\u00fcr ein Mitglied unter Vorlage einer schriftlichen Vollmacht ausge\u00fcbt werden.<br \/>Bei Abstimmungen entscheidet die einfache Mehrheit der abgegebenen Stimmen.<br \/>Satzungs\u00e4nderungen und die Aufl\u00f6sung des Vereins k\u00f6nnen nur mit einer Mehrheit von 2\/3 der anwesenden Mitglieder beschlossen werden.<br \/>Stimmenthaltungen und ung\u00fcltige Stimmen bleiben au\u00dfer Betracht.<br \/>\u00dcber die Beschl\u00fcsse der Mitgliederversammlung ist ein Protokoll anzufertigen, das vom Versammlungsleiter und dem Schriftf\u00fchrer zu unterzeichnen ist.<\/p><h3>\u00a7 12 Vorstand<\/h3><p>Der Vorstand besteht aus:<\/p><ul><li>dem\/der Vorsitzenden<\/li><li>dem\/der stellvertretenden Vorsitzenden<\/li><li>dem\/der Gesch\u00e4ftsf\u00fchrer\/in<\/li><li>dem\/der Kassenwart\/in<\/li><li>dem\/der Schriftf\u00fchrer\/in<\/li><\/ul><p><br \/>Der Vorstand im Sinn des \u00a7 26 BGB besteht aus dem\/der Vorsitzenden, dem\/der stellvertretenden Vorsitzenden, dem\/der Kassierer\/in und dem\/der Gesch\u00e4ftsf\u00fchrer\/in. Sie vertreten den Verein gerichtlich und au\u00dfergerichtlich. Zwei Vorstandsmitglieder vertreten gemeinsam.<br \/>Der Vorstand wird von der Mitgliederversammlung f\u00fcr die Dauer von drei Jahren gew\u00e4hlt.<br \/>Der Vorstand bleibt solange im Amt, bis ein neuer Vorstand gew\u00e4hlt ist.<br \/>Bei Beendigung der Mitgliedschaft im Verein endet auch das Amt als Vorstand.<\/p><p><strong>\u00a7 13 Kassenpr\u00fcfung<\/strong><\/p><p>Die Mitgliederversammlung w\u00e4hlt im j\u00e4hrlich wechselnden Rhythmus f\u00fcr die Dauer von zwei Jahren zwei Kassenpr\u00fcfer\/innen.<br \/>Diese d\u00fcrfen nicht Mitglied des Vorstands sein.<br \/>Wiederwahl ist zul\u00e4ssig.<\/p><p><strong>\u00a7 14 Aufl\u00f6sung des Vereins<\/strong><\/p><p>Bei Aufl\u00f6sung oder Aufhebung des Vereins oder bei Wegfall steuerbeg\u00fcnstigter Zwecke f\u00e4llt das Verm\u00f6gen des Vereins an den Verein der Freunde und F\u00f6rderer des Reismann-Gymnasiums e.V., der es unmittelbar und ausschlie\u00dflich f\u00fcr gemeinn\u00fctzige, Zwecke zu verwenden hat.<\/p><p>Satzung vom 8. Januar 1988, zuletzt ge\u00e4ndert am 1. M\u00e4rz 2024<\/p>\t\t\t\t\t\t\t\t<\/div>\n\t\t\t\t<\/div>\n\t\t\t\t<div class=\"elementor-element elementor-element-1a32d2c elementor-widget elementor-widget-heading\" data-id=\"1a32d2c\" data-element_type=\"widget\" data-e-type=\"widget\" data-widget_type=\"heading.default\">\n\t\t\t\t<div class=\"elementor-widget-container\">\n\t\t\t\t\t<h2 class=\"elementor-heading-title elementor-size-default\">Beitragsordnung<\/h2>\t\t\t\t<\/div>\n\t\t\t\t<\/div>\n\t\t\t\t<div class=\"elementor-element elementor-element-756bb82 elementor-widget elementor-widget-text-editor\" data-id=\"756bb82\" data-element_type=\"widget\" data-e-type=\"widget\" data-widget_type=\"text-editor.default\">\n\t\t\t\t<div class=\"elementor-widget-container\">\n\t\t\t\t\t\t\t\t\t<p>Beitragsordnung des Vereins ehemaliger Reism\u00e4nner e.V.<\/p><h3>\u00a7 1 Grundsatz<\/h3><p>Diese Beitragsordnung ist nicht Bestandteil der Satzung. Sie regelt die Beitragsverpflichtungen der Mitglieder. Sie kann nur von der Mitgliederversammlung des Vereins ge\u00e4ndert werden. Als Anhang zur Satzung kann sie mit einfacher Mehrheit ge\u00e4ndert und beschlossen werden.<\/p><h3>\u00a7 2 Beschl\u00fcsse<\/h3><ol><li>Die Mitgliederversammlung beschlie\u00dft die H\u00f6he des Beitrages. Der Vorstand des Vereins hat ein Vorschlagsrecht.<\/li><li>Die festgesetzten Beitr\u00e4ge werden grunds\u00e4tzlich zum Ende des ersten Quartals eingezogen.<\/li><\/ol><h3>\u00a7 3 Beitr\u00e4ge<\/h3><p>Der Mitgliedsbeitrag betr\u00e4gt 20 Euro pro Kalenderjahr. F\u00fcr Studierende, Auszubildende und Freiwilligendienstleistende betr\u00e4gt der Mindestbeitrag 10 Euro. Ab der Vollendung des 30. Lebensjahres muss f\u00fcr den erm\u00e4\u00dfigten Beitrag ein Nachweis vorgelegt werden.<\/p><p>Beschlussfassung: Paderborn, 01. M\u00e4rz 2024<\/p>\t\t\t\t\t\t\t\t<\/div>\n\t\t\t\t<\/div>\n\t\t\t\t\t<\/div>\n\t\t<\/div>\n\t\t\t\t\t<\/div>\n\t\t<\/section>\n\t\t\t\t<\/div>\n\t\t","protected":false},"excerpt":{"rendered":"<p>Satzung \u00a7 1 Name und Sitz Der Verein f\u00fchrt den Namen \u201eVerein ehemaliger Reism\u00e4nner e.V.\u201c. Der Sitz des Vereins ist Paderborn. \u00a7 2 Gesch\u00e4ftsjahr Gesch\u00e4ftsjahr ist das Kalenderjahr. \u00a7 3 Zweck des Vereins Der Verein verfolgt ausschlie\u00dflich und unmittelbar gemeinn\u00fctzige Zwecke im Sinne des Abschnitts &#8222;Steuerbeg\u00fcnstigte Zwecke&#8220; der Abgabenordnung.Zweck des Vereins ist die F\u00f6rderung der [&hellip;]<\/p>\n","protected":false},"author":1,"featured_media":0,"parent":0,"menu_order":0,"comment_status":"closed","ping_status":"closed","template":"","meta":{"ocean_post_layout":"","ocean_both_sidebars_style":"","ocean_both_sidebars_content_width":0,"ocean_both_sidebars_sidebars_width":0,"ocean_sidebar":"0","ocean_second_sidebar":"0","ocean_disable_margins":"enable","ocean_add_body_class":"","ocean_shortcode_before_top_bar":"","ocean_shortcode_after_top_bar":"","ocean_shortcode_before_header":"","ocean_shortcode_after_header":"","ocean_has_shortcode":"","ocean_shortcode_after_title":"","ocean_shortcode_before_footer_widgets":"","ocean_shortcode_after_footer_widgets":"","ocean_shortcode_before_footer_bottom":"","ocean_shortcode_after_footer_bottom":"","ocean_display_top_bar":"default","ocean_display_header":"default","ocean_header_style":"","ocean_center_header_left_menu":"0","ocean_custom_header_template":"0","ocean_custom_logo":0,"ocean_custom_retina_logo":0,"ocean_custom_logo_max_width":0,"ocean_custom_logo_tablet_max_width":0,"ocean_custom_logo_mobile_max_width":0,"ocean_custom_logo_max_height":0,"ocean_custom_logo_tablet_max_height":0,"ocean_custom_logo_mobile_max_height":0,"ocean_header_custom_menu":"0","ocean_menu_typo_font_family":"0","ocean_menu_typo_font_subset":"","ocean_menu_typo_font_size":0,"ocean_menu_typo_font_size_tablet":0,"ocean_menu_typo_font_size_mobile":0,"ocean_menu_typo_font_size_unit":"px","ocean_menu_typo_font_weight":"","ocean_menu_typo_font_weight_tablet":"","ocean_menu_typo_font_weight_mobile":"","ocean_menu_typo_transform":"","ocean_menu_typo_transform_tablet":"","ocean_menu_typo_transform_mobile":"","ocean_menu_typo_line_height":0,"ocean_menu_typo_line_height_tablet":0,"ocean_menu_typo_line_height_mobile":0,"ocean_menu_typo_line_height_unit":"","ocean_menu_typo_spacing":0,"ocean_menu_typo_spacing_tablet":0,"ocean_menu_typo_spacing_mobile":0,"ocean_menu_typo_spacing_unit":"","ocean_menu_link_color":"","ocean_menu_link_color_hover":"","ocean_menu_link_color_active":"","ocean_menu_link_background":"","ocean_menu_link_hover_background":"","ocean_menu_link_active_background":"","ocean_menu_social_links_bg":"","ocean_menu_social_hover_links_bg":"","ocean_menu_social_links_color":"","ocean_menu_social_hover_links_color":"","ocean_disable_title":"default","ocean_disable_heading":"default","ocean_post_title":"","ocean_post_subheading":"","ocean_post_title_style":"","ocean_post_title_background_color":"","ocean_post_title_background":0,"ocean_post_title_bg_image_position":"","ocean_post_title_bg_image_attachment":"","ocean_post_title_bg_image_repeat":"","ocean_post_title_bg_image_size":"","ocean_post_title_height":0,"ocean_post_title_bg_overlay":0.5,"ocean_post_title_bg_overlay_color":"","ocean_disable_breadcrumbs":"default","ocean_breadcrumbs_color":"","ocean_breadcrumbs_separator_color":"","ocean_breadcrumbs_links_color":"","ocean_breadcrumbs_links_hover_color":"","ocean_display_footer_widgets":"default","ocean_display_footer_bottom":"default","ocean_custom_footer_template":"0","footnotes":""},"class_list":["post-854","page","type-page","status-publish","hentry","entry"],"jetpack_sharing_enabled":true,"_links":{"self":[{"href":"https:\/\/reismann.de\/index.php?rest_route=\/wp\/v2\/pages\/854","targetHints":{"allow":["GET"]}}],"collection":[{"href":"https:\/\/reismann.de\/index.php?rest_route=\/wp\/v2\/pages"}],"about":[{"href":"https:\/\/reismann.de\/index.php?rest_route=\/wp\/v2\/types\/page"}],"author":[{"embeddable":true,"href":"https:\/\/reismann.de\/index.php?rest_route=\/wp\/v2\/users\/1"}],"replies":[{"embeddable":true,"href":"https:\/\/reismann.de\/index.php?rest_route=%2Fwp%2Fv2%2Fcomments&post=854"}],"version-history":[{"count":11,"href":"https:\/\/reismann.de\/index.php?rest_route=\/wp\/v2\/pages\/854\/revisions"}],"predecessor-version":[{"id":4679,"href":"https:\/\/reismann.de\/index.php?rest_route=\/wp\/v2\/pages\/854\/revisions\/4679"}],"wp:attachment":[{"href":"https:\/\/reismann.de\/index.php?rest_route=%2Fwp%2Fv2%2Fmedia&parent=854"}],"curies":[{"name":"wp","href":"https:\/\/api.w.org\/{rel}","templated":true}]}}