{"id":824,"date":"2022-06-19T12:24:25","date_gmt":"2022-06-19T10:24:25","guid":{"rendered":"https:\/\/test.reismann.de\/?page_id=824"},"modified":"2023-10-29T19:31:03","modified_gmt":"2023-10-29T17:31:03","slug":"kultouren","status":"publish","type":"page","link":"https:\/\/reismann.de\/?page_id=824","title":{"rendered":"Kultouren"},"content":{"rendered":"\t\t<div data-elementor-type=\"wp-page\" data-elementor-id=\"824\" class=\"elementor elementor-824\">\n\t\t\t\t\t\t<section class=\"elementor-section elementor-top-section elementor-element elementor-element-e6760b7 elementor-section-boxed elementor-section-height-default elementor-section-height-default\" data-id=\"e6760b7\" data-element_type=\"section\" data-e-type=\"section\">\n\t\t\t\t\t\t<div class=\"elementor-container elementor-column-gap-default\">\n\t\t\t\t\t<div class=\"elementor-column elementor-col-100 elementor-top-column elementor-element elementor-element-5e4969c\" data-id=\"5e4969c\" data-element_type=\"column\" data-e-type=\"column\">\n\t\t\t<div class=\"elementor-widget-wrap elementor-element-populated\">\n\t\t\t\t\t\t<div class=\"elementor-element elementor-element-b99eda0 elementor-widget elementor-widget-heading\" data-id=\"b99eda0\" data-element_type=\"widget\" data-e-type=\"widget\" data-widget_type=\"heading.default\">\n\t\t\t\t<div class=\"elementor-widget-container\">\n\t\t\t\t\t<h1 class=\"elementor-heading-title elementor-size-default\">Kultouren<\/h1>\t\t\t\t<\/div>\n\t\t\t\t<\/div>\n\t\t\t\t<div class=\"elementor-element elementor-element-7e27ca2 elementor-widget elementor-widget-text-editor\" data-id=\"7e27ca2\" data-element_type=\"widget\" data-e-type=\"widget\" data-widget_type=\"text-editor.default\">\n\t\t\t\t<div class=\"elementor-widget-container\">\n\t\t\t\t\t\t\t\t\t<p>Wir blicken auf viele tolle Veranstaltungen zur\u00fcck und hoffen, dass wir die Liste weiter f\u00fcllen k\u00f6nnen.<\/p><ul><li><a href=\"https:\/\/reismann.de\/?page_id=4513\">Besuch der Meyer Werft in Papenburg am 13.04.2024<\/a><\/li><li><a href=\"https:\/\/reismann.de\/?page_id=1023\">Ada Ausstellung im Heinz-Nixdorf-Forum am 21.02.2016<\/a><\/li><li><a href=\"https:\/\/reismann.de\/?page_id=1044\">Fahrt nach Br\u00fcssel (2013)<\/a><\/li><li><a href=\"https:\/\/reismann.de\/?page_id=1307\">F\u00fchrung durch das Klostermuseum Dalheim (2012)<\/a><\/li><li><a href=\"https:\/\/reismann.de\/?page_id=1101\">F\u00fchrung durch das Kreismuseum Wewelsburg (2011)<\/a><\/li><li><a href=\"https:\/\/reismann.de\/?page_id=1332\">Dorfschulmuseum in Riege (2010)<\/a><\/li><li><a href=\"https:\/\/reismann.de\/?page_id=2943\">Heidschnuckensch\u00e4ferei in H\u00f6velhof (2010)<\/a><\/li><li><a href=\"https:\/\/reismann.de\/?page_id=1121\">Minden &#8211; Preu\u00dfens Perle an der Weser (2005)<\/a><\/li><li><a href=\"https:\/\/reismann.de\/?page_id=2956\">Lippe-Detmold, eine wundersch\u00f6ne Stadt&#8230; (2005)<\/a><\/li><li><a href=\"https:\/\/reismann.de\/?page_id=1161\">Ehemalige und aktive Reismann-Sch\u00fcler zu Gast im Landtag NRW (2004)<\/a><\/li><li><a href=\"https:\/\/reismann.de\/?page_id=1172\">Wenn Kunst Licht in Energie verwandelt&#8230; (2004)<\/a><\/li><li><a href=\"https:\/\/reismann.de\/?page_id=1186\">Dorfschulmuseum in H\u00f6velhof-Riege und Sennewanderung (2003)<\/a><\/li><li><a href=\"https:\/\/reismann.de\/?page_id=1207\">Wanderung durch das Furlbachtal (2003)<\/a><\/li><li><a href=\"https:\/\/reismann.de\/?page_id=1223\">Himmelfahrt an Saale und Unstrut (2002)<\/a><\/li><li><a href=\"https:\/\/reismann.de\/?page_id=2970\">Wandern im Arnsberger Wald mit Joachim Braun (1998)<\/a><\/li><li><a href=\"https:\/\/reismann.de\/?page_id=2981\">Dresden (1997)<\/a><\/li><li><a href=\"https:\/\/reismann.de\/?page_id=1262\">Besichtigung der Klutert-H\u00f6hle im Ennepetal (1997)<\/a><\/li><li><a href=\"https:\/\/reismann.de\/?page_id=1274\">Treffen aller Ehemaligen am 7. Oktober 1995<\/a><\/li><li><a href=\"https:\/\/reismann.de\/?page_id=1292\">Berlinfahrt (1994)<\/a><\/li><\/ul>\t\t\t\t\t\t\t\t<\/div>\n\t\t\t\t<\/div>\n\t\t\t\t\t<\/div>\n\t\t<\/div>\n\t\t\t\t\t<\/div>\n\t\t<\/section>\n\t\t\t\t<\/div>\n\t\t","protected":false},"excerpt":{"rendered":"<p>Kultouren Wir blicken auf viele tolle Veranstaltungen zur\u00fcck und hoffen, dass wir die Liste weiter f\u00fcllen k\u00f6nnen. Besuch der Meyer Werft in Papenburg am 13.04.2024 Ada Ausstellung im Heinz-Nixdorf-Forum am 21.02.2016 Fahrt nach Br\u00fcssel (2013) F\u00fchrung durch das Klostermuseum Dalheim (2012) F\u00fchrung durch das Kreismuseum Wewelsburg (2011) Dorfschulmuseum in Riege (2010) Heidschnuckensch\u00e4ferei in H\u00f6velhof (2010) [&hellip;]<\/p>\n","protected":false},"author":1,"featured_media":0,"parent":0,"menu_order":0,"comment_status":"closed","ping_status":"closed","template":"","meta":{"ocean_post_layout":"","ocean_both_sidebars_style":"","ocean_both_sidebars_content_width":0,"ocean_both_sidebars_sidebars_width":0,"ocean_sidebar":"0","ocean_second_sidebar":"0","ocean_disable_margins":"enable","ocean_add_body_class":"","ocean_shortcode_before_top_bar":"","ocean_shortcode_after_top_bar":"","ocean_shortcode_before_header":"","ocean_shortcode_after_header":"","ocean_has_shortcode":"","ocean_shortcode_after_title":"","ocean_shortcode_before_footer_widgets":"","ocean_shortcode_after_footer_widgets":"","ocean_shortcode_before_footer_bottom":"","ocean_shortcode_after_footer_bottom":"","ocean_display_top_bar":"default","ocean_display_header":"default","ocean_header_style":"","ocean_center_header_left_menu":"0","ocean_custom_header_template":"0","ocean_custom_logo":0,"ocean_custom_retina_logo":0,"ocean_custom_logo_max_width":0,"ocean_custom_logo_tablet_max_width":0,"ocean_custom_logo_mobile_max_width":0,"ocean_custom_logo_max_height":0,"ocean_custom_logo_tablet_max_height":0,"ocean_custom_logo_mobile_max_height":0,"ocean_header_custom_menu":"0","ocean_menu_typo_font_family":"0","ocean_menu_typo_font_subset":"","ocean_menu_typo_font_size":0,"ocean_menu_typo_font_size_tablet":0,"ocean_menu_typo_font_size_mobile":0,"ocean_menu_typo_font_size_unit":"px","ocean_menu_typo_font_weight":"","ocean_menu_typo_font_weight_tablet":"","ocean_menu_typo_font_weight_mobile":"","ocean_menu_typo_transform":"","ocean_menu_typo_transform_tablet":"","ocean_menu_typo_transform_mobile":"","ocean_menu_typo_line_height":0,"ocean_menu_typo_line_height_tablet":0,"ocean_menu_typo_line_height_mobile":0,"ocean_menu_typo_line_height_unit":"","ocean_menu_typo_spacing":0,"ocean_menu_typo_spacing_tablet":0,"ocean_menu_typo_spacing_mobile":0,"ocean_menu_typo_spacing_unit":"","ocean_menu_link_color":"","ocean_menu_link_color_hover":"","ocean_menu_link_color_active":"","ocean_menu_link_background":"","ocean_menu_link_hover_background":"","ocean_menu_link_active_background":"","ocean_menu_social_links_bg":"","ocean_menu_social_hover_links_bg":"","ocean_menu_social_links_color":"","ocean_menu_social_hover_links_color":"","ocean_disable_title":"default","ocean_disable_heading":"default","ocean_post_title":"","ocean_post_subheading":"","ocean_post_title_style":"","ocean_post_title_background_color":"","ocean_post_title_background":0,"ocean_post_title_bg_image_position":"","ocean_post_title_bg_image_attachment":"","ocean_post_title_bg_image_repeat":"","ocean_post_title_bg_image_size":"","ocean_post_title_height":0,"ocean_post_title_bg_overlay":0.5,"ocean_post_title_bg_overlay_color":"","ocean_disable_breadcrumbs":"default","ocean_breadcrumbs_color":"","ocean_breadcrumbs_separator_color":"","ocean_breadcrumbs_links_color":"","ocean_breadcrumbs_links_hover_color":"","ocean_display_footer_widgets":"default","ocean_display_footer_bottom":"default","ocean_custom_footer_template":"0","footnotes":""},"class_list":["post-824","page","type-page","status-publish","hentry","entry"],"jetpack_sharing_enabled":true,"_links":{"self":[{"href":"https:\/\/reismann.de\/index.php?rest_route=\/wp\/v2\/pages\/824","targetHints":{"allow":["GET"]}}],"collection":[{"href":"https:\/\/reismann.de\/index.php?rest_route=\/wp\/v2\/pages"}],"about":[{"href":"https:\/\/reismann.de\/index.php?rest_route=\/wp\/v2\/types\/page"}],"author":[{"embeddable":true,"href":"https:\/\/reismann.de\/index.php?rest_route=\/wp\/v2\/users\/1"}],"replies":[{"embeddable":true,"href":"https:\/\/reismann.de\/index.php?rest_route=%2Fwp%2Fv2%2Fcomments&post=824"}],"version-history":[{"count":79,"href":"https:\/\/reismann.de\/index.php?rest_route=\/wp\/v2\/pages\/824\/revisions"}],"predecessor-version":[{"id":4523,"href":"https:\/\/reismann.de\/index.php?rest_route=\/wp\/v2\/pages\/824\/revisions\/4523"}],"wp:attachment":[{"href":"https:\/\/reismann.de\/index.php?rest_route=%2Fwp%2Fv2%2Fmedia&parent=824"}],"curies":[{"name":"wp","href":"https:\/\/api.w.org\/{rel}","templated":true}]}}