{"id":808,"date":"2022-06-19T12:21:57","date_gmt":"2022-06-19T10:21:57","guid":{"rendered":"https:\/\/test.reismann.de\/?page_id=808"},"modified":"2023-02-13T16:58:20","modified_gmt":"2023-02-13T14:58:20","slug":"elementor-808","status":"publish","type":"page","link":"https:\/\/reismann.de\/?page_id=808","title":{"rendered":"Verein"},"content":{"rendered":"\t\t<div data-elementor-type=\"wp-page\" data-elementor-id=\"808\" class=\"elementor elementor-808\">\n\t\t\t\t\t\t<section class=\"elementor-section elementor-top-section elementor-element elementor-element-0acff32 elementor-section-boxed elementor-section-height-default elementor-section-height-default\" data-id=\"0acff32\" data-element_type=\"section\" data-e-type=\"section\">\n\t\t\t\t\t\t<div class=\"elementor-container elementor-column-gap-default\">\n\t\t\t\t\t<div class=\"elementor-column elementor-col-100 elementor-top-column elementor-element elementor-element-283072a\" data-id=\"283072a\" data-element_type=\"column\" data-e-type=\"column\">\n\t\t\t<div class=\"elementor-widget-wrap elementor-element-populated\">\n\t\t\t\t\t\t<div class=\"elementor-element elementor-element-b3ff8b2 elementor-widget elementor-widget-heading\" data-id=\"b3ff8b2\" data-element_type=\"widget\" data-e-type=\"widget\" data-widget_type=\"heading.default\">\n\t\t\t\t<div class=\"elementor-widget-container\">\n\t\t\t\t\t<h2 class=\"elementor-heading-title elementor-size-default\">Verein<\/h2>\t\t\t\t<\/div>\n\t\t\t\t<\/div>\n\t\t\t\t\t<\/div>\n\t\t<\/div>\n\t\t\t\t\t<\/div>\n\t\t<\/section>\n\t\t\t\t<section class=\"elementor-section elementor-top-section elementor-element elementor-element-2602a78 elementor-section-boxed elementor-section-height-default elementor-section-height-default\" data-id=\"2602a78\" data-element_type=\"section\" data-e-type=\"section\">\n\t\t\t\t\t\t<div class=\"elementor-container elementor-column-gap-default\">\n\t\t\t\t\t<div class=\"elementor-column elementor-col-66 elementor-top-column elementor-element elementor-element-fa213da\" data-id=\"fa213da\" data-element_type=\"column\" data-e-type=\"column\">\n\t\t\t<div class=\"elementor-widget-wrap elementor-element-populated\">\n\t\t\t\t\t\t<div class=\"elementor-element elementor-element-0a08b0b elementor-widget elementor-widget-text-editor\" data-id=\"0a08b0b\" data-element_type=\"widget\" data-e-type=\"widget\" data-widget_type=\"text-editor.default\">\n\t\t\t\t<div class=\"elementor-widget-container\">\n\t\t\t\t\t\t\t\t\t<p>Der\u00a0<b>Verein ehemaliger Reism\u00e4nner e.V.<\/b>\u00a0wurde am\u00a0<b>8. Mai 1908<\/b>\u00a0von Studienrat\u00a0<b>Ferdinand Limberg<\/b>\u00a0(Bild rechts) gegr\u00fcndet und kann daher auf\u00a0<b>110 Jahre Vereinsgeschichte<\/b>\u00a0zur\u00fcckblicken.<\/p><p>Aktiv f\u00fcr die Ehemaligen, engagiert f\u00fcr die Zuk\u00fcnftigen &#8211; ein gemeinsames Anliegen, das Verein und Schule verbindet.<\/p><p>Neun engagierte Ehemalige waren es, die am\u00a0<b>14. Dezember 1987<\/b>\u00a0den Verein neu konstituierten. Alle Beteiligten verband das gemeinsame Anliegen, dem Verein eine zeitgerechte Pr\u00e4gung zu geben und gleichzeitig Bew\u00e4hrtes zu bewahren. Ein hoher Anspruch, der den Neubeginn auf eine harte Probe stellte. Aber es gelang!<\/p><p>Nach nunmehr 25 erfolgreichen Jahren hat sich dieser Verein l\u00e4ngst institutionalisiert. Mehr als 250 Personen dokumentieren heute durch ihre Mitgliedschaft die Anerkennung der anspruchsvollen Zielsetzung (s.\u00a0<a href=\"https:\/\/reismann.de\/reismann_sites\/satzung.htm\">Satzung<\/a>) und nehmen die vielf\u00e4ltigen Angebote gern in Anspruch:<\/p><ul><li>Adressverwaltung der Ehemaligen und Hilfe bei der Organisation von Jahrgangs- und Klassentreffen<\/li><li>Kontaktpflege zwischen Schule und Ehemaligen; aktuelle Informationen, Aktionen<\/li><li>Organisation j\u00e4hrlich wiederkehrende Veranstaltungen wie Weinseminar und Altb\u00fcrgermeisterstammtisch<\/li><li>Monatlicher Stammtisch<\/li><li>Mittlerweile schon mit Kult-Charakter &#8211; Kurse, Kurzreisen und kulturelle Angebote, im Vereinsjargon als &#8222;Kultouren&#8220; bezeichnet<\/li><li>Unterst\u00fctzung schulischer Projekte in finanzieller und organisatorischer Form<\/li><\/ul>\t\t\t\t\t\t\t\t<\/div>\n\t\t\t\t<\/div>\n\t\t\t\t\t<\/div>\n\t\t<\/div>\n\t\t\t\t<div class=\"elementor-column elementor-col-33 elementor-top-column elementor-element elementor-element-b7d278d\" data-id=\"b7d278d\" data-element_type=\"column\" data-e-type=\"column\">\n\t\t\t<div class=\"elementor-widget-wrap elementor-element-populated\">\n\t\t\t\t\t\t<div class=\"elementor-element elementor-element-b017cc7 elementor-widget elementor-widget-image\" data-id=\"b017cc7\" data-element_type=\"widget\" data-e-type=\"widget\" data-widget_type=\"image.default\">\n\t\t\t\t<div class=\"elementor-widget-container\">\n\t\t\t\t\t\t\t\t\t\t\t\t<figure class=\"wp-caption\">\n\t\t\t\t\t\t\t\t\t\t<img fetchpriority=\"high\" decoding=\"async\" width=\"200\" height=\"255\" src=\"https:\/\/reismann.de\/wp-content\/uploads\/2022\/06\/Limberg_1913.jpg\" class=\"attachment-large size-large wp-image-878\" alt=\"\" \/>\t\t\t\t\t\t\t\t\t\t\t<figcaption class=\"widget-image-caption wp-caption-text\">Ferdinand Limberg (1913)<\/figcaption>\n\t\t\t\t\t\t\t\t\t\t<\/figure>\n\t\t\t\t\t\t\t\t\t<\/div>\n\t\t\t\t<\/div>\n\t\t\t\t\t<\/div>\n\t\t<\/div>\n\t\t\t\t\t<\/div>\n\t\t<\/section>\n\t\t\t\t<section class=\"elementor-section elementor-top-section elementor-element elementor-element-3311303 elementor-section-boxed elementor-section-height-default elementor-section-height-default\" data-id=\"3311303\" data-element_type=\"section\" data-e-type=\"section\">\n\t\t\t\t\t\t<div class=\"elementor-container elementor-column-gap-default\">\n\t\t\t\t\t<div class=\"elementor-column elementor-col-100 elementor-top-column elementor-element elementor-element-b1613b1\" data-id=\"b1613b1\" data-element_type=\"column\" data-e-type=\"column\">\n\t\t\t<div class=\"elementor-widget-wrap elementor-element-populated\">\n\t\t\t\t\t\t<div class=\"elementor-element elementor-element-55f507a elementor-widget elementor-widget-heading\" data-id=\"55f507a\" data-element_type=\"widget\" data-e-type=\"widget\" data-widget_type=\"heading.default\">\n\t\t\t\t<div class=\"elementor-widget-container\">\n\t\t\t\t\t<h2 class=\"elementor-heading-title elementor-size-default\">Ehrenm\u00fctze<\/h2>\t\t\t\t<\/div>\n\t\t\t\t<\/div>\n\t\t\t\t<div class=\"elementor-element elementor-element-4825fd8 elementor-widget elementor-widget-text-editor\" data-id=\"4825fd8\" data-element_type=\"widget\" data-e-type=\"widget\" data-widget_type=\"text-editor.default\">\n\t\t\t\t<div class=\"elementor-widget-container\">\n\t\t\t\t\t\t\t\t\t<p>Folgende Mitglieder erhielten die Ehrenm\u00fctze f\u00fcr ihre besonderen Verdienste im Verein:<\/p><ul><li>1989 Willi L\u00fcke<\/li><li>1990 Dr. Wilhelm Hemmen<\/li><li>1991 Heinrich Engelhardt<\/li><li>1992 G\u00fcnter Brockmeier<\/li><li>1993 Norbert Hackethal, Georg Welslau<\/li><li>1994 Knut Koch<\/li><li>1996 Claudia Frensel-Kestner<\/li><li>1997 Andreas Preising<\/li><li>1999 Karl-Maria Gutwald<\/li><li>2004 Franz-Josef L\u00f6seke<\/li><li>2012 Hans-Georg Schroer<\/li><\/ul>\t\t\t\t\t\t\t\t<\/div>\n\t\t\t\t<\/div>\n\t\t\t\t<div class=\"elementor-element elementor-element-17bbfae elementor-widget-divider--view-line elementor-widget elementor-widget-divider\" data-id=\"17bbfae\" data-element_type=\"widget\" data-e-type=\"widget\" data-widget_type=\"divider.default\">\n\t\t\t\t<div class=\"elementor-widget-container\">\n\t\t\t\t\t\t\t<div class=\"elementor-divider\">\n\t\t\t<span class=\"elementor-divider-separator\">\n\t\t\t\t\t\t<\/span>\n\t\t<\/div>\n\t\t\t\t\t\t<\/div>\n\t\t\t\t<\/div>\n\t\t\t\t<div class=\"elementor-element elementor-element-fc98985 elementor-widget elementor-widget-heading\" data-id=\"fc98985\" data-element_type=\"widget\" data-e-type=\"widget\" data-widget_type=\"heading.default\">\n\t\t\t\t<div class=\"elementor-widget-container\">\n\t\t\t\t\t<h2 class=\"elementor-heading-title elementor-size-default\">Antrag auf Mitgliedschaft<\/h2>\t\t\t\t<\/div>\n\t\t\t\t<\/div>\n\t\t\t\t<div class=\"elementor-element elementor-element-c4459e9 elementor-widget elementor-widget-text-editor\" data-id=\"c4459e9\" data-element_type=\"widget\" data-e-type=\"widget\" data-widget_type=\"text-editor.default\">\n\t\t\t\t<div class=\"elementor-widget-container\">\n\t\t\t\t\t\t\t\t\t<p><a href=\"https:\/\/reismann.de\/wp-content\/uploads\/2023\/02\/beitrittserklaerung-neu-1.pdf\">Antrag auf Mitgliedschaft laden.<\/a><\/p>\t\t\t\t\t\t\t\t<\/div>\n\t\t\t\t<\/div>\n\t\t\t\t<div class=\"elementor-element elementor-element-31fcdd8 elementor-widget-divider--view-line elementor-widget elementor-widget-divider\" data-id=\"31fcdd8\" data-element_type=\"widget\" data-e-type=\"widget\" data-widget_type=\"divider.default\">\n\t\t\t\t<div class=\"elementor-widget-container\">\n\t\t\t\t\t\t\t<div class=\"elementor-divider\">\n\t\t\t<span class=\"elementor-divider-separator\">\n\t\t\t\t\t\t<\/span>\n\t\t<\/div>\n\t\t\t\t\t\t<\/div>\n\t\t\t\t<\/div>\n\t\t\t\t\t<\/div>\n\t\t<\/div>\n\t\t\t\t\t<\/div>\n\t\t<\/section>\n\t\t\t\t<section class=\"elementor-section elementor-top-section elementor-element elementor-element-b7352b0 elementor-section-boxed elementor-section-height-default elementor-section-height-default\" data-id=\"b7352b0\" data-element_type=\"section\" data-e-type=\"section\">\n\t\t\t\t\t\t<div class=\"elementor-container elementor-column-gap-default\">\n\t\t\t\t\t<div class=\"elementor-column elementor-col-100 elementor-top-column elementor-element elementor-element-e55d5aa\" data-id=\"e55d5aa\" data-element_type=\"column\" data-e-type=\"column\">\n\t\t\t<div class=\"elementor-widget-wrap elementor-element-populated\">\n\t\t\t\t\t\t<div class=\"elementor-element elementor-element-4e7be43 elementor-widget elementor-widget-heading\" data-id=\"4e7be43\" data-element_type=\"widget\" data-e-type=\"widget\" data-widget_type=\"heading.default\">\n\t\t\t\t<div class=\"elementor-widget-container\">\n\t\t\t\t\t<h2 class=\"elementor-heading-title elementor-size-default\">Gremien<\/h2>\t\t\t\t<\/div>\n\t\t\t\t<\/div>\n\t\t\t\t<section class=\"elementor-section elementor-inner-section elementor-element elementor-element-e32e349 elementor-section-boxed elementor-section-height-default elementor-section-height-default\" data-id=\"e32e349\" data-element_type=\"section\" data-e-type=\"section\">\n\t\t\t\t\t\t<div class=\"elementor-container elementor-column-gap-default\">\n\t\t\t\t\t<div class=\"elementor-column elementor-col-50 elementor-inner-column elementor-element elementor-element-4fa6cd2\" data-id=\"4fa6cd2\" data-element_type=\"column\" data-e-type=\"column\">\n\t\t\t<div class=\"elementor-widget-wrap elementor-element-populated\">\n\t\t\t\t\t\t<div class=\"elementor-element elementor-element-526eda0 elementor-widget elementor-widget-heading\" data-id=\"526eda0\" data-element_type=\"widget\" data-e-type=\"widget\" data-widget_type=\"heading.default\">\n\t\t\t\t<div class=\"elementor-widget-container\">\n\t\t\t\t\t<h3 class=\"elementor-heading-title elementor-size-default\">Der Vorstand<\/h3>\t\t\t\t<\/div>\n\t\t\t\t<\/div>\n\t\t\t\t<div class=\"elementor-element elementor-element-0c7d9fb elementor-widget elementor-widget-text-editor\" data-id=\"0c7d9fb\" data-element_type=\"widget\" data-e-type=\"widget\" data-widget_type=\"text-editor.default\">\n\t\t\t\t<div class=\"elementor-widget-container\">\n\t\t\t\t\t\t\t\t\t<ul><li><b>Benedikt Kestner<\/b> (Vorsitzende)<\/li><li><a href=\"mailto:susannemeiche@yahoo.de\"><b>Susanne Meiche<\/b><\/a>\u00a0(Stv. Vorsitzende)<\/li><li><b>Thomas Becker<\/b> (Gesch\u00e4ftsf\u00fchrer)<\/li><li><b>Ralf Schreckenberg<\/b> (Kassenwart)<\/li><li><b>Mona Berger<\/b>\u00a0(Schriftf\u00fchrerin)<\/li><\/ul>\t\t\t\t\t\t\t\t<\/div>\n\t\t\t\t<\/div>\n\t\t\t\t\t<\/div>\n\t\t<\/div>\n\t\t\t\t<div class=\"elementor-column elementor-col-50 elementor-inner-column elementor-element elementor-element-5d21c9e\" data-id=\"5d21c9e\" data-element_type=\"column\" data-e-type=\"column\">\n\t\t\t<div class=\"elementor-widget-wrap elementor-element-populated\">\n\t\t\t\t\t\t<div class=\"elementor-element elementor-element-fe072c3 elementor-widget elementor-widget-heading\" data-id=\"fe072c3\" data-element_type=\"widget\" data-e-type=\"widget\" data-widget_type=\"heading.default\">\n\t\t\t\t<div class=\"elementor-widget-container\">\n\t\t\t\t\t<h2 class=\"elementor-heading-title elementor-size-default\">Kassenpr\u00fcfer<\/h2>\t\t\t\t<\/div>\n\t\t\t\t<\/div>\n\t\t\t\t<div class=\"elementor-element elementor-element-5c083ca elementor-widget elementor-widget-text-editor\" data-id=\"5c083ca\" data-element_type=\"widget\" data-e-type=\"widget\" data-widget_type=\"text-editor.default\">\n\t\t\t\t<div class=\"elementor-widget-container\">\n\t\t\t\t\t\t\t\t\t<ul><li>\u00a0<\/li><\/ul>\t\t\t\t\t\t\t\t<\/div>\n\t\t\t\t<\/div>\n\t\t\t\t\t<\/div>\n\t\t<\/div>\n\t\t\t\t\t<\/div>\n\t\t<\/section>\n\t\t\t\t\t<\/div>\n\t\t<\/div>\n\t\t\t\t\t<\/div>\n\t\t<\/section>\n\t\t\t\t<\/div>\n\t\t","protected":false},"excerpt":{"rendered":"<p>Verein Der\u00a0Verein ehemaliger Reism\u00e4nner e.V.\u00a0wurde am\u00a08. Mai 1908\u00a0von Studienrat\u00a0Ferdinand Limberg\u00a0(Bild rechts) gegr\u00fcndet und kann daher auf\u00a0110 Jahre Vereinsgeschichte\u00a0zur\u00fcckblicken. Aktiv f\u00fcr die Ehemaligen, engagiert f\u00fcr die Zuk\u00fcnftigen &#8211; ein gemeinsames Anliegen, das Verein und Schule verbindet. Neun engagierte Ehemalige waren es, die am\u00a014. Dezember 1987\u00a0den Verein neu konstituierten. Alle Beteiligten verband das gemeinsame Anliegen, dem Verein [&hellip;]<\/p>\n","protected":false},"author":1,"featured_media":0,"parent":0,"menu_order":0,"comment_status":"closed","ping_status":"closed","template":"","meta":{"ocean_post_layout":"","ocean_both_sidebars_style":"","ocean_both_sidebars_content_width":0,"ocean_both_sidebars_sidebars_width":0,"ocean_sidebar":"0","ocean_second_sidebar":"0","ocean_disable_margins":"enable","ocean_add_body_class":"","ocean_shortcode_before_top_bar":"","ocean_shortcode_after_top_bar":"","ocean_shortcode_before_header":"","ocean_shortcode_after_header":"","ocean_has_shortcode":"","ocean_shortcode_after_title":"","ocean_shortcode_before_footer_widgets":"","ocean_shortcode_after_footer_widgets":"","ocean_shortcode_before_footer_bottom":"","ocean_shortcode_after_footer_bottom":"","ocean_display_top_bar":"default","ocean_display_header":"default","ocean_header_style":"","ocean_center_header_left_menu":"0","ocean_custom_header_template":"0","ocean_custom_logo":0,"ocean_custom_retina_logo":0,"ocean_custom_logo_max_width":0,"ocean_custom_logo_tablet_max_width":0,"ocean_custom_logo_mobile_max_width":0,"ocean_custom_logo_max_height":0,"ocean_custom_logo_tablet_max_height":0,"ocean_custom_logo_mobile_max_height":0,"ocean_header_custom_menu":"0","ocean_menu_typo_font_family":"0","ocean_menu_typo_font_subset":"","ocean_menu_typo_font_size":0,"ocean_menu_typo_font_size_tablet":0,"ocean_menu_typo_font_size_mobile":0,"ocean_menu_typo_font_size_unit":"px","ocean_menu_typo_font_weight":"","ocean_menu_typo_font_weight_tablet":"","ocean_menu_typo_font_weight_mobile":"","ocean_menu_typo_transform":"","ocean_menu_typo_transform_tablet":"","ocean_menu_typo_transform_mobile":"","ocean_menu_typo_line_height":0,"ocean_menu_typo_line_height_tablet":0,"ocean_menu_typo_line_height_mobile":0,"ocean_menu_typo_line_height_unit":"","ocean_menu_typo_spacing":0,"ocean_menu_typo_spacing_tablet":0,"ocean_menu_typo_spacing_mobile":0,"ocean_menu_typo_spacing_unit":"","ocean_menu_link_color":"","ocean_menu_link_color_hover":"","ocean_menu_link_color_active":"","ocean_menu_link_background":"","ocean_menu_link_hover_background":"","ocean_menu_link_active_background":"","ocean_menu_social_links_bg":"","ocean_menu_social_hover_links_bg":"","ocean_menu_social_links_color":"","ocean_menu_social_hover_links_color":"","ocean_disable_title":"default","ocean_disable_heading":"default","ocean_post_title":"","ocean_post_subheading":"","ocean_post_title_style":"","ocean_post_title_background_color":"","ocean_post_title_background":0,"ocean_post_title_bg_image_position":"","ocean_post_title_bg_image_attachment":"","ocean_post_title_bg_image_repeat":"","ocean_post_title_bg_image_size":"","ocean_post_title_height":0,"ocean_post_title_bg_overlay":0.5,"ocean_post_title_bg_overlay_color":"","ocean_disable_breadcrumbs":"default","ocean_breadcrumbs_color":"","ocean_breadcrumbs_separator_color":"","ocean_breadcrumbs_links_color":"","ocean_breadcrumbs_links_hover_color":"","ocean_display_footer_widgets":"default","ocean_display_footer_bottom":"default","ocean_custom_footer_template":"0","footnotes":""},"class_list":["post-808","page","type-page","status-publish","hentry","entry"],"jetpack_sharing_enabled":true,"_links":{"self":[{"href":"https:\/\/reismann.de\/index.php?rest_route=\/wp\/v2\/pages\/808","targetHints":{"allow":["GET"]}}],"collection":[{"href":"https:\/\/reismann.de\/index.php?rest_route=\/wp\/v2\/pages"}],"about":[{"href":"https:\/\/reismann.de\/index.php?rest_route=\/wp\/v2\/types\/page"}],"author":[{"embeddable":true,"href":"https:\/\/reismann.de\/index.php?rest_route=\/wp\/v2\/users\/1"}],"replies":[{"embeddable":true,"href":"https:\/\/reismann.de\/index.php?rest_route=%2Fwp%2Fv2%2Fcomments&post=808"}],"version-history":[{"count":14,"href":"https:\/\/reismann.de\/index.php?rest_route=\/wp\/v2\/pages\/808\/revisions"}],"predecessor-version":[{"id":3836,"href":"https:\/\/reismann.de\/index.php?rest_route=\/wp\/v2\/pages\/808\/revisions\/3836"}],"wp:attachment":[{"href":"https:\/\/reismann.de\/index.php?rest_route=%2Fwp%2Fv2%2Fmedia&parent=808"}],"curies":[{"name":"wp","href":"https:\/\/api.w.org\/{rel}","templated":true}]}}