{"id":4093,"date":"2023-02-16T17:11:12","date_gmt":"2023-02-16T15:11:12","guid":{"rendered":"https:\/\/reismann.de\/?page_id=4093"},"modified":"2023-02-16T17:15:25","modified_gmt":"2023-02-16T15:15:25","slug":"abitur-2008","status":"publish","type":"page","link":"https:\/\/reismann.de\/?page_id=4093","title":{"rendered":"Abitur 2008"},"content":{"rendered":"\t\t<div data-elementor-type=\"wp-page\" data-elementor-id=\"4093\" class=\"elementor elementor-4093\">\n\t\t\t\t\t\t<section class=\"elementor-section elementor-top-section elementor-element elementor-element-71444e5 elementor-section-boxed elementor-section-height-default elementor-section-height-default\" data-id=\"71444e5\" data-element_type=\"section\" data-e-type=\"section\">\n\t\t\t\t\t\t<div class=\"elementor-container elementor-column-gap-default\">\n\t\t\t\t\t<div class=\"elementor-column elementor-col-100 elementor-top-column elementor-element elementor-element-89131d5\" data-id=\"89131d5\" data-element_type=\"column\" data-e-type=\"column\">\n\t\t\t<div class=\"elementor-widget-wrap elementor-element-populated\">\n\t\t\t\t\t\t<div class=\"elementor-element elementor-element-b1271f0 elementor-widget elementor-widget-heading\" data-id=\"b1271f0\" data-element_type=\"widget\" data-e-type=\"widget\" data-widget_type=\"heading.default\">\n\t\t\t\t<div class=\"elementor-widget-container\">\n\t\t\t\t\t<h2 class=\"elementor-heading-title elementor-size-default\">Abitur 2008<\/h2>\t\t\t\t<\/div>\n\t\t\t\t<\/div>\n\t\t\t\t<div class=\"elementor-element elementor-element-2128df8 elementor-widget elementor-widget-image\" data-id=\"2128df8\" data-element_type=\"widget\" data-e-type=\"widget\" data-widget_type=\"image.default\">\n\t\t\t\t<div class=\"elementor-widget-container\">\n\t\t\t\t\t\t\t\t\t\t\t\t\t\t\t<img fetchpriority=\"high\" decoding=\"async\" width=\"1024\" height=\"722\" src=\"https:\/\/reismann.de\/wp-content\/uploads\/2023\/02\/2008g-1-1024x722.jpg\" class=\"attachment-large size-large wp-image-4095\" alt=\"\" srcset=\"https:\/\/reismann.de\/wp-content\/uploads\/2023\/02\/2008g-1-1024x722.jpg 1024w, https:\/\/reismann.de\/wp-content\/uploads\/2023\/02\/2008g-1-300x212.jpg 300w, https:\/\/reismann.de\/wp-content\/uploads\/2023\/02\/2008g-1-768x542.jpg 768w, https:\/\/reismann.de\/wp-content\/uploads\/2023\/02\/2008g-1.jpg 1280w\" sizes=\"(max-width: 1024px) 100vw, 1024px\" \/>\t\t\t\t\t\t\t\t\t\t\t\t\t\t\t<\/div>\n\t\t\t\t<\/div>\n\t\t\t\t\t<\/div>\n\t\t<\/div>\n\t\t\t\t\t<\/div>\n\t\t<\/section>\n\t\t\t\t<section class=\"elementor-section elementor-top-section elementor-element elementor-element-3b7e045 elementor-section-boxed elementor-section-height-default elementor-section-height-default\" data-id=\"3b7e045\" data-element_type=\"section\" data-e-type=\"section\">\n\t\t\t\t\t\t<div class=\"elementor-container elementor-column-gap-default\">\n\t\t\t\t\t<div class=\"elementor-column elementor-col-25 elementor-top-column elementor-element elementor-element-da07919\" data-id=\"da07919\" data-element_type=\"column\" data-e-type=\"column\">\n\t\t\t<div class=\"elementor-widget-wrap elementor-element-populated\">\n\t\t\t\t\t\t<div class=\"elementor-element elementor-element-9e5ebf8 elementor-widget elementor-widget-text-editor\" data-id=\"9e5ebf8\" data-element_type=\"widget\" data-e-type=\"widget\" data-widget_type=\"text-editor.default\">\n\t\t\t\t<div class=\"elementor-widget-container\">\n\t\t\t\t\t\t\t\t\t<p>Allrogen, Moritz<br \/>Alptekin, Mazlum<br \/>Aras, Gabriel<br \/>Bee, Nadine<br \/>Beilfu\u00df, Maike<br \/>Bentler, Christian<br \/>Bilkay, Mehmet Mahsum<br \/>Bliedung, Christian<br \/>Borisenko, Roman<br \/>Bracke, Johannes<br \/>Brandenburg, Marc<br \/>Brinkmann, Daniela<br \/>Br\u00fccker, Arne Christian<br \/>Bunte, Sarah<br \/>Ciesielski, Andr\u00e9<br \/>Corbeanu, Silvia-Cristina<br \/>Cristofaro, Jennifer Celestina<br \/>Demling, Anita<br \/>Dilger, Arthur<br \/>Dridger, Katharina<br \/>Dezialuk, Katrin<br \/>Edelmann, Vanessa<br \/>Flekler, Alexander<br \/>Fornefeld, Carolin<br \/>Fricke, Enno<br \/>Furaew, Xenia<\/p>\t\t\t\t\t\t\t\t<\/div>\n\t\t\t\t<\/div>\n\t\t\t\t\t<\/div>\n\t\t<\/div>\n\t\t\t\t<div class=\"elementor-column elementor-col-25 elementor-top-column elementor-element elementor-element-eb7e0ea\" data-id=\"eb7e0ea\" data-element_type=\"column\" data-e-type=\"column\">\n\t\t\t<div class=\"elementor-widget-wrap elementor-element-populated\">\n\t\t\t\t\t\t<div class=\"elementor-element elementor-element-2ff66b2 elementor-widget elementor-widget-text-editor\" data-id=\"2ff66b2\" data-element_type=\"widget\" data-e-type=\"widget\" data-widget_type=\"text-editor.default\">\n\t\t\t\t<div class=\"elementor-widget-container\">\n\t\t\t\t\t\t\t\t\t<p>Fusy, Saskia<br \/>Gellfart, Manuel<br \/>Golke, Sarah<br \/>Gro\u00dfhausen, Alarich<br \/>Hagen, Carolin<br \/>Hansen, Arne Ernesto<br \/>Helm, Julian<br \/>Hesse, Christina<br \/>Hesse, Verena<br \/>Jakobsmeyer, Philine<br \/>Jala\u00df, Philipp<br \/>Jonas, Felix<br \/>Junker, Ren\u00e9 Jan<br \/>Kanne, Marielle<br \/>Kaya, Seyhan<br \/>Kesseler, Patricia<br \/>Kiel, Boris<br \/>Kirayit, \u00dcmit<br \/>Klekler, Christine<br \/>Kl\u00fcter, Kai<br \/>Koch, Melina<br \/>Kramp, Maximilian<br \/>Krone, Waldemar<br \/>Kudak, Andreas<br \/>Kufeld, Lilia<br \/>Kuhlencord, Meike<\/p>\t\t\t\t\t\t\t\t<\/div>\n\t\t\t\t<\/div>\n\t\t\t\t\t<\/div>\n\t\t<\/div>\n\t\t\t\t<div class=\"elementor-column elementor-col-25 elementor-top-column elementor-element elementor-element-cb48fdd\" data-id=\"cb48fdd\" data-element_type=\"column\" data-e-type=\"column\">\n\t\t\t<div class=\"elementor-widget-wrap elementor-element-populated\">\n\t\t\t\t\t\t<div class=\"elementor-element elementor-element-fbcbaef elementor-widget elementor-widget-text-editor\" data-id=\"fbcbaef\" data-element_type=\"widget\" data-e-type=\"widget\" data-widget_type=\"text-editor.default\">\n\t\t\t\t<div class=\"elementor-widget-container\">\n\t\t\t\t\t\t\t\t\t<p>Kutowski, Christoph<br \/>Lobas, Christoph<br \/>Lohoff, Sebastian<br \/>L\u00fcbbers, Sven<br \/>L\u00fcders, Konrad Janek<br \/>L\u00fctkemeier, Indra<br \/>Marten, Fabian<br \/>Meier, Anna<br \/>Merkel, Christina<br \/>Mertens, Thomas<br \/>Meyer, Afag<br \/>Olschuk, Nelli<br \/>Penner, Marina<br \/>Peters, James<br \/>Peters, Ruth<br \/>Planken, Carina<br \/>P\u00f6hler, Maike<br \/>Pr\u00f6\u00dfdorf, Jan<br \/>Rackow, Dirk<br \/>Regenstein, Benedict Jonas<br \/>Rochel, Thomas<br \/>R\u00fcsing, Michael<br \/>Rummeny, David<br \/>Schlunder, Jens<br \/>Schmidt, Verena<br \/>Schr\u00f6der, Philipp<\/p>\t\t\t\t\t\t\t\t<\/div>\n\t\t\t\t<\/div>\n\t\t\t\t\t<\/div>\n\t\t<\/div>\n\t\t\t\t<div class=\"elementor-column elementor-col-25 elementor-top-column elementor-element elementor-element-e3e49ff\" data-id=\"e3e49ff\" data-element_type=\"column\" data-e-type=\"column\">\n\t\t\t<div class=\"elementor-widget-wrap elementor-element-populated\">\n\t\t\t\t\t\t<div class=\"elementor-element elementor-element-a82b057 elementor-widget elementor-widget-text-editor\" data-id=\"a82b057\" data-element_type=\"widget\" data-e-type=\"widget\" data-widget_type=\"text-editor.default\">\n\t\t\t\t<div class=\"elementor-widget-container\">\n\t\t\t\t\t\t\t\t\t<p>Schulz, Stephanie<br \/>Seewald, Christian<br \/>Spenst, Dominik<br \/>Stark, Ida<br \/>Steil, Christina<br \/>St\u00f6ber, Carolin<br \/>Strehl, Alin<br \/>Struck, Jens<br \/>Tran, Michael<br \/>Triller, Christopher<br \/>T\u00fcnsmeyer, Daniel<br \/>Tusek, Daniel<br \/>Vogt, Robin<br \/>Vollbrecht, Joachim<br \/>Vormwald, Ramona<br \/>Vullhorst, Daniel<br \/>Walter, Katharina<br \/>Warkentin, Alexander<br \/>Wehr, Sandra<br \/>Welsing, Frederike<br \/>W\u00f6rdekemper, Oliver<br \/>Woischner, Christine<br \/>Wolf, Magdalena Christine<br \/>Wrest, Colin<br \/>Zhang, Yue<br \/>Zinn, Regine<\/p>\t\t\t\t\t\t\t\t<\/div>\n\t\t\t\t<\/div>\n\t\t\t\t\t<\/div>\n\t\t<\/div>\n\t\t\t\t\t<\/div>\n\t\t<\/section>\n\t\t\t\t<section class=\"elementor-section elementor-top-section elementor-element elementor-element-c1dc502 elementor-section-boxed elementor-section-height-default elementor-section-height-default\" data-id=\"c1dc502\" data-element_type=\"section\" data-e-type=\"section\">\n\t\t\t\t\t\t<div class=\"elementor-container elementor-column-gap-default\">\n\t\t\t\t\t<div class=\"elementor-column elementor-col-100 elementor-top-column elementor-element elementor-element-0727cc6\" data-id=\"0727cc6\" data-element_type=\"column\" data-e-type=\"column\">\n\t\t\t<div class=\"elementor-widget-wrap elementor-element-populated\">\n\t\t\t\t\t\t<div class=\"elementor-element elementor-element-c241b69 elementor-view-default elementor-widget elementor-widget-icon\" data-id=\"c241b69\" data-element_type=\"widget\" data-e-type=\"widget\" data-widget_type=\"icon.default\">\n\t\t\t\t<div class=\"elementor-widget-container\">\n\t\t\t\t\t\t\t<div class=\"elementor-icon-wrapper\">\n\t\t\t<a class=\"elementor-icon\" href=\"https:\/\/reismann.de\/?page_id=834\">\n\t\t\t<i aria-hidden=\"true\" class=\"far fa-caret-square-left\"><\/i>\t\t\t<\/a>\n\t\t<\/div>\n\t\t\t\t\t\t<\/div>\n\t\t\t\t<\/div>\n\t\t\t\t\t<\/div>\n\t\t<\/div>\n\t\t\t\t\t<\/div>\n\t\t<\/section>\n\t\t\t\t<\/div>\n\t\t","protected":false},"excerpt":{"rendered":"<p>Abitur 2008 Allrogen, MoritzAlptekin, MazlumAras, GabrielBee, NadineBeilfu\u00df, MaikeBentler, ChristianBilkay, Mehmet MahsumBliedung, ChristianBorisenko, RomanBracke, JohannesBrandenburg, MarcBrinkmann, DanielaBr\u00fccker, Arne ChristianBunte, SarahCiesielski, Andr\u00e9Corbeanu, Silvia-CristinaCristofaro, Jennifer CelestinaDemling, AnitaDilger, ArthurDridger, KatharinaDezialuk, KatrinEdelmann, VanessaFlekler, AlexanderFornefeld, CarolinFricke, EnnoFuraew, Xenia Fusy, SaskiaGellfart, ManuelGolke, SarahGro\u00dfhausen, AlarichHagen, CarolinHansen, Arne ErnestoHelm, JulianHesse, ChristinaHesse, VerenaJakobsmeyer, PhilineJala\u00df, PhilippJonas, FelixJunker, Ren\u00e9 JanKanne, MarielleKaya, SeyhanKesseler, PatriciaKiel, BorisKirayit, \u00dcmitKlekler, ChristineKl\u00fcter, KaiKoch, [&hellip;]<\/p>\n","protected":false},"author":2,"featured_media":0,"parent":0,"menu_order":0,"comment_status":"closed","ping_status":"closed","template":"","meta":{"ocean_post_layout":"","ocean_both_sidebars_style":"","ocean_both_sidebars_content_width":0,"ocean_both_sidebars_sidebars_width":0,"ocean_sidebar":"0","ocean_second_sidebar":"0","ocean_disable_margins":"enable","ocean_add_body_class":"","ocean_shortcode_before_top_bar":"","ocean_shortcode_after_top_bar":"","ocean_shortcode_before_header":"","ocean_shortcode_after_header":"","ocean_has_shortcode":"","ocean_shortcode_after_title":"","ocean_shortcode_before_footer_widgets":"","ocean_shortcode_after_footer_widgets":"","ocean_shortcode_before_footer_bottom":"","ocean_shortcode_after_footer_bottom":"","ocean_display_top_bar":"default","ocean_display_header":"default","ocean_header_style":"","ocean_center_header_left_menu":"0","ocean_custom_header_template":"0","ocean_custom_logo":0,"ocean_custom_retina_logo":0,"ocean_custom_logo_max_width":0,"ocean_custom_logo_tablet_max_width":0,"ocean_custom_logo_mobile_max_width":0,"ocean_custom_logo_max_height":0,"ocean_custom_logo_tablet_max_height":0,"ocean_custom_logo_mobile_max_height":0,"ocean_header_custom_menu":"0","ocean_menu_typo_font_family":"0","ocean_menu_typo_font_subset":"","ocean_menu_typo_font_size":0,"ocean_menu_typo_font_size_tablet":0,"ocean_menu_typo_font_size_mobile":0,"ocean_menu_typo_font_size_unit":"px","ocean_menu_typo_font_weight":"","ocean_menu_typo_font_weight_tablet":"","ocean_menu_typo_font_weight_mobile":"","ocean_menu_typo_transform":"","ocean_menu_typo_transform_tablet":"","ocean_menu_typo_transform_mobile":"","ocean_menu_typo_line_height":0,"ocean_menu_typo_line_height_tablet":0,"ocean_menu_typo_line_height_mobile":0,"ocean_menu_typo_line_height_unit":"","ocean_menu_typo_spacing":0,"ocean_menu_typo_spacing_tablet":0,"ocean_menu_typo_spacing_mobile":0,"ocean_menu_typo_spacing_unit":"","ocean_menu_link_color":"","ocean_menu_link_color_hover":"","ocean_menu_link_color_active":"","ocean_menu_link_background":"","ocean_menu_link_hover_background":"","ocean_menu_link_active_background":"","ocean_menu_social_links_bg":"","ocean_menu_social_hover_links_bg":"","ocean_menu_social_links_color":"","ocean_menu_social_hover_links_color":"","ocean_disable_title":"default","ocean_disable_heading":"default","ocean_post_title":"","ocean_post_subheading":"","ocean_post_title_style":"","ocean_post_title_background_color":"","ocean_post_title_background":0,"ocean_post_title_bg_image_position":"","ocean_post_title_bg_image_attachment":"","ocean_post_title_bg_image_repeat":"","ocean_post_title_bg_image_size":"","ocean_post_title_height":0,"ocean_post_title_bg_overlay":0.5,"ocean_post_title_bg_overlay_color":"","ocean_disable_breadcrumbs":"default","ocean_breadcrumbs_color":"","ocean_breadcrumbs_separator_color":"","ocean_breadcrumbs_links_color":"","ocean_breadcrumbs_links_hover_color":"","ocean_display_footer_widgets":"default","ocean_display_footer_bottom":"default","ocean_custom_footer_template":"0","footnotes":""},"class_list":["post-4093","page","type-page","status-publish","hentry","entry"],"jetpack_sharing_enabled":true,"_links":{"self":[{"href":"https:\/\/reismann.de\/index.php?rest_route=\/wp\/v2\/pages\/4093","targetHints":{"allow":["GET"]}}],"collection":[{"href":"https:\/\/reismann.de\/index.php?rest_route=\/wp\/v2\/pages"}],"about":[{"href":"https:\/\/reismann.de\/index.php?rest_route=\/wp\/v2\/types\/page"}],"author":[{"embeddable":true,"href":"https:\/\/reismann.de\/index.php?rest_route=\/wp\/v2\/users\/2"}],"replies":[{"embeddable":true,"href":"https:\/\/reismann.de\/index.php?rest_route=%2Fwp%2Fv2%2Fcomments&post=4093"}],"version-history":[{"count":4,"href":"https:\/\/reismann.de\/index.php?rest_route=\/wp\/v2\/pages\/4093\/revisions"}],"predecessor-version":[{"id":4098,"href":"https:\/\/reismann.de\/index.php?rest_route=\/wp\/v2\/pages\/4093\/revisions\/4098"}],"wp:attachment":[{"href":"https:\/\/reismann.de\/index.php?rest_route=%2Fwp%2Fv2%2Fmedia&parent=4093"}],"curies":[{"name":"wp","href":"https:\/\/api.w.org\/{rel}","templated":true}]}}