{"id":3978,"date":"2023-02-16T14:47:15","date_gmt":"2023-02-16T12:47:15","guid":{"rendered":"https:\/\/reismann.de\/?page_id=3978"},"modified":"2023-02-16T14:51:53","modified_gmt":"2023-02-16T12:51:53","slug":"abitur-1996","status":"publish","type":"page","link":"https:\/\/reismann.de\/?page_id=3978","title":{"rendered":"Abitur 1996"},"content":{"rendered":"\t\t<div data-elementor-type=\"wp-page\" data-elementor-id=\"3978\" class=\"elementor elementor-3978\">\n\t\t\t\t\t\t<section class=\"elementor-section elementor-top-section elementor-element elementor-element-8adfb20 elementor-section-boxed elementor-section-height-default elementor-section-height-default\" data-id=\"8adfb20\" data-element_type=\"section\" data-e-type=\"section\">\n\t\t\t\t\t\t<div class=\"elementor-container elementor-column-gap-default\">\n\t\t\t\t\t<div class=\"elementor-column elementor-col-100 elementor-top-column elementor-element elementor-element-e2c9140\" data-id=\"e2c9140\" data-element_type=\"column\" data-e-type=\"column\">\n\t\t\t<div class=\"elementor-widget-wrap elementor-element-populated\">\n\t\t\t\t\t\t<div class=\"elementor-element elementor-element-7b53acf elementor-widget elementor-widget-heading\" data-id=\"7b53acf\" data-element_type=\"widget\" data-e-type=\"widget\" data-widget_type=\"heading.default\">\n\t\t\t\t<div class=\"elementor-widget-container\">\n\t\t\t\t\t<h2 class=\"elementor-heading-title elementor-size-default\">Abitur 1996<\/h2>\t\t\t\t<\/div>\n\t\t\t\t<\/div>\n\t\t\t\t<div class=\"elementor-element elementor-element-a916065 elementor-widget elementor-widget-image\" data-id=\"a916065\" data-element_type=\"widget\" data-e-type=\"widget\" data-widget_type=\"image.default\">\n\t\t\t\t<div class=\"elementor-widget-container\">\n\t\t\t\t\t\t\t\t\t\t\t\t\t\t\t<img fetchpriority=\"high\" decoding=\"async\" width=\"1024\" height=\"720\" src=\"https:\/\/reismann.de\/wp-content\/uploads\/2023\/02\/1996g-1-1024x720.jpg\" class=\"attachment-large size-large wp-image-3980\" alt=\"\" srcset=\"https:\/\/reismann.de\/wp-content\/uploads\/2023\/02\/1996g-1-1024x720.jpg 1024w, https:\/\/reismann.de\/wp-content\/uploads\/2023\/02\/1996g-1-300x211.jpg 300w, https:\/\/reismann.de\/wp-content\/uploads\/2023\/02\/1996g-1-768x540.jpg 768w, https:\/\/reismann.de\/wp-content\/uploads\/2023\/02\/1996g-1.jpg 1280w\" sizes=\"(max-width: 1024px) 100vw, 1024px\" \/>\t\t\t\t\t\t\t\t\t\t\t\t\t\t\t<\/div>\n\t\t\t\t<\/div>\n\t\t\t\t\t<\/div>\n\t\t<\/div>\n\t\t\t\t\t<\/div>\n\t\t<\/section>\n\t\t\t\t<section class=\"elementor-section elementor-top-section elementor-element elementor-element-ff3a75a elementor-section-boxed elementor-section-height-default elementor-section-height-default\" data-id=\"ff3a75a\" data-element_type=\"section\" data-e-type=\"section\">\n\t\t\t\t\t\t<div class=\"elementor-container elementor-column-gap-default\">\n\t\t\t\t\t<div class=\"elementor-column elementor-col-25 elementor-top-column elementor-element elementor-element-398b1e9\" data-id=\"398b1e9\" data-element_type=\"column\" data-e-type=\"column\">\n\t\t\t<div class=\"elementor-widget-wrap elementor-element-populated\">\n\t\t\t\t\t\t<div class=\"elementor-element elementor-element-c334cbd elementor-widget elementor-widget-text-editor\" data-id=\"c334cbd\" data-element_type=\"widget\" data-e-type=\"widget\" data-widget_type=\"text-editor.default\">\n\t\t\t\t<div class=\"elementor-widget-container\">\n\t\t\t\t\t\t\t\t\t<p>Antp\u00f6hler, Tanja<br \/>Aslan, Aydin<br \/>Barkhausen, J\u00fcrgen<br \/>Biehl, Tobias<br \/>Blume, Kerstin<br \/>Bogucki, Magdalene<br \/>Bogucki, Monika<br \/>B\u00f6hner, Rebeca<br \/>Bongard, Christian<br \/>Br\u00e4utigam, Bert<br \/>Bredenbals, Dirk<br \/>Brenzel, Oliver<br \/>Brettschneider, Frank<br \/>Brettschneider, Silke<br \/>Brinkmann, Sebastian<br \/>Brosch, Elvira<br \/>Buthe, Sandra<br \/>Butterwegge, Ralph<br \/>Claes, Britta<br \/>Delitzscher, Jan<br \/>Dieckmann, Christoph<br \/>Dietzmann, Markus<br \/>Discher, Markus<br \/>Dretzko, J\u00fcrgen<br \/>Eiblmeier, Barbara (geb. Adam)<br \/>Eikerling, Thomas<br \/>Erkmen, Isiley Meltem<br \/>Eskelson, Cordula<br \/>Finke, Thomas<br \/>F\u00f6rster, Melanie<br \/>Fraune, Rainer<br \/>Fritz, Benedikt<\/p>\t\t\t\t\t\t\t\t<\/div>\n\t\t\t\t<\/div>\n\t\t\t\t\t<\/div>\n\t\t<\/div>\n\t\t\t\t<div class=\"elementor-column elementor-col-25 elementor-top-column elementor-element elementor-element-681c768\" data-id=\"681c768\" data-element_type=\"column\" data-e-type=\"column\">\n\t\t\t<div class=\"elementor-widget-wrap elementor-element-populated\">\n\t\t\t\t\t\t<div class=\"elementor-element elementor-element-46a17d3 elementor-widget elementor-widget-text-editor\" data-id=\"46a17d3\" data-element_type=\"widget\" data-e-type=\"widget\" data-widget_type=\"text-editor.default\">\n\t\t\t\t<div class=\"elementor-widget-container\">\n\t\t\t\t\t\t\t\t\t<p>Gillner, Bastian<br \/>Giunta, Luigi<br \/>Godziewski, Maurycy<br \/>Greifenstein, Markus<br \/>Groppe, Daniela<br \/>Groppe, Kirstin<br \/>Hagemann, Mechthild<br \/>Harms, Lynn<br \/>Heinemann, Kerstin<br \/>Heuwinkel, Alexander<br \/>Hinsenkamp, Ben<br \/>Hokamp, Jan Hendrik<br \/>Huck, Tobias<br \/>Januseva, Vesna<br \/>Joachim, Sylvia<br \/>Kessenbrock, Nicole<br \/>Kilisch, Justine<br \/>Kleffner, Sven<br \/>Kl\u00f6pping, Stefan<br \/>Klotzer, Sandra<br \/>Knaup, Thomas<br \/>Knickenberg, Max<br \/>Koch, Verena<br \/>K\u00f6ring, Dietmar<br \/>Kuberczyk, Claudia<br \/>Kubitze, Alexander<br \/>Kurte, Ulrich<br \/>Kutzer, Andrea<br \/>Lazinica, Ivanka<br \/>Maciejewski, Anja<br \/>Mei\u00dfner, Yvonne<br \/>Meister, Philipp<\/p>\t\t\t\t\t\t\t\t<\/div>\n\t\t\t\t<\/div>\n\t\t\t\t\t<\/div>\n\t\t<\/div>\n\t\t\t\t<div class=\"elementor-column elementor-col-25 elementor-top-column elementor-element elementor-element-f51cce9\" data-id=\"f51cce9\" data-element_type=\"column\" data-e-type=\"column\">\n\t\t\t<div class=\"elementor-widget-wrap elementor-element-populated\">\n\t\t\t\t\t\t<div class=\"elementor-element elementor-element-a51916d elementor-widget elementor-widget-text-editor\" data-id=\"a51916d\" data-element_type=\"widget\" data-e-type=\"widget\" data-widget_type=\"text-editor.default\">\n\t\t\t\t<div class=\"elementor-widget-container\">\n\t\t\t\t\t\t\t\t\t<p>Menasra, Jaouhara<br \/>Mielemeier, Simone<br \/>M\u00fchlmeyer, Ramon<br \/>M\u00fcller, Kerstin<br \/>Nadjafi, Baback<br \/>Nassery, Homa<br \/>Nassery, Seema<br \/>Neumann, Yvette<br \/>Niemann, Silke<br \/>Nolte, Thomas<br \/>Peter, Christian<br \/>Pichler, Silke<br \/>Piszek, Martin<br \/>Potente, Michael<br \/>Precker, Sebastian<br \/>Radkowski, Rafael<br \/>Radzuweit, Rabea<br \/>Rin\u00f6sl, Nicolas<br \/>Rogowski, Patricia<br \/>Rothmann, Ines<br \/>Saidowski, Gabriele<br \/>Sch\u00e4fers, Heike<br \/>Schebsdau, Svenja<br \/>Schenk, Joachim<br \/>Schl\u00fcter, Tom<br \/>Schmidt, Paul Philipp<br \/>Schneider, Ernst Boris<br \/>Schnelte, Andrea<br \/>Schrick, J\u00f6rg<br \/>Schr\u00f6der, Michael<br \/>Schulz, Waldemar<\/p>\t\t\t\t\t\t\t\t<\/div>\n\t\t\t\t<\/div>\n\t\t\t\t\t<\/div>\n\t\t<\/div>\n\t\t\t\t<div class=\"elementor-column elementor-col-25 elementor-top-column elementor-element elementor-element-85db1c7\" data-id=\"85db1c7\" data-element_type=\"column\" data-e-type=\"column\">\n\t\t\t<div class=\"elementor-widget-wrap elementor-element-populated\">\n\t\t\t\t\t\t<div class=\"elementor-element elementor-element-6c4075b elementor-widget elementor-widget-text-editor\" data-id=\"6c4075b\" data-element_type=\"widget\" data-e-type=\"widget\" data-widget_type=\"text-editor.default\">\n\t\t\t\t<div class=\"elementor-widget-container\">\n\t\t\t\t\t\t\t\t\t<p>Schwade, Michael<br \/>Scozzi, Francesco<br \/>Seidensticker, Florian<br \/>Siegel, Judith<br \/>Siegmund, Christian<br \/>Siekmann, Corinna<br \/>Sowada, Sabine<br \/>Steffensmeier, Anja Maria<br \/>Steuter, Michael<br \/>Tegeler, Mirko<br \/>Tegethoff, Britta<br \/>Tegetmeyer, Thomas<br \/>Thiesmann, Melanie<br \/>Tilly, Oliver<br \/>Tschackert, Max<br \/>Uekermann, Frauke<br \/>Vieth, Manuela<br \/>Vogt, Holger<br \/>Weidlich, Michaela<br \/>Wei\u00dfbrock, Andre<br \/>Wendler, Andreas<br \/>Westemeier, Mike<br \/>Wieseler, Imke<br \/>Wille, Edith<br \/>Willeke, Monika<br \/>Wischer, Markus<br \/>Wissmann, Oliver<br \/>Wolff, Jens<br \/>Wolters, Barbara<br \/>Zmavc, Daniela<br \/>Zumdieck, Marcus<\/p>\t\t\t\t\t\t\t\t<\/div>\n\t\t\t\t<\/div>\n\t\t\t\t\t<\/div>\n\t\t<\/div>\n\t\t\t\t\t<\/div>\n\t\t<\/section>\n\t\t\t\t<section class=\"elementor-section elementor-top-section elementor-element elementor-element-a8a8e2c elementor-section-boxed elementor-section-height-default elementor-section-height-default\" data-id=\"a8a8e2c\" data-element_type=\"section\" data-e-type=\"section\">\n\t\t\t\t\t\t<div class=\"elementor-container elementor-column-gap-default\">\n\t\t\t\t\t<div class=\"elementor-column elementor-col-100 elementor-top-column elementor-element elementor-element-3e79cca\" data-id=\"3e79cca\" data-element_type=\"column\" data-e-type=\"column\">\n\t\t\t<div class=\"elementor-widget-wrap elementor-element-populated\">\n\t\t\t\t\t\t<div class=\"elementor-element elementor-element-4948f5f elementor-view-default elementor-widget elementor-widget-icon\" data-id=\"4948f5f\" data-element_type=\"widget\" data-e-type=\"widget\" data-widget_type=\"icon.default\">\n\t\t\t\t<div class=\"elementor-widget-container\">\n\t\t\t\t\t\t\t<div class=\"elementor-icon-wrapper\">\n\t\t\t<a class=\"elementor-icon\" href=\"https:\/\/reismann.de\/?page_id=834\">\n\t\t\t<i aria-hidden=\"true\" class=\"far fa-caret-square-left\"><\/i>\t\t\t<\/a>\n\t\t<\/div>\n\t\t\t\t\t\t<\/div>\n\t\t\t\t<\/div>\n\t\t\t\t\t<\/div>\n\t\t<\/div>\n\t\t\t\t\t<\/div>\n\t\t<\/section>\n\t\t\t\t<\/div>\n\t\t","protected":false},"excerpt":{"rendered":"<p>Abitur 1996 Antp\u00f6hler, TanjaAslan, AydinBarkhausen, J\u00fcrgenBiehl, TobiasBlume, KerstinBogucki, MagdaleneBogucki, MonikaB\u00f6hner, RebecaBongard, ChristianBr\u00e4utigam, BertBredenbals, DirkBrenzel, OliverBrettschneider, FrankBrettschneider, SilkeBrinkmann, SebastianBrosch, ElviraButhe, SandraButterwegge, RalphClaes, BrittaDelitzscher, JanDieckmann, ChristophDietzmann, MarkusDischer, MarkusDretzko, J\u00fcrgenEiblmeier, Barbara (geb. Adam)Eikerling, ThomasErkmen, Isiley MeltemEskelson, CordulaFinke, ThomasF\u00f6rster, MelanieFraune, RainerFritz, Benedikt Gillner, BastianGiunta, LuigiGodziewski, MaurycyGreifenstein, MarkusGroppe, DanielaGroppe, KirstinHagemann, MechthildHarms, LynnHeinemann, KerstinHeuwinkel, AlexanderHinsenkamp, BenHokamp, Jan HendrikHuck, TobiasJanuseva, VesnaJoachim, SylviaKessenbrock, [&hellip;]<\/p>\n","protected":false},"author":2,"featured_media":0,"parent":0,"menu_order":0,"comment_status":"closed","ping_status":"closed","template":"","meta":{"ocean_post_layout":"","ocean_both_sidebars_style":"","ocean_both_sidebars_content_width":0,"ocean_both_sidebars_sidebars_width":0,"ocean_sidebar":"0","ocean_second_sidebar":"0","ocean_disable_margins":"enable","ocean_add_body_class":"","ocean_shortcode_before_top_bar":"","ocean_shortcode_after_top_bar":"","ocean_shortcode_before_header":"","ocean_shortcode_after_header":"","ocean_has_shortcode":"","ocean_shortcode_after_title":"","ocean_shortcode_before_footer_widgets":"","ocean_shortcode_after_footer_widgets":"","ocean_shortcode_before_footer_bottom":"","ocean_shortcode_after_footer_bottom":"","ocean_display_top_bar":"default","ocean_display_header":"default","ocean_header_style":"","ocean_center_header_left_menu":"0","ocean_custom_header_template":"0","ocean_custom_logo":0,"ocean_custom_retina_logo":0,"ocean_custom_logo_max_width":0,"ocean_custom_logo_tablet_max_width":0,"ocean_custom_logo_mobile_max_width":0,"ocean_custom_logo_max_height":0,"ocean_custom_logo_tablet_max_height":0,"ocean_custom_logo_mobile_max_height":0,"ocean_header_custom_menu":"0","ocean_menu_typo_font_family":"0","ocean_menu_typo_font_subset":"","ocean_menu_typo_font_size":0,"ocean_menu_typo_font_size_tablet":0,"ocean_menu_typo_font_size_mobile":0,"ocean_menu_typo_font_size_unit":"px","ocean_menu_typo_font_weight":"","ocean_menu_typo_font_weight_tablet":"","ocean_menu_typo_font_weight_mobile":"","ocean_menu_typo_transform":"","ocean_menu_typo_transform_tablet":"","ocean_menu_typo_transform_mobile":"","ocean_menu_typo_line_height":0,"ocean_menu_typo_line_height_tablet":0,"ocean_menu_typo_line_height_mobile":0,"ocean_menu_typo_line_height_unit":"","ocean_menu_typo_spacing":0,"ocean_menu_typo_spacing_tablet":0,"ocean_menu_typo_spacing_mobile":0,"ocean_menu_typo_spacing_unit":"","ocean_menu_link_color":"","ocean_menu_link_color_hover":"","ocean_menu_link_color_active":"","ocean_menu_link_background":"","ocean_menu_link_hover_background":"","ocean_menu_link_active_background":"","ocean_menu_social_links_bg":"","ocean_menu_social_hover_links_bg":"","ocean_menu_social_links_color":"","ocean_menu_social_hover_links_color":"","ocean_disable_title":"default","ocean_disable_heading":"default","ocean_post_title":"","ocean_post_subheading":"","ocean_post_title_style":"","ocean_post_title_background_color":"","ocean_post_title_background":0,"ocean_post_title_bg_image_position":"","ocean_post_title_bg_image_attachment":"","ocean_post_title_bg_image_repeat":"","ocean_post_title_bg_image_size":"","ocean_post_title_height":0,"ocean_post_title_bg_overlay":0.5,"ocean_post_title_bg_overlay_color":"","ocean_disable_breadcrumbs":"default","ocean_breadcrumbs_color":"","ocean_breadcrumbs_separator_color":"","ocean_breadcrumbs_links_color":"","ocean_breadcrumbs_links_hover_color":"","ocean_display_footer_widgets":"default","ocean_display_footer_bottom":"default","ocean_custom_footer_template":"0","footnotes":""},"class_list":["post-3978","page","type-page","status-publish","hentry","entry"],"jetpack_sharing_enabled":true,"_links":{"self":[{"href":"https:\/\/reismann.de\/index.php?rest_route=\/wp\/v2\/pages\/3978","targetHints":{"allow":["GET"]}}],"collection":[{"href":"https:\/\/reismann.de\/index.php?rest_route=\/wp\/v2\/pages"}],"about":[{"href":"https:\/\/reismann.de\/index.php?rest_route=\/wp\/v2\/types\/page"}],"author":[{"embeddable":true,"href":"https:\/\/reismann.de\/index.php?rest_route=\/wp\/v2\/users\/2"}],"replies":[{"embeddable":true,"href":"https:\/\/reismann.de\/index.php?rest_route=%2Fwp%2Fv2%2Fcomments&post=3978"}],"version-history":[{"count":4,"href":"https:\/\/reismann.de\/index.php?rest_route=\/wp\/v2\/pages\/3978\/revisions"}],"predecessor-version":[{"id":3983,"href":"https:\/\/reismann.de\/index.php?rest_route=\/wp\/v2\/pages\/3978\/revisions\/3983"}],"wp:attachment":[{"href":"https:\/\/reismann.de\/index.php?rest_route=%2Fwp%2Fv2%2Fmedia&parent=3978"}],"curies":[{"name":"wp","href":"https:\/\/api.w.org\/{rel}","templated":true}]}}