{"id":3969,"date":"2023-02-16T14:39:45","date_gmt":"2023-02-16T12:39:45","guid":{"rendered":"https:\/\/reismann.de\/?page_id=3969"},"modified":"2023-02-16T14:46:11","modified_gmt":"2023-02-16T12:46:11","slug":"abitur-1995","status":"publish","type":"page","link":"https:\/\/reismann.de\/?page_id=3969","title":{"rendered":"Abitur 1995"},"content":{"rendered":"\t\t<div data-elementor-type=\"wp-page\" data-elementor-id=\"3969\" class=\"elementor elementor-3969\">\n\t\t\t\t\t\t<section class=\"elementor-section elementor-top-section elementor-element elementor-element-43f4e44 elementor-section-boxed elementor-section-height-default elementor-section-height-default\" data-id=\"43f4e44\" data-element_type=\"section\" data-e-type=\"section\">\n\t\t\t\t\t\t<div class=\"elementor-container elementor-column-gap-default\">\n\t\t\t\t\t<div class=\"elementor-column elementor-col-100 elementor-top-column elementor-element elementor-element-831251f\" data-id=\"831251f\" data-element_type=\"column\" data-e-type=\"column\">\n\t\t\t<div class=\"elementor-widget-wrap elementor-element-populated\">\n\t\t\t\t\t\t<div class=\"elementor-element elementor-element-3e1b1b6 elementor-widget elementor-widget-heading\" data-id=\"3e1b1b6\" data-element_type=\"widget\" data-e-type=\"widget\" data-widget_type=\"heading.default\">\n\t\t\t\t<div class=\"elementor-widget-container\">\n\t\t\t\t\t<h2 class=\"elementor-heading-title elementor-size-default\">Abitur 1995<\/h2>\t\t\t\t<\/div>\n\t\t\t\t<\/div>\n\t\t\t\t<div class=\"elementor-element elementor-element-570407a elementor-widget elementor-widget-image\" data-id=\"570407a\" data-element_type=\"widget\" data-e-type=\"widget\" data-widget_type=\"image.default\">\n\t\t\t\t<div class=\"elementor-widget-container\">\n\t\t\t\t\t\t\t\t\t\t\t\t\t\t\t<img fetchpriority=\"high\" decoding=\"async\" width=\"1024\" height=\"768\" src=\"https:\/\/reismann.de\/wp-content\/uploads\/2023\/02\/1995g-1-1024x768.jpg\" class=\"attachment-large size-large wp-image-3971\" alt=\"\" srcset=\"https:\/\/reismann.de\/wp-content\/uploads\/2023\/02\/1995g-1-1024x768.jpg 1024w, https:\/\/reismann.de\/wp-content\/uploads\/2023\/02\/1995g-1-300x225.jpg 300w, https:\/\/reismann.de\/wp-content\/uploads\/2023\/02\/1995g-1-768x576.jpg 768w, https:\/\/reismann.de\/wp-content\/uploads\/2023\/02\/1995g-1.jpg 1280w\" sizes=\"(max-width: 1024px) 100vw, 1024px\" \/>\t\t\t\t\t\t\t\t\t\t\t\t\t\t\t<\/div>\n\t\t\t\t<\/div>\n\t\t\t\t\t<\/div>\n\t\t<\/div>\n\t\t\t\t\t<\/div>\n\t\t<\/section>\n\t\t\t\t<section class=\"elementor-section elementor-top-section elementor-element elementor-element-d8fce80 elementor-section-boxed elementor-section-height-default elementor-section-height-default\" data-id=\"d8fce80\" data-element_type=\"section\" data-e-type=\"section\">\n\t\t\t\t\t\t<div class=\"elementor-container elementor-column-gap-default\">\n\t\t\t\t\t<div class=\"elementor-column elementor-col-25 elementor-top-column elementor-element elementor-element-ef8e718\" data-id=\"ef8e718\" data-element_type=\"column\" data-e-type=\"column\">\n\t\t\t<div class=\"elementor-widget-wrap elementor-element-populated\">\n\t\t\t\t\t\t<div class=\"elementor-element elementor-element-e14a6c5 elementor-widget elementor-widget-text-editor\" data-id=\"e14a6c5\" data-element_type=\"widget\" data-e-type=\"widget\" data-widget_type=\"text-editor.default\">\n\t\t\t\t<div class=\"elementor-widget-container\">\n\t\t\t\t\t\t\t\t\t<p>Altmiks, Daniel<br \/>Bachhuber, Sonja<br \/>Bathe, Bj\u00f6rn<br \/>Bauer, Marina<br \/>Berhorst, Sandra<br \/>Breternitz, Ulrich<br \/>Br\u00fcnnler, Nora<br \/>Burck, Alexandra<br \/>Colina, Dalibor<br \/>Dalhoff, Christian<br \/>Dietsch, Marco<br \/>Doulas, Georgios<br \/>Drost, Christoph<br \/>Eskelson, Daniela<br \/>Fernandez Belver, Melina<br \/>Fochler, Davina<br \/>Forell, Frank<br \/>Franke, Marco<br \/>Frautscky, Carsten<br \/>Freitag, Sven<br \/>Gehrken, Christian<br \/>Geist, Christian<br \/>Gerke, Judith<br \/>Glatter, Tanja<br \/>Gockel, Silke<br \/>G\u00f6ke, Robert<br \/>Gossen, Stefanie<br \/>Grandoch, Jan<br \/>Grasshoff, Christian<br \/>Hachmann, Tobias<br \/>Hartmann, Guido<br \/>Heidenkamp, Nicole<br \/>Heinemann, Tanja<br \/>Henkel, Martin<br \/>Hesse, Markus<br \/>Hiller, Lars<\/p>\t\t\t\t\t\t\t\t<\/div>\n\t\t\t\t<\/div>\n\t\t\t\t\t<\/div>\n\t\t<\/div>\n\t\t\t\t<div class=\"elementor-column elementor-col-25 elementor-top-column elementor-element elementor-element-b122696\" data-id=\"b122696\" data-element_type=\"column\" data-e-type=\"column\">\n\t\t\t<div class=\"elementor-widget-wrap elementor-element-populated\">\n\t\t\t\t\t\t<div class=\"elementor-element elementor-element-f91d2e7 elementor-widget elementor-widget-text-editor\" data-id=\"f91d2e7\" data-element_type=\"widget\" data-e-type=\"widget\" data-widget_type=\"text-editor.default\">\n\t\t\t\t<div class=\"elementor-widget-container\">\n\t\t\t\t\t\t\t\t\t<p>Hobscheid, Alexandra<br \/>H\u00f6lscher, Benjamin<br \/>Humberg, Michael<br \/>H\u00fcnkemeyer, Falco<br \/>Ibrahimaj, Valbone<br \/>J\u00fcger, Marco<br \/>Kasch, Alexander<br \/>K\u00e4ser, Simone<br \/>Kathe, Dana<br \/>Kemmler, Bettina<br \/>Kirchhoff, Matthias<br \/>Kirchh\u00fcbel, Uwe<br \/>Klauenberg, Julia<br \/>Klose, Matthias<br \/>Klute, Frank<br \/>Knoll, Anja<br \/>Knoop, Stefan<br \/>Koberstein, Sandra<br \/>K\u00f6hler, Claudia<br \/>K\u00f6hlie, Christoph<br \/>Krewet, Eva<br \/>Krogmeier, Carsten<br \/>Krummel, Marc<br \/>K\u00fchn, Daniel<br \/>Kunstreich, Siebo<br \/>Landwehr, Sandra<br \/>Langenstr\u00f6her, Dirk<br \/>Lechtken, Holger<br \/>Lecour, Susanne<br \/>Lippert, Dirk<br \/>Liqui, Carsten<br \/>Lohmann, Meike<br \/>Lonkaveric, Josef<br \/>Lotz, Thomas<br \/>L\u00fcke, Carsten<br \/>Mahon, Denis<\/p>\t\t\t\t\t\t\t\t<\/div>\n\t\t\t\t<\/div>\n\t\t\t\t\t<\/div>\n\t\t<\/div>\n\t\t\t\t<div class=\"elementor-column elementor-col-25 elementor-top-column elementor-element elementor-element-f9de7f1\" data-id=\"f9de7f1\" data-element_type=\"column\" data-e-type=\"column\">\n\t\t\t<div class=\"elementor-widget-wrap elementor-element-populated\">\n\t\t\t\t\t\t<div class=\"elementor-element elementor-element-88f7d98 elementor-widget elementor-widget-text-editor\" data-id=\"88f7d98\" data-element_type=\"widget\" data-e-type=\"widget\" data-widget_type=\"text-editor.default\">\n\t\t\t\t<div class=\"elementor-widget-container\">\n\t\t\t\t\t\t\t\t\t<p>Manoucheri Fur, Shakib<br \/>Marotzke, Martin<br \/>Mc Mahon, Denis<br \/>Mehrdadi, Mehra<br \/>Meiwes, Martina<br \/>M\u00fcller, Sebastian<br \/>M\u00fcsgens, Martin<br \/>Musielak, Michael<br \/>Musiolik, J\u00f6rg<br \/>Ngo, Kiet<br \/>Niggemeier, Yvonne<br \/>Pascher, Marc<br \/>Pauli, Gerhart<br \/>Paulsen, Bianca<br \/>Paulsen, Lars<br \/>Peters, Alexandra<br \/>Pichler, Britta<br \/>Plaziere, Nadine<br \/>Porbadnik, Markus<br \/>Porwoll, Adriane<br \/>P\u00f6schl, Philip<br \/>Pritzkau, Eduard<br \/>Quickstem, Konrad<br \/>Radwanski, Thomas<br \/>Reibeholz, Sabine<br \/>Reimund, Carsten<br \/>Rei\u00dfmeier, Manuel<br \/>R\u00f6hren, Tobias<br \/>R\u00f6mann, Marco<br \/>Romanski, Josef<br \/>Rosenkranz, Kai-Dirk<br \/>Ruhnau, Andreas<br \/>Salewski, Friedrich<br \/>Salmen, Ralf<br \/>Sch\u00e4ferjohann, Anke<br \/>Scharnetzke, Melanie<br \/>Schiefer, Tina<\/p>\t\t\t\t\t\t\t\t<\/div>\n\t\t\t\t<\/div>\n\t\t\t\t\t<\/div>\n\t\t<\/div>\n\t\t\t\t<div class=\"elementor-column elementor-col-25 elementor-top-column elementor-element elementor-element-4827a55\" data-id=\"4827a55\" data-element_type=\"column\" data-e-type=\"column\">\n\t\t\t<div class=\"elementor-widget-wrap elementor-element-populated\">\n\t\t\t\t\t\t<div class=\"elementor-element elementor-element-b6647c7 elementor-widget elementor-widget-text-editor\" data-id=\"b6647c7\" data-element_type=\"widget\" data-e-type=\"widget\" data-widget_type=\"text-editor.default\">\n\t\t\t\t<div class=\"elementor-widget-container\">\n\t\t\t\t\t\t\t\t\t<p>Schmuck, Patrizia<br \/>Schneider, Tobias<br \/>Sch\u00f6lke, Bodo<br \/>Sch\u00fc\u00dfler, Cornelia<br \/>Sch\u00fctte, Frank<br \/>Seibt, Berthold<br \/>Selvitopu, Aliye<br \/>Sievers, Alexandra<br \/>Simons, Marc<br \/>Skodowski, Andreas<br \/>Solzbach, Verena<br \/>Stahl, Sandra<br \/>Streibel, Elisabeth<br \/>Strunz, Frauke<br \/>Teichrieb, Viktor<br \/>Theiner, Adrian<br \/>Tober, Markus<br \/>Tomasevic, Nebojsa<br \/>Tomasevic, Sasa<br \/>Trienens, Thorsten<br \/>Tulinius, Tobias<br \/>Uhle, Richard<br \/>Van Druten, Miranda<br \/>Vollmari, Michael<br \/>Von Reth, Astrid<br \/>Vow, Carsten<br \/>Werner, Silke<br \/>White, Derek Charles<br \/>Willeke, Thomas<br \/>Winkler, Friederike<br \/>Wisthal, Falk<br \/>Wittenberg, Tanja<br \/>Wook, Bettina<br \/>Zahab, Rohja<\/p>\t\t\t\t\t\t\t\t<\/div>\n\t\t\t\t<\/div>\n\t\t\t\t\t<\/div>\n\t\t<\/div>\n\t\t\t\t\t<\/div>\n\t\t<\/section>\n\t\t\t\t<section class=\"elementor-section elementor-top-section elementor-element elementor-element-4f93b77 elementor-section-boxed elementor-section-height-default elementor-section-height-default\" data-id=\"4f93b77\" data-element_type=\"section\" data-e-type=\"section\">\n\t\t\t\t\t\t<div class=\"elementor-container elementor-column-gap-default\">\n\t\t\t\t\t<div class=\"elementor-column elementor-col-100 elementor-top-column elementor-element elementor-element-7f167dd\" data-id=\"7f167dd\" data-element_type=\"column\" data-e-type=\"column\">\n\t\t\t<div class=\"elementor-widget-wrap elementor-element-populated\">\n\t\t\t\t\t\t<div class=\"elementor-element elementor-element-096cb18 elementor-view-default elementor-widget elementor-widget-icon\" data-id=\"096cb18\" data-element_type=\"widget\" data-e-type=\"widget\" data-widget_type=\"icon.default\">\n\t\t\t\t<div class=\"elementor-widget-container\">\n\t\t\t\t\t\t\t<div class=\"elementor-icon-wrapper\">\n\t\t\t<a class=\"elementor-icon\" href=\"https:\/\/reismann.de\/?page_id=834\">\n\t\t\t<i aria-hidden=\"true\" class=\"far fa-caret-square-left\"><\/i>\t\t\t<\/a>\n\t\t<\/div>\n\t\t\t\t\t\t<\/div>\n\t\t\t\t<\/div>\n\t\t\t\t\t<\/div>\n\t\t<\/div>\n\t\t\t\t\t<\/div>\n\t\t<\/section>\n\t\t\t\t<\/div>\n\t\t","protected":false},"excerpt":{"rendered":"<p>Abitur 1995 Altmiks, DanielBachhuber, SonjaBathe, Bj\u00f6rnBauer, MarinaBerhorst, SandraBreternitz, UlrichBr\u00fcnnler, NoraBurck, AlexandraColina, DaliborDalhoff, ChristianDietsch, MarcoDoulas, GeorgiosDrost, ChristophEskelson, DanielaFernandez Belver, MelinaFochler, DavinaForell, FrankFranke, MarcoFrautscky, CarstenFreitag, SvenGehrken, ChristianGeist, ChristianGerke, JudithGlatter, TanjaGockel, SilkeG\u00f6ke, RobertGossen, StefanieGrandoch, JanGrasshoff, ChristianHachmann, TobiasHartmann, GuidoHeidenkamp, NicoleHeinemann, TanjaHenkel, MartinHesse, MarkusHiller, Lars Hobscheid, AlexandraH\u00f6lscher, BenjaminHumberg, MichaelH\u00fcnkemeyer, FalcoIbrahimaj, ValboneJ\u00fcger, MarcoKasch, AlexanderK\u00e4ser, SimoneKathe, DanaKemmler, BettinaKirchhoff, MatthiasKirchh\u00fcbel, UweKlauenberg, JuliaKlose, MatthiasKlute, [&hellip;]<\/p>\n","protected":false},"author":2,"featured_media":0,"parent":0,"menu_order":0,"comment_status":"closed","ping_status":"closed","template":"","meta":{"ocean_post_layout":"","ocean_both_sidebars_style":"","ocean_both_sidebars_content_width":0,"ocean_both_sidebars_sidebars_width":0,"ocean_sidebar":"0","ocean_second_sidebar":"0","ocean_disable_margins":"enable","ocean_add_body_class":"","ocean_shortcode_before_top_bar":"","ocean_shortcode_after_top_bar":"","ocean_shortcode_before_header":"","ocean_shortcode_after_header":"","ocean_has_shortcode":"","ocean_shortcode_after_title":"","ocean_shortcode_before_footer_widgets":"","ocean_shortcode_after_footer_widgets":"","ocean_shortcode_before_footer_bottom":"","ocean_shortcode_after_footer_bottom":"","ocean_display_top_bar":"default","ocean_display_header":"default","ocean_header_style":"","ocean_center_header_left_menu":"0","ocean_custom_header_template":"0","ocean_custom_logo":0,"ocean_custom_retina_logo":0,"ocean_custom_logo_max_width":0,"ocean_custom_logo_tablet_max_width":0,"ocean_custom_logo_mobile_max_width":0,"ocean_custom_logo_max_height":0,"ocean_custom_logo_tablet_max_height":0,"ocean_custom_logo_mobile_max_height":0,"ocean_header_custom_menu":"0","ocean_menu_typo_font_family":"0","ocean_menu_typo_font_subset":"","ocean_menu_typo_font_size":0,"ocean_menu_typo_font_size_tablet":0,"ocean_menu_typo_font_size_mobile":0,"ocean_menu_typo_font_size_unit":"px","ocean_menu_typo_font_weight":"","ocean_menu_typo_font_weight_tablet":"","ocean_menu_typo_font_weight_mobile":"","ocean_menu_typo_transform":"","ocean_menu_typo_transform_tablet":"","ocean_menu_typo_transform_mobile":"","ocean_menu_typo_line_height":0,"ocean_menu_typo_line_height_tablet":0,"ocean_menu_typo_line_height_mobile":0,"ocean_menu_typo_line_height_unit":"","ocean_menu_typo_spacing":0,"ocean_menu_typo_spacing_tablet":0,"ocean_menu_typo_spacing_mobile":0,"ocean_menu_typo_spacing_unit":"","ocean_menu_link_color":"","ocean_menu_link_color_hover":"","ocean_menu_link_color_active":"","ocean_menu_link_background":"","ocean_menu_link_hover_background":"","ocean_menu_link_active_background":"","ocean_menu_social_links_bg":"","ocean_menu_social_hover_links_bg":"","ocean_menu_social_links_color":"","ocean_menu_social_hover_links_color":"","ocean_disable_title":"default","ocean_disable_heading":"default","ocean_post_title":"","ocean_post_subheading":"","ocean_post_title_style":"","ocean_post_title_background_color":"","ocean_post_title_background":0,"ocean_post_title_bg_image_position":"","ocean_post_title_bg_image_attachment":"","ocean_post_title_bg_image_repeat":"","ocean_post_title_bg_image_size":"","ocean_post_title_height":0,"ocean_post_title_bg_overlay":0.5,"ocean_post_title_bg_overlay_color":"","ocean_disable_breadcrumbs":"default","ocean_breadcrumbs_color":"","ocean_breadcrumbs_separator_color":"","ocean_breadcrumbs_links_color":"","ocean_breadcrumbs_links_hover_color":"","ocean_display_footer_widgets":"default","ocean_display_footer_bottom":"default","ocean_custom_footer_template":"0","footnotes":""},"class_list":["post-3969","page","type-page","status-publish","hentry","entry"],"jetpack_sharing_enabled":true,"_links":{"self":[{"href":"https:\/\/reismann.de\/index.php?rest_route=\/wp\/v2\/pages\/3969","targetHints":{"allow":["GET"]}}],"collection":[{"href":"https:\/\/reismann.de\/index.php?rest_route=\/wp\/v2\/pages"}],"about":[{"href":"https:\/\/reismann.de\/index.php?rest_route=\/wp\/v2\/types\/page"}],"author":[{"embeddable":true,"href":"https:\/\/reismann.de\/index.php?rest_route=\/wp\/v2\/users\/2"}],"replies":[{"embeddable":true,"href":"https:\/\/reismann.de\/index.php?rest_route=%2Fwp%2Fv2%2Fcomments&post=3969"}],"version-history":[{"count":4,"href":"https:\/\/reismann.de\/index.php?rest_route=\/wp\/v2\/pages\/3969\/revisions"}],"predecessor-version":[{"id":3974,"href":"https:\/\/reismann.de\/index.php?rest_route=\/wp\/v2\/pages\/3969\/revisions\/3974"}],"wp:attachment":[{"href":"https:\/\/reismann.de\/index.php?rest_route=%2Fwp%2Fv2%2Fmedia&parent=3969"}],"curies":[{"name":"wp","href":"https:\/\/api.w.org\/{rel}","templated":true}]}}