{"id":3948,"date":"2023-02-16T14:24:25","date_gmt":"2023-02-16T12:24:25","guid":{"rendered":"https:\/\/reismann.de\/?page_id=3948"},"modified":"2023-02-16T14:31:56","modified_gmt":"2023-02-16T12:31:56","slug":"abitur-1993","status":"publish","type":"page","link":"https:\/\/reismann.de\/?page_id=3948","title":{"rendered":"Abitur 1993"},"content":{"rendered":"\t\t<div data-elementor-type=\"wp-page\" data-elementor-id=\"3948\" class=\"elementor elementor-3948\">\n\t\t\t\t\t\t<section class=\"elementor-section elementor-top-section elementor-element elementor-element-4a6e613 elementor-section-boxed elementor-section-height-default elementor-section-height-default\" data-id=\"4a6e613\" data-element_type=\"section\" data-e-type=\"section\">\n\t\t\t\t\t\t<div class=\"elementor-container elementor-column-gap-default\">\n\t\t\t\t\t<div class=\"elementor-column elementor-col-100 elementor-top-column elementor-element elementor-element-fbf44aa\" data-id=\"fbf44aa\" data-element_type=\"column\" data-e-type=\"column\">\n\t\t\t<div class=\"elementor-widget-wrap elementor-element-populated\">\n\t\t\t\t\t\t<div class=\"elementor-element elementor-element-592ed09 elementor-widget elementor-widget-heading\" data-id=\"592ed09\" data-element_type=\"widget\" data-e-type=\"widget\" data-widget_type=\"heading.default\">\n\t\t\t\t<div class=\"elementor-widget-container\">\n\t\t\t\t\t<h2 class=\"elementor-heading-title elementor-size-default\">Abitur 1993<\/h2>\t\t\t\t<\/div>\n\t\t\t\t<\/div>\n\t\t\t\t<div class=\"elementor-element elementor-element-0d26b1b elementor-widget elementor-widget-image\" data-id=\"0d26b1b\" data-element_type=\"widget\" data-e-type=\"widget\" data-widget_type=\"image.default\">\n\t\t\t\t<div class=\"elementor-widget-container\">\n\t\t\t\t\t\t\t\t\t\t\t\t\t\t\t<img fetchpriority=\"high\" decoding=\"async\" width=\"1024\" height=\"768\" src=\"https:\/\/reismann.de\/wp-content\/uploads\/2023\/02\/1993g-1-1024x768.jpg\" class=\"attachment-large size-large wp-image-3950\" alt=\"\" srcset=\"https:\/\/reismann.de\/wp-content\/uploads\/2023\/02\/1993g-1-1024x768.jpg 1024w, https:\/\/reismann.de\/wp-content\/uploads\/2023\/02\/1993g-1-300x225.jpg 300w, https:\/\/reismann.de\/wp-content\/uploads\/2023\/02\/1993g-1-768x576.jpg 768w, https:\/\/reismann.de\/wp-content\/uploads\/2023\/02\/1993g-1.jpg 1280w\" sizes=\"(max-width: 1024px) 100vw, 1024px\" \/>\t\t\t\t\t\t\t\t\t\t\t\t\t\t\t<\/div>\n\t\t\t\t<\/div>\n\t\t\t\t\t<\/div>\n\t\t<\/div>\n\t\t\t\t\t<\/div>\n\t\t<\/section>\n\t\t\t\t<section class=\"elementor-section elementor-top-section elementor-element elementor-element-45f724d elementor-section-boxed elementor-section-height-default elementor-section-height-default\" data-id=\"45f724d\" data-element_type=\"section\" data-e-type=\"section\">\n\t\t\t\t\t\t<div class=\"elementor-container elementor-column-gap-default\">\n\t\t\t\t\t<div class=\"elementor-column elementor-col-25 elementor-top-column elementor-element elementor-element-02043a6\" data-id=\"02043a6\" data-element_type=\"column\" data-e-type=\"column\">\n\t\t\t<div class=\"elementor-widget-wrap elementor-element-populated\">\n\t\t\t\t\t\t<div class=\"elementor-element elementor-element-ec98e33 elementor-widget elementor-widget-text-editor\" data-id=\"ec98e33\" data-element_type=\"widget\" data-e-type=\"widget\" data-widget_type=\"text-editor.default\">\n\t\t\t\t<div class=\"elementor-widget-container\">\n\t\t\t\t\t\t\t\t\t<p>Adorf, Peter<br \/>Balogh, Krisztina<br \/>Bodzioch, Simon<br \/>B\u00f6kamp, Karsten<br \/>B\u00f6lte, Michael<br \/>Busch, Oliver<br \/>Cichon, Martin<br \/>Deppe, Jens<br \/>Drygas, Michael<br \/>Eigenbrod, Sabine<br \/>Fromme, Antonius<br \/>Gao, Shong<br \/>Gerke, Stephanie<br \/>Gerling, Christian<br \/>Glowik, Claudia<br \/>Gollers, Holger<br \/>Gr\u00fcntgens, Christian-Felix<br \/>Hagemeier, Clemens<br \/>Hempel, Markus<br \/>Hermann, Thomas<\/p>\t\t\t\t\t\t\t\t<\/div>\n\t\t\t\t<\/div>\n\t\t\t\t\t<\/div>\n\t\t<\/div>\n\t\t\t\t<div class=\"elementor-column elementor-col-25 elementor-top-column elementor-element elementor-element-ae2feef\" data-id=\"ae2feef\" data-element_type=\"column\" data-e-type=\"column\">\n\t\t\t<div class=\"elementor-widget-wrap elementor-element-populated\">\n\t\t\t\t\t\t<div class=\"elementor-element elementor-element-55e8e9d elementor-widget elementor-widget-text-editor\" data-id=\"55e8e9d\" data-element_type=\"widget\" data-e-type=\"widget\" data-widget_type=\"text-editor.default\">\n\t\t\t\t<div class=\"elementor-widget-container\">\n\t\t\t\t\t\t\t\t\t<p>Hohmann, Birgit<br \/>Hooper, Martine<br \/>H\u00fclsd\u00fcnker, Jens<br \/>Hutmacher, Carsten<br \/>Isik, Samuray<br \/>Kamp, Michael<br \/>Kathe, Steffen<br \/>Kessenbrock, Ralf<br \/>Kiepe, Andr\u00e9<br \/>Kleinert, Kerstin<br \/>K\u00f6chling, Thorsten<br \/>K\u00f6hler, Karsten<br \/>Kurte, Michael<br \/>K\u00fcting, Jens<br \/>Lahme, Ralf<br \/>Lamberti, Christoph<br \/>Malett, Katharina (geb. Szczepocka)<br \/>Marotzke, Andreas<br \/>Mehrdadi, Nima<br \/>Menke, Markus<\/p>\t\t\t\t\t\t\t\t<\/div>\n\t\t\t\t<\/div>\n\t\t\t\t\t<\/div>\n\t\t<\/div>\n\t\t\t\t<div class=\"elementor-column elementor-col-25 elementor-top-column elementor-element elementor-element-f9c5d82\" data-id=\"f9c5d82\" data-element_type=\"column\" data-e-type=\"column\">\n\t\t\t<div class=\"elementor-widget-wrap elementor-element-populated\">\n\t\t\t\t\t\t<div class=\"elementor-element elementor-element-fb9f1b6 elementor-widget elementor-widget-text-editor\" data-id=\"fb9f1b6\" data-element_type=\"widget\" data-e-type=\"widget\" data-widget_type=\"text-editor.default\">\n\t\t\t\t<div class=\"elementor-widget-container\">\n\t\t\t\t\t\t\t\t\t<p>Mette, Lars<br \/>Minter, Frank<br \/>M\u00f6ckel, Nils<br \/>M\u00fcller, Andreas<br \/>M\u00fcller, Georg<br \/>Muth, Bruno<br \/>Nagel, Dirk<br \/>Neumann, Michael<br \/>Niggemeyer, Peter<br \/>Oldenburg, Michael<br \/>Pauli, Ingmar<br \/>Peters, Patricia<br \/>Pollmann, Gregor<br \/>P\u00f6psel, Nicole<br \/>Prior, Thomas<br \/>Rehm, Jan-Dietrich<br \/>Ruloffs, Dirk<br \/>R\u00fcsing, Petra<br \/>Schlangenotto, Mario<\/p>\t\t\t\t\t\t\t\t<\/div>\n\t\t\t\t<\/div>\n\t\t\t\t\t<\/div>\n\t\t<\/div>\n\t\t\t\t<div class=\"elementor-column elementor-col-25 elementor-top-column elementor-element elementor-element-c114bb3\" data-id=\"c114bb3\" data-element_type=\"column\" data-e-type=\"column\">\n\t\t\t<div class=\"elementor-widget-wrap elementor-element-populated\">\n\t\t\t\t\t\t<div class=\"elementor-element elementor-element-4ab32d1 elementor-widget elementor-widget-text-editor\" data-id=\"4ab32d1\" data-element_type=\"widget\" data-e-type=\"widget\" data-widget_type=\"text-editor.default\">\n\t\t\t\t<div class=\"elementor-widget-container\">\n\t\t\t\t\t\t\t\t\t<p>Sch\u00f6nlau, Stefanie<br \/>Sch\u00f6nw\u00fclder, Ingo<br \/>Sch\u00f6werling, Christian<br \/>Schr\u00f6ter, Michael<br \/>Seibt, Oliver<br \/>Silio-Funk, Michael<br \/>Solzbach, Michael<br \/>Spottke, Heike<br \/>Sticht, Carsten<br \/>T\u00f6lle, J\u00f6rn<br \/>Treu, Nicola<br \/>Wagner, Rainer<br \/>Wegener, Simone<br \/>Wiechnik, Johann<br \/>Wiegand, Hans<br \/>Wiemers, Marco<br \/>Wigand, Tobias<br \/>Windmann, Dirk<br \/>Wolny, Natascha<\/p>\t\t\t\t\t\t\t\t<\/div>\n\t\t\t\t<\/div>\n\t\t\t\t\t<\/div>\n\t\t<\/div>\n\t\t\t\t\t<\/div>\n\t\t<\/section>\n\t\t\t\t<section class=\"elementor-section elementor-top-section elementor-element elementor-element-75d8bea elementor-section-boxed elementor-section-height-default elementor-section-height-default\" data-id=\"75d8bea\" data-element_type=\"section\" data-e-type=\"section\">\n\t\t\t\t\t\t<div class=\"elementor-container elementor-column-gap-default\">\n\t\t\t\t\t<div class=\"elementor-column elementor-col-100 elementor-top-column elementor-element elementor-element-d90592f\" data-id=\"d90592f\" data-element_type=\"column\" data-e-type=\"column\">\n\t\t\t<div class=\"elementor-widget-wrap elementor-element-populated\">\n\t\t\t\t\t\t<div class=\"elementor-element elementor-element-58b3670 elementor-view-default elementor-widget elementor-widget-icon\" data-id=\"58b3670\" data-element_type=\"widget\" data-e-type=\"widget\" data-widget_type=\"icon.default\">\n\t\t\t\t<div class=\"elementor-widget-container\">\n\t\t\t\t\t\t\t<div class=\"elementor-icon-wrapper\">\n\t\t\t<a class=\"elementor-icon\" href=\"https:\/\/reismann.de\/?page_id=834\">\n\t\t\t<i aria-hidden=\"true\" class=\"far fa-caret-square-left\"><\/i>\t\t\t<\/a>\n\t\t<\/div>\n\t\t\t\t\t\t<\/div>\n\t\t\t\t<\/div>\n\t\t\t\t\t<\/div>\n\t\t<\/div>\n\t\t\t\t\t<\/div>\n\t\t<\/section>\n\t\t\t\t<\/div>\n\t\t","protected":false},"excerpt":{"rendered":"<p>Abitur 1993 Adorf, PeterBalogh, KrisztinaBodzioch, SimonB\u00f6kamp, KarstenB\u00f6lte, MichaelBusch, OliverCichon, MartinDeppe, JensDrygas, MichaelEigenbrod, SabineFromme, AntoniusGao, ShongGerke, StephanieGerling, ChristianGlowik, ClaudiaGollers, HolgerGr\u00fcntgens, Christian-FelixHagemeier, ClemensHempel, MarkusHermann, Thomas Hohmann, BirgitHooper, MartineH\u00fclsd\u00fcnker, JensHutmacher, CarstenIsik, SamurayKamp, MichaelKathe, SteffenKessenbrock, RalfKiepe, Andr\u00e9Kleinert, KerstinK\u00f6chling, ThorstenK\u00f6hler, KarstenKurte, MichaelK\u00fcting, JensLahme, RalfLamberti, ChristophMalett, Katharina (geb. Szczepocka)Marotzke, AndreasMehrdadi, NimaMenke, Markus Mette, LarsMinter, FrankM\u00f6ckel, NilsM\u00fcller, AndreasM\u00fcller, GeorgMuth, BrunoNagel, DirkNeumann, MichaelNiggemeyer, [&hellip;]<\/p>\n","protected":false},"author":2,"featured_media":0,"parent":0,"menu_order":0,"comment_status":"closed","ping_status":"closed","template":"","meta":{"ocean_post_layout":"","ocean_both_sidebars_style":"","ocean_both_sidebars_content_width":0,"ocean_both_sidebars_sidebars_width":0,"ocean_sidebar":"0","ocean_second_sidebar":"0","ocean_disable_margins":"enable","ocean_add_body_class":"","ocean_shortcode_before_top_bar":"","ocean_shortcode_after_top_bar":"","ocean_shortcode_before_header":"","ocean_shortcode_after_header":"","ocean_has_shortcode":"","ocean_shortcode_after_title":"","ocean_shortcode_before_footer_widgets":"","ocean_shortcode_after_footer_widgets":"","ocean_shortcode_before_footer_bottom":"","ocean_shortcode_after_footer_bottom":"","ocean_display_top_bar":"default","ocean_display_header":"default","ocean_header_style":"","ocean_center_header_left_menu":"0","ocean_custom_header_template":"0","ocean_custom_logo":0,"ocean_custom_retina_logo":0,"ocean_custom_logo_max_width":0,"ocean_custom_logo_tablet_max_width":0,"ocean_custom_logo_mobile_max_width":0,"ocean_custom_logo_max_height":0,"ocean_custom_logo_tablet_max_height":0,"ocean_custom_logo_mobile_max_height":0,"ocean_header_custom_menu":"0","ocean_menu_typo_font_family":"0","ocean_menu_typo_font_subset":"","ocean_menu_typo_font_size":0,"ocean_menu_typo_font_size_tablet":0,"ocean_menu_typo_font_size_mobile":0,"ocean_menu_typo_font_size_unit":"px","ocean_menu_typo_font_weight":"","ocean_menu_typo_font_weight_tablet":"","ocean_menu_typo_font_weight_mobile":"","ocean_menu_typo_transform":"","ocean_menu_typo_transform_tablet":"","ocean_menu_typo_transform_mobile":"","ocean_menu_typo_line_height":0,"ocean_menu_typo_line_height_tablet":0,"ocean_menu_typo_line_height_mobile":0,"ocean_menu_typo_line_height_unit":"","ocean_menu_typo_spacing":0,"ocean_menu_typo_spacing_tablet":0,"ocean_menu_typo_spacing_mobile":0,"ocean_menu_typo_spacing_unit":"","ocean_menu_link_color":"","ocean_menu_link_color_hover":"","ocean_menu_link_color_active":"","ocean_menu_link_background":"","ocean_menu_link_hover_background":"","ocean_menu_link_active_background":"","ocean_menu_social_links_bg":"","ocean_menu_social_hover_links_bg":"","ocean_menu_social_links_color":"","ocean_menu_social_hover_links_color":"","ocean_disable_title":"default","ocean_disable_heading":"default","ocean_post_title":"","ocean_post_subheading":"","ocean_post_title_style":"","ocean_post_title_background_color":"","ocean_post_title_background":0,"ocean_post_title_bg_image_position":"","ocean_post_title_bg_image_attachment":"","ocean_post_title_bg_image_repeat":"","ocean_post_title_bg_image_size":"","ocean_post_title_height":0,"ocean_post_title_bg_overlay":0.5,"ocean_post_title_bg_overlay_color":"","ocean_disable_breadcrumbs":"default","ocean_breadcrumbs_color":"","ocean_breadcrumbs_separator_color":"","ocean_breadcrumbs_links_color":"","ocean_breadcrumbs_links_hover_color":"","ocean_display_footer_widgets":"default","ocean_display_footer_bottom":"default","ocean_custom_footer_template":"0","footnotes":""},"class_list":["post-3948","page","type-page","status-publish","hentry","entry"],"jetpack_sharing_enabled":true,"_links":{"self":[{"href":"https:\/\/reismann.de\/index.php?rest_route=\/wp\/v2\/pages\/3948","targetHints":{"allow":["GET"]}}],"collection":[{"href":"https:\/\/reismann.de\/index.php?rest_route=\/wp\/v2\/pages"}],"about":[{"href":"https:\/\/reismann.de\/index.php?rest_route=\/wp\/v2\/types\/page"}],"author":[{"embeddable":true,"href":"https:\/\/reismann.de\/index.php?rest_route=\/wp\/v2\/users\/2"}],"replies":[{"embeddable":true,"href":"https:\/\/reismann.de\/index.php?rest_route=%2Fwp%2Fv2%2Fcomments&post=3948"}],"version-history":[{"count":4,"href":"https:\/\/reismann.de\/index.php?rest_route=\/wp\/v2\/pages\/3948\/revisions"}],"predecessor-version":[{"id":3953,"href":"https:\/\/reismann.de\/index.php?rest_route=\/wp\/v2\/pages\/3948\/revisions\/3953"}],"wp:attachment":[{"href":"https:\/\/reismann.de\/index.php?rest_route=%2Fwp%2Fv2%2Fmedia&parent=3948"}],"curies":[{"name":"wp","href":"https:\/\/api.w.org\/{rel}","templated":true}]}}