{"id":3816,"date":"2023-02-13T15:48:24","date_gmt":"2023-02-13T13:48:24","guid":{"rendered":"https:\/\/reismann.de\/?page_id=3816"},"modified":"2023-02-13T16:49:39","modified_gmt":"2023-02-13T14:49:39","slug":"abitur-1992","status":"publish","type":"page","link":"https:\/\/reismann.de\/?page_id=3816","title":{"rendered":"Abitur 1992"},"content":{"rendered":"\t\t<div data-elementor-type=\"wp-page\" data-elementor-id=\"3816\" class=\"elementor elementor-3816\">\n\t\t\t\t\t\t<section class=\"elementor-section elementor-top-section elementor-element elementor-element-c8177c8 elementor-section-boxed elementor-section-height-default elementor-section-height-default\" data-id=\"c8177c8\" data-element_type=\"section\" data-e-type=\"section\">\n\t\t\t\t\t\t<div class=\"elementor-container elementor-column-gap-default\">\n\t\t\t\t\t<div class=\"elementor-column elementor-col-100 elementor-top-column elementor-element elementor-element-e588198\" data-id=\"e588198\" data-element_type=\"column\" data-e-type=\"column\">\n\t\t\t<div class=\"elementor-widget-wrap elementor-element-populated\">\n\t\t\t\t\t\t<div class=\"elementor-element elementor-element-f88771c elementor-widget elementor-widget-heading\" data-id=\"f88771c\" data-element_type=\"widget\" data-e-type=\"widget\" data-widget_type=\"heading.default\">\n\t\t\t\t<div class=\"elementor-widget-container\">\n\t\t\t\t\t<h2 class=\"elementor-heading-title elementor-size-default\">Abitur 1992<\/h2>\t\t\t\t<\/div>\n\t\t\t\t<\/div>\n\t\t\t\t<div class=\"elementor-element elementor-element-6e32ece elementor-widget elementor-widget-image\" data-id=\"6e32ece\" data-element_type=\"widget\" data-e-type=\"widget\" data-widget_type=\"image.default\">\n\t\t\t\t<div class=\"elementor-widget-container\">\n\t\t\t\t\t\t\t\t\t\t\t\t\t\t\t<img fetchpriority=\"high\" decoding=\"async\" width=\"1024\" height=\"768\" src=\"https:\/\/reismann.de\/wp-content\/uploads\/2023\/02\/1992g-1-1024x768.jpg\" class=\"attachment-large size-large wp-image-3818\" alt=\"\" srcset=\"https:\/\/reismann.de\/wp-content\/uploads\/2023\/02\/1992g-1-1024x768.jpg 1024w, https:\/\/reismann.de\/wp-content\/uploads\/2023\/02\/1992g-1-300x225.jpg 300w, https:\/\/reismann.de\/wp-content\/uploads\/2023\/02\/1992g-1-768x576.jpg 768w, https:\/\/reismann.de\/wp-content\/uploads\/2023\/02\/1992g-1.jpg 1280w\" sizes=\"(max-width: 1024px) 100vw, 1024px\" \/>\t\t\t\t\t\t\t\t\t\t\t\t\t\t\t<\/div>\n\t\t\t\t<\/div>\n\t\t\t\t\t<\/div>\n\t\t<\/div>\n\t\t\t\t\t<\/div>\n\t\t<\/section>\n\t\t\t\t<section class=\"elementor-section elementor-top-section elementor-element elementor-element-f6ce64f elementor-section-boxed elementor-section-height-default elementor-section-height-default\" data-id=\"f6ce64f\" data-element_type=\"section\" data-e-type=\"section\">\n\t\t\t\t\t\t<div class=\"elementor-container elementor-column-gap-default\">\n\t\t\t\t\t<div class=\"elementor-column elementor-col-25 elementor-top-column elementor-element elementor-element-a313667\" data-id=\"a313667\" data-element_type=\"column\" data-e-type=\"column\">\n\t\t\t<div class=\"elementor-widget-wrap elementor-element-populated\">\n\t\t\t\t\t\t<div class=\"elementor-element elementor-element-08cadfb elementor-widget elementor-widget-text-editor\" data-id=\"08cadfb\" data-element_type=\"widget\" data-e-type=\"widget\" data-widget_type=\"text-editor.default\">\n\t\t\t\t<div class=\"elementor-widget-container\">\n\t\t\t\t\t\t\t\t\t<p>Appelt, Stephanie<br \/>Bachhuber, Astrid<br \/>Barkhausen, Christoph<br \/>Bartholdus, Achim<br \/>Beckmann, Karin<br \/>Behlen, Michael<br \/>Bentfeld, Marion<br \/>Berhorst, Matthias<br \/>B\u00f6ltner, Dietmar<br \/>Bonder, Andreas<br \/>Born, Judith Annette (geb. Werner)<br \/>Brand, Verena<br \/>Busch, Nicola<br \/>Darya-Azram, Sharam<br \/>Decker, Torsten<br \/>Deniz, Aydin<br \/>Depping, Bj\u00f6rn<br \/>Diedam, Alexander<\/p>\t\t\t\t\t\t\t\t<\/div>\n\t\t\t\t<\/div>\n\t\t\t\t\t<\/div>\n\t\t<\/div>\n\t\t\t\t<div class=\"elementor-column elementor-col-25 elementor-top-column elementor-element elementor-element-a1b655f\" data-id=\"a1b655f\" data-element_type=\"column\" data-e-type=\"column\">\n\t\t\t<div class=\"elementor-widget-wrap elementor-element-populated\">\n\t\t\t\t\t\t<div class=\"elementor-element elementor-element-b5d35c5 elementor-widget elementor-widget-text-editor\" data-id=\"b5d35c5\" data-element_type=\"widget\" data-e-type=\"widget\" data-widget_type=\"text-editor.default\">\n\t\t\t\t<div class=\"elementor-widget-container\">\n\t\t\t\t\t\t\t\t\t<p>Dietsch, Andr\u00e9e<br \/>Drechsler, Sven<br \/>Engelmann, Niels<br \/>Fochler, Michael<br \/>Gurr, Andr\u00e9<br \/>Harder, Brigitte<br \/>Heine, Anuschka<br \/>Heusener, Thomas<br \/>Holstein, Melanie<br \/>H\u00f6schen, Jutta<br \/>Janzen, Andreas<br \/>Kaschel, Hector<br \/>Keck, Thomas<br \/>Kieroth, Michaela (geb. Bursmeier)<br \/>Klauenberg, Maike<br \/>Kleinemeyer, Marcus<br \/>Koch, Barbara<br \/>Koitka, Matthias<\/p>\t\t\t\t\t\t\t\t<\/div>\n\t\t\t\t<\/div>\n\t\t\t\t\t<\/div>\n\t\t<\/div>\n\t\t\t\t<div class=\"elementor-column elementor-col-25 elementor-top-column elementor-element elementor-element-c940bb3\" data-id=\"c940bb3\" data-element_type=\"column\" data-e-type=\"column\">\n\t\t\t<div class=\"elementor-widget-wrap elementor-element-populated\">\n\t\t\t\t\t\t<div class=\"elementor-element elementor-element-979a1b8 elementor-widget elementor-widget-text-editor\" data-id=\"979a1b8\" data-element_type=\"widget\" data-e-type=\"widget\" data-widget_type=\"text-editor.default\">\n\t\t\t\t<div class=\"elementor-widget-container\">\n\t\t\t\t\t\t\t\t\t<p>Krawczyk, Peter<br \/>Kremer, Markus<br \/>K\u00fcting, Thomas<br \/>Loddenkemper, Tobias<br \/>Lubek, Sven<br \/>Mayer, Thorsten<br \/>Minchau, Katja<br \/>Mrugalla, Markus<br \/>M\u00fcller, Karin<br \/>M\u00fcting, Claudia<br \/>Niggemann, Michael<br \/>Rustemeier, Karsten<br \/>Sander, Joachim<br \/>Schaefermeyer, Ulrich<br \/>Sch\u00e4ferjohann, Henk<br \/>Sch\u00e4fers, Stephanie<br \/>Schlegel, Oliver<br \/>Schmidt, Isabel<\/p>\t\t\t\t\t\t\t\t<\/div>\n\t\t\t\t<\/div>\n\t\t\t\t\t<\/div>\n\t\t<\/div>\n\t\t\t\t<div class=\"elementor-column elementor-col-25 elementor-top-column elementor-element elementor-element-b263e34\" data-id=\"b263e34\" data-element_type=\"column\" data-e-type=\"column\">\n\t\t\t<div class=\"elementor-widget-wrap elementor-element-populated\">\n\t\t\t\t\t\t<div class=\"elementor-element elementor-element-2c76cfc elementor-widget elementor-widget-text-editor\" data-id=\"2c76cfc\" data-element_type=\"widget\" data-e-type=\"widget\" data-widget_type=\"text-editor.default\">\n\t\t\t\t<div class=\"elementor-widget-container\">\n\t\t\t\t\t\t\t\t\t<p>Schneeberg, Dunja<br \/>Schnelle, Veronika<br \/>Schr\u00f6der, Norbert<br \/>Stiewe, Thomas<br \/>Stork, Ingo<br \/>Stroth, Tobias<br \/>Stutenkemper, Ralf<br \/>Tappe, Sebastian<br \/>Terstesse, Michael<br \/>Thiele, Ingo<br \/>Uhle, Friederike<br \/>Vogt, Frank<br \/>Werner, Hauke<br \/>Witte, Felicitas<br \/>Zimmermann, Mike<br \/>Zurstra\u00dfen, Andrea<\/p>\t\t\t\t\t\t\t\t<\/div>\n\t\t\t\t<\/div>\n\t\t\t\t\t<\/div>\n\t\t<\/div>\n\t\t\t\t\t<\/div>\n\t\t<\/section>\n\t\t\t\t<section class=\"elementor-section elementor-top-section elementor-element elementor-element-db08b74 elementor-section-boxed elementor-section-height-default elementor-section-height-default\" data-id=\"db08b74\" data-element_type=\"section\" data-e-type=\"section\">\n\t\t\t\t\t\t<div class=\"elementor-container elementor-column-gap-default\">\n\t\t\t\t\t<div class=\"elementor-column elementor-col-100 elementor-top-column elementor-element elementor-element-573f645\" data-id=\"573f645\" data-element_type=\"column\" data-e-type=\"column\">\n\t\t\t<div class=\"elementor-widget-wrap elementor-element-populated\">\n\t\t\t\t\t\t<div class=\"elementor-element elementor-element-c8f50a0 elementor-view-default elementor-widget elementor-widget-icon\" data-id=\"c8f50a0\" data-element_type=\"widget\" data-e-type=\"widget\" data-widget_type=\"icon.default\">\n\t\t\t\t<div class=\"elementor-widget-container\">\n\t\t\t\t\t\t\t<div class=\"elementor-icon-wrapper\">\n\t\t\t<a class=\"elementor-icon\" href=\"https:\/\/reismann.de\/?page_id=834\">\n\t\t\t<i aria-hidden=\"true\" class=\"far fa-caret-square-left\"><\/i>\t\t\t<\/a>\n\t\t<\/div>\n\t\t\t\t\t\t<\/div>\n\t\t\t\t<\/div>\n\t\t\t\t\t<\/div>\n\t\t<\/div>\n\t\t\t\t\t<\/div>\n\t\t<\/section>\n\t\t\t\t<\/div>\n\t\t","protected":false},"excerpt":{"rendered":"<p>Abitur 1992 Appelt, StephanieBachhuber, AstridBarkhausen, ChristophBartholdus, AchimBeckmann, KarinBehlen, MichaelBentfeld, MarionBerhorst, MatthiasB\u00f6ltner, DietmarBonder, AndreasBorn, Judith Annette (geb. Werner)Brand, VerenaBusch, NicolaDarya-Azram, SharamDecker, TorstenDeniz, AydinDepping, Bj\u00f6rnDiedam, Alexander Dietsch, Andr\u00e9eDrechsler, SvenEngelmann, NielsFochler, MichaelGurr, Andr\u00e9Harder, BrigitteHeine, AnuschkaHeusener, ThomasHolstein, MelanieH\u00f6schen, JuttaJanzen, AndreasKaschel, HectorKeck, ThomasKieroth, Michaela (geb. Bursmeier)Klauenberg, MaikeKleinemeyer, MarcusKoch, BarbaraKoitka, Matthias Krawczyk, PeterKremer, MarkusK\u00fcting, ThomasLoddenkemper, TobiasLubek, SvenMayer, ThorstenMinchau, KatjaMrugalla, MarkusM\u00fcller, KarinM\u00fcting, [&hellip;]<\/p>\n","protected":false},"author":2,"featured_media":0,"parent":0,"menu_order":0,"comment_status":"closed","ping_status":"closed","template":"","meta":{"ocean_post_layout":"","ocean_both_sidebars_style":"","ocean_both_sidebars_content_width":0,"ocean_both_sidebars_sidebars_width":0,"ocean_sidebar":"0","ocean_second_sidebar":"0","ocean_disable_margins":"enable","ocean_add_body_class":"","ocean_shortcode_before_top_bar":"","ocean_shortcode_after_top_bar":"","ocean_shortcode_before_header":"","ocean_shortcode_after_header":"","ocean_has_shortcode":"","ocean_shortcode_after_title":"","ocean_shortcode_before_footer_widgets":"","ocean_shortcode_after_footer_widgets":"","ocean_shortcode_before_footer_bottom":"","ocean_shortcode_after_footer_bottom":"","ocean_display_top_bar":"default","ocean_display_header":"default","ocean_header_style":"","ocean_center_header_left_menu":"0","ocean_custom_header_template":"0","ocean_custom_logo":0,"ocean_custom_retina_logo":0,"ocean_custom_logo_max_width":0,"ocean_custom_logo_tablet_max_width":0,"ocean_custom_logo_mobile_max_width":0,"ocean_custom_logo_max_height":0,"ocean_custom_logo_tablet_max_height":0,"ocean_custom_logo_mobile_max_height":0,"ocean_header_custom_menu":"0","ocean_menu_typo_font_family":"0","ocean_menu_typo_font_subset":"","ocean_menu_typo_font_size":0,"ocean_menu_typo_font_size_tablet":0,"ocean_menu_typo_font_size_mobile":0,"ocean_menu_typo_font_size_unit":"px","ocean_menu_typo_font_weight":"","ocean_menu_typo_font_weight_tablet":"","ocean_menu_typo_font_weight_mobile":"","ocean_menu_typo_transform":"","ocean_menu_typo_transform_tablet":"","ocean_menu_typo_transform_mobile":"","ocean_menu_typo_line_height":0,"ocean_menu_typo_line_height_tablet":0,"ocean_menu_typo_line_height_mobile":0,"ocean_menu_typo_line_height_unit":"","ocean_menu_typo_spacing":0,"ocean_menu_typo_spacing_tablet":0,"ocean_menu_typo_spacing_mobile":0,"ocean_menu_typo_spacing_unit":"","ocean_menu_link_color":"","ocean_menu_link_color_hover":"","ocean_menu_link_color_active":"","ocean_menu_link_background":"","ocean_menu_link_hover_background":"","ocean_menu_link_active_background":"","ocean_menu_social_links_bg":"","ocean_menu_social_hover_links_bg":"","ocean_menu_social_links_color":"","ocean_menu_social_hover_links_color":"","ocean_disable_title":"default","ocean_disable_heading":"default","ocean_post_title":"","ocean_post_subheading":"","ocean_post_title_style":"","ocean_post_title_background_color":"","ocean_post_title_background":0,"ocean_post_title_bg_image_position":"","ocean_post_title_bg_image_attachment":"","ocean_post_title_bg_image_repeat":"","ocean_post_title_bg_image_size":"","ocean_post_title_height":0,"ocean_post_title_bg_overlay":0.5,"ocean_post_title_bg_overlay_color":"","ocean_disable_breadcrumbs":"default","ocean_breadcrumbs_color":"","ocean_breadcrumbs_separator_color":"","ocean_breadcrumbs_links_color":"","ocean_breadcrumbs_links_hover_color":"","ocean_display_footer_widgets":"default","ocean_display_footer_bottom":"default","ocean_custom_footer_template":"0","footnotes":""},"class_list":["post-3816","page","type-page","status-publish","hentry","entry"],"jetpack_sharing_enabled":true,"_links":{"self":[{"href":"https:\/\/reismann.de\/index.php?rest_route=\/wp\/v2\/pages\/3816","targetHints":{"allow":["GET"]}}],"collection":[{"href":"https:\/\/reismann.de\/index.php?rest_route=\/wp\/v2\/pages"}],"about":[{"href":"https:\/\/reismann.de\/index.php?rest_route=\/wp\/v2\/types\/page"}],"author":[{"embeddable":true,"href":"https:\/\/reismann.de\/index.php?rest_route=\/wp\/v2\/users\/2"}],"replies":[{"embeddable":true,"href":"https:\/\/reismann.de\/index.php?rest_route=%2Fwp%2Fv2%2Fcomments&post=3816"}],"version-history":[{"count":7,"href":"https:\/\/reismann.de\/index.php?rest_route=\/wp\/v2\/pages\/3816\/revisions"}],"predecessor-version":[{"id":3828,"href":"https:\/\/reismann.de\/index.php?rest_route=\/wp\/v2\/pages\/3816\/revisions\/3828"}],"wp:attachment":[{"href":"https:\/\/reismann.de\/index.php?rest_route=%2Fwp%2Fv2%2Fmedia&parent=3816"}],"curies":[{"name":"wp","href":"https:\/\/api.w.org\/{rel}","templated":true}]}}