{"id":3650,"date":"2023-02-03T16:10:03","date_gmt":"2023-02-03T14:10:03","guid":{"rendered":"https:\/\/test.reismann.de\/?page_id=3650"},"modified":"2023-02-13T14:06:33","modified_gmt":"2023-02-13T12:06:33","slug":"abitur-1985","status":"publish","type":"page","link":"https:\/\/reismann.de\/?page_id=3650","title":{"rendered":"Abitur 1985"},"content":{"rendered":"\t\t<div data-elementor-type=\"wp-page\" data-elementor-id=\"3650\" class=\"elementor elementor-3650\">\n\t\t\t\t\t\t<section class=\"elementor-section elementor-top-section elementor-element elementor-element-3416417 elementor-section-boxed elementor-section-height-default elementor-section-height-default\" data-id=\"3416417\" data-element_type=\"section\" data-e-type=\"section\">\n\t\t\t\t\t\t<div class=\"elementor-container elementor-column-gap-default\">\n\t\t\t\t\t<div class=\"elementor-column elementor-col-100 elementor-top-column elementor-element elementor-element-4fbbae3\" data-id=\"4fbbae3\" data-element_type=\"column\" data-e-type=\"column\">\n\t\t\t<div class=\"elementor-widget-wrap elementor-element-populated\">\n\t\t\t\t\t\t<div class=\"elementor-element elementor-element-6c327e2 elementor-widget elementor-widget-heading\" data-id=\"6c327e2\" data-element_type=\"widget\" data-e-type=\"widget\" data-widget_type=\"heading.default\">\n\t\t\t\t<div class=\"elementor-widget-container\">\n\t\t\t\t\t<h2 class=\"elementor-heading-title elementor-size-default\">Abitur 1985<\/h2>\t\t\t\t<\/div>\n\t\t\t\t<\/div>\n\t\t\t\t<div class=\"elementor-element elementor-element-3802143 elementor-widget elementor-widget-image\" data-id=\"3802143\" data-element_type=\"widget\" data-e-type=\"widget\" data-widget_type=\"image.default\">\n\t\t\t\t<div class=\"elementor-widget-container\">\n\t\t\t\t\t\t\t\t\t\t\t\t\t\t\t<img fetchpriority=\"high\" decoding=\"async\" width=\"1024\" height=\"680\" src=\"https:\/\/reismann.de\/wp-content\/uploads\/2023\/02\/1985g-1024x680.jpg\" class=\"attachment-large size-large wp-image-3756\" alt=\"\" srcset=\"https:\/\/reismann.de\/wp-content\/uploads\/2023\/02\/1985g-1024x680.jpg 1024w, https:\/\/reismann.de\/wp-content\/uploads\/2023\/02\/1985g-300x199.jpg 300w, https:\/\/reismann.de\/wp-content\/uploads\/2023\/02\/1985g-768x510.jpg 768w, https:\/\/reismann.de\/wp-content\/uploads\/2023\/02\/1985g.jpg 1280w\" sizes=\"(max-width: 1024px) 100vw, 1024px\" \/>\t\t\t\t\t\t\t\t\t\t\t\t\t\t\t<\/div>\n\t\t\t\t<\/div>\n\t\t\t\t\t<\/div>\n\t\t<\/div>\n\t\t\t\t\t<\/div>\n\t\t<\/section>\n\t\t\t\t<section class=\"elementor-section elementor-top-section elementor-element elementor-element-7a4e785 elementor-section-boxed elementor-section-height-default elementor-section-height-default\" data-id=\"7a4e785\" data-element_type=\"section\" data-e-type=\"section\">\n\t\t\t\t\t\t<div class=\"elementor-container elementor-column-gap-default\">\n\t\t\t\t\t<div class=\"elementor-column elementor-col-25 elementor-top-column elementor-element elementor-element-d042fb2\" data-id=\"d042fb2\" data-element_type=\"column\" data-e-type=\"column\">\n\t\t\t<div class=\"elementor-widget-wrap elementor-element-populated\">\n\t\t\t\t\t\t<div class=\"elementor-element elementor-element-fd70e5b elementor-widget elementor-widget-text-editor\" data-id=\"fd70e5b\" data-element_type=\"widget\" data-e-type=\"widget\" data-widget_type=\"text-editor.default\">\n\t\t\t\t<div class=\"elementor-widget-container\">\n\t\t\t\t\t\t\t\t\t<p>Alfermann, Karsten<br \/>Auffenberg, Karl<br \/>Becker, Uwe<br \/>Beermann, Erika<br \/>Bernard, Stephanie (geb. Rittmann)<br \/>Beseler, J\u00fcrg<br \/>B\u00f6ddeker, Werner<br \/>Bode, Mathias<br \/>B\u00f6hmer, Helmut<br \/>B\u00f6ttger, Petra (geb. Scherwinski)<br \/>B\u00f6ttger, Ralf<br \/>Breker, Markus<br \/>Brinkmann, Norbert<br \/>Bruns, Barbara (geb. Rose)<br \/>Daniel, Boris<br \/>Driller, Bardo<br \/>Driller, Bernhard<br \/>Eichhorn, Markus<br \/>Eickmeyer, Frank<br \/>Erdemir, Murat<br \/>Fleege, R\u00fcdiger<br \/>F\u00f6rster, Fritz<br \/>Fromme, Ludger<br \/>G\u00f6bel, Marco<br \/>Grote, Silke<br \/>G\u00fclle, Ralf<br \/>Hahn, Carsten<br \/>Hanke, Maren (geb. Rehlaender)<br \/>Haschke, Gabriele<br \/>Heemann, Rainer<br \/>Hegenberg, Tilo (geb. Tittel)<\/p>\t\t\t\t\t\t\t\t<\/div>\n\t\t\t\t<\/div>\n\t\t\t\t\t<\/div>\n\t\t<\/div>\n\t\t\t\t<div class=\"elementor-column elementor-col-25 elementor-top-column elementor-element elementor-element-1e8c9b6\" data-id=\"1e8c9b6\" data-element_type=\"column\" data-e-type=\"column\">\n\t\t\t<div class=\"elementor-widget-wrap elementor-element-populated\">\n\t\t\t\t\t\t<div class=\"elementor-element elementor-element-f5a3468 elementor-widget elementor-widget-text-editor\" data-id=\"f5a3468\" data-element_type=\"widget\" data-e-type=\"widget\" data-widget_type=\"text-editor.default\">\n\t\t\t\t<div class=\"elementor-widget-container\">\n\t\t\t\t\t\t\t\t\t<p>Helm, Mathias<br \/>Hemscheid, Birgit<br \/>Henning, Hubertus<br \/>Herdej\u00fcrgen, Sabine (geb. M\u00fcller)<br \/>Hindermann, Sebastian<br \/>Hintz, Heiko<br \/>H\u00f6lscher, Peter<br \/>Humberg, Heinz<br \/>Jelitte, Michael<br \/>Kalkreuter, Klaus<br \/>Kappmeyer, Christian<br \/>Kensbock, Bodo<br \/>Kiefer, Volker (geb. Meschede)<br \/>Kivelitz, Dietmar<br \/>Klare, Wolfgang<br \/>Klinger, Andr\u00e9<br \/>K\u00f6hler, Katharina<br \/>Kohlhage, J\u00f6rg<br \/>Koitka, Michael<br \/>Krawinkel, Ronald<br \/>Kretschmer, Bernhard<br \/>Kr\u00f6ger, Martin<br \/>Kroll, Peter<br \/>Kronisch, Frank<br \/>Kurte, Franz-Josef<br \/>Lange, Winfried<br \/>Leineweber, Olaf<br \/>Lingscheid, Viktor<br \/>Lotz, Stefan<br \/>L\u00fcke, Jutta (geb. Schrandt)<br \/>Manegold, Reinhard<\/p>\t\t\t\t\t\t\t\t<\/div>\n\t\t\t\t<\/div>\n\t\t\t\t\t<\/div>\n\t\t<\/div>\n\t\t\t\t<div class=\"elementor-column elementor-col-25 elementor-top-column elementor-element elementor-element-8bd8d04\" data-id=\"8bd8d04\" data-element_type=\"column\" data-e-type=\"column\">\n\t\t\t<div class=\"elementor-widget-wrap elementor-element-populated\">\n\t\t\t\t\t\t<div class=\"elementor-element elementor-element-9199959 elementor-widget elementor-widget-text-editor\" data-id=\"9199959\" data-element_type=\"widget\" data-e-type=\"widget\" data-widget_type=\"text-editor.default\">\n\t\t\t\t<div class=\"elementor-widget-container\">\n\t\t\t\t\t\t\t\t\t<p>Mattheus, Sabine (geb. Becker)<br \/>Mehler, Silke<br \/>Menke, Georg<br \/>Meyer, Franz-Josef<br \/>Mollemeier, Erik<br \/>M\u00fcller, Detlef<br \/>M\u00fcller-Reich, Astrid (geb. Hagel\u00fcken)<br \/>M\u00fcrhoff, Thomas<br \/>Niggemeyer, Monika<br \/>Paletta, J\u00fcrgen<br \/>Peck, Wolfgang<br \/>Peitz, Katharina<br \/>Peters, Detlef<br \/>Petzold, Elisabeth<br \/>Pl\u00f6ger, Frank<br \/>Quade, Frank<br \/>Rochel, Markus<br \/>Roder, Annette (geb. Rinneberg)<br \/>Roder, Fridtjof<br \/>Rowinski, Markus<br \/>R\u00fccker, Georg<br \/>Rudke, Meike (geb. M\u00f6hring)<br \/>R\u00fcther, Matthias<br \/>Safarovic, Elke<br \/>Sander, Friedhelm<br \/>Sander, Matthias<br \/>Schlamann, Hermann-Walter<br \/>Schleef, Stephan<br \/>Schmidt, Rudolf<br \/>Schr\u00f6der, Elmar<\/p>\t\t\t\t\t\t\t\t<\/div>\n\t\t\t\t<\/div>\n\t\t\t\t\t<\/div>\n\t\t<\/div>\n\t\t\t\t<div class=\"elementor-column elementor-col-25 elementor-top-column elementor-element elementor-element-4f4a671\" data-id=\"4f4a671\" data-element_type=\"column\" data-e-type=\"column\">\n\t\t\t<div class=\"elementor-widget-wrap elementor-element-populated\">\n\t\t\t\t\t\t<div class=\"elementor-element elementor-element-e308f7b elementor-widget elementor-widget-text-editor\" data-id=\"e308f7b\" data-element_type=\"widget\" data-e-type=\"widget\" data-widget_type=\"text-editor.default\">\n\t\t\t\t<div class=\"elementor-widget-container\">\n\t\t\t\t\t\t\t\t\t<p>Schroedter, Thomas<br \/>Schr\u00f6ter, Franziska<br \/>Schulze, Jan-Erik<br \/>Schulze-Waltrup, Bernd<br \/>Schumann, Daniela<br \/>Sch\u00fctte, Ludger<br \/>Sobkowiak, Peter<br \/>Stedefelder, Hartwig<br \/>Steinbr\u00fcck, Stephan<br \/>Steinmeier, Heike<br \/>Steinmeier, Monika (geb. Stutzkeis)<br \/>Stodolka, Stefan<br \/>Stoffel, Gunther<br \/>Streitenberger, Ulrich<br \/>Telgenb\u00fcscher, Wolfgang<br \/>Tewes, Beate<br \/>Tewes, Gabriele<br \/>Tewes, J\u00fcrgen<br \/>Thamm, Georg<br \/>Thiele, Ralph<br \/>Timmer, Dirk<br \/>Timmermann, Klaus<br \/>Tofall, Betina (geb. Ahlers)<br \/>Vo\u00df, Claudia<br \/>Vothknecht, Stefanie (geb. Knipfer)<br \/>Votsmeier, Eckard<br \/>Vullhorst, Beate (geb. Hartmann)<br \/>Wallbraun, Michael<br \/>Welslau, Sabine (geb. Poguntke)<br \/>Werneke, J\u00fcrgen<br \/>Wiland, Oliver<br \/>Zelder, Wolfgang<\/p>\t\t\t\t\t\t\t\t<\/div>\n\t\t\t\t<\/div>\n\t\t\t\t\t<\/div>\n\t\t<\/div>\n\t\t\t\t\t<\/div>\n\t\t<\/section>\n\t\t\t\t<section class=\"elementor-section elementor-top-section elementor-element elementor-element-891af9b elementor-section-boxed elementor-section-height-default elementor-section-height-default\" data-id=\"891af9b\" data-element_type=\"section\" data-e-type=\"section\">\n\t\t\t\t\t\t<div class=\"elementor-container elementor-column-gap-default\">\n\t\t\t\t\t<div class=\"elementor-column elementor-col-100 elementor-top-column elementor-element elementor-element-e95776f\" data-id=\"e95776f\" data-element_type=\"column\" data-e-type=\"column\">\n\t\t\t<div class=\"elementor-widget-wrap elementor-element-populated\">\n\t\t\t\t\t\t<div class=\"elementor-element elementor-element-5a0fe89 elementor-view-default elementor-widget elementor-widget-icon\" data-id=\"5a0fe89\" data-element_type=\"widget\" data-e-type=\"widget\" data-widget_type=\"icon.default\">\n\t\t\t\t<div class=\"elementor-widget-container\">\n\t\t\t\t\t\t\t<div class=\"elementor-icon-wrapper\">\n\t\t\t<a class=\"elementor-icon\" href=\"https:\/\/reismann.de\/?page_id=834\">\n\t\t\t<i aria-hidden=\"true\" class=\"far fa-caret-square-left\"><\/i>\t\t\t<\/a>\n\t\t<\/div>\n\t\t\t\t\t\t<\/div>\n\t\t\t\t<\/div>\n\t\t\t\t\t<\/div>\n\t\t<\/div>\n\t\t\t\t\t<\/div>\n\t\t<\/section>\n\t\t\t\t<\/div>\n\t\t","protected":false},"excerpt":{"rendered":"<p>Abitur 1985 Alfermann, KarstenAuffenberg, KarlBecker, UweBeermann, ErikaBernard, Stephanie (geb. Rittmann)Beseler, J\u00fcrgB\u00f6ddeker, WernerBode, MathiasB\u00f6hmer, HelmutB\u00f6ttger, Petra (geb. Scherwinski)B\u00f6ttger, RalfBreker, MarkusBrinkmann, NorbertBruns, Barbara (geb. Rose)Daniel, BorisDriller, BardoDriller, BernhardEichhorn, MarkusEickmeyer, FrankErdemir, MuratFleege, R\u00fcdigerF\u00f6rster, FritzFromme, LudgerG\u00f6bel, MarcoGrote, SilkeG\u00fclle, RalfHahn, CarstenHanke, Maren (geb. Rehlaender)Haschke, GabrieleHeemann, RainerHegenberg, Tilo (geb. Tittel) Helm, MathiasHemscheid, BirgitHenning, HubertusHerdej\u00fcrgen, Sabine (geb. M\u00fcller)Hindermann, SebastianHintz, HeikoH\u00f6lscher, PeterHumberg, HeinzJelitte, [&hellip;]<\/p>\n","protected":false},"author":2,"featured_media":0,"parent":0,"menu_order":0,"comment_status":"closed","ping_status":"closed","template":"","meta":{"ocean_post_layout":"","ocean_both_sidebars_style":"","ocean_both_sidebars_content_width":0,"ocean_both_sidebars_sidebars_width":0,"ocean_sidebar":"0","ocean_second_sidebar":"0","ocean_disable_margins":"enable","ocean_add_body_class":"","ocean_shortcode_before_top_bar":"","ocean_shortcode_after_top_bar":"","ocean_shortcode_before_header":"","ocean_shortcode_after_header":"","ocean_has_shortcode":"","ocean_shortcode_after_title":"","ocean_shortcode_before_footer_widgets":"","ocean_shortcode_after_footer_widgets":"","ocean_shortcode_before_footer_bottom":"","ocean_shortcode_after_footer_bottom":"","ocean_display_top_bar":"default","ocean_display_header":"default","ocean_header_style":"","ocean_center_header_left_menu":"0","ocean_custom_header_template":"0","ocean_custom_logo":0,"ocean_custom_retina_logo":0,"ocean_custom_logo_max_width":0,"ocean_custom_logo_tablet_max_width":0,"ocean_custom_logo_mobile_max_width":0,"ocean_custom_logo_max_height":0,"ocean_custom_logo_tablet_max_height":0,"ocean_custom_logo_mobile_max_height":0,"ocean_header_custom_menu":"0","ocean_menu_typo_font_family":"0","ocean_menu_typo_font_subset":"","ocean_menu_typo_font_size":0,"ocean_menu_typo_font_size_tablet":0,"ocean_menu_typo_font_size_mobile":0,"ocean_menu_typo_font_size_unit":"px","ocean_menu_typo_font_weight":"","ocean_menu_typo_font_weight_tablet":"","ocean_menu_typo_font_weight_mobile":"","ocean_menu_typo_transform":"","ocean_menu_typo_transform_tablet":"","ocean_menu_typo_transform_mobile":"","ocean_menu_typo_line_height":0,"ocean_menu_typo_line_height_tablet":0,"ocean_menu_typo_line_height_mobile":0,"ocean_menu_typo_line_height_unit":"","ocean_menu_typo_spacing":0,"ocean_menu_typo_spacing_tablet":0,"ocean_menu_typo_spacing_mobile":0,"ocean_menu_typo_spacing_unit":"","ocean_menu_link_color":"","ocean_menu_link_color_hover":"","ocean_menu_link_color_active":"","ocean_menu_link_background":"","ocean_menu_link_hover_background":"","ocean_menu_link_active_background":"","ocean_menu_social_links_bg":"","ocean_menu_social_hover_links_bg":"","ocean_menu_social_links_color":"","ocean_menu_social_hover_links_color":"","ocean_disable_title":"default","ocean_disable_heading":"default","ocean_post_title":"","ocean_post_subheading":"","ocean_post_title_style":"","ocean_post_title_background_color":"","ocean_post_title_background":0,"ocean_post_title_bg_image_position":"","ocean_post_title_bg_image_attachment":"","ocean_post_title_bg_image_repeat":"","ocean_post_title_bg_image_size":"","ocean_post_title_height":0,"ocean_post_title_bg_overlay":0.5,"ocean_post_title_bg_overlay_color":"","ocean_disable_breadcrumbs":"default","ocean_breadcrumbs_color":"","ocean_breadcrumbs_separator_color":"","ocean_breadcrumbs_links_color":"","ocean_breadcrumbs_links_hover_color":"","ocean_display_footer_widgets":"default","ocean_display_footer_bottom":"default","ocean_custom_footer_template":"0","footnotes":""},"class_list":["post-3650","page","type-page","status-publish","hentry","entry"],"jetpack_sharing_enabled":true,"_links":{"self":[{"href":"https:\/\/reismann.de\/index.php?rest_route=\/wp\/v2\/pages\/3650","targetHints":{"allow":["GET"]}}],"collection":[{"href":"https:\/\/reismann.de\/index.php?rest_route=\/wp\/v2\/pages"}],"about":[{"href":"https:\/\/reismann.de\/index.php?rest_route=\/wp\/v2\/types\/page"}],"author":[{"embeddable":true,"href":"https:\/\/reismann.de\/index.php?rest_route=\/wp\/v2\/users\/2"}],"replies":[{"embeddable":true,"href":"https:\/\/reismann.de\/index.php?rest_route=%2Fwp%2Fv2%2Fcomments&post=3650"}],"version-history":[{"count":19,"href":"https:\/\/reismann.de\/index.php?rest_route=\/wp\/v2\/pages\/3650\/revisions"}],"predecessor-version":[{"id":3772,"href":"https:\/\/reismann.de\/index.php?rest_route=\/wp\/v2\/pages\/3650\/revisions\/3772"}],"wp:attachment":[{"href":"https:\/\/reismann.de\/index.php?rest_route=%2Fwp%2Fv2%2Fmedia&parent=3650"}],"curies":[{"name":"wp","href":"https:\/\/api.w.org\/{rel}","templated":true}]}}