{"id":3631,"date":"2023-02-03T15:41:18","date_gmt":"2023-02-03T13:41:18","guid":{"rendered":"https:\/\/test.reismann.de\/?page_id=3631"},"modified":"2023-02-16T18:46:53","modified_gmt":"2023-02-16T16:46:53","slug":"abitur-1978","status":"publish","type":"page","link":"https:\/\/reismann.de\/?page_id=3631","title":{"rendered":"Abitur 1978"},"content":{"rendered":"\t\t<div data-elementor-type=\"wp-page\" data-elementor-id=\"3631\" class=\"elementor elementor-3631\">\n\t\t\t\t\t\t<section class=\"elementor-section elementor-top-section elementor-element elementor-element-3cbbee1 elementor-section-boxed elementor-section-height-default elementor-section-height-default\" data-id=\"3cbbee1\" data-element_type=\"section\" data-e-type=\"section\">\n\t\t\t\t\t\t<div class=\"elementor-container elementor-column-gap-default\">\n\t\t\t\t\t<div class=\"elementor-column elementor-col-100 elementor-top-column elementor-element elementor-element-37efcc6\" data-id=\"37efcc6\" data-element_type=\"column\" data-e-type=\"column\">\n\t\t\t<div class=\"elementor-widget-wrap elementor-element-populated\">\n\t\t\t\t\t\t<div class=\"elementor-element elementor-element-25e9550 elementor-widget elementor-widget-heading\" data-id=\"25e9550\" data-element_type=\"widget\" data-e-type=\"widget\" data-widget_type=\"heading.default\">\n\t\t\t\t<div class=\"elementor-widget-container\">\n\t\t\t\t\t<h2 class=\"elementor-heading-title elementor-size-default\">Abitur 1978<\/h2>\t\t\t\t<\/div>\n\t\t\t\t<\/div>\n\t\t\t\t\t<\/div>\n\t\t<\/div>\n\t\t\t\t\t<\/div>\n\t\t<\/section>\n\t\t\t\t<section class=\"elementor-section elementor-top-section elementor-element elementor-element-8de62af elementor-section-boxed elementor-section-height-default elementor-section-height-default\" data-id=\"8de62af\" data-element_type=\"section\" data-e-type=\"section\">\n\t\t\t\t\t\t<div class=\"elementor-container elementor-column-gap-default\">\n\t\t\t\t\t<div class=\"elementor-column elementor-col-100 elementor-top-column elementor-element elementor-element-19e5588\" data-id=\"19e5588\" data-element_type=\"column\" data-e-type=\"column\">\n\t\t\t<div class=\"elementor-widget-wrap elementor-element-populated\">\n\t\t\t\t\t\t<div class=\"elementor-element elementor-element-e65a65d elementor-widget elementor-widget-image\" data-id=\"e65a65d\" data-element_type=\"widget\" data-e-type=\"widget\" data-widget_type=\"image.default\">\n\t\t\t\t<div class=\"elementor-widget-container\">\n\t\t\t\t\t\t\t\t\t\t\t\t\t\t\t<img fetchpriority=\"high\" decoding=\"async\" width=\"1024\" height=\"640\" src=\"https:\/\/reismann.de\/wp-content\/uploads\/2023\/02\/1978g-1024x640.jpg\" class=\"attachment-large size-large wp-image-3634\" alt=\"\" srcset=\"https:\/\/reismann.de\/wp-content\/uploads\/2023\/02\/1978g-1024x640.jpg 1024w, https:\/\/reismann.de\/wp-content\/uploads\/2023\/02\/1978g-300x188.jpg 300w, https:\/\/reismann.de\/wp-content\/uploads\/2023\/02\/1978g-768x480.jpg 768w, https:\/\/reismann.de\/wp-content\/uploads\/2023\/02\/1978g.jpg 1280w\" sizes=\"(max-width: 1024px) 100vw, 1024px\" \/>\t\t\t\t\t\t\t\t\t\t\t\t\t\t\t<\/div>\n\t\t\t\t<\/div>\n\t\t\t\t\t<\/div>\n\t\t<\/div>\n\t\t\t\t\t<\/div>\n\t\t<\/section>\n\t\t\t\t<section class=\"elementor-section elementor-top-section elementor-element elementor-element-9177f2c elementor-section-boxed elementor-section-height-default elementor-section-height-default\" data-id=\"9177f2c\" data-element_type=\"section\" data-e-type=\"section\">\n\t\t\t\t\t\t<div class=\"elementor-container elementor-column-gap-default\">\n\t\t\t\t\t<div class=\"elementor-column elementor-col-25 elementor-top-column elementor-element elementor-element-aa8f2fb\" data-id=\"aa8f2fb\" data-element_type=\"column\" data-e-type=\"column\">\n\t\t\t<div class=\"elementor-widget-wrap elementor-element-populated\">\n\t\t\t\t\t\t<div class=\"elementor-element elementor-element-31dbf94 elementor-widget elementor-widget-text-editor\" data-id=\"31dbf94\" data-element_type=\"widget\" data-e-type=\"widget\" data-widget_type=\"text-editor.default\">\n\t\t\t\t<div class=\"elementor-widget-container\">\n\t\t\t\t\t\t\t\t\t<p>Ahrens, Dietmar<br \/>Altmiks, Hans Georg<br \/>Antess, Karl<br \/>Austermeier, Meinholf<br \/>Austerschnidt, Rolf<br \/>Bastert, Ulrich<br \/>Bauch, Reinhold<br \/>Benteler, Bernhard<br \/>Berhorst, Peter<br \/>B\u00f6hme, Thomas<br \/>Bombe-Neumann, Dagmar (geb.Bombe)<br \/>B\u00f6nigk, Wolfgang<br \/>B\u00f6ning, Josef<br \/>Bonke, Angelika<br \/>Brauner, Christian<br \/>Breker, Johannes<br \/>Brosche, Wolfgang<br \/>B\u00fchrmann, Dieter<br \/>Buschmeier, Eduard<br \/>Driller, Bernhard-Dietmar<br \/>Eichhorn, Rainer<br \/>Eichmann, Ralf<br \/>Ernst, Norbert<br \/>Esbert, Knut Elmar<br \/>Fehler, Jens<br \/>Fendel, Rudolf<br \/>Fieseler, Karl-Heinz<br \/>Fischer, G\u00fcnter<br \/>Flint, Michael<br \/>Fl\u00fcter, Karl Martin<br \/>Fornefeld, Antonius<br \/>Franke, Peter<br \/>Frensel-Kestner, Claudia (geb. Frensel)<\/p>\t\t\t\t\t\t\t\t<\/div>\n\t\t\t\t<\/div>\n\t\t\t\t\t<\/div>\n\t\t<\/div>\n\t\t\t\t<div class=\"elementor-column elementor-col-25 elementor-top-column elementor-element elementor-element-c8dccf0\" data-id=\"c8dccf0\" data-element_type=\"column\" data-e-type=\"column\">\n\t\t\t<div class=\"elementor-widget-wrap elementor-element-populated\">\n\t\t\t\t\t\t<div class=\"elementor-element elementor-element-dbc38d3 elementor-widget elementor-widget-text-editor\" data-id=\"dbc38d3\" data-element_type=\"widget\" data-e-type=\"widget\" data-widget_type=\"text-editor.default\">\n\t\t\t\t<div class=\"elementor-widget-container\">\n\t\t\t\t\t\t\t\t\t<p>Gloth, Yvonne (geb.Mede)<br \/>G\u00f6bel, Joachim<br \/>G\u00f6dde, Robert<br \/>G\u00f6ke, Bernhard<br \/>Gottesb\u00fcren, Bernhard (geb. Thiele)<br \/>Grote, Rainer<br \/>Hagemeister, Hans-Josef<br \/>Hagemeiser, Heinrich<br \/>Hagenbrock, Christoph<br \/>Hansj\u00fcrgens, Friedhelm<br \/>Hartmann, Jochen<br \/>Hartmann, Thomas<br \/>Heinemann, Johannes<br \/>Heller, Hans-J\u00fcrgen<br \/>Henrichs, Hermann-Josef<br \/>Hermesmeier, Klaus<br \/>Hesse-Gottschalk, Barbara (geb. Hesse)<br \/>Hillebrandt, Reinhard<br \/>Hillemeyer, Thomas<br \/>Hippe, Winfried<br \/>Hoffmann, Thomas<br \/>Huschen, Barbara<br \/>Jakobsmeyer, Ilona (geb. Sch\u00e4fer)<br \/>Jaspers, Georg<br \/>Kacza, Johannes<br \/>Kacza, Martin<br \/>Kalberg, Reiner<br \/>Kallenberg, Thomas<br \/>K\u00e4mmerling, Axel<br \/>Kaufhold, Heinz<br \/>Kersting, Franz-Josef<br \/>Kestner, Reinhard<\/p>\t\t\t\t\t\t\t\t<\/div>\n\t\t\t\t<\/div>\n\t\t\t\t\t<\/div>\n\t\t<\/div>\n\t\t\t\t<div class=\"elementor-column elementor-col-25 elementor-top-column elementor-element elementor-element-e83f45f\" data-id=\"e83f45f\" data-element_type=\"column\" data-e-type=\"column\">\n\t\t\t<div class=\"elementor-widget-wrap elementor-element-populated\">\n\t\t\t\t\t\t<div class=\"elementor-element elementor-element-c4b4d28 elementor-widget elementor-widget-text-editor\" data-id=\"c4b4d28\" data-element_type=\"widget\" data-e-type=\"widget\" data-widget_type=\"text-editor.default\">\n\t\t\t\t<div class=\"elementor-widget-container\">\n\t\t\t\t\t\t\t\t\t<p>Klenner, Siegfried<br \/>Kloppenburg, Michael<br \/>Koch, Heniz-Josef<br \/>K\u00f6hler, Thomas<br \/>Koke, J\u00fcrgen<br \/>Korthof, Hans<br \/>Koschnik, Peter<br \/>Kosian, Gabriele (geb. Peters)<br \/>Kr\u00f6ger, Marilies (geb. Willeke)<br \/>Kr\u00fcger, Ulrich<br \/>L\u00f6dige, Johannes<br \/>Lonke, Manfred\u00a0<br \/>Lummer, Hans-Bernhard<br \/>Marski, Marion<br \/>Mickisch, Elisabeth (geb. Birwe)<br \/>M\u00fchl, Gunter\u00a0<br \/>M\u00fcller, Doris (geb. Gammert)<br \/>M\u00fcller, Heinz-Wilhelm<br \/>M\u00fcller, Klaus Peter<br \/>M\u00fcller, Raimund<br \/>M\u00fcller, Werner<br \/>M\u00fcller-Rentschler, Hartmut (geb. M\u00fcller)<br \/>Neuw\u00f6hner, Dietmar<br \/>Nickisch, Elisabeth (geb. Birwe)<br \/>Oberkirch, Roland<br \/>Peckelsen, Michael<br \/>Pennig, Christa<br \/>Perbix, Wolfgang<br \/>Perschon, Helmut<br \/>Peters, Hubert<br \/>Petzoldt, Thomas<br \/>Plotz, Andreas<\/p>\t\t\t\t\t\t\t\t<\/div>\n\t\t\t\t<\/div>\n\t\t\t\t\t<\/div>\n\t\t<\/div>\n\t\t\t\t<div class=\"elementor-column elementor-col-25 elementor-top-column elementor-element elementor-element-a26f55f\" data-id=\"a26f55f\" data-element_type=\"column\" data-e-type=\"column\">\n\t\t\t<div class=\"elementor-widget-wrap elementor-element-populated\">\n\t\t\t\t\t\t<div class=\"elementor-element elementor-element-5e9c13a elementor-widget elementor-widget-text-editor\" data-id=\"5e9c13a\" data-element_type=\"widget\" data-e-type=\"widget\" data-widget_type=\"text-editor.default\">\n\t\t\t\t<div class=\"elementor-widget-container\">\n\t\t\t\t\t\t\t\t\t<p>Reimann, Gabriele<br \/>Rensing, Dieter<br \/>Richter, Norbert<br \/>Ridderskamp, Peter<br \/>R\u00f6ttger, Christof<br \/>Ruberg, Stefan<br \/>Salzmer, Ralf<br \/>Sassenroth, Martin<br \/>Schl\u00fcter, Andreas<br \/>Schmalenstroer, Johannes<br \/>Schmidt, Matthias<br \/>Schr\u00f6der, Heinz-Dieter<br \/>Schr\u00f6der-Meier, Claudia (geb. Schr\u00f6der)<br \/>Schulze-Hoffmann, Monika (geb.Schulze)<br \/>Speicher, Roland<br \/>Stiensmeier-Pelster, Joachim (geb. Stiensmeier)<br \/>Stohldreier, Markus<br \/>Stute, Michael<br \/>Sundarp, Martin<br \/>ten Brink, Wolfgang<br \/>Tofall, Michael<br \/>Vesper, Johannes<br \/>Vogt, Heiner<br \/>V\u00f6lker-Pennig, Ingrid (geb. Begerow)<br \/>W\u00e4chter, Dietmar<br \/>Walter, J\u00fcrgen<br \/>Wibbe, Michael<br \/>Willeke, Konrad<br \/>Wolf, Gunter<br \/>Wollf\u00f6rster, Hubert<br \/>W\u00fcllner, Gerhard<br \/>Zscherlich, Frank<\/p>\t\t\t\t\t\t\t\t<\/div>\n\t\t\t\t<\/div>\n\t\t\t\t\t<\/div>\n\t\t<\/div>\n\t\t\t\t\t<\/div>\n\t\t<\/section>\n\t\t\t\t<section class=\"elementor-section elementor-top-section elementor-element elementor-element-3f9d0e3 elementor-section-boxed elementor-section-height-default elementor-section-height-default\" data-id=\"3f9d0e3\" data-element_type=\"section\" data-e-type=\"section\">\n\t\t\t\t\t\t<div class=\"elementor-container elementor-column-gap-default\">\n\t\t\t\t\t<div class=\"elementor-column elementor-col-100 elementor-top-column elementor-element elementor-element-883bbe6\" data-id=\"883bbe6\" data-element_type=\"column\" data-e-type=\"column\">\n\t\t\t<div class=\"elementor-widget-wrap elementor-element-populated\">\n\t\t\t\t\t\t<div class=\"elementor-element elementor-element-5c5d96a elementor-view-default elementor-widget elementor-widget-icon\" data-id=\"5c5d96a\" data-element_type=\"widget\" data-e-type=\"widget\" data-widget_type=\"icon.default\">\n\t\t\t\t<div class=\"elementor-widget-container\">\n\t\t\t\t\t\t\t<div class=\"elementor-icon-wrapper\">\n\t\t\t<a class=\"elementor-icon\" href=\"https:\/\/reismann.de\/?page_id=834\">\n\t\t\t<i aria-hidden=\"true\" class=\"far fa-caret-square-left\"><\/i>\t\t\t<\/a>\n\t\t<\/div>\n\t\t\t\t\t\t<\/div>\n\t\t\t\t<\/div>\n\t\t\t\t\t<\/div>\n\t\t<\/div>\n\t\t\t\t\t<\/div>\n\t\t<\/section>\n\t\t\t\t<\/div>\n\t\t","protected":false},"excerpt":{"rendered":"<p>Abitur 1978 Ahrens, DietmarAltmiks, Hans GeorgAntess, KarlAustermeier, MeinholfAusterschnidt, RolfBastert, UlrichBauch, ReinholdBenteler, BernhardBerhorst, PeterB\u00f6hme, ThomasBombe-Neumann, Dagmar (geb.Bombe)B\u00f6nigk, WolfgangB\u00f6ning, JosefBonke, AngelikaBrauner, ChristianBreker, JohannesBrosche, WolfgangB\u00fchrmann, DieterBuschmeier, EduardDriller, Bernhard-DietmarEichhorn, RainerEichmann, RalfErnst, NorbertEsbert, Knut ElmarFehler, JensFendel, RudolfFieseler, Karl-HeinzFischer, G\u00fcnterFlint, MichaelFl\u00fcter, Karl MartinFornefeld, AntoniusFranke, PeterFrensel-Kestner, Claudia (geb. Frensel) Gloth, Yvonne (geb.Mede)G\u00f6bel, JoachimG\u00f6dde, RobertG\u00f6ke, BernhardGottesb\u00fcren, Bernhard (geb. Thiele)Grote, RainerHagemeister, Hans-JosefHagemeiser, HeinrichHagenbrock, ChristophHansj\u00fcrgens, [&hellip;]<\/p>\n","protected":false},"author":2,"featured_media":0,"parent":0,"menu_order":0,"comment_status":"closed","ping_status":"closed","template":"","meta":{"ocean_post_layout":"","ocean_both_sidebars_style":"","ocean_both_sidebars_content_width":0,"ocean_both_sidebars_sidebars_width":0,"ocean_sidebar":"0","ocean_second_sidebar":"0","ocean_disable_margins":"enable","ocean_add_body_class":"","ocean_shortcode_before_top_bar":"","ocean_shortcode_after_top_bar":"","ocean_shortcode_before_header":"","ocean_shortcode_after_header":"","ocean_has_shortcode":"","ocean_shortcode_after_title":"","ocean_shortcode_before_footer_widgets":"","ocean_shortcode_after_footer_widgets":"","ocean_shortcode_before_footer_bottom":"","ocean_shortcode_after_footer_bottom":"","ocean_display_top_bar":"default","ocean_display_header":"default","ocean_header_style":"","ocean_center_header_left_menu":"0","ocean_custom_header_template":"0","ocean_custom_logo":0,"ocean_custom_retina_logo":0,"ocean_custom_logo_max_width":0,"ocean_custom_logo_tablet_max_width":0,"ocean_custom_logo_mobile_max_width":0,"ocean_custom_logo_max_height":0,"ocean_custom_logo_tablet_max_height":0,"ocean_custom_logo_mobile_max_height":0,"ocean_header_custom_menu":"0","ocean_menu_typo_font_family":"0","ocean_menu_typo_font_subset":"","ocean_menu_typo_font_size":0,"ocean_menu_typo_font_size_tablet":0,"ocean_menu_typo_font_size_mobile":0,"ocean_menu_typo_font_size_unit":"px","ocean_menu_typo_font_weight":"","ocean_menu_typo_font_weight_tablet":"","ocean_menu_typo_font_weight_mobile":"","ocean_menu_typo_transform":"","ocean_menu_typo_transform_tablet":"","ocean_menu_typo_transform_mobile":"","ocean_menu_typo_line_height":0,"ocean_menu_typo_line_height_tablet":0,"ocean_menu_typo_line_height_mobile":0,"ocean_menu_typo_line_height_unit":"","ocean_menu_typo_spacing":0,"ocean_menu_typo_spacing_tablet":0,"ocean_menu_typo_spacing_mobile":0,"ocean_menu_typo_spacing_unit":"","ocean_menu_link_color":"","ocean_menu_link_color_hover":"","ocean_menu_link_color_active":"","ocean_menu_link_background":"","ocean_menu_link_hover_background":"","ocean_menu_link_active_background":"","ocean_menu_social_links_bg":"","ocean_menu_social_hover_links_bg":"","ocean_menu_social_links_color":"","ocean_menu_social_hover_links_color":"","ocean_disable_title":"default","ocean_disable_heading":"default","ocean_post_title":"","ocean_post_subheading":"","ocean_post_title_style":"","ocean_post_title_background_color":"","ocean_post_title_background":0,"ocean_post_title_bg_image_position":"","ocean_post_title_bg_image_attachment":"","ocean_post_title_bg_image_repeat":"","ocean_post_title_bg_image_size":"","ocean_post_title_height":0,"ocean_post_title_bg_overlay":0.5,"ocean_post_title_bg_overlay_color":"","ocean_disable_breadcrumbs":"default","ocean_breadcrumbs_color":"","ocean_breadcrumbs_separator_color":"","ocean_breadcrumbs_links_color":"","ocean_breadcrumbs_links_hover_color":"","ocean_display_footer_widgets":"default","ocean_display_footer_bottom":"default","ocean_custom_footer_template":"0","footnotes":""},"class_list":["post-3631","page","type-page","status-publish","hentry","entry"],"jetpack_sharing_enabled":true,"_links":{"self":[{"href":"https:\/\/reismann.de\/index.php?rest_route=\/wp\/v2\/pages\/3631","targetHints":{"allow":["GET"]}}],"collection":[{"href":"https:\/\/reismann.de\/index.php?rest_route=\/wp\/v2\/pages"}],"about":[{"href":"https:\/\/reismann.de\/index.php?rest_route=\/wp\/v2\/types\/page"}],"author":[{"embeddable":true,"href":"https:\/\/reismann.de\/index.php?rest_route=\/wp\/v2\/users\/2"}],"replies":[{"embeddable":true,"href":"https:\/\/reismann.de\/index.php?rest_route=%2Fwp%2Fv2%2Fcomments&post=3631"}],"version-history":[{"count":7,"href":"https:\/\/reismann.de\/index.php?rest_route=\/wp\/v2\/pages\/3631\/revisions"}],"predecessor-version":[{"id":4239,"href":"https:\/\/reismann.de\/index.php?rest_route=\/wp\/v2\/pages\/3631\/revisions\/4239"}],"wp:attachment":[{"href":"https:\/\/reismann.de\/index.php?rest_route=%2Fwp%2Fv2%2Fmedia&parent=3631"}],"curies":[{"name":"wp","href":"https:\/\/api.w.org\/{rel}","templated":true}]}}