{"id":3566,"date":"2023-02-03T12:53:40","date_gmt":"2023-02-03T10:53:40","guid":{"rendered":"https:\/\/test.reismann.de\/?page_id=3566"},"modified":"2023-02-16T18:39:34","modified_gmt":"2023-02-16T16:39:34","slug":"abitur-1959","status":"publish","type":"page","link":"https:\/\/reismann.de\/?page_id=3566","title":{"rendered":"Abitur 1959"},"content":{"rendered":"\t\t<div data-elementor-type=\"wp-page\" data-elementor-id=\"3566\" class=\"elementor elementor-3566\">\n\t\t\t\t\t\t<section class=\"elementor-section elementor-top-section elementor-element elementor-element-6e68245 elementor-section-boxed elementor-section-height-default elementor-section-height-default\" data-id=\"6e68245\" data-element_type=\"section\" data-e-type=\"section\">\n\t\t\t\t\t\t<div class=\"elementor-container elementor-column-gap-default\">\n\t\t\t\t\t<div class=\"elementor-column elementor-col-100 elementor-top-column elementor-element elementor-element-36a2939\" data-id=\"36a2939\" data-element_type=\"column\" data-e-type=\"column\">\n\t\t\t<div class=\"elementor-widget-wrap elementor-element-populated\">\n\t\t\t\t\t\t<div class=\"elementor-element elementor-element-5b33b00 elementor-widget elementor-widget-heading\" data-id=\"5b33b00\" data-element_type=\"widget\" data-e-type=\"widget\" data-widget_type=\"heading.default\">\n\t\t\t\t<div class=\"elementor-widget-container\">\n\t\t\t\t\t<h2 class=\"elementor-heading-title elementor-size-default\">Abitur 1959<\/h2>\t\t\t\t<\/div>\n\t\t\t\t<\/div>\n\t\t\t\t<div class=\"elementor-element elementor-element-c3bd9f2 elementor-widget elementor-widget-image\" data-id=\"c3bd9f2\" data-element_type=\"widget\" data-e-type=\"widget\" data-widget_type=\"image.default\">\n\t\t\t\t<div class=\"elementor-widget-container\">\n\t\t\t\t\t\t\t\t\t\t\t\t\t\t\t<img fetchpriority=\"high\" decoding=\"async\" width=\"1024\" height=\"667\" src=\"https:\/\/reismann.de\/wp-content\/uploads\/2023\/02\/1959g-1024x667.jpg\" class=\"attachment-large size-large wp-image-3568\" alt=\"\" srcset=\"https:\/\/reismann.de\/wp-content\/uploads\/2023\/02\/1959g-1024x667.jpg 1024w, https:\/\/reismann.de\/wp-content\/uploads\/2023\/02\/1959g-300x195.jpg 300w, https:\/\/reismann.de\/wp-content\/uploads\/2023\/02\/1959g-768x500.jpg 768w, https:\/\/reismann.de\/wp-content\/uploads\/2023\/02\/1959g.jpg 1280w\" sizes=\"(max-width: 1024px) 100vw, 1024px\" \/>\t\t\t\t\t\t\t\t\t\t\t\t\t\t\t<\/div>\n\t\t\t\t<\/div>\n\t\t\t\t\t<\/div>\n\t\t<\/div>\n\t\t\t\t\t<\/div>\n\t\t<\/section>\n\t\t\t\t<section class=\"elementor-section elementor-top-section elementor-element elementor-element-d3dc84a elementor-section-boxed elementor-section-height-default elementor-section-height-default\" data-id=\"d3dc84a\" data-element_type=\"section\" data-e-type=\"section\">\n\t\t\t\t\t\t<div class=\"elementor-container elementor-column-gap-default\">\n\t\t\t\t\t<div class=\"elementor-column elementor-col-33 elementor-top-column elementor-element elementor-element-f23ee5c\" data-id=\"f23ee5c\" data-element_type=\"column\" data-e-type=\"column\">\n\t\t\t<div class=\"elementor-widget-wrap elementor-element-populated\">\n\t\t\t\t\t\t<div class=\"elementor-element elementor-element-07f5874 elementor-widget elementor-widget-text-editor\" data-id=\"07f5874\" data-element_type=\"widget\" data-e-type=\"widget\" data-widget_type=\"text-editor.default\">\n\t\t\t\t<div class=\"elementor-widget-container\">\n\t\t\t\t\t\t\t\t\t<p>Alfermann, Claus<br \/>Berlage, Heinrich<br \/>Bomhauer, Wilfried<br \/>Brockmann, Theo<br \/>Brune, Franz<br \/>D\u00f6nhoff, G\u00fcnther<br \/>Dunkel, Friedhelm<br \/>Eggebrecht, Reiner<br \/>Georgs, G\u00fcnther<br \/>Groeben, Georg<br \/>Gr\u00fcnder, Horst<br \/>Henkel, Werner<br \/>Hinz, Karl-Heinz<br \/>Hippe, Horst<br \/>H\u00f6lscher, Manfred<br \/>Isenbort, Heinrich J\u00fcrgen<\/p>\t\t\t\t\t\t\t\t<\/div>\n\t\t\t\t<\/div>\n\t\t\t\t\t<\/div>\n\t\t<\/div>\n\t\t\t\t<div class=\"elementor-column elementor-col-33 elementor-top-column elementor-element elementor-element-5b450a4\" data-id=\"5b450a4\" data-element_type=\"column\" data-e-type=\"column\">\n\t\t\t<div class=\"elementor-widget-wrap elementor-element-populated\">\n\t\t\t\t\t\t<div class=\"elementor-element elementor-element-dad3f31 elementor-widget elementor-widget-text-editor\" data-id=\"dad3f31\" data-element_type=\"widget\" data-e-type=\"widget\" data-widget_type=\"text-editor.default\">\n\t\t\t\t<div class=\"elementor-widget-container\">\n\t\t\t\t\t\t\t\t\t<p>Jeschkowski, Ulrich<br \/>Kastner, Klaus<br \/>Kohrs, Peter<br \/>Kolligs, Walter<br \/>Laabs, Rodewig<br \/>Lammers, Bernhard<br \/>Leifert, Kurt<br \/>Lieb, Klaus<br \/>Mathey, Peter<br \/>Meier, Hans-Hermann<br \/>M\u00f6ller, Heinz-Rolf<br \/>N\u00e4hle, Rainer<br \/>Ohnsorge, Hans<br \/>Papenkord, Helmut<br \/>Plodowski, Gerd<br \/>Reuter, Helmut<\/p>\t\t\t\t\t\t\t\t<\/div>\n\t\t\t\t<\/div>\n\t\t\t\t\t<\/div>\n\t\t<\/div>\n\t\t\t\t<div class=\"elementor-column elementor-col-33 elementor-top-column elementor-element elementor-element-e7b2f57\" data-id=\"e7b2f57\" data-element_type=\"column\" data-e-type=\"column\">\n\t\t\t<div class=\"elementor-widget-wrap elementor-element-populated\">\n\t\t\t\t\t\t<div class=\"elementor-element elementor-element-1fe0149 elementor-widget elementor-widget-text-editor\" data-id=\"1fe0149\" data-element_type=\"widget\" data-e-type=\"widget\" data-widget_type=\"text-editor.default\">\n\t\t\t\t<div class=\"elementor-widget-container\">\n\t\t\t\t\t\t\t\t\t<p>Riediger, Heinz<br \/>Sch\u00e4fers, Rainer<br \/>Scheideler, Herbert<br \/>Schleiermeier, Karl-Heinz<br \/>Sch\u00fcmer, Dietrich<br \/>Smuda, Manfred<br \/>Stach, Winrich<br \/>Tausch, J\u00fcrgen<br \/>Timmermann, Heinrich<br \/>Traband, Gerd<br \/>Venjakob, Gerd<br \/>Voss, Hermann-Josef<br \/>Waschkuhn, Udo<br \/>Welle, Werner<br \/>Wilms, Ernst<br \/>Winkelhoff, Bernward<\/p>\t\t\t\t\t\t\t\t<\/div>\n\t\t\t\t<\/div>\n\t\t\t\t\t<\/div>\n\t\t<\/div>\n\t\t\t\t\t<\/div>\n\t\t<\/section>\n\t\t\t\t<section class=\"elementor-section elementor-top-section elementor-element elementor-element-f33c991 elementor-section-boxed elementor-section-height-default elementor-section-height-default\" data-id=\"f33c991\" data-element_type=\"section\" data-e-type=\"section\">\n\t\t\t\t\t\t<div class=\"elementor-container elementor-column-gap-default\">\n\t\t\t\t\t<div class=\"elementor-column elementor-col-100 elementor-top-column elementor-element elementor-element-245a295\" data-id=\"245a295\" data-element_type=\"column\" data-e-type=\"column\">\n\t\t\t<div class=\"elementor-widget-wrap elementor-element-populated\">\n\t\t\t\t\t\t<div class=\"elementor-element elementor-element-e741d3d elementor-view-default elementor-widget elementor-widget-icon\" data-id=\"e741d3d\" data-element_type=\"widget\" data-e-type=\"widget\" data-widget_type=\"icon.default\">\n\t\t\t\t<div class=\"elementor-widget-container\">\n\t\t\t\t\t\t\t<div class=\"elementor-icon-wrapper\">\n\t\t\t<a class=\"elementor-icon\" href=\"https:\/\/reismann.de\/?page_id=834\">\n\t\t\t<i aria-hidden=\"true\" class=\"far fa-caret-square-left\"><\/i>\t\t\t<\/a>\n\t\t<\/div>\n\t\t\t\t\t\t<\/div>\n\t\t\t\t<\/div>\n\t\t\t\t\t<\/div>\n\t\t<\/div>\n\t\t\t\t\t<\/div>\n\t\t<\/section>\n\t\t\t\t<\/div>\n\t\t","protected":false},"excerpt":{"rendered":"<p>Abitur 1959 Alfermann, ClausBerlage, HeinrichBomhauer, WilfriedBrockmann, TheoBrune, FranzD\u00f6nhoff, G\u00fcntherDunkel, FriedhelmEggebrecht, ReinerGeorgs, G\u00fcntherGroeben, GeorgGr\u00fcnder, HorstHenkel, WernerHinz, Karl-HeinzHippe, HorstH\u00f6lscher, ManfredIsenbort, Heinrich J\u00fcrgen Jeschkowski, UlrichKastner, KlausKohrs, PeterKolligs, WalterLaabs, RodewigLammers, BernhardLeifert, KurtLieb, KlausMathey, PeterMeier, Hans-HermannM\u00f6ller, Heinz-RolfN\u00e4hle, RainerOhnsorge, HansPapenkord, HelmutPlodowski, GerdReuter, Helmut Riediger, HeinzSch\u00e4fers, RainerScheideler, HerbertSchleiermeier, Karl-HeinzSch\u00fcmer, DietrichSmuda, ManfredStach, WinrichTausch, J\u00fcrgenTimmermann, HeinrichTraband, GerdVenjakob, GerdVoss, Hermann-JosefWaschkuhn, UdoWelle, WernerWilms, ErnstWinkelhoff, Bernward<\/p>\n","protected":false},"author":2,"featured_media":0,"parent":0,"menu_order":0,"comment_status":"closed","ping_status":"closed","template":"","meta":{"ocean_post_layout":"","ocean_both_sidebars_style":"","ocean_both_sidebars_content_width":0,"ocean_both_sidebars_sidebars_width":0,"ocean_sidebar":"0","ocean_second_sidebar":"0","ocean_disable_margins":"enable","ocean_add_body_class":"","ocean_shortcode_before_top_bar":"","ocean_shortcode_after_top_bar":"","ocean_shortcode_before_header":"","ocean_shortcode_after_header":"","ocean_has_shortcode":"","ocean_shortcode_after_title":"","ocean_shortcode_before_footer_widgets":"","ocean_shortcode_after_footer_widgets":"","ocean_shortcode_before_footer_bottom":"","ocean_shortcode_after_footer_bottom":"","ocean_display_top_bar":"default","ocean_display_header":"default","ocean_header_style":"","ocean_center_header_left_menu":"0","ocean_custom_header_template":"0","ocean_custom_logo":0,"ocean_custom_retina_logo":0,"ocean_custom_logo_max_width":0,"ocean_custom_logo_tablet_max_width":0,"ocean_custom_logo_mobile_max_width":0,"ocean_custom_logo_max_height":0,"ocean_custom_logo_tablet_max_height":0,"ocean_custom_logo_mobile_max_height":0,"ocean_header_custom_menu":"0","ocean_menu_typo_font_family":"0","ocean_menu_typo_font_subset":"","ocean_menu_typo_font_size":0,"ocean_menu_typo_font_size_tablet":0,"ocean_menu_typo_font_size_mobile":0,"ocean_menu_typo_font_size_unit":"px","ocean_menu_typo_font_weight":"","ocean_menu_typo_font_weight_tablet":"","ocean_menu_typo_font_weight_mobile":"","ocean_menu_typo_transform":"","ocean_menu_typo_transform_tablet":"","ocean_menu_typo_transform_mobile":"","ocean_menu_typo_line_height":0,"ocean_menu_typo_line_height_tablet":0,"ocean_menu_typo_line_height_mobile":0,"ocean_menu_typo_line_height_unit":"","ocean_menu_typo_spacing":0,"ocean_menu_typo_spacing_tablet":0,"ocean_menu_typo_spacing_mobile":0,"ocean_menu_typo_spacing_unit":"","ocean_menu_link_color":"","ocean_menu_link_color_hover":"","ocean_menu_link_color_active":"","ocean_menu_link_background":"","ocean_menu_link_hover_background":"","ocean_menu_link_active_background":"","ocean_menu_social_links_bg":"","ocean_menu_social_hover_links_bg":"","ocean_menu_social_links_color":"","ocean_menu_social_hover_links_color":"","ocean_disable_title":"default","ocean_disable_heading":"default","ocean_post_title":"","ocean_post_subheading":"","ocean_post_title_style":"","ocean_post_title_background_color":"","ocean_post_title_background":0,"ocean_post_title_bg_image_position":"","ocean_post_title_bg_image_attachment":"","ocean_post_title_bg_image_repeat":"","ocean_post_title_bg_image_size":"","ocean_post_title_height":0,"ocean_post_title_bg_overlay":0.5,"ocean_post_title_bg_overlay_color":"","ocean_disable_breadcrumbs":"default","ocean_breadcrumbs_color":"","ocean_breadcrumbs_separator_color":"","ocean_breadcrumbs_links_color":"","ocean_breadcrumbs_links_hover_color":"","ocean_display_footer_widgets":"default","ocean_display_footer_bottom":"default","ocean_custom_footer_template":"0","footnotes":""},"class_list":["post-3566","page","type-page","status-publish","hentry","entry"],"jetpack_sharing_enabled":true,"_links":{"self":[{"href":"https:\/\/reismann.de\/index.php?rest_route=\/wp\/v2\/pages\/3566","targetHints":{"allow":["GET"]}}],"collection":[{"href":"https:\/\/reismann.de\/index.php?rest_route=\/wp\/v2\/pages"}],"about":[{"href":"https:\/\/reismann.de\/index.php?rest_route=\/wp\/v2\/types\/page"}],"author":[{"embeddable":true,"href":"https:\/\/reismann.de\/index.php?rest_route=\/wp\/v2\/users\/2"}],"replies":[{"embeddable":true,"href":"https:\/\/reismann.de\/index.php?rest_route=%2Fwp%2Fv2%2Fcomments&post=3566"}],"version-history":[{"count":10,"href":"https:\/\/reismann.de\/index.php?rest_route=\/wp\/v2\/pages\/3566\/revisions"}],"predecessor-version":[{"id":4221,"href":"https:\/\/reismann.de\/index.php?rest_route=\/wp\/v2\/pages\/3566\/revisions\/4221"}],"wp:attachment":[{"href":"https:\/\/reismann.de\/index.php?rest_route=%2Fwp%2Fv2%2Fmedia&parent=3566"}],"curies":[{"name":"wp","href":"https:\/\/api.w.org\/{rel}","templated":true}]}}