{"id":2970,"date":"2023-01-03T11:18:38","date_gmt":"2023-01-03T09:18:38","guid":{"rendered":"https:\/\/test.reismann.de\/?page_id=2970"},"modified":"2023-01-03T11:25:19","modified_gmt":"2023-01-03T09:25:19","slug":"wandern-im-arnsberger-wald-mit-joachim-braun-1998","status":"publish","type":"page","link":"https:\/\/reismann.de\/?page_id=2970","title":{"rendered":"Wandern im Arnsberger Wald mit Joachim Braun (1998)"},"content":{"rendered":"\t\t<div data-elementor-type=\"wp-page\" data-elementor-id=\"2970\" class=\"elementor elementor-2970\">\n\t\t\t\t\t\t<section class=\"elementor-section elementor-top-section elementor-element elementor-element-edb203f elementor-section-boxed elementor-section-height-default elementor-section-height-default\" data-id=\"edb203f\" data-element_type=\"section\" data-e-type=\"section\">\n\t\t\t\t\t\t<div class=\"elementor-container elementor-column-gap-default\">\n\t\t\t\t\t<div class=\"elementor-column elementor-col-100 elementor-top-column elementor-element elementor-element-e319262\" data-id=\"e319262\" data-element_type=\"column\" data-e-type=\"column\">\n\t\t\t<div class=\"elementor-widget-wrap elementor-element-populated\">\n\t\t\t\t\t\t<div class=\"elementor-element elementor-element-c14253c elementor-widget elementor-widget-heading\" data-id=\"c14253c\" data-element_type=\"widget\" data-e-type=\"widget\" data-widget_type=\"heading.default\">\n\t\t\t\t<div class=\"elementor-widget-container\">\n\t\t\t\t\t<h2 class=\"elementor-heading-title elementor-size-default\">Wandern im Arnsberger Wald mit Joachim Braun (1998)<\/h2>\t\t\t\t<\/div>\n\t\t\t\t<\/div>\n\t\t\t\t\t<\/div>\n\t\t<\/div>\n\t\t\t\t\t<\/div>\n\t\t<\/section>\n\t\t\t\t<section class=\"elementor-section elementor-top-section elementor-element elementor-element-cea48a6 elementor-section-boxed elementor-section-height-default elementor-section-height-default\" data-id=\"cea48a6\" data-element_type=\"section\" data-e-type=\"section\">\n\t\t\t\t\t\t<div class=\"elementor-container elementor-column-gap-default\">\n\t\t\t\t\t<div class=\"elementor-column elementor-col-50 elementor-top-column elementor-element elementor-element-edd7f5c\" data-id=\"edd7f5c\" data-element_type=\"column\" data-e-type=\"column\">\n\t\t\t<div class=\"elementor-widget-wrap elementor-element-populated\">\n\t\t\t\t\t\t<div class=\"elementor-element elementor-element-17a0cec elementor-widget elementor-widget-image\" data-id=\"17a0cec\" data-element_type=\"widget\" data-e-type=\"widget\" data-widget_type=\"image.default\">\n\t\t\t\t<div class=\"elementor-widget-container\">\n\t\t\t\t\t\t\t\t\t\t\t\t\t\t\t<img decoding=\"async\" width=\"50\" height=\"77\" src=\"https:\/\/reismann.de\/wp-content\/uploads\/2023\/01\/eule_k.jpg\" class=\"attachment-large size-large wp-image-2972\" alt=\"\" \/>\t\t\t\t\t\t\t\t\t\t\t\t\t\t\t<\/div>\n\t\t\t\t<\/div>\n\t\t\t\t\t<\/div>\n\t\t<\/div>\n\t\t\t\t<div class=\"elementor-column elementor-col-50 elementor-top-column elementor-element elementor-element-646b2a8\" data-id=\"646b2a8\" data-element_type=\"column\" data-e-type=\"column\">\n\t\t\t<div class=\"elementor-widget-wrap elementor-element-populated\">\n\t\t\t\t\t\t<div class=\"elementor-element elementor-element-e79e32c elementor-widget elementor-widget-text-editor\" data-id=\"e79e32c\" data-element_type=\"widget\" data-e-type=\"widget\" data-widget_type=\"text-editor.default\">\n\t\t\t\t<div class=\"elementor-widget-container\">\n\t\t\t\t\t\t\t\t\t<p>In Arnsberg-Vosswinkel hat der private\u00a0<b>Forstbetrieb Boeselager<\/b>\u00a0seit 1970 schrittweise einen Wald zu einem Naturerlebnisgebiet f\u00fcr Tagesbesucher entwickelt. Entstanden ist ein, in mancher Hinsicht, neuartiges Walderlebniszentrum mit dem Motto &#8222;Zug\u00e4nge, Einblicke, Begegnung&#8220;. In den h\u00fcgeligen Laub- und Mischw\u00e4ldern des Luerwaldes ist die Natur in ihrer komplexen Gesamtheit materiell und geistig erschlossen worden. Die Aufmerksamkeit der Waldbesucher wird auf m\u00f6glichst viele Bestandteile und Aspekte dieses gro\u00dfen \u00d6kosystems gerichtet, auf gro\u00dfe und kleine Pflanzen, gro\u00dfe und kleine Tiere, Boden und Gew\u00e4sser, Prozesse und Zusammenh\u00e4nge, insbesondere auch auf die Beziehung der Menschen dazu als F\u00f6rster, J\u00e4ger, Natur\u00adsch\u00fctzer und Erholungssuchende.<\/p>\t\t\t\t\t\t\t\t<\/div>\n\t\t\t\t<\/div>\n\t\t\t\t\t<\/div>\n\t\t<\/div>\n\t\t\t\t\t<\/div>\n\t\t<\/section>\n\t\t\t\t<section class=\"elementor-section elementor-top-section elementor-element elementor-element-56df20f elementor-section-boxed elementor-section-height-default elementor-section-height-default\" data-id=\"56df20f\" data-element_type=\"section\" data-e-type=\"section\">\n\t\t\t\t\t\t<div class=\"elementor-container elementor-column-gap-default\">\n\t\t\t\t\t<div class=\"elementor-column elementor-col-50 elementor-top-column elementor-element elementor-element-b7ecb03\" data-id=\"b7ecb03\" data-element_type=\"column\" data-e-type=\"column\">\n\t\t\t<div class=\"elementor-widget-wrap elementor-element-populated\">\n\t\t\t\t\t\t<div class=\"elementor-element elementor-element-3502aa7 elementor-arrows-position-inside elementor-pagination-position-outside elementor-widget elementor-widget-image-carousel\" data-id=\"3502aa7\" data-element_type=\"widget\" data-e-type=\"widget\" data-settings=\"{&quot;slides_to_show&quot;:&quot;1&quot;,&quot;navigation&quot;:&quot;both&quot;,&quot;autoplay&quot;:&quot;yes&quot;,&quot;pause_on_hover&quot;:&quot;yes&quot;,&quot;pause_on_interaction&quot;:&quot;yes&quot;,&quot;autoplay_speed&quot;:5000,&quot;infinite&quot;:&quot;yes&quot;,&quot;effect&quot;:&quot;slide&quot;,&quot;speed&quot;:500}\" data-widget_type=\"image-carousel.default\">\n\t\t\t\t<div class=\"elementor-widget-container\">\n\t\t\t\t\t\t\t<div class=\"elementor-image-carousel-wrapper swiper\" role=\"region\" aria-roledescription=\"carousel\" aria-label=\"Bild Karussell\" dir=\"ltr\">\n\t\t\t<div class=\"elementor-image-carousel swiper-wrapper\" aria-live=\"off\">\n\t\t\t\t\t\t\t\t<div class=\"swiper-slide\" role=\"group\" aria-roledescription=\"slide\" aria-label=\"1 von 4\"><figure class=\"swiper-slide-inner\"><img decoding=\"async\" class=\"swiper-slide-image\" src=\"https:\/\/reismann.de\/wp-content\/uploads\/2023\/01\/arnsberg1gW.jpg\" alt=\"arnsberg1gW\" \/><\/figure><\/div><div class=\"swiper-slide\" role=\"group\" aria-roledescription=\"slide\" aria-label=\"2 von 4\"><figure class=\"swiper-slide-inner\"><img decoding=\"async\" class=\"swiper-slide-image\" src=\"https:\/\/reismann.de\/wp-content\/uploads\/2023\/01\/arnsberg2.jpg\" alt=\"arnsberg2\" \/><\/figure><\/div><div class=\"swiper-slide\" role=\"group\" aria-roledescription=\"slide\" aria-label=\"3 von 4\"><figure class=\"swiper-slide-inner\"><img decoding=\"async\" class=\"swiper-slide-image\" src=\"https:\/\/reismann.de\/wp-content\/uploads\/2023\/01\/arnsberg4g.jpg\" alt=\"arnsberg4g\" \/><\/figure><\/div><div class=\"swiper-slide\" role=\"group\" aria-roledescription=\"slide\" aria-label=\"4 von 4\"><figure class=\"swiper-slide-inner\"><img decoding=\"async\" class=\"swiper-slide-image\" src=\"https:\/\/reismann.de\/wp-content\/uploads\/2023\/01\/arnsberg5g.jpg\" alt=\"arnsberg5g\" \/><\/figure><\/div>\t\t\t<\/div>\n\t\t\t\t\t\t\t\t\t\t\t\t<div class=\"elementor-swiper-button elementor-swiper-button-prev\" role=\"button\" tabindex=\"0\">\n\t\t\t\t\t\t<i aria-hidden=\"true\" class=\"eicon-chevron-left\"><\/i>\t\t\t\t\t<\/div>\n\t\t\t\t\t<div class=\"elementor-swiper-button elementor-swiper-button-next\" role=\"button\" tabindex=\"0\">\n\t\t\t\t\t\t<i aria-hidden=\"true\" class=\"eicon-chevron-right\"><\/i>\t\t\t\t\t<\/div>\n\t\t\t\t\n\t\t\t\t\t\t\t\t\t<div class=\"swiper-pagination\"><\/div>\n\t\t\t\t\t\t\t\t\t<\/div>\n\t\t\t\t\t\t<\/div>\n\t\t\t\t<\/div>\n\t\t\t\t\t<\/div>\n\t\t<\/div>\n\t\t\t\t<div class=\"elementor-column elementor-col-50 elementor-top-column elementor-element elementor-element-5883338\" data-id=\"5883338\" data-element_type=\"column\" data-e-type=\"column\">\n\t\t\t<div class=\"elementor-widget-wrap elementor-element-populated\">\n\t\t\t\t\t\t<div class=\"elementor-element elementor-element-4a34f5c elementor-widget elementor-widget-text-editor\" data-id=\"4a34f5c\" data-element_type=\"widget\" data-e-type=\"widget\" data-widget_type=\"text-editor.default\">\n\t\t\t\t<div class=\"elementor-widget-container\">\n\t\t\t\t\t\t\t\t\t<p>Im Laufe der Jahre wurde der m\u00f6glichst wild und urspr\u00fcnglich gehaltene, in manchen Teilen ganz aus der Bewirtschaftung ge\u00adnommene Wald planm\u00e4\u00dfig und behutsam erschlossen. Wege, Pfade, Aussichts- und Beobachtungspunkte erlauben ein Naturerlebnis ohne Z\u00e4une zwischen Mensch und Tier. Auf der Wanderung durch die gemischten Altholzbest\u00e4nde des Luerwaldes begegnen dem Waldbesucher zwischen stillen Waldwiesen, malerischen Weihern und stark gewundenen B\u00e4chen die heimischen Tiere: Rehe, Mufflons und Damwild.<\/p><p>In paradiesischer Idylle ziehen Hirsche vor\u00fcber, mit den Menschen vertraut, aber immer ihre Fluchtdistanz wahrend. Aus dem dichten Gestr\u00fcpp taucht pl\u00f6tzlich eine Gruppe Wildschweine mit jungen Frischlingen auf. Entlang der beiden Rundwege gibt es ein System von Waldstationen mit Informationsh\u00fctten und Beobachtungspfaden und -stegen zu ausgew\u00e4hlten Waldthemen: Eichenwald, Buchenwald, Fichtenforst, Urwald, Menschenwerk, Wildschweindickicht, Pirschen im Wald, Moor und Heide.<\/p><p>Auch ein Blick durch die pfiffigen Sp\u00e4hk\u00e4sten oder das \u00d6ffnen einer Klapptafel soll die Besucher anregen, immer genauer hinzusehen \u2013 und hinzuh\u00f6ren \u2013 und immer mehr selbst zu entdecken. Immer wieder kann man mit den Mitarbeitern an verschiedenen Programmen teilnehmen: Wildf\u00fctterungen t\u00e4glich zu verschiedenen Zeiten, bei denen die Wildheger Interessantes erz\u00e4hlen und Fragen beantworten k\u00f6nnen; an jedem Freitagnachmittag die M\u00f6glichkeit, F\u00f6rster und Waldarbeiter auf dem Forstbetriebshof anzutreffen; Waldlehrerstunden zu festen Zeiten in der Wald\u00adschule und drau\u00dfen im Wald: Exkur\u00adsionen in der Abendd\u00e4mmerung, in der Nacht oder am fr\u00fchen Mor\u00adgen. F\u00fcr Wandergrup\u00adpen werden individuelle Programme angeboten, eine Anmeldung wird gew\u00fcnscht.<br \/>Besonders die stillen Zeiten des Tages und der Woche versprechen ein lohnendes und ungest\u00f6rtes Walderlebnis.<\/p>\t\t\t\t\t\t\t\t<\/div>\n\t\t\t\t<\/div>\n\t\t\t\t\t<\/div>\n\t\t<\/div>\n\t\t\t\t\t<\/div>\n\t\t<\/section>\n\t\t\t\t<section class=\"elementor-section elementor-top-section elementor-element elementor-element-45a93a1 elementor-section-boxed elementor-section-height-default elementor-section-height-default\" data-id=\"45a93a1\" data-element_type=\"section\" data-e-type=\"section\">\n\t\t\t\t\t\t<div class=\"elementor-container elementor-column-gap-default\">\n\t\t\t\t\t<div class=\"elementor-column elementor-col-100 elementor-top-column elementor-element elementor-element-d621091\" data-id=\"d621091\" data-element_type=\"column\" data-e-type=\"column\">\n\t\t\t<div class=\"elementor-widget-wrap elementor-element-populated\">\n\t\t\t\t\t\t<div class=\"elementor-element elementor-element-20089cc elementor-widget-divider--view-line elementor-widget elementor-widget-divider\" data-id=\"20089cc\" data-element_type=\"widget\" data-e-type=\"widget\" data-widget_type=\"divider.default\">\n\t\t\t\t<div class=\"elementor-widget-container\">\n\t\t\t\t\t\t\t<div class=\"elementor-divider\">\n\t\t\t<span class=\"elementor-divider-separator\">\n\t\t\t\t\t\t<\/span>\n\t\t<\/div>\n\t\t\t\t\t\t<\/div>\n\t\t\t\t<\/div>\n\t\t\t\t\t<\/div>\n\t\t<\/div>\n\t\t\t\t\t<\/div>\n\t\t<\/section>\n\t\t\t\t<section class=\"elementor-section elementor-top-section elementor-element elementor-element-b99e8c1 elementor-section-boxed elementor-section-height-default elementor-section-height-default\" data-id=\"b99e8c1\" data-element_type=\"section\" data-e-type=\"section\">\n\t\t\t\t\t\t<div class=\"elementor-container elementor-column-gap-default\">\n\t\t\t\t\t<div class=\"elementor-column elementor-col-50 elementor-top-column elementor-element elementor-element-1a20bd0\" data-id=\"1a20bd0\" data-element_type=\"column\" data-e-type=\"column\">\n\t\t\t<div class=\"elementor-widget-wrap elementor-element-populated\">\n\t\t\t\t\t\t<div class=\"elementor-element elementor-element-27a185b elementor-widget elementor-widget-text-editor\" data-id=\"27a185b\" data-element_type=\"widget\" data-e-type=\"widget\" data-widget_type=\"text-editor.default\">\n\t\t\t\t<div class=\"elementor-widget-container\">\n\t\t\t\t\t\t\t\t\t<p><b>Wildwald Vollwinkel<\/b><\/p><p>Bellingsen 5<br \/>59757 Arnsberg-Vosswinkel<br \/>Tel.: 02932\/97230<br \/>Fax.: 02932\/81644<br \/>Email:\u00a0<a href=\"mailto:info@wildwald.de\">info@wildwald.de<\/a><br \/>Internet:\u00a0<a href=\"http:\/\/www.wildwald.de\/\">http:\/\/www.wildwald.de<\/a><\/p>\t\t\t\t\t\t\t\t<\/div>\n\t\t\t\t<\/div>\n\t\t\t\t\t<\/div>\n\t\t<\/div>\n\t\t\t\t<div class=\"elementor-column elementor-col-50 elementor-top-column elementor-element elementor-element-47fa0e0\" data-id=\"47fa0e0\" data-element_type=\"column\" data-e-type=\"column\">\n\t\t\t<div class=\"elementor-widget-wrap elementor-element-populated\">\n\t\t\t\t\t\t<div class=\"elementor-element elementor-element-73fb1a1 elementor-widget elementor-widget-image\" data-id=\"73fb1a1\" data-element_type=\"widget\" data-e-type=\"widget\" data-widget_type=\"image.default\">\n\t\t\t\t<div class=\"elementor-widget-container\">\n\t\t\t\t\t\t\t\t\t\t\t\t\t\t\t<img decoding=\"async\" width=\"255\" height=\"142\" src=\"https:\/\/reismann.de\/wp-content\/uploads\/2023\/01\/anfahrt_arnsberg.jpg\" class=\"attachment-large size-large wp-image-2977\" alt=\"\" \/>\t\t\t\t\t\t\t\t\t\t\t\t\t\t\t<\/div>\n\t\t\t\t<\/div>\n\t\t\t\t\t<\/div>\n\t\t<\/div>\n\t\t\t\t\t<\/div>\n\t\t<\/section>\n\t\t\t\t<\/div>\n\t\t","protected":false},"excerpt":{"rendered":"<p>Wandern im Arnsberger Wald mit Joachim Braun (1998) In Arnsberg-Vosswinkel hat der private\u00a0Forstbetrieb Boeselager\u00a0seit 1970 schrittweise einen Wald zu einem Naturerlebnisgebiet f\u00fcr Tagesbesucher entwickelt. Entstanden ist ein, in mancher Hinsicht, neuartiges Walderlebniszentrum mit dem Motto &#8222;Zug\u00e4nge, Einblicke, Begegnung&#8220;. In den h\u00fcgeligen Laub- und Mischw\u00e4ldern des Luerwaldes ist die Natur in ihrer komplexen Gesamtheit materiell und [&hellip;]<\/p>\n","protected":false},"author":2,"featured_media":0,"parent":0,"menu_order":0,"comment_status":"closed","ping_status":"closed","template":"","meta":{"ocean_post_layout":"","ocean_both_sidebars_style":"","ocean_both_sidebars_content_width":0,"ocean_both_sidebars_sidebars_width":0,"ocean_sidebar":"0","ocean_second_sidebar":"0","ocean_disable_margins":"enable","ocean_add_body_class":"","ocean_shortcode_before_top_bar":"","ocean_shortcode_after_top_bar":"","ocean_shortcode_before_header":"","ocean_shortcode_after_header":"","ocean_has_shortcode":"","ocean_shortcode_after_title":"","ocean_shortcode_before_footer_widgets":"","ocean_shortcode_after_footer_widgets":"","ocean_shortcode_before_footer_bottom":"","ocean_shortcode_after_footer_bottom":"","ocean_display_top_bar":"default","ocean_display_header":"default","ocean_header_style":"","ocean_center_header_left_menu":"0","ocean_custom_header_template":"0","ocean_custom_logo":0,"ocean_custom_retina_logo":0,"ocean_custom_logo_max_width":0,"ocean_custom_logo_tablet_max_width":0,"ocean_custom_logo_mobile_max_width":0,"ocean_custom_logo_max_height":0,"ocean_custom_logo_tablet_max_height":0,"ocean_custom_logo_mobile_max_height":0,"ocean_header_custom_menu":"0","ocean_menu_typo_font_family":"0","ocean_menu_typo_font_subset":"","ocean_menu_typo_font_size":0,"ocean_menu_typo_font_size_tablet":0,"ocean_menu_typo_font_size_mobile":0,"ocean_menu_typo_font_size_unit":"px","ocean_menu_typo_font_weight":"","ocean_menu_typo_font_weight_tablet":"","ocean_menu_typo_font_weight_mobile":"","ocean_menu_typo_transform":"","ocean_menu_typo_transform_tablet":"","ocean_menu_typo_transform_mobile":"","ocean_menu_typo_line_height":0,"ocean_menu_typo_line_height_tablet":0,"ocean_menu_typo_line_height_mobile":0,"ocean_menu_typo_line_height_unit":"","ocean_menu_typo_spacing":0,"ocean_menu_typo_spacing_tablet":0,"ocean_menu_typo_spacing_mobile":0,"ocean_menu_typo_spacing_unit":"","ocean_menu_link_color":"","ocean_menu_link_color_hover":"","ocean_menu_link_color_active":"","ocean_menu_link_background":"","ocean_menu_link_hover_background":"","ocean_menu_link_active_background":"","ocean_menu_social_links_bg":"","ocean_menu_social_hover_links_bg":"","ocean_menu_social_links_color":"","ocean_menu_social_hover_links_color":"","ocean_disable_title":"default","ocean_disable_heading":"default","ocean_post_title":"","ocean_post_subheading":"","ocean_post_title_style":"","ocean_post_title_background_color":"","ocean_post_title_background":0,"ocean_post_title_bg_image_position":"","ocean_post_title_bg_image_attachment":"","ocean_post_title_bg_image_repeat":"","ocean_post_title_bg_image_size":"","ocean_post_title_height":0,"ocean_post_title_bg_overlay":0.5,"ocean_post_title_bg_overlay_color":"","ocean_disable_breadcrumbs":"default","ocean_breadcrumbs_color":"","ocean_breadcrumbs_separator_color":"","ocean_breadcrumbs_links_color":"","ocean_breadcrumbs_links_hover_color":"","ocean_display_footer_widgets":"default","ocean_display_footer_bottom":"default","ocean_custom_footer_template":"0","footnotes":""},"class_list":["post-2970","page","type-page","status-publish","hentry","entry"],"jetpack_sharing_enabled":true,"_links":{"self":[{"href":"https:\/\/reismann.de\/index.php?rest_route=\/wp\/v2\/pages\/2970","targetHints":{"allow":["GET"]}}],"collection":[{"href":"https:\/\/reismann.de\/index.php?rest_route=\/wp\/v2\/pages"}],"about":[{"href":"https:\/\/reismann.de\/index.php?rest_route=\/wp\/v2\/types\/page"}],"author":[{"embeddable":true,"href":"https:\/\/reismann.de\/index.php?rest_route=\/wp\/v2\/users\/2"}],"replies":[{"embeddable":true,"href":"https:\/\/reismann.de\/index.php?rest_route=%2Fwp%2Fv2%2Fcomments&post=2970"}],"version-history":[{"count":4,"href":"https:\/\/reismann.de\/index.php?rest_route=\/wp\/v2\/pages\/2970\/revisions"}],"predecessor-version":[{"id":2980,"href":"https:\/\/reismann.de\/index.php?rest_route=\/wp\/v2\/pages\/2970\/revisions\/2980"}],"wp:attachment":[{"href":"https:\/\/reismann.de\/index.php?rest_route=%2Fwp%2Fv2%2Fmedia&parent=2970"}],"curies":[{"name":"wp","href":"https:\/\/api.w.org\/{rel}","templated":true}]}}