{"id":2943,"date":"2023-01-03T11:10:40","date_gmt":"2023-01-03T09:10:40","guid":{"rendered":"https:\/\/test.reismann.de\/?page_id=2943"},"modified":"2023-01-03T11:11:50","modified_gmt":"2023-01-03T09:11:50","slug":"heidschnuckenschaeferei-in-hoevelhof-2010","status":"publish","type":"page","link":"https:\/\/reismann.de\/?page_id=2943","title":{"rendered":"Heidschnuckensch\u00e4ferei in H\u00f6velhof (2010)"},"content":{"rendered":"\t\t<div data-elementor-type=\"wp-page\" data-elementor-id=\"2943\" class=\"elementor elementor-2943\">\n\t\t\t\t\t\t<section class=\"elementor-section elementor-top-section elementor-element elementor-element-a1597f6 elementor-section-boxed elementor-section-height-default elementor-section-height-default\" data-id=\"a1597f6\" data-element_type=\"section\" data-e-type=\"section\">\n\t\t\t\t\t\t<div class=\"elementor-container elementor-column-gap-default\">\n\t\t\t\t\t<div class=\"elementor-column elementor-col-100 elementor-top-column elementor-element elementor-element-a33cb4a\" data-id=\"a33cb4a\" data-element_type=\"column\" data-e-type=\"column\">\n\t\t\t<div class=\"elementor-widget-wrap elementor-element-populated\">\n\t\t\t\t\t\t<div class=\"elementor-element elementor-element-b633e62 elementor-widget elementor-widget-heading\" data-id=\"b633e62\" data-element_type=\"widget\" data-e-type=\"widget\" data-widget_type=\"heading.default\">\n\t\t\t\t<div class=\"elementor-widget-container\">\n\t\t\t\t\t<h2 class=\"elementor-heading-title elementor-size-default\">Heidschnuckensch\u00e4ferei in H\u00f6velhof (2010)<\/h2>\t\t\t\t<\/div>\n\t\t\t\t<\/div>\n\t\t\t\t<div class=\"elementor-element elementor-element-6c0c915 elementor-widget elementor-widget-text-editor\" data-id=\"6c0c915\" data-element_type=\"widget\" data-e-type=\"widget\" data-widget_type=\"text-editor.default\">\n\t\t\t\t<div class=\"elementor-widget-container\">\n\t\t\t\t\t\t\t\t\t<p>Am 18.04.2010 hatten die Ehemaligen die Gelegenheit, die Heidschnuckensch\u00e4ferei in H\u00f6velhof kennen zu lernen, die sich am Rande des Truppen\u00fcbungsplatzes Senne befindet.<\/p><p>Sie wurden herzlich von der Sch\u00e4fermeisterin Renate Regier begr\u00fc\u00dft und \u00fcber Geschichte und Nutzen informiert. Die Sch\u00e4ferei ist Teil der ALA e.V. (Arbeitsgruppe Landschaftspflege und Artenschutz). Derzeit geh\u00f6ren mehr als 1100 grau geh\u00f6rnte Heidschnucken und einige Ziegen zur Herde. Die meisten Tiere waren waren bereits in der Senne unterwegs. Nur einige wenige Mutterschafe mit Ihren L\u00e4mmern waren noch f\u00fcr kurze Zeit im Stall zu sehen.<\/p><p>Die Tiere beweiden die Heidefl\u00e4chen und Sandtrockenrasen auf dem Truppen\u00fcbungsplatz Senne. Dabei fressen sie das Heidekraut und f\u00f6rdern dadurch dessen Verj\u00fcngung und Bl\u00fchfreudigkeit. Gleichzeitig verhindern sie das Aufkommen von Birken und Kiefern, wobei die Ziegen im Vergleich zu den Schnucken auch gr\u00f6\u00dfere Str\u00e4ucher fressen. So leistet die Sch\u00e4ferei einen bedeutenden Beitrag f\u00fcr den Naturschutz und zur Erhaltung der alten westf\u00e4lischen Heidelandschaft der Senne auf dem Truppen\u00fcbungsplatz. W\u00e4hrend der Schiesszeiten bleibt die Herde in sicheren Bereichen eingepfercht.<\/p><p>Die Sch\u00e4ferei ist ein anerkannter Biolandbetrieb und vermarktet die eigenen Produkte.<br \/>Mehr Informationen und Bilder gibt es\u00a0<a href=\"http:\/\/www.biologische-station-paderborner-land.de\/websits\/stall.htm\"><b>hier<\/b><\/a>.<\/p>\t\t\t\t\t\t\t\t<\/div>\n\t\t\t\t<\/div>\n\t\t\t\t<div class=\"elementor-element elementor-element-612157c elementor-arrows-position-inside elementor-pagination-position-outside elementor-widget elementor-widget-image-carousel\" data-id=\"612157c\" data-element_type=\"widget\" data-e-type=\"widget\" data-settings=\"{&quot;slides_to_show&quot;:&quot;1&quot;,&quot;navigation&quot;:&quot;both&quot;,&quot;autoplay&quot;:&quot;yes&quot;,&quot;pause_on_hover&quot;:&quot;yes&quot;,&quot;pause_on_interaction&quot;:&quot;yes&quot;,&quot;autoplay_speed&quot;:5000,&quot;infinite&quot;:&quot;yes&quot;,&quot;effect&quot;:&quot;slide&quot;,&quot;speed&quot;:500}\" data-widget_type=\"image-carousel.default\">\n\t\t\t\t<div class=\"elementor-widget-container\">\n\t\t\t\t\t\t\t<div class=\"elementor-image-carousel-wrapper swiper\" role=\"region\" aria-roledescription=\"carousel\" aria-label=\"Bild Karussell\" dir=\"ltr\">\n\t\t\t<div class=\"elementor-image-carousel swiper-wrapper\" aria-live=\"off\">\n\t\t\t\t\t\t\t\t<div class=\"swiper-slide\" role=\"group\" aria-roledescription=\"slide\" aria-label=\"1 von 8\"><figure class=\"swiper-slide-inner\"><img decoding=\"async\" class=\"swiper-slide-image\" src=\"https:\/\/reismann.de\/wp-content\/uploads\/2023\/01\/DSC02274g-600x600.jpg\" alt=\"Ehemalige bei Kaffee, Kuchen, Wurst und mehr\" \/><figcaption class=\"elementor-image-carousel-caption\">Ehemalige bei Kaffee, Kuchen, Wurst und mehr<\/figcaption><\/figure><\/div><div class=\"swiper-slide\" role=\"group\" aria-roledescription=\"slide\" aria-label=\"2 von 8\"><figure class=\"swiper-slide-inner\"><img decoding=\"async\" class=\"swiper-slide-image\" src=\"https:\/\/reismann.de\/wp-content\/uploads\/2023\/01\/DSC02275g-600x600.jpg\" alt=\"Sch\u00e4fermeisterin Renate Regier\" \/><figcaption class=\"elementor-image-carousel-caption\">Sch\u00e4fermeisterin Renate Regier\n\n<\/figcaption><\/figure><\/div><div class=\"swiper-slide\" role=\"group\" aria-roledescription=\"slide\" aria-label=\"3 von 8\"><figure class=\"swiper-slide-inner\"><img decoding=\"async\" class=\"swiper-slide-image\" src=\"https:\/\/reismann.de\/wp-content\/uploads\/2023\/01\/DSC02277g-600x600.jpg\" alt=\"\" \/><\/figure><\/div><div class=\"swiper-slide\" role=\"group\" aria-roledescription=\"slide\" aria-label=\"4 von 8\"><figure class=\"swiper-slide-inner\"><img decoding=\"async\" class=\"swiper-slide-image\" src=\"https:\/\/reismann.de\/wp-content\/uploads\/2023\/01\/DSC02278g-600x600.jpg\" alt=\"\" \/><\/figure><\/div><div class=\"swiper-slide\" role=\"group\" aria-roledescription=\"slide\" aria-label=\"5 von 8\"><figure class=\"swiper-slide-inner\"><img decoding=\"async\" class=\"swiper-slide-image\" src=\"https:\/\/reismann.de\/wp-content\/uploads\/2023\/01\/DSC02281g-600x600.jpg\" alt=\"\" \/><\/figure><\/div><div class=\"swiper-slide\" role=\"group\" aria-roledescription=\"slide\" aria-label=\"6 von 8\"><figure class=\"swiper-slide-inner\"><img decoding=\"async\" class=\"swiper-slide-image\" src=\"https:\/\/reismann.de\/wp-content\/uploads\/2023\/01\/DSC02282g-600x600.jpg\" alt=\"Der Heidschnuckenstall\" \/><figcaption class=\"elementor-image-carousel-caption\">Der Heidschnuckenstall\n\n<\/figcaption><\/figure><\/div><div class=\"swiper-slide\" role=\"group\" aria-roledescription=\"slide\" aria-label=\"7 von 8\"><figure class=\"swiper-slide-inner\"><img decoding=\"async\" class=\"swiper-slide-image\" src=\"https:\/\/reismann.de\/wp-content\/uploads\/2023\/01\/DSC02285g-600x600.jpg\" alt=\"Verwaltung und Stall\" \/><figcaption class=\"elementor-image-carousel-caption\">Verwaltung und Stall<\/figcaption><\/figure><\/div><div class=\"swiper-slide\" role=\"group\" aria-roledescription=\"slide\" aria-label=\"8 von 8\"><figure class=\"swiper-slide-inner\"><img decoding=\"async\" class=\"swiper-slide-image\" src=\"https:\/\/reismann.de\/wp-content\/uploads\/2023\/01\/DSC02286g-600x600.jpg\" alt=\"Heidschnuckensch\u00e4ferei Senne\" \/><figcaption class=\"elementor-image-carousel-caption\">Heidschnuckensch\u00e4ferei Senne<\/figcaption><\/figure><\/div>\t\t\t<\/div>\n\t\t\t\t\t\t\t\t\t\t\t\t<div class=\"elementor-swiper-button elementor-swiper-button-prev\" role=\"button\" tabindex=\"0\">\n\t\t\t\t\t\t<i aria-hidden=\"true\" class=\"eicon-chevron-left\"><\/i>\t\t\t\t\t<\/div>\n\t\t\t\t\t<div class=\"elementor-swiper-button elementor-swiper-button-next\" role=\"button\" tabindex=\"0\">\n\t\t\t\t\t\t<i aria-hidden=\"true\" class=\"eicon-chevron-right\"><\/i>\t\t\t\t\t<\/div>\n\t\t\t\t\n\t\t\t\t\t\t\t\t\t<div class=\"swiper-pagination\"><\/div>\n\t\t\t\t\t\t\t\t\t<\/div>\n\t\t\t\t\t\t<\/div>\n\t\t\t\t<\/div>\n\t\t\t\t\t<\/div>\n\t\t<\/div>\n\t\t\t\t\t<\/div>\n\t\t<\/section>\n\t\t\t\t<\/div>\n\t\t","protected":false},"excerpt":{"rendered":"<p>Heidschnuckensch\u00e4ferei in H\u00f6velhof (2010) Am 18.04.2010 hatten die Ehemaligen die Gelegenheit, die Heidschnuckensch\u00e4ferei in H\u00f6velhof kennen zu lernen, die sich am Rande des Truppen\u00fcbungsplatzes Senne befindet. Sie wurden herzlich von der Sch\u00e4fermeisterin Renate Regier begr\u00fc\u00dft und \u00fcber Geschichte und Nutzen informiert. Die Sch\u00e4ferei ist Teil der ALA e.V. (Arbeitsgruppe Landschaftspflege und Artenschutz). Derzeit geh\u00f6ren mehr [&hellip;]<\/p>\n","protected":false},"author":2,"featured_media":0,"parent":0,"menu_order":0,"comment_status":"closed","ping_status":"closed","template":"","meta":{"ocean_post_layout":"","ocean_both_sidebars_style":"","ocean_both_sidebars_content_width":0,"ocean_both_sidebars_sidebars_width":0,"ocean_sidebar":"0","ocean_second_sidebar":"0","ocean_disable_margins":"enable","ocean_add_body_class":"","ocean_shortcode_before_top_bar":"","ocean_shortcode_after_top_bar":"","ocean_shortcode_before_header":"","ocean_shortcode_after_header":"","ocean_has_shortcode":"","ocean_shortcode_after_title":"","ocean_shortcode_before_footer_widgets":"","ocean_shortcode_after_footer_widgets":"","ocean_shortcode_before_footer_bottom":"","ocean_shortcode_after_footer_bottom":"","ocean_display_top_bar":"default","ocean_display_header":"default","ocean_header_style":"","ocean_center_header_left_menu":"0","ocean_custom_header_template":"0","ocean_custom_logo":0,"ocean_custom_retina_logo":0,"ocean_custom_logo_max_width":0,"ocean_custom_logo_tablet_max_width":0,"ocean_custom_logo_mobile_max_width":0,"ocean_custom_logo_max_height":0,"ocean_custom_logo_tablet_max_height":0,"ocean_custom_logo_mobile_max_height":0,"ocean_header_custom_menu":"0","ocean_menu_typo_font_family":"0","ocean_menu_typo_font_subset":"","ocean_menu_typo_font_size":0,"ocean_menu_typo_font_size_tablet":0,"ocean_menu_typo_font_size_mobile":0,"ocean_menu_typo_font_size_unit":"px","ocean_menu_typo_font_weight":"","ocean_menu_typo_font_weight_tablet":"","ocean_menu_typo_font_weight_mobile":"","ocean_menu_typo_transform":"","ocean_menu_typo_transform_tablet":"","ocean_menu_typo_transform_mobile":"","ocean_menu_typo_line_height":0,"ocean_menu_typo_line_height_tablet":0,"ocean_menu_typo_line_height_mobile":0,"ocean_menu_typo_line_height_unit":"","ocean_menu_typo_spacing":0,"ocean_menu_typo_spacing_tablet":0,"ocean_menu_typo_spacing_mobile":0,"ocean_menu_typo_spacing_unit":"","ocean_menu_link_color":"","ocean_menu_link_color_hover":"","ocean_menu_link_color_active":"","ocean_menu_link_background":"","ocean_menu_link_hover_background":"","ocean_menu_link_active_background":"","ocean_menu_social_links_bg":"","ocean_menu_social_hover_links_bg":"","ocean_menu_social_links_color":"","ocean_menu_social_hover_links_color":"","ocean_disable_title":"default","ocean_disable_heading":"default","ocean_post_title":"","ocean_post_subheading":"","ocean_post_title_style":"","ocean_post_title_background_color":"","ocean_post_title_background":0,"ocean_post_title_bg_image_position":"","ocean_post_title_bg_image_attachment":"","ocean_post_title_bg_image_repeat":"","ocean_post_title_bg_image_size":"","ocean_post_title_height":0,"ocean_post_title_bg_overlay":0.5,"ocean_post_title_bg_overlay_color":"","ocean_disable_breadcrumbs":"default","ocean_breadcrumbs_color":"","ocean_breadcrumbs_separator_color":"","ocean_breadcrumbs_links_color":"","ocean_breadcrumbs_links_hover_color":"","ocean_display_footer_widgets":"default","ocean_display_footer_bottom":"default","ocean_custom_footer_template":"0","footnotes":""},"class_list":["post-2943","page","type-page","status-publish","hentry","entry"],"jetpack_sharing_enabled":true,"_links":{"self":[{"href":"https:\/\/reismann.de\/index.php?rest_route=\/wp\/v2\/pages\/2943","targetHints":{"allow":["GET"]}}],"collection":[{"href":"https:\/\/reismann.de\/index.php?rest_route=\/wp\/v2\/pages"}],"about":[{"href":"https:\/\/reismann.de\/index.php?rest_route=\/wp\/v2\/types\/page"}],"author":[{"embeddable":true,"href":"https:\/\/reismann.de\/index.php?rest_route=\/wp\/v2\/users\/2"}],"replies":[{"embeddable":true,"href":"https:\/\/reismann.de\/index.php?rest_route=%2Fwp%2Fv2%2Fcomments&post=2943"}],"version-history":[{"count":4,"href":"https:\/\/reismann.de\/index.php?rest_route=\/wp\/v2\/pages\/2943\/revisions"}],"predecessor-version":[{"id":2955,"href":"https:\/\/reismann.de\/index.php?rest_route=\/wp\/v2\/pages\/2943\/revisions\/2955"}],"wp:attachment":[{"href":"https:\/\/reismann.de\/index.php?rest_route=%2Fwp%2Fv2%2Fmedia&parent=2943"}],"curies":[{"name":"wp","href":"https:\/\/api.w.org\/{rel}","templated":true}]}}