{"id":2677,"date":"2022-12-27T17:25:17","date_gmt":"2022-12-27T15:25:17","guid":{"rendered":"https:\/\/test.reismann.de\/?page_id=2677"},"modified":"2022-12-29T13:31:29","modified_gmt":"2022-12-29T11:31:29","slug":"jahrgang-1985","status":"publish","type":"page","link":"https:\/\/reismann.de\/?page_id=2677","title":{"rendered":"Jahrgang 1985"},"content":{"rendered":"\t\t<div data-elementor-type=\"wp-page\" data-elementor-id=\"2677\" class=\"elementor elementor-2677\">\n\t\t\t\t\t\t<section class=\"elementor-section elementor-top-section elementor-element elementor-element-16c1d5c elementor-section-boxed elementor-section-height-default elementor-section-height-default\" data-id=\"16c1d5c\" data-element_type=\"section\" data-e-type=\"section\">\n\t\t\t\t\t\t<div class=\"elementor-container elementor-column-gap-default\">\n\t\t\t\t\t<div class=\"elementor-column elementor-col-100 elementor-top-column elementor-element elementor-element-4d596ba\" data-id=\"4d596ba\" data-element_type=\"column\" data-e-type=\"column\">\n\t\t\t<div class=\"elementor-widget-wrap elementor-element-populated\">\n\t\t\t\t\t\t<div class=\"elementor-element elementor-element-48eb5f9 elementor-widget elementor-widget-heading\" data-id=\"48eb5f9\" data-element_type=\"widget\" data-e-type=\"widget\" data-widget_type=\"heading.default\">\n\t\t\t\t<div class=\"elementor-widget-container\">\n\t\t\t\t\t<h2 class=\"elementor-heading-title elementor-size-large\">Jahrgang 1985<\/h2>\t\t\t\t<\/div>\n\t\t\t\t<\/div>\n\t\t\t\t\t<\/div>\n\t\t<\/div>\n\t\t\t\t\t<\/div>\n\t\t<\/section>\n\t\t\t\t<section class=\"elementor-section elementor-top-section elementor-element elementor-element-cc84db7 elementor-section-boxed elementor-section-height-default elementor-section-height-default\" data-id=\"cc84db7\" data-element_type=\"section\" data-e-type=\"section\">\n\t\t\t\t\t\t<div class=\"elementor-container elementor-column-gap-default\">\n\t\t\t\t\t<div class=\"elementor-column elementor-col-25 elementor-top-column elementor-element elementor-element-8e1065c\" data-id=\"8e1065c\" data-element_type=\"column\" data-e-type=\"column\">\n\t\t\t<div class=\"elementor-widget-wrap elementor-element-populated\">\n\t\t\t\t\t\t<div class=\"elementor-element elementor-element-a8b8f11 elementor-widget elementor-widget-text-editor\" data-id=\"a8b8f11\" data-element_type=\"widget\" data-e-type=\"widget\" data-widget_type=\"text-editor.default\">\n\t\t\t\t<div class=\"elementor-widget-container\">\n\t\t\t\t\t\t\t\t\t<p>Alfermann, Karsten<br \/>Auffenberg, Karl<br \/>Becker, Uwe<br \/>Beermann, Erika<br \/>Bernard, Stephanie geb. Rittmann<br \/>Beseler, J\u00f6rg<br \/>B\u00f6ddeker, Werner<br \/>Bode, Mathias<br \/>B\u00f6hmer, Helmut<br \/>B\u00f6ttger, Petra geb. Scherwinski<br \/>B\u00f6ttger, Ralf<br \/>Breker, Markus<br \/>Brinkmann, Norbert<br \/>Bruns, Barbara geb. Rose<br \/>Daniel, Boris<br \/>Driller, Bardo<br \/>Driller, Bernhard<br \/>Eichhorn, Markus<br \/>Eickmeyer, Frank<br \/>Erdemir, Murat<br \/>Fleege, R\u00fcdiger<br \/>F\u00f6rster, Fritz<br \/>Fromme, Ludger<br \/>G\u00f6bel, Marco<br \/>Grote, Silke<br \/>G\u00fclle, Ralf<br \/>Hahn, Carsten<br \/>Hanke, Maren geb. Rehlaender<br \/>Haschke, Gabriele<br \/>Heemann, Rainer<br \/>Hegenberg, Tilo geb. Tittel<br \/>Helm, Mathias<br \/><span style=\"font-variant-ligatures: normal; font-variant-caps: normal; font-family: Poppins; font-size: 13px; font-style: normal; font-weight: 400;\">Hemscheid, Birgit<\/span><br \/><span style=\"font-variant-ligatures: normal; font-variant-caps: normal; font-family: Poppins; font-size: 13px; font-style: normal; font-weight: 400;\">Henning, Hubertus<\/span><br \/><span style=\"font-variant-ligatures: normal; font-variant-caps: normal; font-family: Poppins; font-size: 13px; font-style: normal; font-weight: 400;\">Herdej\u00fcrgen, Sabine geb. M\u00fcller<\/span><span style=\"font-variant-ligatures: normal; font-variant-caps: normal; font-family: Poppins; font-size: 13px; font-style: normal; font-weight: 400;\"><br \/><\/span><\/p>\t\t\t\t\t\t\t\t<\/div>\n\t\t\t\t<\/div>\n\t\t\t\t\t<\/div>\n\t\t<\/div>\n\t\t\t\t<div class=\"elementor-column elementor-col-25 elementor-top-column elementor-element elementor-element-1d1b4d1\" data-id=\"1d1b4d1\" data-element_type=\"column\" data-e-type=\"column\">\n\t\t\t<div class=\"elementor-widget-wrap elementor-element-populated\">\n\t\t\t\t\t\t<div class=\"elementor-element elementor-element-33b21ce elementor-widget elementor-widget-text-editor\" data-id=\"33b21ce\" data-element_type=\"widget\" data-e-type=\"widget\" data-widget_type=\"text-editor.default\">\n\t\t\t\t<div class=\"elementor-widget-container\">\n\t\t\t\t\t\t\t\t\t<p><span style=\"font-family: Poppins; font-size: 13px; font-style: normal; font-variant-ligatures: normal; font-variant-caps: normal; font-weight: 400;\">Hindermann, Sebastian<br \/>Hintz, Heiko<\/span><br \/><span style=\"font-family: Poppins; font-size: 13px; font-style: normal; font-variant-ligatures: normal; font-variant-caps: normal; font-weight: 400;\">H\u00f6lscher, Peter<\/span><br \/><span style=\"font-family: Poppins; font-size: 13px; font-style: normal; font-variant-ligatures: normal; font-variant-caps: normal; font-weight: 400;\">Humberg, Heinz<\/span><br \/>Jelitte, Michael<br \/>Kalkreuter, Klaus<br \/>Kappmeyer, Christian<br \/>Kensbock, Bodo<br \/>Kiefer, Volker geb. Meschede<br \/>Kivelitz, Dietmar<br \/>Klare, Wolfgang<br \/>Klinger, Andr\u00e9<br \/>K\u00f6hler, Katharina<br \/>Kohlhage, J\u00f6rg<br \/>Koitka, Michael<br \/>Krawinkel, Ronald<br \/>Kretschmer, Bernhard<br \/>Kr\u00f6ger, Martin<br \/>Kroll, Peter<br \/>Kronisch, Frank<br \/>Kurte, Franz-Josef<br \/>Lange, Winfried<br \/>Leineweber, Olaf<br \/>Lingscheid, Viktor<br \/>Lotz, Stefan<br \/>L\u00fcke, Jutta geb. Schrandt<br \/><span style=\"font-family: Poppins; font-size: 13px; font-style: normal; font-variant-ligatures: normal; font-variant-caps: normal; font-weight: 400;\">Manegold, Reinhard<\/span><br \/><span style=\"font-family: Poppins; font-size: 13px; font-style: normal; font-variant-ligatures: normal; font-variant-caps: normal; font-weight: 400;\">Mattheus, Sabine geb. Becker<\/span><br \/><span style=\"font-family: Poppins; font-size: 13px; font-style: normal; font-variant-ligatures: normal; font-variant-caps: normal; font-weight: 400;\">Mehler, Silke<\/span><br \/><span style=\"font-family: Poppins; font-size: 13px; font-style: normal; font-variant-ligatures: normal; font-variant-caps: normal; font-weight: 400;\">Menke, Georg<\/span><br \/><span style=\"font-family: Poppins; font-size: 13px; font-style: normal; font-variant-ligatures: normal; font-variant-caps: normal; font-weight: 400;\">Meyer, Franz-Josef<\/span><br \/><span style=\"font-family: Poppins; font-size: 13px; font-style: normal; font-variant-ligatures: normal; font-variant-caps: normal; font-weight: 400;\">Mollemeier, Erik<\/span><br \/><span style=\"font-family: Poppins; font-size: 13px; font-style: normal; font-variant-ligatures: normal; font-variant-caps: normal; font-weight: 400;\">M\u00f6ller, Detlef<\/span><br \/><span style=\"font-family: Poppins; font-size: 13px; font-style: normal; font-variant-ligatures: normal; font-variant-caps: normal; font-weight: 400;\">M\u00f6ller-Reich, Astrid geb. Hagel\u00fcken<\/span><br \/><span style=\"font-family: Poppins; font-size: 13px; font-style: normal; font-variant-ligatures: normal; font-variant-caps: normal; font-weight: 400;\">M\u00fcrhoff, Thomas<\/span><br \/><span style=\"font-family: Poppins; font-size: 13px; font-style: normal; font-variant-ligatures: normal; font-variant-caps: normal; font-weight: 400;\">Niggemeyer, Monika<br \/>Paletta, J\u00fcrgen<br \/><\/span><\/p>\t\t\t\t\t\t\t\t<\/div>\n\t\t\t\t<\/div>\n\t\t\t\t\t<\/div>\n\t\t<\/div>\n\t\t\t\t<div class=\"elementor-column elementor-col-25 elementor-top-column elementor-element elementor-element-a2188ec\" data-id=\"a2188ec\" data-element_type=\"column\" data-e-type=\"column\">\n\t\t\t<div class=\"elementor-widget-wrap elementor-element-populated\">\n\t\t\t\t\t\t<div class=\"elementor-element elementor-element-dc8dab9 elementor-widget elementor-widget-text-editor\" data-id=\"dc8dab9\" data-element_type=\"widget\" data-e-type=\"widget\" data-widget_type=\"text-editor.default\">\n\t\t\t\t<div class=\"elementor-widget-container\">\n\t\t\t\t\t\t\t\t\t<p><span style=\"font-variant-ligatures: normal; font-variant-caps: normal; font-family: Poppins; font-size: 13px; font-style: normal; font-weight: 400;\">Peck, Wolfgang<br \/>Peitz, Katharina<br \/>Peters, Detlef<\/span><br \/><span style=\"font-variant-ligatures: normal; font-variant-caps: normal; font-family: Poppins; font-size: 13px; font-style: normal; font-weight: 400;\">Petzold, Elisabeth<br \/><\/span><span style=\"font-family: Poppins; font-size: 13px; font-style: normal; font-variant-ligatures: normal; font-variant-caps: normal; font-weight: 400;\">Pl\u00f6ger, Frank<\/span><br \/>Quade, Frank<br \/>Rochel, Markus<br \/>Roder, Annette geb. Rinneberg<br \/>Roder, Fridtjof<br \/>Rowinski, Markus<br \/>R\u00fccker, Georg<br \/>Rudke, Meike geb. M\u00f6hring<br \/>R\u00fcther, Matthias<br \/>Safarovic, Elke<br \/>Sander, Friedhelm<br \/>Sander, Matthias<br \/>Schlamann, Hermann-Walter<br \/>Schleef, Stephan<br \/>Schmidt, Rudolf<br \/>Schr\u00f6der, Elmar<br \/>Schroedter, Thomas<br \/>Schr\u00f6ter, Franziska<br \/>Schulze, Jan-Erik<br \/>Schulze-Waltrup, Bernd<br \/>Schumann, Daniela<br \/>Sch\u00fctte, Ludger<br \/>Sobkowiak, Peter<br \/>Stedefelder, Hartwig<br \/>Steinbr\u00fcck, Stephan<br \/>Steinmeier, Heike<br \/>Steinmeier, Monika geb. Stutzkeis<br \/>Stodolka, Stefan<br \/>Stoffel, Gunther<br \/>Streitenberger, Ulrich<br \/>Telgenb\u00fcscher, Wolfgang<br \/>Tewes, Beate<\/p>\t\t\t\t\t\t\t\t<\/div>\n\t\t\t\t<\/div>\n\t\t\t\t\t<\/div>\n\t\t<\/div>\n\t\t\t\t<div class=\"elementor-column elementor-col-25 elementor-top-column elementor-element elementor-element-e60be9d\" data-id=\"e60be9d\" data-element_type=\"column\" data-e-type=\"column\">\n\t\t\t<div class=\"elementor-widget-wrap elementor-element-populated\">\n\t\t\t\t\t\t<div class=\"elementor-element elementor-element-ebd0017 elementor-widget elementor-widget-text-editor\" data-id=\"ebd0017\" data-element_type=\"widget\" data-e-type=\"widget\" data-widget_type=\"text-editor.default\">\n\t\t\t\t<div class=\"elementor-widget-container\">\n\t\t\t\t\t\t\t\t\t<p>Tewes, Gabriele<br \/>Tewes, J\u00fcrgen<br \/>Thamm, Georg<br \/>Thiele, Ralph<br \/>Timmer, Dirk<br \/>Timmermann, Klaus<br \/>Tofall, Betina geb. Ahlers<br \/>Vo\u00df, Claudia<br \/>Vothknecht, Stefanie geb. Knipfer<br \/>Votsmeier, Eckard<br \/>Vullhorst, Beate geb. Hartmann<br \/>Wallbraun, Michael<br \/>Welslau, Sabine geb. Poguntke<br \/>Werneke, J\u00fcrgen<br \/>Wiland, Oliver<br \/>Zelder, Wolfgang<br \/>Telgenb\u00fcscher, Wolfgang<br \/>Tewes, Beate<br \/>Tewes, Gabriele<br \/>Tewes, J\u00fcrgen<br \/>Thamm, Georg<br \/>Thiele, Ralph<br \/>Timmer, Dirk<br \/>Timmermann, Klaus<br \/>Tofall, Betina geb. Ahlers<br \/>Vo\u00df, Claudia<br \/>Vothknecht, Stefanie geb. Knipfer<br \/>Votsmeier, Eckard<br \/>Vullhorst, Beate geb. Hartmann<br \/>Wallbraun, Michael<br \/>Welslau, Sabine geb. Poguntke<br \/>Werneke, J\u00fcrgen<br \/>Wiland, Oliver<br \/>Zelder, Wolfgang<\/p>\t\t\t\t\t\t\t\t<\/div>\n\t\t\t\t<\/div>\n\t\t\t\t\t<\/div>\n\t\t<\/div>\n\t\t\t\t\t<\/div>\n\t\t<\/section>\n\t\t\t\t<section class=\"elementor-section elementor-top-section elementor-element elementor-element-bce90a4 elementor-section-boxed elementor-section-height-default elementor-section-height-default\" data-id=\"bce90a4\" data-element_type=\"section\" data-e-type=\"section\">\n\t\t\t\t\t\t<div class=\"elementor-container elementor-column-gap-default\">\n\t\t\t\t\t<div class=\"elementor-column elementor-col-100 elementor-top-column elementor-element elementor-element-2556ed3\" data-id=\"2556ed3\" data-element_type=\"column\" data-e-type=\"column\">\n\t\t\t<div class=\"elementor-widget-wrap elementor-element-populated\">\n\t\t\t\t\t\t<div class=\"elementor-element elementor-element-5a61f40 elementor-widget-divider--view-line elementor-widget elementor-widget-divider\" data-id=\"5a61f40\" data-element_type=\"widget\" data-e-type=\"widget\" data-widget_type=\"divider.default\">\n\t\t\t\t<div class=\"elementor-widget-container\">\n\t\t\t\t\t\t\t<div class=\"elementor-divider\">\n\t\t\t<span class=\"elementor-divider-separator\">\n\t\t\t\t\t\t<\/span>\n\t\t<\/div>\n\t\t\t\t\t\t<\/div>\n\t\t\t\t<\/div>\n\t\t\t\t\t<\/div>\n\t\t<\/div>\n\t\t\t\t\t<\/div>\n\t\t<\/section>\n\t\t\t\t<section class=\"elementor-section elementor-top-section elementor-element elementor-element-14091d1 elementor-section-boxed elementor-section-height-default elementor-section-height-default\" data-id=\"14091d1\" data-element_type=\"section\" data-e-type=\"section\">\n\t\t\t\t\t\t<div class=\"elementor-container elementor-column-gap-default\">\n\t\t\t\t\t<div class=\"elementor-column elementor-col-50 elementor-top-column elementor-element elementor-element-72c75b4\" data-id=\"72c75b4\" data-element_type=\"column\" data-e-type=\"column\">\n\t\t\t<div class=\"elementor-widget-wrap elementor-element-populated\">\n\t\t\t\t\t\t<div class=\"elementor-element elementor-element-e682967 elementor-widget elementor-widget-heading\" data-id=\"e682967\" data-element_type=\"widget\" data-e-type=\"widget\" data-widget_type=\"heading.default\">\n\t\t\t\t<div class=\"elementor-widget-container\">\n\t\t\t\t\t<h2 class=\"elementor-heading-title elementor-size-default\">\u00dcbersicht<\/h2>\t\t\t\t<\/div>\n\t\t\t\t<\/div>\n\t\t\t\t<div class=\"elementor-element elementor-element-fefbb4a elementor-widget elementor-widget-text-editor\" data-id=\"fefbb4a\" data-element_type=\"widget\" data-e-type=\"widget\" data-widget_type=\"text-editor.default\">\n\t\t\t\t<div class=\"elementor-widget-container\">\n\t\t\t\t\t\t\t\t\t<ul><li><a href=\"https:\/\/reismann.de\/reismann_sites\/jahrgang_85.htm#abifoto\">Abiturfotos<\/a><\/li><\/ul>\t\t\t\t\t\t\t\t<\/div>\n\t\t\t\t<\/div>\n\t\t\t\t\t<\/div>\n\t\t<\/div>\n\t\t\t\t<div class=\"elementor-column elementor-col-50 elementor-top-column elementor-element elementor-element-56af30c\" data-id=\"56af30c\" data-element_type=\"column\" data-e-type=\"column\">\n\t\t\t<div class=\"elementor-widget-wrap elementor-element-populated\">\n\t\t\t\t\t\t<div class=\"elementor-element elementor-element-d570f1a elementor-align-center elementor-widget elementor-widget-button\" data-id=\"d570f1a\" data-element_type=\"widget\" data-e-type=\"widget\" data-widget_type=\"button.default\">\n\t\t\t\t<div class=\"elementor-widget-container\">\n\t\t\t\t\t\t\t\t\t<div class=\"elementor-button-wrapper\">\n\t\t\t\t\t<a class=\"elementor-button elementor-button-link elementor-size-sm\" href=\"https:\/\/test.reismann.de\/?page_id=839\">\n\t\t\t\t\t\t<span class=\"elementor-button-content-wrapper\">\n\t\t\t\t\t\t\t\t\t<span class=\"elementor-button-text\">Zur\u00fcck zur Jahrgangs\u00fcbersicht<\/span>\n\t\t\t\t\t<\/span>\n\t\t\t\t\t<\/a>\n\t\t\t\t<\/div>\n\t\t\t\t\t\t\t\t<\/div>\n\t\t\t\t<\/div>\n\t\t\t\t\t<\/div>\n\t\t<\/div>\n\t\t\t\t\t<\/div>\n\t\t<\/section>\n\t\t\t\t<section class=\"elementor-section elementor-top-section elementor-element elementor-element-c4d34e8 elementor-section-boxed elementor-section-height-default elementor-section-height-default\" data-id=\"c4d34e8\" data-element_type=\"section\" data-e-type=\"section\">\n\t\t\t\t\t\t<div class=\"elementor-container elementor-column-gap-default\">\n\t\t\t\t\t<div class=\"elementor-column elementor-col-100 elementor-top-column elementor-element elementor-element-3709542\" data-id=\"3709542\" data-element_type=\"column\" data-e-type=\"column\">\n\t\t\t<div class=\"elementor-widget-wrap elementor-element-populated\">\n\t\t\t\t\t\t<div class=\"elementor-element elementor-element-8a6ebe0 elementor-widget-divider--view-line elementor-widget elementor-widget-divider\" data-id=\"8a6ebe0\" data-element_type=\"widget\" data-e-type=\"widget\" data-widget_type=\"divider.default\">\n\t\t\t\t<div class=\"elementor-widget-container\">\n\t\t\t\t\t\t\t<div class=\"elementor-divider\">\n\t\t\t<span class=\"elementor-divider-separator\">\n\t\t\t\t\t\t<\/span>\n\t\t<\/div>\n\t\t\t\t\t\t<\/div>\n\t\t\t\t<\/div>\n\t\t\t\t<div class=\"elementor-element elementor-element-0d3591c elementor-widget elementor-widget-heading\" data-id=\"0d3591c\" data-element_type=\"widget\" data-e-type=\"widget\" data-widget_type=\"heading.default\">\n\t\t\t\t<div class=\"elementor-widget-container\">\n\t\t\t\t\t<h2 class=\"elementor-heading-title elementor-size-default\">Jahrgangsabiturfotos<\/h2>\t\t\t\t<\/div>\n\t\t\t\t<\/div>\n\t\t\t\t<div class=\"elementor-element elementor-element-a9f58de elementor-arrows-position-inside elementor-pagination-position-outside elementor-widget elementor-widget-image-carousel\" data-id=\"a9f58de\" data-element_type=\"widget\" data-e-type=\"widget\" data-settings=\"{&quot;slides_to_show&quot;:&quot;1&quot;,&quot;navigation&quot;:&quot;both&quot;,&quot;autoplay&quot;:&quot;yes&quot;,&quot;pause_on_hover&quot;:&quot;yes&quot;,&quot;pause_on_interaction&quot;:&quot;yes&quot;,&quot;autoplay_speed&quot;:5000,&quot;infinite&quot;:&quot;yes&quot;,&quot;effect&quot;:&quot;slide&quot;,&quot;speed&quot;:500}\" data-widget_type=\"image-carousel.default\">\n\t\t\t\t<div class=\"elementor-widget-container\">\n\t\t\t\t\t\t\t<div class=\"elementor-image-carousel-wrapper swiper\" role=\"region\" aria-roledescription=\"carousel\" aria-label=\"Bild Karussell\" dir=\"ltr\">\n\t\t\t<div class=\"elementor-image-carousel swiper-wrapper\" aria-live=\"off\">\n\t\t\t\t\t\t\t\t<div class=\"swiper-slide\" role=\"group\" aria-roledescription=\"slide\" aria-label=\"1 von 3\"><figure class=\"swiper-slide-inner\"><img decoding=\"async\" class=\"swiper-slide-image\" src=\"https:\/\/reismann.de\/wp-content\/uploads\/2022\/12\/1985g.jpg\" alt=\"1985g\" \/><\/figure><\/div><div class=\"swiper-slide\" role=\"group\" aria-roledescription=\"slide\" aria-label=\"2 von 3\"><figure class=\"swiper-slide-inner\"><img decoding=\"async\" class=\"swiper-slide-image\" src=\"https:\/\/reismann.de\/wp-content\/uploads\/2022\/12\/Abi11.jpg\" alt=\"Abi11\" \/><\/figure><\/div><div class=\"swiper-slide\" role=\"group\" aria-roledescription=\"slide\" aria-label=\"3 von 3\"><figure class=\"swiper-slide-inner\"><img decoding=\"async\" class=\"swiper-slide-image\" src=\"https:\/\/reismann.de\/wp-content\/uploads\/2022\/12\/Abi31.jpg\" alt=\"Abi31\" \/><\/figure><\/div>\t\t\t<\/div>\n\t\t\t\t\t\t\t\t\t\t\t\t<div class=\"elementor-swiper-button elementor-swiper-button-prev\" role=\"button\" tabindex=\"0\">\n\t\t\t\t\t\t<i aria-hidden=\"true\" class=\"eicon-chevron-left\"><\/i>\t\t\t\t\t<\/div>\n\t\t\t\t\t<div class=\"elementor-swiper-button elementor-swiper-button-next\" role=\"button\" tabindex=\"0\">\n\t\t\t\t\t\t<i aria-hidden=\"true\" class=\"eicon-chevron-right\"><\/i>\t\t\t\t\t<\/div>\n\t\t\t\t\n\t\t\t\t\t\t\t\t\t<div class=\"swiper-pagination\"><\/div>\n\t\t\t\t\t\t\t\t\t<\/div>\n\t\t\t\t\t\t<\/div>\n\t\t\t\t<\/div>\n\t\t\t\t<div class=\"elementor-element elementor-element-0481027 elementor-widget-divider--view-line elementor-widget elementor-widget-divider\" data-id=\"0481027\" data-element_type=\"widget\" data-e-type=\"widget\" data-widget_type=\"divider.default\">\n\t\t\t\t<div class=\"elementor-widget-container\">\n\t\t\t\t\t\t\t<div class=\"elementor-divider\">\n\t\t\t<span class=\"elementor-divider-separator\">\n\t\t\t\t\t\t<\/span>\n\t\t<\/div>\n\t\t\t\t\t\t<\/div>\n\t\t\t\t<\/div>\n\t\t\t\t\t<\/div>\n\t\t<\/div>\n\t\t\t\t\t<\/div>\n\t\t<\/section>\n\t\t\t\t<\/div>\n\t\t","protected":false},"excerpt":{"rendered":"<p>Jahrgang 1985 Alfermann, KarstenAuffenberg, KarlBecker, UweBeermann, ErikaBernard, Stephanie geb. RittmannBeseler, J\u00f6rgB\u00f6ddeker, WernerBode, MathiasB\u00f6hmer, HelmutB\u00f6ttger, Petra geb. ScherwinskiB\u00f6ttger, RalfBreker, MarkusBrinkmann, NorbertBruns, Barbara geb. RoseDaniel, BorisDriller, BardoDriller, BernhardEichhorn, MarkusEickmeyer, FrankErdemir, MuratFleege, R\u00fcdigerF\u00f6rster, FritzFromme, LudgerG\u00f6bel, MarcoGrote, SilkeG\u00fclle, RalfHahn, CarstenHanke, Maren geb. RehlaenderHaschke, GabrieleHeemann, RainerHegenberg, Tilo geb. TittelHelm, MathiasHemscheid, BirgitHenning, HubertusHerdej\u00fcrgen, Sabine geb. M\u00fcller Hindermann, SebastianHintz, HeikoH\u00f6lscher, PeterHumberg, HeinzJelitte, [&hellip;]<\/p>\n","protected":false},"author":2,"featured_media":0,"parent":0,"menu_order":0,"comment_status":"closed","ping_status":"closed","template":"","meta":{"ocean_post_layout":"","ocean_both_sidebars_style":"","ocean_both_sidebars_content_width":0,"ocean_both_sidebars_sidebars_width":0,"ocean_sidebar":"0","ocean_second_sidebar":"0","ocean_disable_margins":"enable","ocean_add_body_class":"","ocean_shortcode_before_top_bar":"","ocean_shortcode_after_top_bar":"","ocean_shortcode_before_header":"","ocean_shortcode_after_header":"","ocean_has_shortcode":"","ocean_shortcode_after_title":"","ocean_shortcode_before_footer_widgets":"","ocean_shortcode_after_footer_widgets":"","ocean_shortcode_before_footer_bottom":"","ocean_shortcode_after_footer_bottom":"","ocean_display_top_bar":"default","ocean_display_header":"default","ocean_header_style":"","ocean_center_header_left_menu":"0","ocean_custom_header_template":"0","ocean_custom_logo":0,"ocean_custom_retina_logo":0,"ocean_custom_logo_max_width":0,"ocean_custom_logo_tablet_max_width":0,"ocean_custom_logo_mobile_max_width":0,"ocean_custom_logo_max_height":0,"ocean_custom_logo_tablet_max_height":0,"ocean_custom_logo_mobile_max_height":0,"ocean_header_custom_menu":"0","ocean_menu_typo_font_family":"0","ocean_menu_typo_font_subset":"","ocean_menu_typo_font_size":0,"ocean_menu_typo_font_size_tablet":0,"ocean_menu_typo_font_size_mobile":0,"ocean_menu_typo_font_size_unit":"px","ocean_menu_typo_font_weight":"","ocean_menu_typo_font_weight_tablet":"","ocean_menu_typo_font_weight_mobile":"","ocean_menu_typo_transform":"","ocean_menu_typo_transform_tablet":"","ocean_menu_typo_transform_mobile":"","ocean_menu_typo_line_height":0,"ocean_menu_typo_line_height_tablet":0,"ocean_menu_typo_line_height_mobile":0,"ocean_menu_typo_line_height_unit":"","ocean_menu_typo_spacing":0,"ocean_menu_typo_spacing_tablet":0,"ocean_menu_typo_spacing_mobile":0,"ocean_menu_typo_spacing_unit":"","ocean_menu_link_color":"","ocean_menu_link_color_hover":"","ocean_menu_link_color_active":"","ocean_menu_link_background":"","ocean_menu_link_hover_background":"","ocean_menu_link_active_background":"","ocean_menu_social_links_bg":"","ocean_menu_social_hover_links_bg":"","ocean_menu_social_links_color":"","ocean_menu_social_hover_links_color":"","ocean_disable_title":"default","ocean_disable_heading":"default","ocean_post_title":"","ocean_post_subheading":"","ocean_post_title_style":"","ocean_post_title_background_color":"","ocean_post_title_background":0,"ocean_post_title_bg_image_position":"","ocean_post_title_bg_image_attachment":"","ocean_post_title_bg_image_repeat":"","ocean_post_title_bg_image_size":"","ocean_post_title_height":0,"ocean_post_title_bg_overlay":0.5,"ocean_post_title_bg_overlay_color":"","ocean_disable_breadcrumbs":"default","ocean_breadcrumbs_color":"","ocean_breadcrumbs_separator_color":"","ocean_breadcrumbs_links_color":"","ocean_breadcrumbs_links_hover_color":"","ocean_display_footer_widgets":"default","ocean_display_footer_bottom":"default","ocean_custom_footer_template":"0","footnotes":""},"class_list":["post-2677","page","type-page","status-publish","hentry","entry"],"jetpack_sharing_enabled":true,"_links":{"self":[{"href":"https:\/\/reismann.de\/index.php?rest_route=\/wp\/v2\/pages\/2677","targetHints":{"allow":["GET"]}}],"collection":[{"href":"https:\/\/reismann.de\/index.php?rest_route=\/wp\/v2\/pages"}],"about":[{"href":"https:\/\/reismann.de\/index.php?rest_route=\/wp\/v2\/types\/page"}],"author":[{"embeddable":true,"href":"https:\/\/reismann.de\/index.php?rest_route=\/wp\/v2\/users\/2"}],"replies":[{"embeddable":true,"href":"https:\/\/reismann.de\/index.php?rest_route=%2Fwp%2Fv2%2Fcomments&post=2677"}],"version-history":[{"count":19,"href":"https:\/\/reismann.de\/index.php?rest_route=\/wp\/v2\/pages\/2677\/revisions"}],"predecessor-version":[{"id":2777,"href":"https:\/\/reismann.de\/index.php?rest_route=\/wp\/v2\/pages\/2677\/revisions\/2777"}],"wp:attachment":[{"href":"https:\/\/reismann.de\/index.php?rest_route=%2Fwp%2Fv2%2Fmedia&parent=2677"}],"curies":[{"name":"wp","href":"https:\/\/api.w.org\/{rel}","templated":true}]}}