{"id":2672,"date":"2022-12-27T17:24:30","date_gmt":"2022-12-27T15:24:30","guid":{"rendered":"https:\/\/test.reismann.de\/?page_id=2672"},"modified":"2022-12-29T13:35:36","modified_gmt":"2022-12-29T11:35:36","slug":"jahrgang-1987","status":"publish","type":"page","link":"https:\/\/reismann.de\/?page_id=2672","title":{"rendered":"Jahrgang 1987"},"content":{"rendered":"\t\t<div data-elementor-type=\"wp-page\" data-elementor-id=\"2672\" class=\"elementor elementor-2672\">\n\t\t\t\t\t\t<section class=\"elementor-section elementor-top-section elementor-element elementor-element-dd68cd6 elementor-section-boxed elementor-section-height-default elementor-section-height-default\" data-id=\"dd68cd6\" data-element_type=\"section\" data-e-type=\"section\">\n\t\t\t\t\t\t<div class=\"elementor-container elementor-column-gap-default\">\n\t\t\t\t\t<div class=\"elementor-column elementor-col-100 elementor-top-column elementor-element elementor-element-6d6800c\" data-id=\"6d6800c\" data-element_type=\"column\" data-e-type=\"column\">\n\t\t\t<div class=\"elementor-widget-wrap elementor-element-populated\">\n\t\t\t\t\t\t<div class=\"elementor-element elementor-element-e77e3c8 elementor-widget elementor-widget-heading\" data-id=\"e77e3c8\" data-element_type=\"widget\" data-e-type=\"widget\" data-widget_type=\"heading.default\">\n\t\t\t\t<div class=\"elementor-widget-container\">\n\t\t\t\t\t<h2 class=\"elementor-heading-title elementor-size-large\">Jahrgang 1987<\/h2>\t\t\t\t<\/div>\n\t\t\t\t<\/div>\n\t\t\t\t\t<\/div>\n\t\t<\/div>\n\t\t\t\t\t<\/div>\n\t\t<\/section>\n\t\t\t\t<section class=\"elementor-section elementor-top-section elementor-element elementor-element-bfb6070 elementor-section-boxed elementor-section-height-default elementor-section-height-default\" data-id=\"bfb6070\" data-element_type=\"section\" data-e-type=\"section\">\n\t\t\t\t\t\t<div class=\"elementor-container elementor-column-gap-default\">\n\t\t\t\t\t<div class=\"elementor-column elementor-col-25 elementor-top-column elementor-element elementor-element-9e68986\" data-id=\"9e68986\" data-element_type=\"column\" data-e-type=\"column\">\n\t\t\t<div class=\"elementor-widget-wrap elementor-element-populated\">\n\t\t\t\t\t\t<div class=\"elementor-element elementor-element-c9342d4 elementor-widget elementor-widget-text-editor\" data-id=\"c9342d4\" data-element_type=\"widget\" data-e-type=\"widget\" data-widget_type=\"text-editor.default\">\n\t\t\t\t<div class=\"elementor-widget-container\">\n\t\t\t\t\t\t\t\t\t<p>Altmiks, Matthias<br \/>Amedieck, Sandra geb. Hammermann<br \/>Atorf, Markus<br \/>Austenfeld, Oliver<br \/>Becker, Markus<br \/>Bee, Marlies<br \/>Bethke, Natalie<br \/>Bietz, Ingrid geb. Meilwes<br \/>Bilgin, Kenan<br \/>Bornefeld, Stefan<br \/>B\u00fcrger, Heinz-Josef<br \/>Busse, Alf<br \/>B\u00fcsse, Carsten<br \/>Daniel, Dirk<br \/>Daum, Alexander<br \/>Dickgreber, Hermann<br \/>Diel, Petra geb. Echterling<br \/>Drehsler, Michael<br \/>Eberhardt, Torge<br \/>Eulitz, Dirk<br \/>Feuchthofen, Silke<br \/>Finke, Elmar<br \/>Finkemeyer-Sch\u00fctte, Anja geb. Finkemeyer<br \/>Fuchs, Markus<br \/>Gasse, Olaf<br \/>Gehrs, Oliver<br \/>Gerlach, Ruth geb. Rochel<\/p>\t\t\t\t\t\t\t\t<\/div>\n\t\t\t\t<\/div>\n\t\t\t\t\t<\/div>\n\t\t<\/div>\n\t\t\t\t<div class=\"elementor-column elementor-col-25 elementor-top-column elementor-element elementor-element-c00f275\" data-id=\"c00f275\" data-element_type=\"column\" data-e-type=\"column\">\n\t\t\t<div class=\"elementor-widget-wrap elementor-element-populated\">\n\t\t\t\t\t\t<div class=\"elementor-element elementor-element-e2c0ea2 elementor-widget elementor-widget-text-editor\" data-id=\"e2c0ea2\" data-element_type=\"widget\" data-e-type=\"widget\" data-widget_type=\"text-editor.default\">\n\t\t\t\t<div class=\"elementor-widget-container\">\n\t\t\t\t\t\t\t\t\t<p>Goerge, Ralf<br \/>Grothe, Christoph<br \/>Hagemeier, Ralf<br \/>Hagemeister, Ralf<br \/>Hanke, Volker<br \/>Hartel, Marius<br \/>Heggemann, Udo<br \/>Helm, Michael<br \/>Hochrein, J\u00fcrgen<br \/>H\u00f6hl, Henrik<br \/>Hoischen, Udo<br \/>H\u00f6lscher, Dirk<br \/>Holzapfel, Anne<br \/>Horstmann, Carsten<br \/>Humpert, Klaus<br \/>Hupe, Dietmar<br \/>Ikemeyer, Sonja<br \/>Jakobs, Gudrun<br \/>Josephs, Frank<br \/>Kannenberg, Lutz<br \/>Kanngie\u00dfer, Lutz<br \/>Karges, Ren\u00e9<br \/>Kinsky, Olaf<br \/>Kivelitz, Michael<br \/>Knelangen, Agnes<br \/>Koch, Dietmar<br \/>Koch, Margarete<br \/>Koch, Thomas<br \/>Kr\u00e4mer, Britta<\/p>\t\t\t\t\t\t\t\t<\/div>\n\t\t\t\t<\/div>\n\t\t\t\t\t<\/div>\n\t\t<\/div>\n\t\t\t\t<div class=\"elementor-column elementor-col-25 elementor-top-column elementor-element elementor-element-29d0926\" data-id=\"29d0926\" data-element_type=\"column\" data-e-type=\"column\">\n\t\t\t<div class=\"elementor-widget-wrap elementor-element-populated\">\n\t\t\t\t\t\t<div class=\"elementor-element elementor-element-fa097ec elementor-widget elementor-widget-text-editor\" data-id=\"fa097ec\" data-element_type=\"widget\" data-e-type=\"widget\" data-widget_type=\"text-editor.default\">\n\t\t\t\t<div class=\"elementor-widget-container\">\n\t\t\t\t\t\t\t\t\t<p>Kr\u00fcger, Antje<br \/>Leinroth, Dirk<br \/>Leniger, Christoph<br \/>Linnemann, Christof<br \/>Lippegaus, Olaf<br \/>L\u00fcbbers, Rainer<br \/>Ludwig, Ralph<br \/>Magiera, Joachim<br \/>Mehler, Jens<br \/>Meier, Roland<br \/>Meier, Susanne geb. Tietz<br \/>Metze, Christoph<br \/>Miltrup, Matthias<br \/>Nawatzki, Beate<br \/>Niemann, Dirk<br \/>Ohlmer, Henrik<br \/>Oys, Markus<br \/>Pape, Ralf<br \/>Pape, Ulrich<br \/>Parys, Remigius<br \/>Peters, Norbert<br \/>Port, Olaf<br \/>Quanz, Thomas<br \/>Reineke, Thomas<br \/>Ruloffs, Uwe<br \/>R\u00fcther, Katrin<br \/>R\u00fcther, Rainer<br \/>Sack, Hans-J\u00f6rg<br \/>Sallen, Viola<\/p>\t\t\t\t\t\t\t\t<\/div>\n\t\t\t\t<\/div>\n\t\t\t\t\t<\/div>\n\t\t<\/div>\n\t\t\t\t<div class=\"elementor-column elementor-col-25 elementor-top-column elementor-element elementor-element-e97186e\" data-id=\"e97186e\" data-element_type=\"column\" data-e-type=\"column\">\n\t\t\t<div class=\"elementor-widget-wrap elementor-element-populated\">\n\t\t\t\t\t\t<div class=\"elementor-element elementor-element-eebf046 elementor-widget elementor-widget-text-editor\" data-id=\"eebf046\" data-element_type=\"widget\" data-e-type=\"widget\" data-widget_type=\"text-editor.default\">\n\t\t\t\t<div class=\"elementor-widget-container\">\n\t\t\t\t\t\t\t\t\t<p>Sander, Matthias<br \/>Sauerland, Ulf<br \/>Sch\u00e4ferjohann, Volker<br \/>Schalk, Beate<br \/>Schl\u00fcter, Carsten<br \/>Schmidt, J\u00fcrgen<br \/>Schneeberg, Holger<br \/>Schn\u00fcckel, Guido<br \/>Sch\u00f6nhoff, Achim<br \/>Schr\u00f6ter, Maik<br \/>Schulte, Marlies<br \/>Sprock, Michael<br \/>Steffens, Manuela<br \/>Steinbach, Dirk<br \/>Stratomeier, Hermann<br \/>Streitenberger, Wolfgang<br \/>Tegethoff, Klaus<br \/>T\u00f6lle, Reinhard<br \/>Treu, Oliver<br \/>Venus, Uwe<br \/>Vollmar, Sylke<br \/>Vo\u00df, Martin<br \/>Westhoff, Elmar<br \/>Wildauer, Frederic<br \/>Winkler, Dieter<br \/>Woyke, Thomas<br \/>Yaziki, Ender<br \/>Zamojski, Andreas<br \/>Zinke, Thorsten<\/p>\t\t\t\t\t\t\t\t<\/div>\n\t\t\t\t<\/div>\n\t\t\t\t\t<\/div>\n\t\t<\/div>\n\t\t\t\t\t<\/div>\n\t\t<\/section>\n\t\t\t\t<section class=\"elementor-section elementor-top-section elementor-element elementor-element-0c607fb elementor-section-boxed elementor-section-height-default elementor-section-height-default\" data-id=\"0c607fb\" data-element_type=\"section\" data-e-type=\"section\">\n\t\t\t\t\t\t<div class=\"elementor-container elementor-column-gap-default\">\n\t\t\t\t\t<div class=\"elementor-column elementor-col-100 elementor-top-column elementor-element elementor-element-7696b5a\" data-id=\"7696b5a\" data-element_type=\"column\" data-e-type=\"column\">\n\t\t\t<div class=\"elementor-widget-wrap elementor-element-populated\">\n\t\t\t\t\t\t<div class=\"elementor-element elementor-element-3621fcb elementor-widget-divider--view-line elementor-widget elementor-widget-divider\" data-id=\"3621fcb\" data-element_type=\"widget\" data-e-type=\"widget\" data-widget_type=\"divider.default\">\n\t\t\t\t<div class=\"elementor-widget-container\">\n\t\t\t\t\t\t\t<div class=\"elementor-divider\">\n\t\t\t<span class=\"elementor-divider-separator\">\n\t\t\t\t\t\t<\/span>\n\t\t<\/div>\n\t\t\t\t\t\t<\/div>\n\t\t\t\t<\/div>\n\t\t\t\t\t<\/div>\n\t\t<\/div>\n\t\t\t\t\t<\/div>\n\t\t<\/section>\n\t\t\t\t<section class=\"elementor-section elementor-top-section elementor-element elementor-element-f293d3b elementor-section-boxed elementor-section-height-default elementor-section-height-default\" data-id=\"f293d3b\" data-element_type=\"section\" data-e-type=\"section\">\n\t\t\t\t\t\t<div class=\"elementor-container elementor-column-gap-default\">\n\t\t\t\t\t<div class=\"elementor-column elementor-col-50 elementor-top-column elementor-element elementor-element-d9226a3\" data-id=\"d9226a3\" data-element_type=\"column\" data-e-type=\"column\">\n\t\t\t<div class=\"elementor-widget-wrap elementor-element-populated\">\n\t\t\t\t\t\t<div class=\"elementor-element elementor-element-e5dbe1c elementor-widget elementor-widget-heading\" data-id=\"e5dbe1c\" data-element_type=\"widget\" data-e-type=\"widget\" data-widget_type=\"heading.default\">\n\t\t\t\t<div class=\"elementor-widget-container\">\n\t\t\t\t\t<h2 class=\"elementor-heading-title elementor-size-default\">\u00dcbersicht<\/h2>\t\t\t\t<\/div>\n\t\t\t\t<\/div>\n\t\t\t\t<div class=\"elementor-element elementor-element-9d19a29 elementor-widget elementor-widget-text-editor\" data-id=\"9d19a29\" data-element_type=\"widget\" data-e-type=\"widget\" data-widget_type=\"text-editor.default\">\n\t\t\t\t<div class=\"elementor-widget-container\">\n\t\t\t\t\t\t\t\t\t<ul><li>Jahrgangsstufe 12 &#8211; Abiturjahrgang 1987<\/li><\/ul>\t\t\t\t\t\t\t\t<\/div>\n\t\t\t\t<\/div>\n\t\t\t\t\t<\/div>\n\t\t<\/div>\n\t\t\t\t<div class=\"elementor-column elementor-col-50 elementor-top-column elementor-element elementor-element-7129c69\" data-id=\"7129c69\" data-element_type=\"column\" data-e-type=\"column\">\n\t\t\t<div class=\"elementor-widget-wrap elementor-element-populated\">\n\t\t\t\t\t\t<div class=\"elementor-element elementor-element-84c6306 elementor-align-center elementor-widget elementor-widget-button\" data-id=\"84c6306\" data-element_type=\"widget\" data-e-type=\"widget\" data-widget_type=\"button.default\">\n\t\t\t\t<div class=\"elementor-widget-container\">\n\t\t\t\t\t\t\t\t\t<div class=\"elementor-button-wrapper\">\n\t\t\t\t\t<a class=\"elementor-button elementor-button-link elementor-size-sm\" href=\"https:\/\/test.reismann.de\/?page_id=839\">\n\t\t\t\t\t\t<span class=\"elementor-button-content-wrapper\">\n\t\t\t\t\t\t\t\t\t<span class=\"elementor-button-text\">Zur\u00fcck zur Jahrgangs\u00fcbersicht<\/span>\n\t\t\t\t\t<\/span>\n\t\t\t\t\t<\/a>\n\t\t\t\t<\/div>\n\t\t\t\t\t\t\t\t<\/div>\n\t\t\t\t<\/div>\n\t\t\t\t\t<\/div>\n\t\t<\/div>\n\t\t\t\t\t<\/div>\n\t\t<\/section>\n\t\t\t\t<section class=\"elementor-section elementor-top-section elementor-element elementor-element-4d5b5ec elementor-section-boxed elementor-section-height-default elementor-section-height-default\" data-id=\"4d5b5ec\" data-element_type=\"section\" data-e-type=\"section\">\n\t\t\t\t\t\t<div class=\"elementor-container elementor-column-gap-default\">\n\t\t\t\t\t<div class=\"elementor-column elementor-col-100 elementor-top-column elementor-element elementor-element-6c7d3c8\" data-id=\"6c7d3c8\" data-element_type=\"column\" data-e-type=\"column\">\n\t\t\t<div class=\"elementor-widget-wrap elementor-element-populated\">\n\t\t\t\t\t\t<div class=\"elementor-element elementor-element-4debbe8 elementor-widget-divider--view-line elementor-widget elementor-widget-divider\" data-id=\"4debbe8\" data-element_type=\"widget\" data-e-type=\"widget\" data-widget_type=\"divider.default\">\n\t\t\t\t<div class=\"elementor-widget-container\">\n\t\t\t\t\t\t\t<div class=\"elementor-divider\">\n\t\t\t<span class=\"elementor-divider-separator\">\n\t\t\t\t\t\t<\/span>\n\t\t<\/div>\n\t\t\t\t\t\t<\/div>\n\t\t\t\t<\/div>\n\t\t\t\t<div class=\"elementor-element elementor-element-710fb31 elementor-widget elementor-widget-heading\" data-id=\"710fb31\" data-element_type=\"widget\" data-e-type=\"widget\" data-widget_type=\"heading.default\">\n\t\t\t\t<div class=\"elementor-widget-container\">\n\t\t\t\t\t<h2 class=\"elementor-heading-title elementor-size-default\">Jahrgangstufe 12 - Abiturjahrgang 1987<\/h2>\t\t\t\t<\/div>\n\t\t\t\t<\/div>\n\t\t\t\t<div class=\"elementor-element elementor-element-b5de2f8 elementor-widget elementor-widget-image\" data-id=\"b5de2f8\" data-element_type=\"widget\" data-e-type=\"widget\" data-widget_type=\"image.default\">\n\t\t\t\t<div class=\"elementor-widget-container\">\n\t\t\t\t\t\t\t\t\t\t\t\t\t\t\t<img fetchpriority=\"high\" decoding=\"async\" width=\"1280\" height=\"593\" src=\"https:\/\/reismann.de\/wp-content\/uploads\/2022\/12\/1987g.jpg\" class=\"attachment-2048x2048 size-2048x2048 wp-image-2746\" alt=\"\" srcset=\"https:\/\/reismann.de\/wp-content\/uploads\/2022\/12\/1987g.jpg 1280w, https:\/\/reismann.de\/wp-content\/uploads\/2022\/12\/1987g-300x139.jpg 300w, https:\/\/reismann.de\/wp-content\/uploads\/2022\/12\/1987g-1024x474.jpg 1024w, https:\/\/reismann.de\/wp-content\/uploads\/2022\/12\/1987g-768x356.jpg 768w\" sizes=\"(max-width: 1280px) 100vw, 1280px\" \/>\t\t\t\t\t\t\t\t\t\t\t\t\t\t\t<\/div>\n\t\t\t\t<\/div>\n\t\t\t\t<div class=\"elementor-element elementor-element-b63232c elementor-widget elementor-widget-text-editor\" data-id=\"b63232c\" data-element_type=\"widget\" data-e-type=\"widget\" data-widget_type=\"text-editor.default\">\n\t\t\t\t<div class=\"elementor-widget-container\">\n\t\t\t\t\t\t\t\t\t<p><b>1. Reihe oben stehend von links nach rechts:<\/b><br \/>Reinhard T\u00f6lle, Dirk Leinroth, Volker Sch\u00e4ferjohann, Olaf Gasse, Hans-J\u00f6rg Sack, J\u00fcrgen Schmidt, Thomas Reineke, Klaus Tegethoff, Andreas Zamojski, Lutz Kannegie\u00dfer, Markus Oys, Guido Schn\u00fcckel, Stefan Bornefeld, Hermann Dickgreber, Ralf Pape, Olaf Port, Udo Hoischen, Silke Feuchthofen, Ren\u00e9 Karges, Dirk Eulitz.<br \/><b>2. Reihe Mitte stehend von links nach rechts:<\/b><br \/>Oliver Austenfeld, Ulf Sauerland, J\u00fcrgen Hochrein, Elmar Finke, Ingo Vollmari, Dietmar Hupe, Carsten Horstmann, Alf Busse, Achim Sch\u00f6nhoff, Heinz-Josef B\u00fcrger, Alexander Daum, Manfred Winter, Gudrun Jakobs, Matthias Altmiks, Matthias Sander, Ralf Jakobs, Christoph Leniger.<br \/><b>3. Reihe unten stehend von links nach rechts:<\/b><br \/>Michael Helm, Agnes Knielangen, Beate Schalk, Uwe Venus, Ulrich Pape, Viola Sallen, Dirk Niemann, Ingrid Meilwes, Henrik H\u00f6hl, Sandra Hammermann, Karsten B\u00fcsse, Petra Echterling, Elmar Westhoff, Antje Kr\u00fcger, Michael Dressler, Katrin Kiene, Rainer R\u00fcter, Klaus Humpert, Ralf Hagemeier, Markus Becker, Anja Finkemeyer, Natalie Bethke, Anne Holzapfel, Roland Grenz, Margarete Koch, Susanne Tietz, Olaf Kinsky, Ruth Rochel, Michael Sprock, Petra Lummer, Norbert Peters, Manuela Steffens, Oliver Treu.<br \/><b>4. Reihe unten kniend von links nach rechts:<\/b><br \/>Udo Heggemann, Karsten Schl\u00fcter, Holger Schneeberg, Torge Eberhardt, Hermann Stratomeier, Markus Atorf, Rolf Meier, Michael Hecker, Thorsten Zinke, Dietmar Koch, Christoph Metze, Beate Nawatzki, Christoph Linnemann, Thomas Koch, Joachim Magiera, Fr\u00e9d\u00e9rik Wildauer, Markus Fuchs.<br \/><b>5. Reihe unten sitzend von links nach rechts:<\/b><br \/>Christoph Grote, Martin Voss, Wolfgang Streitenberger, Sylke Vollmar, Britta Kr\u00e4mer, Ralf Goerge, Uwe Roloffs, Maik Schr\u00f6ter, Tom Quanz, Dirk Steinbach, Roland Meier, Frank Josefs.<\/p>\t\t\t\t\t\t\t\t<\/div>\n\t\t\t\t<\/div>\n\t\t\t\t\t<\/div>\n\t\t<\/div>\n\t\t\t\t\t<\/div>\n\t\t<\/section>\n\t\t\t\t<\/div>\n\t\t","protected":false},"excerpt":{"rendered":"<p>Jahrgang 1987 Altmiks, MatthiasAmedieck, Sandra geb. HammermannAtorf, MarkusAustenfeld, OliverBecker, MarkusBee, MarliesBethke, NatalieBietz, Ingrid geb. MeilwesBilgin, KenanBornefeld, StefanB\u00fcrger, Heinz-JosefBusse, AlfB\u00fcsse, CarstenDaniel, DirkDaum, AlexanderDickgreber, HermannDiel, Petra geb. EchterlingDrehsler, MichaelEberhardt, TorgeEulitz, DirkFeuchthofen, SilkeFinke, ElmarFinkemeyer-Sch\u00fctte, Anja geb. FinkemeyerFuchs, MarkusGasse, OlafGehrs, OliverGerlach, Ruth geb. Rochel Goerge, RalfGrothe, ChristophHagemeier, RalfHagemeister, RalfHanke, VolkerHartel, MariusHeggemann, UdoHelm, MichaelHochrein, J\u00fcrgenH\u00f6hl, HenrikHoischen, UdoH\u00f6lscher, DirkHolzapfel, AnneHorstmann, CarstenHumpert, [&hellip;]<\/p>\n","protected":false},"author":2,"featured_media":0,"parent":0,"menu_order":0,"comment_status":"closed","ping_status":"closed","template":"","meta":{"ocean_post_layout":"","ocean_both_sidebars_style":"","ocean_both_sidebars_content_width":0,"ocean_both_sidebars_sidebars_width":0,"ocean_sidebar":"0","ocean_second_sidebar":"0","ocean_disable_margins":"enable","ocean_add_body_class":"","ocean_shortcode_before_top_bar":"","ocean_shortcode_after_top_bar":"","ocean_shortcode_before_header":"","ocean_shortcode_after_header":"","ocean_has_shortcode":"","ocean_shortcode_after_title":"","ocean_shortcode_before_footer_widgets":"","ocean_shortcode_after_footer_widgets":"","ocean_shortcode_before_footer_bottom":"","ocean_shortcode_after_footer_bottom":"","ocean_display_top_bar":"default","ocean_display_header":"default","ocean_header_style":"","ocean_center_header_left_menu":"0","ocean_custom_header_template":"0","ocean_custom_logo":0,"ocean_custom_retina_logo":0,"ocean_custom_logo_max_width":0,"ocean_custom_logo_tablet_max_width":0,"ocean_custom_logo_mobile_max_width":0,"ocean_custom_logo_max_height":0,"ocean_custom_logo_tablet_max_height":0,"ocean_custom_logo_mobile_max_height":0,"ocean_header_custom_menu":"0","ocean_menu_typo_font_family":"0","ocean_menu_typo_font_subset":"","ocean_menu_typo_font_size":0,"ocean_menu_typo_font_size_tablet":0,"ocean_menu_typo_font_size_mobile":0,"ocean_menu_typo_font_size_unit":"px","ocean_menu_typo_font_weight":"","ocean_menu_typo_font_weight_tablet":"","ocean_menu_typo_font_weight_mobile":"","ocean_menu_typo_transform":"","ocean_menu_typo_transform_tablet":"","ocean_menu_typo_transform_mobile":"","ocean_menu_typo_line_height":0,"ocean_menu_typo_line_height_tablet":0,"ocean_menu_typo_line_height_mobile":0,"ocean_menu_typo_line_height_unit":"","ocean_menu_typo_spacing":0,"ocean_menu_typo_spacing_tablet":0,"ocean_menu_typo_spacing_mobile":0,"ocean_menu_typo_spacing_unit":"","ocean_menu_link_color":"","ocean_menu_link_color_hover":"","ocean_menu_link_color_active":"","ocean_menu_link_background":"","ocean_menu_link_hover_background":"","ocean_menu_link_active_background":"","ocean_menu_social_links_bg":"","ocean_menu_social_hover_links_bg":"","ocean_menu_social_links_color":"","ocean_menu_social_hover_links_color":"","ocean_disable_title":"default","ocean_disable_heading":"default","ocean_post_title":"","ocean_post_subheading":"","ocean_post_title_style":"","ocean_post_title_background_color":"","ocean_post_title_background":0,"ocean_post_title_bg_image_position":"","ocean_post_title_bg_image_attachment":"","ocean_post_title_bg_image_repeat":"","ocean_post_title_bg_image_size":"","ocean_post_title_height":0,"ocean_post_title_bg_overlay":0.5,"ocean_post_title_bg_overlay_color":"","ocean_disable_breadcrumbs":"default","ocean_breadcrumbs_color":"","ocean_breadcrumbs_separator_color":"","ocean_breadcrumbs_links_color":"","ocean_breadcrumbs_links_hover_color":"","ocean_display_footer_widgets":"default","ocean_display_footer_bottom":"default","ocean_custom_footer_template":"0","footnotes":""},"class_list":["post-2672","page","type-page","status-publish","hentry","entry"],"jetpack_sharing_enabled":true,"_links":{"self":[{"href":"https:\/\/reismann.de\/index.php?rest_route=\/wp\/v2\/pages\/2672","targetHints":{"allow":["GET"]}}],"collection":[{"href":"https:\/\/reismann.de\/index.php?rest_route=\/wp\/v2\/pages"}],"about":[{"href":"https:\/\/reismann.de\/index.php?rest_route=\/wp\/v2\/types\/page"}],"author":[{"embeddable":true,"href":"https:\/\/reismann.de\/index.php?rest_route=\/wp\/v2\/users\/2"}],"replies":[{"embeddable":true,"href":"https:\/\/reismann.de\/index.php?rest_route=%2Fwp%2Fv2%2Fcomments&post=2672"}],"version-history":[{"count":13,"href":"https:\/\/reismann.de\/index.php?rest_route=\/wp\/v2\/pages\/2672\/revisions"}],"predecessor-version":[{"id":2780,"href":"https:\/\/reismann.de\/index.php?rest_route=\/wp\/v2\/pages\/2672\/revisions\/2780"}],"wp:attachment":[{"href":"https:\/\/reismann.de\/index.php?rest_route=%2Fwp%2Fv2%2Fmedia&parent=2672"}],"curies":[{"name":"wp","href":"https:\/\/api.w.org\/{rel}","templated":true}]}}