{"id":2653,"date":"2022-12-27T17:08:45","date_gmt":"2022-12-27T15:08:45","guid":{"rendered":"https:\/\/test.reismann.de\/?page_id=2653"},"modified":"2022-12-29T13:52:23","modified_gmt":"2022-12-29T11:52:23","slug":"jahrgang-1982","status":"publish","type":"page","link":"https:\/\/reismann.de\/?page_id=2653","title":{"rendered":"Jahrgang 1982"},"content":{"rendered":"\t\t<div data-elementor-type=\"wp-page\" data-elementor-id=\"2653\" class=\"elementor elementor-2653\">\n\t\t\t\t\t\t<section class=\"elementor-section elementor-top-section elementor-element elementor-element-10ebf9f elementor-section-boxed elementor-section-height-default elementor-section-height-default\" data-id=\"10ebf9f\" data-element_type=\"section\" data-e-type=\"section\">\n\t\t\t\t\t\t<div class=\"elementor-container elementor-column-gap-default\">\n\t\t\t\t\t<div class=\"elementor-column elementor-col-100 elementor-top-column elementor-element elementor-element-a190fac\" data-id=\"a190fac\" data-element_type=\"column\" data-e-type=\"column\">\n\t\t\t<div class=\"elementor-widget-wrap elementor-element-populated\">\n\t\t\t\t\t\t<div class=\"elementor-element elementor-element-d0abe57 elementor-widget elementor-widget-heading\" data-id=\"d0abe57\" data-element_type=\"widget\" data-e-type=\"widget\" data-widget_type=\"heading.default\">\n\t\t\t\t<div class=\"elementor-widget-container\">\n\t\t\t\t\t<h2 class=\"elementor-heading-title elementor-size-large\">Jahrgang 1982<\/h2>\t\t\t\t<\/div>\n\t\t\t\t<\/div>\n\t\t\t\t\t<\/div>\n\t\t<\/div>\n\t\t\t\t\t<\/div>\n\t\t<\/section>\n\t\t\t\t<section class=\"elementor-section elementor-top-section elementor-element elementor-element-3b400e4 elementor-section-boxed elementor-section-height-default elementor-section-height-default\" data-id=\"3b400e4\" data-element_type=\"section\" data-e-type=\"section\">\n\t\t\t\t\t\t<div class=\"elementor-container elementor-column-gap-default\">\n\t\t\t\t\t<div class=\"elementor-column elementor-col-33 elementor-top-column elementor-element elementor-element-b62ca0b\" data-id=\"b62ca0b\" data-element_type=\"column\" data-e-type=\"column\">\n\t\t\t<div class=\"elementor-widget-wrap elementor-element-populated\">\n\t\t\t\t\t\t<div class=\"elementor-element elementor-element-60e48e6 elementor-widget elementor-widget-text-editor\" data-id=\"60e48e6\" data-element_type=\"widget\" data-e-type=\"widget\" data-widget_type=\"text-editor.default\">\n\t\t\t\t<div class=\"elementor-widget-container\">\n\t\t\t\t\t\t\t\t\t<p>Antp\u00fchler, Berthold<br \/>Bartmu\u00df, J\u00fcrgen<br \/>Berghaus, Gordon<br \/>Blume, Frank-Markus<br \/>Brandt, J\u00f6rg<br \/>de Greift, Dietmar<br \/>Deppe, Ulrich<br \/>Diekneite, Elisabeth<br \/>Driller, Andreas<br \/>Dr\u00f6ge, Christian<br \/>Fornefeld, Matthias<br \/>Franke, Norbert<br \/>Freitag, Werner<br \/>Gloger, Wolfgang<br \/>Glowik, Paul<br \/>Gr\u00fcne, Dirk<br \/>Hansmeier, Uwe<br \/>Harder, Erika<br \/>Heimann, Claudia<br \/>Henkes, Bernhard<br \/>Hertkorn, Christof<br \/>Hilleke, Gero<br \/>Huneke, Claus-J\u00fcrge<br \/>Isenberg, Eckhard<br \/>Jacobi, Ursula<\/p>\t\t\t\t\t\t\t\t<\/div>\n\t\t\t\t<\/div>\n\t\t\t\t\t<\/div>\n\t\t<\/div>\n\t\t\t\t<div class=\"elementor-column elementor-col-33 elementor-top-column elementor-element elementor-element-5a899e8\" data-id=\"5a899e8\" data-element_type=\"column\" data-e-type=\"column\">\n\t\t\t<div class=\"elementor-widget-wrap elementor-element-populated\">\n\t\t\t\t\t\t<div class=\"elementor-element elementor-element-b6aeb5a elementor-widget elementor-widget-text-editor\" data-id=\"b6aeb5a\" data-element_type=\"widget\" data-e-type=\"widget\" data-widget_type=\"text-editor.default\">\n\t\t\t\t<div class=\"elementor-widget-container\">\n\t\t\t\t\t\t\t\t\t<p>Kalbhen, Hartwig<br \/>Karbstein, Andreas<br \/>Karbstein, Matthias<br \/>Kensbock, Holger<br \/>Kersting, Christoph<br \/>Klahold, Thomas<br \/>Knust, Walter<br \/>K\u00f6chel, Herbert<br \/>Kramer, Renate geb. Simon<br \/>Kr\u00fcger, Cornelia<br \/>Krusenotto, J\u00fcrgen<br \/>Kuhlmann, Kristin<br \/>Langer, Uwe<br \/>Lensdorf, Olaf<br \/>L\u00fcdeke, Hans Peter<br \/>Marheineke, J\u00f6rg<br \/>Meise, Wolfgang<br \/>Merkel, Frank<br \/>M\u00fcller, Detlef<br \/>M\u00fcller, R\u00fcdiger<br \/>Nolte, Niels<br \/>Pack, Hartmut<br \/>Perschon, Rainer<br \/>Pielsticker, Klaus<br \/>Quinte, Robert<\/p>\t\t\t\t\t\t\t\t<\/div>\n\t\t\t\t<\/div>\n\t\t\t\t\t<\/div>\n\t\t<\/div>\n\t\t\t\t<div class=\"elementor-column elementor-col-33 elementor-top-column elementor-element elementor-element-06152bd\" data-id=\"06152bd\" data-element_type=\"column\" data-e-type=\"column\">\n\t\t\t<div class=\"elementor-widget-wrap elementor-element-populated\">\n\t\t\t\t\t\t<div class=\"elementor-element elementor-element-4510043 elementor-widget elementor-widget-text-editor\" data-id=\"4510043\" data-element_type=\"widget\" data-e-type=\"widget\" data-widget_type=\"text-editor.default\">\n\t\t\t\t<div class=\"elementor-widget-container\">\n\t\t\t\t\t\t\t\t\t<p>Raatz, Christian<br \/>Rausch, Christopher<br \/>Rehlaender, Gerd<br \/>Rummel, Martin<br \/>Sauerland, Frank<br \/>Sch\u00e4fers, Johannes<br \/>Schreiner, Heike<br \/>Seifert, Meinholf<br \/>Seifert, Michael<br \/>Senger, Hermann<br \/>Speer, Gregor<br \/>Stiensmeier, Horst<br \/>S\u00fcrig, Manfred<br \/>Thiele, Andreas<br \/>Tilly, Peter<br \/>Trimborn, Brigitta<br \/>von der Ahe, Uwe<br \/>Welslau, Bruno<br \/>Werneke, Michael<br \/>Wiepen, Thomas<br \/>Wolfram, Peter<br \/>Wulf, Willi<br \/>Zalivani, Marco<br \/>Ziegeler, Ute<br \/>Zielke, Christian<\/p>\t\t\t\t\t\t\t\t<\/div>\n\t\t\t\t<\/div>\n\t\t\t\t\t<\/div>\n\t\t<\/div>\n\t\t\t\t\t<\/div>\n\t\t<\/section>\n\t\t\t\t<section class=\"elementor-section elementor-top-section elementor-element elementor-element-483338f elementor-section-boxed elementor-section-height-default elementor-section-height-default\" data-id=\"483338f\" data-element_type=\"section\" data-e-type=\"section\">\n\t\t\t\t\t\t<div class=\"elementor-container elementor-column-gap-default\">\n\t\t\t\t\t<div class=\"elementor-column elementor-col-100 elementor-top-column elementor-element elementor-element-d0e99fb\" data-id=\"d0e99fb\" data-element_type=\"column\" data-e-type=\"column\">\n\t\t\t<div class=\"elementor-widget-wrap elementor-element-populated\">\n\t\t\t\t\t\t<div class=\"elementor-element elementor-element-55c4902 elementor-widget-divider--view-line elementor-widget elementor-widget-divider\" data-id=\"55c4902\" data-element_type=\"widget\" data-e-type=\"widget\" data-widget_type=\"divider.default\">\n\t\t\t\t<div class=\"elementor-widget-container\">\n\t\t\t\t\t\t\t<div class=\"elementor-divider\">\n\t\t\t<span class=\"elementor-divider-separator\">\n\t\t\t\t\t\t<\/span>\n\t\t<\/div>\n\t\t\t\t\t\t<\/div>\n\t\t\t\t<\/div>\n\t\t\t\t\t<\/div>\n\t\t<\/div>\n\t\t\t\t\t<\/div>\n\t\t<\/section>\n\t\t\t\t<section class=\"elementor-section elementor-top-section elementor-element elementor-element-4ef1c1a elementor-section-boxed elementor-section-height-default elementor-section-height-default\" data-id=\"4ef1c1a\" data-element_type=\"section\" data-e-type=\"section\">\n\t\t\t\t\t\t<div class=\"elementor-container elementor-column-gap-default\">\n\t\t\t\t\t<div class=\"elementor-column elementor-col-50 elementor-top-column elementor-element elementor-element-0a6f33b\" data-id=\"0a6f33b\" data-element_type=\"column\" data-e-type=\"column\">\n\t\t\t<div class=\"elementor-widget-wrap elementor-element-populated\">\n\t\t\t\t\t\t<div class=\"elementor-element elementor-element-32bf47b elementor-widget elementor-widget-heading\" data-id=\"32bf47b\" data-element_type=\"widget\" data-e-type=\"widget\" data-widget_type=\"heading.default\">\n\t\t\t\t<div class=\"elementor-widget-container\">\n\t\t\t\t\t<h2 class=\"elementor-heading-title elementor-size-default\">\u00dcbersicht<\/h2>\t\t\t\t<\/div>\n\t\t\t\t<\/div>\n\t\t\t\t<div class=\"elementor-element elementor-element-dc0d946 elementor-widget elementor-widget-text-editor\" data-id=\"dc0d946\" data-element_type=\"widget\" data-e-type=\"widget\" data-widget_type=\"text-editor.default\">\n\t\t\t\t<div class=\"elementor-widget-container\">\n\t\t\t\t\t\t\t\t\t<ul><li>Abizeitschrift<\/li><\/ul>\t\t\t\t\t\t\t\t<\/div>\n\t\t\t\t<\/div>\n\t\t\t\t\t<\/div>\n\t\t<\/div>\n\t\t\t\t<div class=\"elementor-column elementor-col-50 elementor-top-column elementor-element elementor-element-57c71b7\" data-id=\"57c71b7\" data-element_type=\"column\" data-e-type=\"column\">\n\t\t\t<div class=\"elementor-widget-wrap elementor-element-populated\">\n\t\t\t\t\t\t<div class=\"elementor-element elementor-element-4bf876a elementor-align-center elementor-widget elementor-widget-button\" data-id=\"4bf876a\" data-element_type=\"widget\" data-e-type=\"widget\" data-widget_type=\"button.default\">\n\t\t\t\t<div class=\"elementor-widget-container\">\n\t\t\t\t\t\t\t\t\t<div class=\"elementor-button-wrapper\">\n\t\t\t\t\t<a class=\"elementor-button elementor-button-link elementor-size-sm\" href=\"https:\/\/test.reismann.de\/?page_id=839\">\n\t\t\t\t\t\t<span class=\"elementor-button-content-wrapper\">\n\t\t\t\t\t\t\t\t\t<span class=\"elementor-button-text\">Zur\u00fcck zur Jahrgangs\u00fcbersicht<\/span>\n\t\t\t\t\t<\/span>\n\t\t\t\t\t<\/a>\n\t\t\t\t<\/div>\n\t\t\t\t\t\t\t\t<\/div>\n\t\t\t\t<\/div>\n\t\t\t\t\t<\/div>\n\t\t<\/div>\n\t\t\t\t\t<\/div>\n\t\t<\/section>\n\t\t\t\t<section class=\"elementor-section elementor-top-section elementor-element elementor-element-a312346 elementor-section-boxed elementor-section-height-default elementor-section-height-default\" data-id=\"a312346\" data-element_type=\"section\" data-e-type=\"section\">\n\t\t\t\t\t\t<div class=\"elementor-container elementor-column-gap-default\">\n\t\t\t\t\t<div class=\"elementor-column elementor-col-100 elementor-top-column elementor-element elementor-element-bafae36\" data-id=\"bafae36\" data-element_type=\"column\" data-e-type=\"column\">\n\t\t\t<div class=\"elementor-widget-wrap elementor-element-populated\">\n\t\t\t\t\t\t<div class=\"elementor-element elementor-element-1653f5e elementor-widget-divider--view-line elementor-widget elementor-widget-divider\" data-id=\"1653f5e\" data-element_type=\"widget\" data-e-type=\"widget\" data-widget_type=\"divider.default\">\n\t\t\t\t<div class=\"elementor-widget-container\">\n\t\t\t\t\t\t\t<div class=\"elementor-divider\">\n\t\t\t<span class=\"elementor-divider-separator\">\n\t\t\t\t\t\t<\/span>\n\t\t<\/div>\n\t\t\t\t\t\t<\/div>\n\t\t\t\t<\/div>\n\t\t\t\t<div class=\"elementor-element elementor-element-cd9296e elementor-widget elementor-widget-heading\" data-id=\"cd9296e\" data-element_type=\"widget\" data-e-type=\"widget\" data-widget_type=\"heading.default\">\n\t\t\t\t<div class=\"elementor-widget-container\">\n\t\t\t\t\t<h2 class=\"elementor-heading-title elementor-size-default\">Abizeitschrift<\/h2>\t\t\t\t<\/div>\n\t\t\t\t<\/div>\n\t\t\t\t\t<\/div>\n\t\t<\/div>\n\t\t\t\t\t<\/div>\n\t\t<\/section>\n\t\t\t\t<section class=\"elementor-section elementor-top-section elementor-element elementor-element-bf51f96 elementor-section-boxed elementor-section-height-default elementor-section-height-default\" data-id=\"bf51f96\" data-element_type=\"section\" data-e-type=\"section\">\n\t\t\t\t\t\t<div class=\"elementor-container elementor-column-gap-default\">\n\t\t\t\t\t<div class=\"elementor-column elementor-col-50 elementor-top-column elementor-element elementor-element-ad33af5\" data-id=\"ad33af5\" data-element_type=\"column\" data-e-type=\"column\">\n\t\t\t<div class=\"elementor-widget-wrap elementor-element-populated\">\n\t\t\t\t\t\t<div class=\"elementor-element elementor-element-8be71bd elementor-widget elementor-widget-image\" data-id=\"8be71bd\" data-element_type=\"widget\" data-e-type=\"widget\" data-widget_type=\"image.default\">\n\t\t\t\t<div class=\"elementor-widget-container\">\n\t\t\t\t\t\t\t\t\t\t\t\t\t\t\t\t<a href=\"https:\/\/reismann.de\/reismann_jahrgang\/1982\/abizeitschrift_82.pdf\">\n\t\t\t\t\t\t\t<img fetchpriority=\"high\" decoding=\"async\" width=\"214\" height=\"300\" src=\"https:\/\/reismann.de\/wp-content\/uploads\/2022\/12\/abbi-214x300.png\" class=\"attachment-medium size-medium wp-image-2655\" alt=\"\" srcset=\"https:\/\/reismann.de\/wp-content\/uploads\/2022\/12\/abbi-214x300.png 214w, https:\/\/reismann.de\/wp-content\/uploads\/2022\/12\/abbi.png 502w\" sizes=\"(max-width: 214px) 100vw, 214px\" \/>\t\t\t\t\t\t\t\t<\/a>\n\t\t\t\t\t\t\t\t\t\t\t\t\t\t\t<\/div>\n\t\t\t\t<\/div>\n\t\t\t\t\t<\/div>\n\t\t<\/div>\n\t\t\t\t<div class=\"elementor-column elementor-col-50 elementor-top-column elementor-element elementor-element-eb05e59\" data-id=\"eb05e59\" data-element_type=\"column\" data-e-type=\"column\">\n\t\t\t<div class=\"elementor-widget-wrap elementor-element-populated\">\n\t\t\t\t\t\t<div class=\"elementor-element elementor-element-8e6252b elementor-widget elementor-widget-text-editor\" data-id=\"8e6252b\" data-element_type=\"widget\" data-e-type=\"widget\" data-widget_type=\"text-editor.default\">\n\t\t\t\t<div class=\"elementor-widget-container\">\n\t\t\t\t\t\t\t\t\t<p>Die Abizeitschrift 1982 liegt als PDF-Dokument vor und kann durch Anklicken des Bildes geladen werden. Die Gr\u00f6\u00dfe der Datei betr\u00e4gt ca. 1,2 MB.<\/p><p>Verantwortlich f\u00fcr den Inhalt sind die Herausgeber der Zeitschrift.<\/p><p>Der aktuelle Adobe Reader kann\u00a0<a href=\"http:\/\/get.adobe.com\/de\/reader\/\"><b>hier<\/b><\/a>\u00a0heruntergeladen werden.<\/p>\t\t\t\t\t\t\t\t<\/div>\n\t\t\t\t<\/div>\n\t\t\t\t\t<\/div>\n\t\t<\/div>\n\t\t\t\t\t<\/div>\n\t\t<\/section>\n\t\t\t\t<section class=\"elementor-section elementor-top-section elementor-element elementor-element-94ab61a elementor-section-boxed elementor-section-height-default elementor-section-height-default\" data-id=\"94ab61a\" data-element_type=\"section\" data-e-type=\"section\">\n\t\t\t\t\t\t<div class=\"elementor-container elementor-column-gap-default\">\n\t\t\t\t\t<div class=\"elementor-column elementor-col-100 elementor-top-column elementor-element elementor-element-34b0a05\" data-id=\"34b0a05\" data-element_type=\"column\" data-e-type=\"column\">\n\t\t\t<div class=\"elementor-widget-wrap elementor-element-populated\">\n\t\t\t\t\t\t<div class=\"elementor-element elementor-element-333404f elementor-widget-divider--view-line elementor-widget elementor-widget-divider\" data-id=\"333404f\" data-element_type=\"widget\" data-e-type=\"widget\" data-widget_type=\"divider.default\">\n\t\t\t\t<div class=\"elementor-widget-container\">\n\t\t\t\t\t\t\t<div class=\"elementor-divider\">\n\t\t\t<span class=\"elementor-divider-separator\">\n\t\t\t\t\t\t<\/span>\n\t\t<\/div>\n\t\t\t\t\t\t<\/div>\n\t\t\t\t<\/div>\n\t\t\t\t\t<\/div>\n\t\t<\/div>\n\t\t\t\t\t<\/div>\n\t\t<\/section>\n\t\t\t\t<\/div>\n\t\t","protected":false},"excerpt":{"rendered":"<p>Jahrgang 1982 Antp\u00fchler, BertholdBartmu\u00df, J\u00fcrgenBerghaus, GordonBlume, Frank-MarkusBrandt, J\u00f6rgde Greift, DietmarDeppe, UlrichDiekneite, ElisabethDriller, AndreasDr\u00f6ge, ChristianFornefeld, MatthiasFranke, NorbertFreitag, WernerGloger, WolfgangGlowik, PaulGr\u00fcne, DirkHansmeier, UweHarder, ErikaHeimann, ClaudiaHenkes, BernhardHertkorn, ChristofHilleke, GeroHuneke, Claus-J\u00fcrgeIsenberg, EckhardJacobi, Ursula Kalbhen, HartwigKarbstein, AndreasKarbstein, MatthiasKensbock, HolgerKersting, ChristophKlahold, ThomasKnust, WalterK\u00f6chel, HerbertKramer, Renate geb. SimonKr\u00fcger, CorneliaKrusenotto, J\u00fcrgenKuhlmann, KristinLanger, UweLensdorf, OlafL\u00fcdeke, Hans PeterMarheineke, J\u00f6rgMeise, WolfgangMerkel, FrankM\u00fcller, DetlefM\u00fcller, R\u00fcdigerNolte, NielsPack, HartmutPerschon, [&hellip;]<\/p>\n","protected":false},"author":2,"featured_media":0,"parent":0,"menu_order":0,"comment_status":"closed","ping_status":"closed","template":"","meta":{"ocean_post_layout":"","ocean_both_sidebars_style":"","ocean_both_sidebars_content_width":0,"ocean_both_sidebars_sidebars_width":0,"ocean_sidebar":"0","ocean_second_sidebar":"0","ocean_disable_margins":"enable","ocean_add_body_class":"","ocean_shortcode_before_top_bar":"","ocean_shortcode_after_top_bar":"","ocean_shortcode_before_header":"","ocean_shortcode_after_header":"","ocean_has_shortcode":"","ocean_shortcode_after_title":"","ocean_shortcode_before_footer_widgets":"","ocean_shortcode_after_footer_widgets":"","ocean_shortcode_before_footer_bottom":"","ocean_shortcode_after_footer_bottom":"","ocean_display_top_bar":"default","ocean_display_header":"default","ocean_header_style":"","ocean_center_header_left_menu":"0","ocean_custom_header_template":"0","ocean_custom_logo":0,"ocean_custom_retina_logo":0,"ocean_custom_logo_max_width":0,"ocean_custom_logo_tablet_max_width":0,"ocean_custom_logo_mobile_max_width":0,"ocean_custom_logo_max_height":0,"ocean_custom_logo_tablet_max_height":0,"ocean_custom_logo_mobile_max_height":0,"ocean_header_custom_menu":"0","ocean_menu_typo_font_family":"0","ocean_menu_typo_font_subset":"","ocean_menu_typo_font_size":0,"ocean_menu_typo_font_size_tablet":0,"ocean_menu_typo_font_size_mobile":0,"ocean_menu_typo_font_size_unit":"px","ocean_menu_typo_font_weight":"","ocean_menu_typo_font_weight_tablet":"","ocean_menu_typo_font_weight_mobile":"","ocean_menu_typo_transform":"","ocean_menu_typo_transform_tablet":"","ocean_menu_typo_transform_mobile":"","ocean_menu_typo_line_height":0,"ocean_menu_typo_line_height_tablet":0,"ocean_menu_typo_line_height_mobile":0,"ocean_menu_typo_line_height_unit":"","ocean_menu_typo_spacing":0,"ocean_menu_typo_spacing_tablet":0,"ocean_menu_typo_spacing_mobile":0,"ocean_menu_typo_spacing_unit":"","ocean_menu_link_color":"","ocean_menu_link_color_hover":"","ocean_menu_link_color_active":"","ocean_menu_link_background":"","ocean_menu_link_hover_background":"","ocean_menu_link_active_background":"","ocean_menu_social_links_bg":"","ocean_menu_social_hover_links_bg":"","ocean_menu_social_links_color":"","ocean_menu_social_hover_links_color":"","ocean_disable_title":"default","ocean_disable_heading":"default","ocean_post_title":"","ocean_post_subheading":"","ocean_post_title_style":"","ocean_post_title_background_color":"","ocean_post_title_background":0,"ocean_post_title_bg_image_position":"","ocean_post_title_bg_image_attachment":"","ocean_post_title_bg_image_repeat":"","ocean_post_title_bg_image_size":"","ocean_post_title_height":0,"ocean_post_title_bg_overlay":0.5,"ocean_post_title_bg_overlay_color":"","ocean_disable_breadcrumbs":"default","ocean_breadcrumbs_color":"","ocean_breadcrumbs_separator_color":"","ocean_breadcrumbs_links_color":"","ocean_breadcrumbs_links_hover_color":"","ocean_display_footer_widgets":"default","ocean_display_footer_bottom":"default","ocean_custom_footer_template":"0","footnotes":""},"class_list":["post-2653","page","type-page","status-publish","hentry","entry"],"jetpack_sharing_enabled":true,"_links":{"self":[{"href":"https:\/\/reismann.de\/index.php?rest_route=\/wp\/v2\/pages\/2653","targetHints":{"allow":["GET"]}}],"collection":[{"href":"https:\/\/reismann.de\/index.php?rest_route=\/wp\/v2\/pages"}],"about":[{"href":"https:\/\/reismann.de\/index.php?rest_route=\/wp\/v2\/types\/page"}],"author":[{"embeddable":true,"href":"https:\/\/reismann.de\/index.php?rest_route=\/wp\/v2\/users\/2"}],"replies":[{"embeddable":true,"href":"https:\/\/reismann.de\/index.php?rest_route=%2Fwp%2Fv2%2Fcomments&post=2653"}],"version-history":[{"count":13,"href":"https:\/\/reismann.de\/index.php?rest_route=\/wp\/v2\/pages\/2653\/revisions"}],"predecessor-version":[{"id":2789,"href":"https:\/\/reismann.de\/index.php?rest_route=\/wp\/v2\/pages\/2653\/revisions\/2789"}],"wp:attachment":[{"href":"https:\/\/reismann.de\/index.php?rest_route=%2Fwp%2Fv2%2Fmedia&parent=2653"}],"curies":[{"name":"wp","href":"https:\/\/api.w.org\/{rel}","templated":true}]}}