{"id":2226,"date":"2022-11-27T16:10:38","date_gmt":"2022-11-27T14:10:38","guid":{"rendered":"https:\/\/test.reismann.de\/?page_id=2226"},"modified":"2022-12-30T14:44:59","modified_gmt":"2022-12-30T12:44:59","slug":"jahrgang-1969","status":"publish","type":"page","link":"https:\/\/reismann.de\/?page_id=2226","title":{"rendered":"Jahrgang 1969"},"content":{"rendered":"\t\t<div data-elementor-type=\"wp-page\" data-elementor-id=\"2226\" class=\"elementor elementor-2226\">\n\t\t\t\t\t\t<section class=\"elementor-section elementor-top-section elementor-element elementor-element-ff50e4d elementor-section-boxed elementor-section-height-default elementor-section-height-default\" data-id=\"ff50e4d\" data-element_type=\"section\" data-e-type=\"section\">\n\t\t\t\t\t\t<div class=\"elementor-container elementor-column-gap-default\">\n\t\t\t\t\t<div class=\"elementor-column elementor-col-100 elementor-top-column elementor-element elementor-element-aa56a0f\" data-id=\"aa56a0f\" data-element_type=\"column\" data-e-type=\"column\">\n\t\t\t<div class=\"elementor-widget-wrap elementor-element-populated\">\n\t\t\t\t\t\t<div class=\"elementor-element elementor-element-62f8bee elementor-widget elementor-widget-heading\" data-id=\"62f8bee\" data-element_type=\"widget\" data-e-type=\"widget\" data-widget_type=\"heading.default\">\n\t\t\t\t<div class=\"elementor-widget-container\">\n\t\t\t\t\t<h2 class=\"elementor-heading-title elementor-size-large\">Jahrgang 1969<\/h2>\t\t\t\t<\/div>\n\t\t\t\t<\/div>\n\t\t\t\t\t<\/div>\n\t\t<\/div>\n\t\t\t\t\t<\/div>\n\t\t<\/section>\n\t\t\t\t<section class=\"elementor-section elementor-top-section elementor-element elementor-element-7fc3634 elementor-section-boxed elementor-section-height-default elementor-section-height-default\" data-id=\"7fc3634\" data-element_type=\"section\" data-e-type=\"section\">\n\t\t\t\t\t\t<div class=\"elementor-container elementor-column-gap-default\">\n\t\t\t\t\t<div class=\"elementor-column elementor-col-25 elementor-top-column elementor-element elementor-element-72a692d\" data-id=\"72a692d\" data-element_type=\"column\" data-e-type=\"column\">\n\t\t\t<div class=\"elementor-widget-wrap elementor-element-populated\">\n\t\t\t\t\t\t<div class=\"elementor-element elementor-element-b036399 elementor-widget elementor-widget-text-editor\" data-id=\"b036399\" data-element_type=\"widget\" data-e-type=\"widget\" data-widget_type=\"text-editor.default\">\n\t\t\t\t<div class=\"elementor-widget-container\">\n\t\t\t\t\t\t\t\t\t<p><strong>OIA<\/strong><\/p><p>Donath, Dietmar<br \/>Flocke, Peter<br \/>Freitag, Beate<br \/>Jonas, Karl<br \/>Klein, Gabriele<br \/>Knoke, Ludwig<br \/>Menze, Manfred<br \/>Menze, Marianne geb. Stapelbrock<br \/>Midecke, Lothar<br \/>M\u00f6ller, Heinz<br \/>Paul, Gabriele<br \/>Tempelmeier, Rainer<br \/>Thiel, Hans<br \/>Wolff, Carla<\/p>\t\t\t\t\t\t\t\t<\/div>\n\t\t\t\t<\/div>\n\t\t\t\t\t<\/div>\n\t\t<\/div>\n\t\t\t\t<div class=\"elementor-column elementor-col-25 elementor-top-column elementor-element elementor-element-372159d\" data-id=\"372159d\" data-element_type=\"column\" data-e-type=\"column\">\n\t\t\t<div class=\"elementor-widget-wrap elementor-element-populated\">\n\t\t\t\t\t\t<div class=\"elementor-element elementor-element-9ee5ff6 elementor-widget elementor-widget-text-editor\" data-id=\"9ee5ff6\" data-element_type=\"widget\" data-e-type=\"widget\" data-widget_type=\"text-editor.default\">\n\t\t\t\t<div class=\"elementor-widget-container\">\n\t\t\t\t\t\t\t\t\t<p><strong>OIm<\/strong><\/p><p>Budde, Anton<br \/>Diekmann, Karl Heinz<br \/>Frensemeier, Albert<br \/>Hellmund, Wolf-Roger<br \/>Meier, Hans-Detlef<br \/>M\u00fcller, Horst<br \/>Rustemeier, Klaus<br \/>Schnieder, Hans-Joachim<br \/>Seppelfeld, Erwin<br \/>Torunski, Horst<\/p>\t\t\t\t\t\t\t\t<\/div>\n\t\t\t\t<\/div>\n\t\t\t\t\t<\/div>\n\t\t<\/div>\n\t\t\t\t<div class=\"elementor-column elementor-col-25 elementor-top-column elementor-element elementor-element-2819f49\" data-id=\"2819f49\" data-element_type=\"column\" data-e-type=\"column\">\n\t\t\t<div class=\"elementor-widget-wrap elementor-element-populated\">\n\t\t\t\t\t\t<div class=\"elementor-element elementor-element-c1e9801 elementor-widget elementor-widget-text-editor\" data-id=\"c1e9801\" data-element_type=\"widget\" data-e-type=\"widget\" data-widget_type=\"text-editor.default\">\n\t\t\t\t<div class=\"elementor-widget-container\">\n\t\t\t\t\t\t\t\t\t<p><strong>OIs1<\/strong><\/p><p>Bekemeier, J\u00fcrgen<br \/>Berke, Paul<br \/>Lindhauer, Meinholf<br \/>Opel, Udo<br \/>Reichhardt, Harald<br \/>Schlickeiser, Alfred<br \/>Spallek, Lothar<br \/>T\u00fcshaus, Ulrich<br \/>Vogt, Godehard<br \/>Wegener, Bernd<br \/>Westphal, Karl Ulrich<br \/>Wieland, Rainer<br \/>Wolf, Ulrich<\/p>\t\t\t\t\t\t\t\t<\/div>\n\t\t\t\t<\/div>\n\t\t\t\t\t<\/div>\n\t\t<\/div>\n\t\t\t\t<div class=\"elementor-column elementor-col-25 elementor-top-column elementor-element elementor-element-be75795\" data-id=\"be75795\" data-element_type=\"column\" data-e-type=\"column\">\n\t\t\t<div class=\"elementor-widget-wrap elementor-element-populated\">\n\t\t\t\t\t\t<div class=\"elementor-element elementor-element-48ab8ee elementor-widget elementor-widget-text-editor\" data-id=\"48ab8ee\" data-element_type=\"widget\" data-e-type=\"widget\" data-widget_type=\"text-editor.default\">\n\t\t\t\t<div class=\"elementor-widget-container\">\n\t\t\t\t\t\t\t\t\t<p><strong>OIs2<\/strong><\/p><p>Behmer, Karl Heinz<br \/>Grauer, Alfred<br \/>Heemann, Norbert<br \/>Hesse, Richard<br \/>Hildmann, Bruno<br \/>Koch, Harald<br \/>K\u00fchn, Alred<br \/>Lahme, Ulrich<br \/>L\u00f6dige, Rudolf<br \/>Roland, Helmut<br \/>Schr\u00f6ter, Rainer<br \/>St\u00f6ver, Lothar<br \/>Tillmann, Hans Georg\u00a0<\/p>\t\t\t\t\t\t\t\t<\/div>\n\t\t\t\t<\/div>\n\t\t\t\t\t<\/div>\n\t\t<\/div>\n\t\t\t\t\t<\/div>\n\t\t<\/section>\n\t\t\t\t<section class=\"elementor-section elementor-top-section elementor-element elementor-element-74d22df elementor-section-boxed elementor-section-height-default elementor-section-height-default\" data-id=\"74d22df\" data-element_type=\"section\" data-e-type=\"section\">\n\t\t\t\t\t\t<div class=\"elementor-container elementor-column-gap-default\">\n\t\t\t\t\t<div class=\"elementor-column elementor-col-50 elementor-top-column elementor-element elementor-element-6529ad6\" data-id=\"6529ad6\" data-element_type=\"column\" data-e-type=\"column\">\n\t\t\t<div class=\"elementor-widget-wrap elementor-element-populated\">\n\t\t\t\t\t\t<div class=\"elementor-element elementor-element-cde8c39 elementor-widget elementor-widget-heading\" data-id=\"cde8c39\" data-element_type=\"widget\" data-e-type=\"widget\" data-widget_type=\"heading.default\">\n\t\t\t\t<div class=\"elementor-widget-container\">\n\t\t\t\t\t<h2 class=\"elementor-heading-title elementor-size-default\">\u00dcbersicht<\/h2>\t\t\t\t<\/div>\n\t\t\t\t<\/div>\n\t\t\t\t<div class=\"elementor-element elementor-element-ed36c0a elementor-widget elementor-widget-text-editor\" data-id=\"ed36c0a\" data-element_type=\"widget\" data-e-type=\"widget\" data-widget_type=\"text-editor.default\">\n\t\t\t\t<div class=\"elementor-widget-container\">\n\t\t\t\t\t\t\t\t\t<ul><li><a href=\"https:\/\/reismann.de\/reismann_sites\/jahrgang_69.htm#40oIs1feier1\">40-Jahrfeier der OIs1<\/a><\/li><\/ul>\t\t\t\t\t\t\t\t<\/div>\n\t\t\t\t<\/div>\n\t\t\t\t\t<\/div>\n\t\t<\/div>\n\t\t\t\t<div class=\"elementor-column elementor-col-50 elementor-top-column elementor-element elementor-element-472e719\" data-id=\"472e719\" data-element_type=\"column\" data-e-type=\"column\">\n\t\t\t<div class=\"elementor-widget-wrap elementor-element-populated\">\n\t\t\t\t\t\t<div class=\"elementor-element elementor-element-4c9de19 elementor-align-center elementor-widget elementor-widget-button\" data-id=\"4c9de19\" data-element_type=\"widget\" data-e-type=\"widget\" data-widget_type=\"button.default\">\n\t\t\t\t<div class=\"elementor-widget-container\">\n\t\t\t\t\t\t\t\t\t<div class=\"elementor-button-wrapper\">\n\t\t\t\t\t<a class=\"elementor-button elementor-button-link elementor-size-sm\" href=\"https:\/\/test.reismann.de\/?page_id=839\">\n\t\t\t\t\t\t<span class=\"elementor-button-content-wrapper\">\n\t\t\t\t\t\t\t\t\t<span class=\"elementor-button-text\">Zur\u00fcck zur Jahrgangs\u00fcbersicht<\/span>\n\t\t\t\t\t<\/span>\n\t\t\t\t\t<\/a>\n\t\t\t\t<\/div>\n\t\t\t\t\t\t\t\t<\/div>\n\t\t\t\t<\/div>\n\t\t\t\t\t<\/div>\n\t\t<\/div>\n\t\t\t\t\t<\/div>\n\t\t<\/section>\n\t\t\t\t<section class=\"elementor-section elementor-top-section elementor-element elementor-element-e205b21 elementor-section-boxed elementor-section-height-default elementor-section-height-default\" data-id=\"e205b21\" data-element_type=\"section\" data-e-type=\"section\">\n\t\t\t\t\t\t<div class=\"elementor-container elementor-column-gap-default\">\n\t\t\t\t\t<div class=\"elementor-column elementor-col-100 elementor-top-column elementor-element elementor-element-d0e3269\" data-id=\"d0e3269\" data-element_type=\"column\" data-e-type=\"column\">\n\t\t\t<div class=\"elementor-widget-wrap elementor-element-populated\">\n\t\t\t\t\t\t<div class=\"elementor-element elementor-element-8c9793f elementor-widget-divider--view-line elementor-widget elementor-widget-divider\" data-id=\"8c9793f\" data-element_type=\"widget\" data-e-type=\"widget\" data-widget_type=\"divider.default\">\n\t\t\t\t<div class=\"elementor-widget-container\">\n\t\t\t\t\t\t\t<div class=\"elementor-divider\">\n\t\t\t<span class=\"elementor-divider-separator\">\n\t\t\t\t\t\t<\/span>\n\t\t<\/div>\n\t\t\t\t\t\t<\/div>\n\t\t\t\t<\/div>\n\t\t\t\t<div class=\"elementor-element elementor-element-2ff9067 elementor-widget elementor-widget-heading\" data-id=\"2ff9067\" data-element_type=\"widget\" data-e-type=\"widget\" data-widget_type=\"heading.default\">\n\t\t\t\t<div class=\"elementor-widget-container\">\n\t\t\t\t\t<h2 class=\"elementor-heading-title elementor-size-default\">40-Jahrfeier der OIs1 am 19.09.2009<\/h2>\t\t\t\t<\/div>\n\t\t\t\t<\/div>\n\t\t\t\t\t<\/div>\n\t\t<\/div>\n\t\t\t\t\t<\/div>\n\t\t<\/section>\n\t\t\t\t<section class=\"elementor-section elementor-top-section elementor-element elementor-element-ea5a96b elementor-section-boxed elementor-section-height-default elementor-section-height-default\" data-id=\"ea5a96b\" data-element_type=\"section\" data-e-type=\"section\">\n\t\t\t\t\t\t<div class=\"elementor-container elementor-column-gap-default\">\n\t\t\t\t\t<div class=\"elementor-column elementor-col-50 elementor-top-column elementor-element elementor-element-0dd9bd9\" data-id=\"0dd9bd9\" data-element_type=\"column\" data-e-type=\"column\">\n\t\t\t<div class=\"elementor-widget-wrap elementor-element-populated\">\n\t\t\t\t\t\t<div class=\"elementor-element elementor-element-4494833 elementor-widget elementor-widget-image\" data-id=\"4494833\" data-element_type=\"widget\" data-e-type=\"widget\" data-widget_type=\"image.default\">\n\t\t\t\t<div class=\"elementor-widget-container\">\n\t\t\t\t\t\t\t\t\t\t\t\t\t\t\t<img fetchpriority=\"high\" decoding=\"async\" width=\"768\" height=\"1024\" src=\"https:\/\/reismann.de\/wp-content\/uploads\/2022\/11\/IMG_1850g-768x1024.jpg\" class=\"attachment-medium_large size-medium_large wp-image-2228\" alt=\"\" srcset=\"https:\/\/reismann.de\/wp-content\/uploads\/2022\/11\/IMG_1850g-768x1024.jpg 768w, https:\/\/reismann.de\/wp-content\/uploads\/2022\/11\/IMG_1850g-225x300.jpg 225w, https:\/\/reismann.de\/wp-content\/uploads\/2022\/11\/IMG_1850g.jpg 960w\" sizes=\"(max-width: 768px) 100vw, 768px\" \/>\t\t\t\t\t\t\t\t\t\t\t\t\t\t\t<\/div>\n\t\t\t\t<\/div>\n\t\t\t\t<div class=\"elementor-element elementor-element-94dfa1d elementor-widget-divider--view-line elementor-widget elementor-widget-divider\" data-id=\"94dfa1d\" data-element_type=\"widget\" data-e-type=\"widget\" data-widget_type=\"divider.default\">\n\t\t\t\t<div class=\"elementor-widget-container\">\n\t\t\t\t\t\t\t<div class=\"elementor-divider\">\n\t\t\t<span class=\"elementor-divider-separator\">\n\t\t\t\t\t\t<\/span>\n\t\t<\/div>\n\t\t\t\t\t\t<\/div>\n\t\t\t\t<\/div>\n\t\t\t\t<div class=\"elementor-element elementor-element-d9b589f elementor-widget elementor-widget-text-editor\" data-id=\"d9b589f\" data-element_type=\"widget\" data-e-type=\"widget\" data-widget_type=\"text-editor.default\">\n\t\t\t\t<div class=\"elementor-widget-container\">\n\t\t\t\t\t\t\t\t\t<p>Dabei bestand Gelegenheit, sich nach langen Jahren noch mal in den alten, wohlvertrauten R\u00e4umlichkeiten umzuschauen (u.a Aula und Musikraum) und sich in\u00a0die engen B\u00e4nke des Physikraumes zu dr\u00fccken, der heute noch in seiner damaligen Form als H\u00f6rsaal besteht.<br \/>Begleitet wurden die Ehemaligen\u00a0bei Ihrem Schulbesuch von der ersten Klassenlehrerin,\u00a0<b>Frau Pritsch<\/b>\u00a0und dem Mathematiklehrer der Abschlussklasse,\u00a0<b>Herrn Liemke<\/b>.<\/p><p>Der Schulleiter vermittelte den Jubilaren ein Bild des aktuellen Schulgeschehens und vor allem auch die Neubaupl\u00e4ne des Gymnasiums.<\/p><p>In der ersten Reihe von links: Dr. Ulrich T\u00fcshaus, Godehard Vogt<br \/>In der zweiten Reihe von unten: Dr. Rainer Wieland, Udo Opel, Dr. Meinolf Lindhauer, Harald Reichardt;<br \/>In der dritten Reihe von unten: J\u00fcrgen Bekemeier und Paul Berke;<br \/>In der oberen Reihe: Herrn\u00a0und Frau Pritsch,\u00a0Bernd Wegener und Herrn Richard Liemke.<\/p>\t\t\t\t\t\t\t\t<\/div>\n\t\t\t\t<\/div>\n\t\t\t\t\t<\/div>\n\t\t<\/div>\n\t\t\t\t<div class=\"elementor-column elementor-col-50 elementor-top-column elementor-element elementor-element-1fb24f0\" data-id=\"1fb24f0\" data-element_type=\"column\" data-e-type=\"column\">\n\t\t\t<div class=\"elementor-widget-wrap elementor-element-populated\">\n\t\t\t\t\t\t<div class=\"elementor-element elementor-element-9cf0eef elementor-widget elementor-widget-text-editor\" data-id=\"9cf0eef\" data-element_type=\"widget\" data-e-type=\"widget\" data-widget_type=\"text-editor.default\">\n\t\t\t\t<div class=\"elementor-widget-container\">\n\t\t\t\t\t\t\t\t\t<p>Am Samstag trafen sich am Reismann-Gymnasium 9 ehemalige Sch\u00fcler der Klasse OIs1 des Abiturjahrganges 1969, um das 40-j\u00e4hrige Jubil\u00e4um ihres\u00a0Schulabschlusses zu begehen. Sie wurden vom Schulleiter, Herrn Schroer und dem Mathematiklehrer Herrn Pfeifer begr\u00fc\u00dft\u00a0und\u00a0durch die Schule gef\u00fchrt.<\/p><p>Das linke Foto zeigt jeweils von links:\u00a0<br \/>&#8211; in der ersten, vorderen &#8211; Reihe: Bernd Wegener, Herr Schroer (Schulleiter), Dr. Ulrich T\u00fcshaus;<br \/>\u00a0&#8211; in der zweiten &#8211; mittleren &#8211; Reihe: Godehard Vogt, Paul Berke, Udo Opel, J\u00fcrgen Bekemeier;<br \/>\u00a0&#8211; in der dritten &#8211; oberen &#8211;\u00a0Reihe: Dr. Rainer Wieland, Dr. Meinolf Lindhauer, Harald Reichardt.<\/p>\t\t\t\t\t\t\t\t<\/div>\n\t\t\t\t<\/div>\n\t\t\t\t<div class=\"elementor-element elementor-element-c053506 elementor-widget elementor-widget-image\" data-id=\"c053506\" data-element_type=\"widget\" data-e-type=\"widget\" data-widget_type=\"image.default\">\n\t\t\t\t<div class=\"elementor-widget-container\">\n\t\t\t\t\t\t\t\t\t\t\t\t\t\t\t<img decoding=\"async\" width=\"1024\" height=\"768\" src=\"https:\/\/reismann.de\/wp-content\/uploads\/2022\/11\/IMG_1834g-1024x768.jpg\" class=\"attachment-large size-large wp-image-2229\" alt=\"\" srcset=\"https:\/\/reismann.de\/wp-content\/uploads\/2022\/11\/IMG_1834g-1024x768.jpg 1024w, https:\/\/reismann.de\/wp-content\/uploads\/2022\/11\/IMG_1834g-300x225.jpg 300w, https:\/\/reismann.de\/wp-content\/uploads\/2022\/11\/IMG_1834g-768x576.jpg 768w, https:\/\/reismann.de\/wp-content\/uploads\/2022\/11\/IMG_1834g.jpg 1280w\" sizes=\"(max-width: 1024px) 100vw, 1024px\" \/>\t\t\t\t\t\t\t\t\t\t\t\t\t\t\t<\/div>\n\t\t\t\t<\/div>\n\t\t\t\t\t<\/div>\n\t\t<\/div>\n\t\t\t\t\t<\/div>\n\t\t<\/section>\n\t\t\t\t<section class=\"elementor-section elementor-top-section elementor-element elementor-element-43a3a4b elementor-section-boxed elementor-section-height-default elementor-section-height-default\" data-id=\"43a3a4b\" data-element_type=\"section\" data-e-type=\"section\">\n\t\t\t\t\t\t<div class=\"elementor-container elementor-column-gap-default\">\n\t\t\t\t\t<div class=\"elementor-column elementor-col-100 elementor-top-column elementor-element elementor-element-f919369\" data-id=\"f919369\" data-element_type=\"column\" data-e-type=\"column\">\n\t\t\t<div class=\"elementor-widget-wrap elementor-element-populated\">\n\t\t\t\t\t\t<div class=\"elementor-element elementor-element-9f1eac7 elementor-widget-divider--view-line elementor-widget elementor-widget-divider\" data-id=\"9f1eac7\" data-element_type=\"widget\" data-e-type=\"widget\" data-widget_type=\"divider.default\">\n\t\t\t\t<div class=\"elementor-widget-container\">\n\t\t\t\t\t\t\t<div class=\"elementor-divider\">\n\t\t\t<span class=\"elementor-divider-separator\">\n\t\t\t\t\t\t<\/span>\n\t\t<\/div>\n\t\t\t\t\t\t<\/div>\n\t\t\t\t<\/div>\n\t\t\t\t\t<\/div>\n\t\t<\/div>\n\t\t\t\t\t<\/div>\n\t\t<\/section>\n\t\t\t\t<\/div>\n\t\t","protected":false},"excerpt":{"rendered":"<p>Jahrgang 1969 OIA Donath, DietmarFlocke, PeterFreitag, BeateJonas, KarlKlein, GabrieleKnoke, LudwigMenze, ManfredMenze, Marianne geb. StapelbrockMidecke, LotharM\u00f6ller, HeinzPaul, GabrieleTempelmeier, RainerThiel, HansWolff, Carla OIm Budde, AntonDiekmann, Karl HeinzFrensemeier, AlbertHellmund, Wolf-RogerMeier, Hans-DetlefM\u00fcller, HorstRustemeier, KlausSchnieder, Hans-JoachimSeppelfeld, ErwinTorunski, Horst OIs1 Bekemeier, J\u00fcrgenBerke, PaulLindhauer, MeinholfOpel, UdoReichhardt, HaraldSchlickeiser, AlfredSpallek, LotharT\u00fcshaus, UlrichVogt, GodehardWegener, BerndWestphal, Karl UlrichWieland, RainerWolf, Ulrich OIs2 Behmer, Karl HeinzGrauer, AlfredHeemann, NorbertHesse, [&hellip;]<\/p>\n","protected":false},"author":2,"featured_media":0,"parent":0,"menu_order":0,"comment_status":"closed","ping_status":"closed","template":"","meta":{"ocean_post_layout":"","ocean_both_sidebars_style":"","ocean_both_sidebars_content_width":0,"ocean_both_sidebars_sidebars_width":0,"ocean_sidebar":"0","ocean_second_sidebar":"0","ocean_disable_margins":"enable","ocean_add_body_class":"","ocean_shortcode_before_top_bar":"","ocean_shortcode_after_top_bar":"","ocean_shortcode_before_header":"","ocean_shortcode_after_header":"","ocean_has_shortcode":"","ocean_shortcode_after_title":"","ocean_shortcode_before_footer_widgets":"","ocean_shortcode_after_footer_widgets":"","ocean_shortcode_before_footer_bottom":"","ocean_shortcode_after_footer_bottom":"","ocean_display_top_bar":"default","ocean_display_header":"default","ocean_header_style":"","ocean_center_header_left_menu":"0","ocean_custom_header_template":"0","ocean_custom_logo":0,"ocean_custom_retina_logo":0,"ocean_custom_logo_max_width":0,"ocean_custom_logo_tablet_max_width":0,"ocean_custom_logo_mobile_max_width":0,"ocean_custom_logo_max_height":0,"ocean_custom_logo_tablet_max_height":0,"ocean_custom_logo_mobile_max_height":0,"ocean_header_custom_menu":"0","ocean_menu_typo_font_family":"0","ocean_menu_typo_font_subset":"","ocean_menu_typo_font_size":0,"ocean_menu_typo_font_size_tablet":0,"ocean_menu_typo_font_size_mobile":0,"ocean_menu_typo_font_size_unit":"px","ocean_menu_typo_font_weight":"","ocean_menu_typo_font_weight_tablet":"","ocean_menu_typo_font_weight_mobile":"","ocean_menu_typo_transform":"","ocean_menu_typo_transform_tablet":"","ocean_menu_typo_transform_mobile":"","ocean_menu_typo_line_height":0,"ocean_menu_typo_line_height_tablet":0,"ocean_menu_typo_line_height_mobile":0,"ocean_menu_typo_line_height_unit":"","ocean_menu_typo_spacing":0,"ocean_menu_typo_spacing_tablet":0,"ocean_menu_typo_spacing_mobile":0,"ocean_menu_typo_spacing_unit":"","ocean_menu_link_color":"","ocean_menu_link_color_hover":"","ocean_menu_link_color_active":"","ocean_menu_link_background":"","ocean_menu_link_hover_background":"","ocean_menu_link_active_background":"","ocean_menu_social_links_bg":"","ocean_menu_social_hover_links_bg":"","ocean_menu_social_links_color":"","ocean_menu_social_hover_links_color":"","ocean_disable_title":"default","ocean_disable_heading":"default","ocean_post_title":"","ocean_post_subheading":"","ocean_post_title_style":"","ocean_post_title_background_color":"","ocean_post_title_background":0,"ocean_post_title_bg_image_position":"","ocean_post_title_bg_image_attachment":"","ocean_post_title_bg_image_repeat":"","ocean_post_title_bg_image_size":"","ocean_post_title_height":0,"ocean_post_title_bg_overlay":0.5,"ocean_post_title_bg_overlay_color":"","ocean_disable_breadcrumbs":"default","ocean_breadcrumbs_color":"","ocean_breadcrumbs_separator_color":"","ocean_breadcrumbs_links_color":"","ocean_breadcrumbs_links_hover_color":"","ocean_display_footer_widgets":"default","ocean_display_footer_bottom":"default","ocean_custom_footer_template":"0","footnotes":""},"class_list":["post-2226","page","type-page","status-publish","hentry","entry"],"jetpack_sharing_enabled":true,"_links":{"self":[{"href":"https:\/\/reismann.de\/index.php?rest_route=\/wp\/v2\/pages\/2226","targetHints":{"allow":["GET"]}}],"collection":[{"href":"https:\/\/reismann.de\/index.php?rest_route=\/wp\/v2\/pages"}],"about":[{"href":"https:\/\/reismann.de\/index.php?rest_route=\/wp\/v2\/types\/page"}],"author":[{"embeddable":true,"href":"https:\/\/reismann.de\/index.php?rest_route=\/wp\/v2\/users\/2"}],"replies":[{"embeddable":true,"href":"https:\/\/reismann.de\/index.php?rest_route=%2Fwp%2Fv2%2Fcomments&post=2226"}],"version-history":[{"count":7,"href":"https:\/\/reismann.de\/index.php?rest_route=\/wp\/v2\/pages\/2226\/revisions"}],"predecessor-version":[{"id":2868,"href":"https:\/\/reismann.de\/index.php?rest_route=\/wp\/v2\/pages\/2226\/revisions\/2868"}],"wp:attachment":[{"href":"https:\/\/reismann.de\/index.php?rest_route=%2Fwp%2Fv2%2Fmedia&parent=2226"}],"curies":[{"name":"wp","href":"https:\/\/api.w.org\/{rel}","templated":true}]}}