{"id":2197,"date":"2022-11-27T13:06:48","date_gmt":"2022-11-27T11:06:48","guid":{"rendered":"https:\/\/test.reismann.de\/?page_id=2197"},"modified":"2022-12-30T14:50:39","modified_gmt":"2022-12-30T12:50:39","slug":"jahrgang-1962","status":"publish","type":"page","link":"https:\/\/reismann.de\/?page_id=2197","title":{"rendered":"Jahrgang 1962"},"content":{"rendered":"\t\t<div data-elementor-type=\"wp-page\" data-elementor-id=\"2197\" class=\"elementor elementor-2197\">\n\t\t\t\t\t\t<section class=\"elementor-section elementor-top-section elementor-element elementor-element-c0266e8 elementor-section-boxed elementor-section-height-default elementor-section-height-default\" data-id=\"c0266e8\" data-element_type=\"section\" data-e-type=\"section\">\n\t\t\t\t\t\t<div class=\"elementor-container elementor-column-gap-default\">\n\t\t\t\t\t<div class=\"elementor-column elementor-col-100 elementor-top-column elementor-element elementor-element-e414bc2\" data-id=\"e414bc2\" data-element_type=\"column\" data-e-type=\"column\">\n\t\t\t<div class=\"elementor-widget-wrap elementor-element-populated\">\n\t\t\t\t\t\t<div class=\"elementor-element elementor-element-b53858f elementor-widget elementor-widget-heading\" data-id=\"b53858f\" data-element_type=\"widget\" data-e-type=\"widget\" data-widget_type=\"heading.default\">\n\t\t\t\t<div class=\"elementor-widget-container\">\n\t\t\t\t\t<h2 class=\"elementor-heading-title elementor-size-large\"><b>Jahrgang 1962<\/b><\/h2>\t\t\t\t<\/div>\n\t\t\t\t<\/div>\n\t\t\t\t\t<\/div>\n\t\t<\/div>\n\t\t\t\t\t<\/div>\n\t\t<\/section>\n\t\t\t\t<section class=\"elementor-section elementor-top-section elementor-element elementor-element-502e37c elementor-section-boxed elementor-section-height-default elementor-section-height-default\" data-id=\"502e37c\" data-element_type=\"section\" data-e-type=\"section\">\n\t\t\t\t\t\t<div class=\"elementor-container elementor-column-gap-default\">\n\t\t\t\t\t<div class=\"elementor-column elementor-col-33 elementor-top-column elementor-element elementor-element-fc6b767\" data-id=\"fc6b767\" data-element_type=\"column\" data-e-type=\"column\">\n\t\t\t<div class=\"elementor-widget-wrap elementor-element-populated\">\n\t\t\t\t\t\t<div class=\"elementor-element elementor-element-fa8a388 elementor-widget elementor-widget-text-editor\" data-id=\"fa8a388\" data-element_type=\"widget\" data-e-type=\"widget\" data-widget_type=\"text-editor.default\">\n\t\t\t\t<div class=\"elementor-widget-container\">\n\t\t\t\t\t\t\t\t\t<p><strong>OIm<\/strong><\/p><p>Denkhaus, Wolfgang<br \/>R\u00e4uber, Manfred<br \/>Stach, Meinhard<br \/>Thomas, Wolfgang<br \/>Treidel, Burkhard<br \/>Vogt, Bernward<br \/>Willebrand, J\u00fcrgen\u00a0<\/p>\t\t\t\t\t\t\t\t<\/div>\n\t\t\t\t<\/div>\n\t\t\t\t\t<\/div>\n\t\t<\/div>\n\t\t\t\t<div class=\"elementor-column elementor-col-33 elementor-top-column elementor-element elementor-element-22fe402\" data-id=\"22fe402\" data-element_type=\"column\" data-e-type=\"column\">\n\t\t\t<div class=\"elementor-widget-wrap elementor-element-populated\">\n\t\t\t\t\t\t<div class=\"elementor-element elementor-element-52a7264 elementor-widget elementor-widget-text-editor\" data-id=\"52a7264\" data-element_type=\"widget\" data-e-type=\"widget\" data-widget_type=\"text-editor.default\">\n\t\t\t\t<div class=\"elementor-widget-container\">\n\t\t\t\t\t\t\t\t\t<p><b>OIs<\/b><\/p><p>Busche, Klaus-Rupert<br \/>Buschmeyer, J\u00fcrgen<br \/>Dehn, Egbert<br \/>Dunschen, Wolf-Dieter<br \/>Endell, Ralf<br \/>Enste, Bruno<br \/>Gol\u00fccke, Friedhelm<br \/>G\u00f6tte, Edgar<br \/>Grauer, Horst<br \/>Greitemeyer, Gert<\/p>\t\t\t\t\t\t\t\t<\/div>\n\t\t\t\t<\/div>\n\t\t\t\t\t<\/div>\n\t\t<\/div>\n\t\t\t\t<div class=\"elementor-column elementor-col-33 elementor-top-column elementor-element elementor-element-6aca5e4\" data-id=\"6aca5e4\" data-element_type=\"column\" data-e-type=\"column\">\n\t\t\t<div class=\"elementor-widget-wrap elementor-element-populated\">\n\t\t\t\t\t\t<div class=\"elementor-element elementor-element-030c80a elementor-widget elementor-widget-text-editor\" data-id=\"030c80a\" data-element_type=\"widget\" data-e-type=\"widget\" data-widget_type=\"text-editor.default\">\n\t\t\t\t<div class=\"elementor-widget-container\">\n\t\t\t\t\t\t\t\t\t<p>\u00a0<\/p><p>Hehn, Volker\u00a0<br \/>Klo\u00df, J\u00fcrgen<br \/>Kr\u00fc\u00dfmann, G\u00fcnther<br \/>Ludwig, Hans-J\u00fcrgen<br \/>Mayer-Rosa, J\u00f6rg<br \/>Otte, Johannes<br \/>Schneider, Hans-Joachim<br \/>Stilkenb\u00e4umer, Hans-Jochen<br \/>Ullner, Frank<br \/>Vogt, Ulrich<\/p>\t\t\t\t\t\t\t\t<\/div>\n\t\t\t\t<\/div>\n\t\t\t\t\t<\/div>\n\t\t<\/div>\n\t\t\t\t\t<\/div>\n\t\t<\/section>\n\t\t\t\t<section class=\"elementor-section elementor-top-section elementor-element elementor-element-e2706e8 elementor-section-boxed elementor-section-height-default elementor-section-height-default\" data-id=\"e2706e8\" data-element_type=\"section\" data-e-type=\"section\">\n\t\t\t\t\t\t<div class=\"elementor-container elementor-column-gap-default\">\n\t\t\t\t\t<div class=\"elementor-column elementor-col-100 elementor-top-column elementor-element elementor-element-7e5438b\" data-id=\"7e5438b\" data-element_type=\"column\" data-e-type=\"column\">\n\t\t\t<div class=\"elementor-widget-wrap elementor-element-populated\">\n\t\t\t\t\t\t<div class=\"elementor-element elementor-element-e3d02fa elementor-widget-divider--view-line elementor-widget elementor-widget-divider\" data-id=\"e3d02fa\" data-element_type=\"widget\" data-e-type=\"widget\" data-widget_type=\"divider.default\">\n\t\t\t\t<div class=\"elementor-widget-container\">\n\t\t\t\t\t\t\t<div class=\"elementor-divider\">\n\t\t\t<span class=\"elementor-divider-separator\">\n\t\t\t\t\t\t<\/span>\n\t\t<\/div>\n\t\t\t\t\t\t<\/div>\n\t\t\t\t<\/div>\n\t\t\t\t\t<\/div>\n\t\t<\/div>\n\t\t\t\t\t<\/div>\n\t\t<\/section>\n\t\t\t\t<section class=\"elementor-section elementor-top-section elementor-element elementor-element-3d34b5a elementor-section-boxed elementor-section-height-default elementor-section-height-default\" data-id=\"3d34b5a\" data-element_type=\"section\" data-e-type=\"section\">\n\t\t\t\t\t\t<div class=\"elementor-container elementor-column-gap-default\">\n\t\t\t\t\t<div class=\"elementor-column elementor-col-50 elementor-top-column elementor-element elementor-element-9a7d151\" data-id=\"9a7d151\" data-element_type=\"column\" data-e-type=\"column\">\n\t\t\t<div class=\"elementor-widget-wrap elementor-element-populated\">\n\t\t\t\t\t\t<div class=\"elementor-element elementor-element-3f52136 elementor-widget elementor-widget-heading\" data-id=\"3f52136\" data-element_type=\"widget\" data-e-type=\"widget\" data-widget_type=\"heading.default\">\n\t\t\t\t<div class=\"elementor-widget-container\">\n\t\t\t\t\t<h2 class=\"elementor-heading-title elementor-size-default\">\u00dcbersicht<\/h2>\t\t\t\t<\/div>\n\t\t\t\t<\/div>\n\t\t\t\t<div class=\"elementor-element elementor-element-84a7fdf elementor-widget elementor-widget-text-editor\" data-id=\"84a7fdf\" data-element_type=\"widget\" data-e-type=\"widget\" data-widget_type=\"text-editor.default\">\n\t\t\t\t<div class=\"elementor-widget-container\">\n\t\t\t\t\t\t\t\t\t<ul><li><a href=\"https:\/\/reismann.de\/reismann_sites\/jahrgang_62.htm#abifeier50\">50-Jahrfeier<\/a><\/li><\/ul>\t\t\t\t\t\t\t\t<\/div>\n\t\t\t\t<\/div>\n\t\t\t\t\t<\/div>\n\t\t<\/div>\n\t\t\t\t<div class=\"elementor-column elementor-col-50 elementor-top-column elementor-element elementor-element-6ea5f3c\" data-id=\"6ea5f3c\" data-element_type=\"column\" data-e-type=\"column\">\n\t\t\t<div class=\"elementor-widget-wrap elementor-element-populated\">\n\t\t\t\t\t\t<div class=\"elementor-element elementor-element-5a6e362 elementor-align-center elementor-widget elementor-widget-button\" data-id=\"5a6e362\" data-element_type=\"widget\" data-e-type=\"widget\" data-widget_type=\"button.default\">\n\t\t\t\t<div class=\"elementor-widget-container\">\n\t\t\t\t\t\t\t\t\t<div class=\"elementor-button-wrapper\">\n\t\t\t\t\t<a class=\"elementor-button elementor-button-link elementor-size-sm\" href=\"https:\/\/test.reismann.de\/?page_id=839\">\n\t\t\t\t\t\t<span class=\"elementor-button-content-wrapper\">\n\t\t\t\t\t\t\t\t\t<span class=\"elementor-button-text\">Zur\u00fcck zur Jahrgangs\u00fcbersicht<\/span>\n\t\t\t\t\t<\/span>\n\t\t\t\t\t<\/a>\n\t\t\t\t<\/div>\n\t\t\t\t\t\t\t\t<\/div>\n\t\t\t\t<\/div>\n\t\t\t\t\t<\/div>\n\t\t<\/div>\n\t\t\t\t\t<\/div>\n\t\t<\/section>\n\t\t\t\t<section class=\"elementor-section elementor-top-section elementor-element elementor-element-d20f79e elementor-section-boxed elementor-section-height-default elementor-section-height-default\" data-id=\"d20f79e\" data-element_type=\"section\" data-e-type=\"section\">\n\t\t\t\t\t\t<div class=\"elementor-container elementor-column-gap-default\">\n\t\t\t\t\t<div class=\"elementor-column elementor-col-100 elementor-top-column elementor-element elementor-element-1f512ba\" data-id=\"1f512ba\" data-element_type=\"column\" data-e-type=\"column\">\n\t\t\t<div class=\"elementor-widget-wrap elementor-element-populated\">\n\t\t\t\t\t\t<div class=\"elementor-element elementor-element-c28a30c elementor-widget-divider--view-line elementor-widget elementor-widget-divider\" data-id=\"c28a30c\" data-element_type=\"widget\" data-e-type=\"widget\" data-widget_type=\"divider.default\">\n\t\t\t\t<div class=\"elementor-widget-container\">\n\t\t\t\t\t\t\t<div class=\"elementor-divider\">\n\t\t\t<span class=\"elementor-divider-separator\">\n\t\t\t\t\t\t<\/span>\n\t\t<\/div>\n\t\t\t\t\t\t<\/div>\n\t\t\t\t<\/div>\n\t\t\t\t<div class=\"elementor-element elementor-element-966eada elementor-widget elementor-widget-heading\" data-id=\"966eada\" data-element_type=\"widget\" data-e-type=\"widget\" data-widget_type=\"heading.default\">\n\t\t\t\t<div class=\"elementor-widget-container\">\n\t\t\t\t\t<h2 class=\"elementor-heading-title elementor-size-default\">50-Jahrfeier der OIm und OIs<\/h2>\t\t\t\t<\/div>\n\t\t\t\t<\/div>\n\t\t\t\t\t<\/div>\n\t\t<\/div>\n\t\t\t\t\t<\/div>\n\t\t<\/section>\n\t\t\t\t<section class=\"elementor-section elementor-top-section elementor-element elementor-element-dba16c6 elementor-section-boxed elementor-section-height-default elementor-section-height-default\" data-id=\"dba16c6\" data-element_type=\"section\" data-e-type=\"section\">\n\t\t\t\t\t\t<div class=\"elementor-container elementor-column-gap-default\">\n\t\t\t\t\t<div class=\"elementor-column elementor-col-33 elementor-top-column elementor-element elementor-element-e0302e2\" data-id=\"e0302e2\" data-element_type=\"column\" data-e-type=\"column\">\n\t\t\t<div class=\"elementor-widget-wrap elementor-element-populated\">\n\t\t\t\t\t\t<div class=\"elementor-element elementor-element-f052aa8 elementor-widget elementor-widget-image\" data-id=\"f052aa8\" data-element_type=\"widget\" data-e-type=\"widget\" data-widget_type=\"image.default\">\n\t\t\t\t<div class=\"elementor-widget-container\">\n\t\t\t\t\t\t\t\t\t\t\t\t\t\t\t<img fetchpriority=\"high\" decoding=\"async\" width=\"510\" height=\"401\" src=\"https:\/\/reismann.de\/wp-content\/uploads\/2022\/11\/50_jahre_abitur.jpg\" class=\"attachment-large size-large wp-image-2198\" alt=\"\" srcset=\"https:\/\/reismann.de\/wp-content\/uploads\/2022\/11\/50_jahre_abitur.jpg 510w, https:\/\/reismann.de\/wp-content\/uploads\/2022\/11\/50_jahre_abitur-300x236.jpg 300w\" sizes=\"(max-width: 510px) 100vw, 510px\" \/>\t\t\t\t\t\t\t\t\t\t\t\t\t\t\t<\/div>\n\t\t\t\t<\/div>\n\t\t\t\t<div class=\"elementor-element elementor-element-d23df31 elementor-widget elementor-widget-text-editor\" data-id=\"d23df31\" data-element_type=\"widget\" data-e-type=\"widget\" data-widget_type=\"text-editor.default\">\n\t\t\t\t<div class=\"elementor-widget-container\">\n\t\t\t\t\t\t\t\t\t<p>(hinten v.l.n.r.): G\u00fcnter Kr\u00fcssmann, Dr. Meinhard Stach,<br \/>Prof. Horst Grauer, Hans Jochem Stilkenb\u00e4umer,<br \/>(vorn v.l.n.r.) Prof. Dr. J\u00fcrgen Willebrand, Burkhard Treidel, Prof. Dr. Wolfgang Denkhaus, Ulli Vogt.<\/p>\t\t\t\t\t\t\t\t<\/div>\n\t\t\t\t<\/div>\n\t\t\t\t\t<\/div>\n\t\t<\/div>\n\t\t\t\t<div class=\"elementor-column elementor-col-33 elementor-top-column elementor-element elementor-element-76c3167\" data-id=\"76c3167\" data-element_type=\"column\" data-e-type=\"column\">\n\t\t\t<div class=\"elementor-widget-wrap elementor-element-populated\">\n\t\t\t\t\t\t<div class=\"elementor-element elementor-element-3ed0114 elementor-widget elementor-widget-text-editor\" data-id=\"3ed0114\" data-element_type=\"widget\" data-e-type=\"widget\" data-widget_type=\"text-editor.default\">\n\t\t\t\t<div class=\"elementor-widget-container\">\n\t\t\t\t\t\t\t\t\t<p>Acht ehemalige Sch\u00fcler des Reismann Gymnasiums trafen sich jetzt,\u00a0<b>50 Jahre nach dem Abitur<\/b>\u00a0wieder.<\/p><p>Zielsicher suchte man in der Schule die angestammten Sitzpl\u00e4tze im Physikraum wieder auf. Da wurden Jugenderlebnisse lebendig. Einige f\u00fchrten ihre schwachen Leistungen in Physik auf die gute Sicht in die Turnhalle und den Umkleideraum des gegen\u00fcberliegenden M\u00e4dchengymnasiums zur\u00fcck. Am Ende des Rundgangs durch die Schule bestand die M\u00f6glichkeit, Klausuren und Gutachten einzusehen.<\/p><p>Gestartet waren die damaligen Sextaner 1953 nach einer Aufnahmepr\u00fcfung in zwei Klassen, die jeweils um 50 Sch\u00fcler z\u00e4hlten. Nach neun Jahren bestanden 25 das Abitur.<\/p>\t\t\t\t\t\t\t\t<\/div>\n\t\t\t\t<\/div>\n\t\t\t\t\t<\/div>\n\t\t<\/div>\n\t\t\t\t<div class=\"elementor-column elementor-col-33 elementor-top-column elementor-element elementor-element-50bfa6a\" data-id=\"50bfa6a\" data-element_type=\"column\" data-e-type=\"column\">\n\t\t\t<div class=\"elementor-widget-wrap elementor-element-populated\">\n\t\t\t\t\t\t<div class=\"elementor-element elementor-element-321c825 elementor-widget elementor-widget-text-editor\" data-id=\"321c825\" data-element_type=\"widget\" data-e-type=\"widget\" data-widget_type=\"text-editor.default\">\n\t\t\t\t<div class=\"elementor-widget-container\">\n\t\t\t\t\t\t\t\t\t<p>Nun staunten die Herren, unter ihnen Naturwissenschaftler, Juristen, Wirtschaftswissenschaftler, Lehrer und Professoren, nicht schlecht, als sie ihre Klausuren lasen und verglichen: Der Notendurchschnitt lag bei einigen deutlich unter 3,5!<\/p><p>Nach erfolgreicher Karriere befinden sich inzwischen alle mehr oder weniger im Ruhestand und so nahm man sich nun gen\u00fcgend Zeit. Man erkundete das heutige, ver\u00e4nderte Paderborn, a\u00df gemeinsam, betrachtete alte Fotos, tauschte Erinnerungen aus und erz\u00e4hlte von Familie und Freunden.<\/p><p>Angesichts des fortgeschrittenen Alters beschloss man, sich k\u00fcnftig wieder \u00f6fter zu treffen.<\/p>\t\t\t\t\t\t\t\t<\/div>\n\t\t\t\t<\/div>\n\t\t\t\t\t<\/div>\n\t\t<\/div>\n\t\t\t\t\t<\/div>\n\t\t<\/section>\n\t\t\t\t<\/div>\n\t\t","protected":false},"excerpt":{"rendered":"<p>Jahrgang 1962 OIm Denkhaus, WolfgangR\u00e4uber, ManfredStach, MeinhardThomas, WolfgangTreidel, BurkhardVogt, BernwardWillebrand, J\u00fcrgen\u00a0 OIs Busche, Klaus-RupertBuschmeyer, J\u00fcrgenDehn, EgbertDunschen, Wolf-DieterEndell, RalfEnste, BrunoGol\u00fccke, FriedhelmG\u00f6tte, EdgarGrauer, HorstGreitemeyer, Gert \u00a0 Hehn, Volker\u00a0Klo\u00df, J\u00fcrgenKr\u00fc\u00dfmann, G\u00fcntherLudwig, Hans-J\u00fcrgenMayer-Rosa, J\u00f6rgOtte, JohannesSchneider, Hans-JoachimStilkenb\u00e4umer, Hans-JochenUllner, FrankVogt, Ulrich \u00dcbersicht 50-Jahrfeier Zur\u00fcck zur Jahrgangs\u00fcbersicht 50-Jahrfeier der OIm und OIs (hinten v.l.n.r.): G\u00fcnter Kr\u00fcssmann, Dr. Meinhard Stach,Prof. Horst Grauer, Hans [&hellip;]<\/p>\n","protected":false},"author":2,"featured_media":0,"parent":0,"menu_order":0,"comment_status":"closed","ping_status":"closed","template":"","meta":{"ocean_post_layout":"","ocean_both_sidebars_style":"","ocean_both_sidebars_content_width":0,"ocean_both_sidebars_sidebars_width":0,"ocean_sidebar":"","ocean_second_sidebar":"","ocean_disable_margins":"enable","ocean_add_body_class":"","ocean_shortcode_before_top_bar":"","ocean_shortcode_after_top_bar":"","ocean_shortcode_before_header":"","ocean_shortcode_after_header":"","ocean_has_shortcode":"","ocean_shortcode_after_title":"","ocean_shortcode_before_footer_widgets":"","ocean_shortcode_after_footer_widgets":"","ocean_shortcode_before_footer_bottom":"","ocean_shortcode_after_footer_bottom":"","ocean_display_top_bar":"default","ocean_display_header":"default","ocean_header_style":"","ocean_center_header_left_menu":"","ocean_custom_header_template":"","ocean_custom_logo":0,"ocean_custom_retina_logo":0,"ocean_custom_logo_max_width":0,"ocean_custom_logo_tablet_max_width":0,"ocean_custom_logo_mobile_max_width":0,"ocean_custom_logo_max_height":0,"ocean_custom_logo_tablet_max_height":0,"ocean_custom_logo_mobile_max_height":0,"ocean_header_custom_menu":"","ocean_menu_typo_font_family":"","ocean_menu_typo_font_subset":"","ocean_menu_typo_font_size":0,"ocean_menu_typo_font_size_tablet":0,"ocean_menu_typo_font_size_mobile":0,"ocean_menu_typo_font_size_unit":"px","ocean_menu_typo_font_weight":"","ocean_menu_typo_font_weight_tablet":"","ocean_menu_typo_font_weight_mobile":"","ocean_menu_typo_transform":"","ocean_menu_typo_transform_tablet":"","ocean_menu_typo_transform_mobile":"","ocean_menu_typo_line_height":0,"ocean_menu_typo_line_height_tablet":0,"ocean_menu_typo_line_height_mobile":0,"ocean_menu_typo_line_height_unit":"","ocean_menu_typo_spacing":0,"ocean_menu_typo_spacing_tablet":0,"ocean_menu_typo_spacing_mobile":0,"ocean_menu_typo_spacing_unit":"","ocean_menu_link_color":"","ocean_menu_link_color_hover":"","ocean_menu_link_color_active":"","ocean_menu_link_background":"","ocean_menu_link_hover_background":"","ocean_menu_link_active_background":"","ocean_menu_social_links_bg":"","ocean_menu_social_hover_links_bg":"","ocean_menu_social_links_color":"","ocean_menu_social_hover_links_color":"","ocean_disable_title":"default","ocean_disable_heading":"default","ocean_post_title":"","ocean_post_subheading":"","ocean_post_title_style":"","ocean_post_title_background_color":"","ocean_post_title_background":0,"ocean_post_title_bg_image_position":"","ocean_post_title_bg_image_attachment":"","ocean_post_title_bg_image_repeat":"","ocean_post_title_bg_image_size":"","ocean_post_title_height":0,"ocean_post_title_bg_overlay":0.5,"ocean_post_title_bg_overlay_color":"","ocean_disable_breadcrumbs":"default","ocean_breadcrumbs_color":"","ocean_breadcrumbs_separator_color":"","ocean_breadcrumbs_links_color":"","ocean_breadcrumbs_links_hover_color":"","ocean_display_footer_widgets":"default","ocean_display_footer_bottom":"default","ocean_custom_footer_template":"","footnotes":""},"class_list":["post-2197","page","type-page","status-publish","hentry","entry"],"jetpack_sharing_enabled":true,"_links":{"self":[{"href":"https:\/\/reismann.de\/index.php?rest_route=\/wp\/v2\/pages\/2197","targetHints":{"allow":["GET"]}}],"collection":[{"href":"https:\/\/reismann.de\/index.php?rest_route=\/wp\/v2\/pages"}],"about":[{"href":"https:\/\/reismann.de\/index.php?rest_route=\/wp\/v2\/types\/page"}],"author":[{"embeddable":true,"href":"https:\/\/reismann.de\/index.php?rest_route=\/wp\/v2\/users\/2"}],"replies":[{"embeddable":true,"href":"https:\/\/reismann.de\/index.php?rest_route=%2Fwp%2Fv2%2Fcomments&post=2197"}],"version-history":[{"count":9,"href":"https:\/\/reismann.de\/index.php?rest_route=\/wp\/v2\/pages\/2197\/revisions"}],"predecessor-version":[{"id":2874,"href":"https:\/\/reismann.de\/index.php?rest_route=\/wp\/v2\/pages\/2197\/revisions\/2874"}],"wp:attachment":[{"href":"https:\/\/reismann.de\/index.php?rest_route=%2Fwp%2Fv2%2Fmedia&parent=2197"}],"curies":[{"name":"wp","href":"https:\/\/api.w.org\/{rel}","templated":true}]}}