{"id":2092,"date":"2022-11-26T23:23:11","date_gmt":"2022-11-26T21:23:11","guid":{"rendered":"https:\/\/test.reismann.de\/?page_id=2092"},"modified":"2022-12-30T15:06:07","modified_gmt":"2022-12-30T13:06:07","slug":"jahrgang-1952","status":"publish","type":"page","link":"https:\/\/reismann.de\/?page_id=2092","title":{"rendered":"Jahrgang 1952"},"content":{"rendered":"\t\t<div data-elementor-type=\"wp-page\" data-elementor-id=\"2092\" class=\"elementor elementor-2092\">\n\t\t\t\t\t\t<section class=\"elementor-section elementor-top-section elementor-element elementor-element-18c4d49 elementor-section-boxed elementor-section-height-default elementor-section-height-default\" data-id=\"18c4d49\" data-element_type=\"section\" data-e-type=\"section\">\n\t\t\t\t\t\t<div class=\"elementor-container elementor-column-gap-default\">\n\t\t\t\t\t<div class=\"elementor-column elementor-col-100 elementor-top-column elementor-element elementor-element-6564e60\" data-id=\"6564e60\" data-element_type=\"column\" data-e-type=\"column\">\n\t\t\t<div class=\"elementor-widget-wrap elementor-element-populated\">\n\t\t\t\t\t\t<div class=\"elementor-element elementor-element-6ac56f5 elementor-widget elementor-widget-heading\" data-id=\"6ac56f5\" data-element_type=\"widget\" data-e-type=\"widget\" data-widget_type=\"heading.default\">\n\t\t\t\t<div class=\"elementor-widget-container\">\n\t\t\t\t\t<h2 class=\"elementor-heading-title elementor-size-large\">Jahrgang 1952<\/h2>\t\t\t\t<\/div>\n\t\t\t\t<\/div>\n\t\t\t\t\t<\/div>\n\t\t<\/div>\n\t\t\t\t\t<\/div>\n\t\t<\/section>\n\t\t\t\t<section class=\"elementor-section elementor-top-section elementor-element elementor-element-dbe80d3 elementor-section-boxed elementor-section-height-default elementor-section-height-default\" data-id=\"dbe80d3\" data-element_type=\"section\" data-e-type=\"section\">\n\t\t\t\t\t\t<div class=\"elementor-container elementor-column-gap-default\">\n\t\t\t\t\t<div class=\"elementor-column elementor-col-50 elementor-top-column elementor-element elementor-element-1e24bc4\" data-id=\"1e24bc4\" data-element_type=\"column\" data-e-type=\"column\">\n\t\t\t<div class=\"elementor-widget-wrap elementor-element-populated\">\n\t\t\t\t\t\t<div class=\"elementor-element elementor-element-1d9fdff elementor-widget elementor-widget-text-editor\" data-id=\"1d9fdff\" data-element_type=\"widget\" data-e-type=\"widget\" data-widget_type=\"text-editor.default\">\n\t\t\t\t<div class=\"elementor-widget-container\">\n\t\t\t\t\t\t\t\t\t<p><strong>Jahrgang 1952 IOm<\/strong><\/p><p>B\u00f6ddeker, Georg<br \/>Borgmeier, Heinz-Joachim<br \/>Friedrich, Kunibert<br \/>Gro\u00df, Paul<br \/>Klant, Clemens<br \/>P\u00fcschel, Wolfgang\u00a0<br \/>Ro\u00df, Bernhard<br \/>Westermann, Fritz\u00a0<br \/>Wiemann, Alfred<br \/>Wilhelms, Hans-Heribert<br \/>Wippermann, Berhard<\/p>\t\t\t\t\t\t\t\t<\/div>\n\t\t\t\t<\/div>\n\t\t\t\t\t<\/div>\n\t\t<\/div>\n\t\t\t\t<div class=\"elementor-column elementor-col-50 elementor-top-column elementor-element elementor-element-a36055d\" data-id=\"a36055d\" data-element_type=\"column\" data-e-type=\"column\">\n\t\t\t<div class=\"elementor-widget-wrap elementor-element-populated\">\n\t\t\t\t\t\t<div class=\"elementor-element elementor-element-5808caa elementor-widget elementor-widget-text-editor\" data-id=\"5808caa\" data-element_type=\"widget\" data-e-type=\"widget\" data-widget_type=\"text-editor.default\">\n\t\t\t\t<div class=\"elementor-widget-container\">\n\t\t\t\t\t\t\t\t\t<p><strong>Jahrgang 1952 OIs<\/strong><\/p><p>Beseler, Wilhelm<br \/>Deppe, Hermann<br \/>Dierkes, Wolfgang<br \/>Eikel, Walter<br \/>Formanek, Paul<br \/>Gericke, Manfred<br \/>Happe, Anton<br \/>Holzm\u00fcller, Franz-Josef<br \/>Menne, Ferdinand<br \/>Riesel<br \/>Riemann, Alfons<br \/>Rubarth, Ulrich<br \/>Vosseb\u00fcrger, Lothar<br \/>Weber, Franz<br \/>Weber, Karl<br \/>Weber, Wolfgang<br \/>Zeike, Christian<\/p>\t\t\t\t\t\t\t\t<\/div>\n\t\t\t\t<\/div>\n\t\t\t\t\t<\/div>\n\t\t<\/div>\n\t\t\t\t\t<\/div>\n\t\t<\/section>\n\t\t\t\t<section class=\"elementor-section elementor-top-section elementor-element elementor-element-b5cd786 elementor-section-boxed elementor-section-height-default elementor-section-height-default\" data-id=\"b5cd786\" data-element_type=\"section\" data-e-type=\"section\">\n\t\t\t\t\t\t<div class=\"elementor-container elementor-column-gap-default\">\n\t\t\t\t\t<div class=\"elementor-column elementor-col-100 elementor-top-column elementor-element elementor-element-3fa70fa\" data-id=\"3fa70fa\" data-element_type=\"column\" data-e-type=\"column\">\n\t\t\t<div class=\"elementor-widget-wrap elementor-element-populated\">\n\t\t\t\t\t\t<div class=\"elementor-element elementor-element-963a8e8 elementor-widget-divider--view-line elementor-widget elementor-widget-divider\" data-id=\"963a8e8\" data-element_type=\"widget\" data-e-type=\"widget\" data-widget_type=\"divider.default\">\n\t\t\t\t<div class=\"elementor-widget-container\">\n\t\t\t\t\t\t\t<div class=\"elementor-divider\">\n\t\t\t<span class=\"elementor-divider-separator\">\n\t\t\t\t\t\t<\/span>\n\t\t<\/div>\n\t\t\t\t\t\t<\/div>\n\t\t\t\t<\/div>\n\t\t\t\t<div class=\"elementor-element elementor-element-7290fba elementor-widget elementor-widget-heading\" data-id=\"7290fba\" data-element_type=\"widget\" data-e-type=\"widget\" data-widget_type=\"heading.default\">\n\t\t\t\t<div class=\"elementor-widget-container\">\n\t\t\t\t\t<h2 class=\"elementor-heading-title elementor-size-default\">Abiturientia 1952<\/h2>\t\t\t\t<\/div>\n\t\t\t\t<\/div>\n\t\t\t\t\t<\/div>\n\t\t<\/div>\n\t\t\t\t\t<\/div>\n\t\t<\/section>\n\t\t\t\t<section class=\"elementor-section elementor-top-section elementor-element elementor-element-d29e831 elementor-section-boxed elementor-section-height-default elementor-section-height-default\" data-id=\"d29e831\" data-element_type=\"section\" data-e-type=\"section\">\n\t\t\t\t\t\t<div class=\"elementor-container elementor-column-gap-default\">\n\t\t\t\t\t<div class=\"elementor-column elementor-col-50 elementor-top-column elementor-element elementor-element-f05aabd\" data-id=\"f05aabd\" data-element_type=\"column\" data-e-type=\"column\">\n\t\t\t<div class=\"elementor-widget-wrap elementor-element-populated\">\n\t\t\t\t\t\t<div class=\"elementor-element elementor-element-44f7bac elementor-widget elementor-widget-heading\" data-id=\"44f7bac\" data-element_type=\"widget\" data-e-type=\"widget\" data-widget_type=\"heading.default\">\n\t\t\t\t<div class=\"elementor-widget-container\">\n\t\t\t\t\t<h2 class=\"elementor-heading-title elementor-size-default\">\u00dcbersicht<\/h2>\t\t\t\t<\/div>\n\t\t\t\t<\/div>\n\t\t\t\t<div class=\"elementor-element elementor-element-e771986 elementor-widget elementor-widget-text-editor\" data-id=\"e771986\" data-element_type=\"widget\" data-e-type=\"widget\" data-widget_type=\"text-editor.default\">\n\t\t\t\t<div class=\"elementor-widget-container\">\n\t\t\t\t\t\t\t\t\t<ul><li>Zeitungsbericht nach bestandenem Abitur<\/li><\/ul>\t\t\t\t\t\t\t\t<\/div>\n\t\t\t\t<\/div>\n\t\t\t\t\t<\/div>\n\t\t<\/div>\n\t\t\t\t<div class=\"elementor-column elementor-col-50 elementor-top-column elementor-element elementor-element-3cd5148\" data-id=\"3cd5148\" data-element_type=\"column\" data-e-type=\"column\">\n\t\t\t<div class=\"elementor-widget-wrap elementor-element-populated\">\n\t\t\t\t\t\t<div class=\"elementor-element elementor-element-fea06e7 elementor-align-center elementor-widget elementor-widget-button\" data-id=\"fea06e7\" data-element_type=\"widget\" data-e-type=\"widget\" data-widget_type=\"button.default\">\n\t\t\t\t<div class=\"elementor-widget-container\">\n\t\t\t\t\t\t\t\t\t<div class=\"elementor-button-wrapper\">\n\t\t\t\t\t<a class=\"elementor-button elementor-button-link elementor-size-sm\" href=\"https:\/\/test.reismann.de\/?page_id=839\">\n\t\t\t\t\t\t<span class=\"elementor-button-content-wrapper\">\n\t\t\t\t\t\t\t\t\t<span class=\"elementor-button-text\">Zur\u00fcck zur Jahrgangs\u00fcbersicht<\/span>\n\t\t\t\t\t<\/span>\n\t\t\t\t\t<\/a>\n\t\t\t\t<\/div>\n\t\t\t\t\t\t\t\t<\/div>\n\t\t\t\t<\/div>\n\t\t\t\t\t<\/div>\n\t\t<\/div>\n\t\t\t\t\t<\/div>\n\t\t<\/section>\n\t\t\t\t<section class=\"elementor-section elementor-top-section elementor-element elementor-element-03a06af elementor-section-boxed elementor-section-height-default elementor-section-height-default\" data-id=\"03a06af\" data-element_type=\"section\" data-e-type=\"section\">\n\t\t\t\t\t\t<div class=\"elementor-container elementor-column-gap-default\">\n\t\t\t\t\t<div class=\"elementor-column elementor-col-100 elementor-top-column elementor-element elementor-element-f9e72dc\" data-id=\"f9e72dc\" data-element_type=\"column\" data-e-type=\"column\">\n\t\t\t<div class=\"elementor-widget-wrap elementor-element-populated\">\n\t\t\t\t\t\t<div class=\"elementor-element elementor-element-c6737e6 elementor-widget-divider--view-line elementor-widget elementor-widget-divider\" data-id=\"c6737e6\" data-element_type=\"widget\" data-e-type=\"widget\" data-widget_type=\"divider.default\">\n\t\t\t\t<div class=\"elementor-widget-container\">\n\t\t\t\t\t\t\t<div class=\"elementor-divider\">\n\t\t\t<span class=\"elementor-divider-separator\">\n\t\t\t\t\t\t<\/span>\n\t\t<\/div>\n\t\t\t\t\t\t<\/div>\n\t\t\t\t<\/div>\n\t\t\t\t\t<\/div>\n\t\t<\/div>\n\t\t\t\t\t<\/div>\n\t\t<\/section>\n\t\t\t\t<section class=\"elementor-section elementor-top-section elementor-element elementor-element-2e5783e elementor-section-boxed elementor-section-height-default elementor-section-height-default\" data-id=\"2e5783e\" data-element_type=\"section\" data-e-type=\"section\">\n\t\t\t\t\t\t<div class=\"elementor-container elementor-column-gap-default\">\n\t\t\t\t\t<div class=\"elementor-column elementor-col-50 elementor-top-column elementor-element elementor-element-926fe03\" data-id=\"926fe03\" data-element_type=\"column\" data-e-type=\"column\">\n\t\t\t<div class=\"elementor-widget-wrap elementor-element-populated\">\n\t\t\t\t\t\t<div class=\"elementor-element elementor-element-46ce1cd elementor-widget elementor-widget-heading\" data-id=\"46ce1cd\" data-element_type=\"widget\" data-e-type=\"widget\" data-widget_type=\"heading.default\">\n\t\t\t\t<div class=\"elementor-widget-container\">\n\t\t\t\t\t<h2 class=\"elementor-heading-title elementor-size-default\"><b>Zeitungsbericht nach bestandenem Abitur\n<\/b><\/h2>\t\t\t\t<\/div>\n\t\t\t\t<\/div>\n\t\t\t\t<div class=\"elementor-element elementor-element-d4130fc elementor-widget elementor-widget-text-editor\" data-id=\"d4130fc\" data-element_type=\"widget\" data-e-type=\"widget\" data-widget_type=\"text-editor.default\">\n\t\t\t\t<div class=\"elementor-widget-container\">\n\t\t\t\t\t\t\t\t\t<p>Unter dem Vorsitz von Oberschulrat Krawinkel und im Beisein von Stadtdirektor Dr. Fischer und B\u00fcr\u00adgermeister T\u00f6lle waren am Montag, Dienstag und Mittwoch die Reifepr\u00fcfungen am St\u00e4dtischen Neusprachlichen Gymnasium. Alle 27 Pr\u00fcflinge bestanden. Die Namen der Abiturienten sind: (in Klammern die Berufsw\u00fcnsche):<\/p><p><b>Klasse OIm:<\/b><br \/>B\u00f6ddeker, Georg, Bad Driburg (Apotheker); Borgmeier, Hans Joachim, Neuhaus (Philologe); Friedrichs, Kunibert, Benhausen (Missionsarzt); Gro\u00df, Paul, Brakel (Chemiker); Klant, Clemens, Stau\u00adm\u00fchle (Biologe); P\u00fcschel, Wolfgang, Herste (Physiker); Ross, Bernhard, Paderborn (Lehrer); Westemann, Friedrich, Herste (Ingenieur); Wiemann, Alfred, Bad Driburg (Volkswirtschaft); Wippermann, Bernhard, Alhausen (Postbeamter); Wilhelms, Hans, H\u00f6velhof (Philologe).<\/p><p><b>Klasse OIs<\/b><br \/>Beseler, Wilhelm, Paderborn (Philologe); Deppe, Hermann, Paderborn (Toningenieur); Dierkes, Wolfgang, Saarbr\u00fccken (Neuphilologe); Eikel, Walter, Paderborn (Jurist); Formanek, Paul, Paderborn (Theologe); Gericke, Manfred-Otto, Brakel (Bibliothekar); Happe, Anton, Delbr\u00fcck (Bergbauingenieur); Holzm\u00fcller, Franz-Josef, Paderborn (Lehrer); Menne, Ferdinand, Riesel (Philologe); Riemann, Alfons, Gehrden (Philologe); Rubarth, Ulrich, Dortmund (Lehrer); Vosseb\u00fcrger, Lothar, Nordborchen Philologe); Weber, Franz, Altenbeken (Lehrer); Weber, Karl, Altenbeken (Arzt); Weber, Wolfgang. Neuhaus(Journalist); Zeike, Christian, N\u00fcrnberg (Theologe).<\/p>\t\t\t\t\t\t\t\t<\/div>\n\t\t\t\t<\/div>\n\t\t\t\t\t<\/div>\n\t\t<\/div>\n\t\t\t\t<div class=\"elementor-column elementor-col-50 elementor-top-column elementor-element elementor-element-8510e79\" data-id=\"8510e79\" data-element_type=\"column\" data-e-type=\"column\">\n\t\t\t<div class=\"elementor-widget-wrap elementor-element-populated\">\n\t\t\t\t\t\t<div class=\"elementor-element elementor-element-cd64829 elementor-widget elementor-widget-image\" data-id=\"cd64829\" data-element_type=\"widget\" data-e-type=\"widget\" data-widget_type=\"image.default\">\n\t\t\t\t<div class=\"elementor-widget-container\">\n\t\t\t\t\t\t\t\t\t\t\t\t\t\t\t<img fetchpriority=\"high\" decoding=\"async\" width=\"404\" height=\"269\" src=\"https:\/\/reismann.de\/wp-content\/uploads\/2022\/11\/abitur_1952.jpg\" class=\"attachment-large size-large wp-image-2099\" alt=\"\" srcset=\"https:\/\/reismann.de\/wp-content\/uploads\/2022\/11\/abitur_1952.jpg 404w, https:\/\/reismann.de\/wp-content\/uploads\/2022\/11\/abitur_1952-300x200.jpg 300w\" sizes=\"(max-width: 404px) 100vw, 404px\" \/>\t\t\t\t\t\t\t\t\t\t\t\t\t\t\t<\/div>\n\t\t\t\t<\/div>\n\t\t\t\t<div class=\"elementor-element elementor-element-04bb206 elementor-widget elementor-widget-text-editor\" data-id=\"04bb206\" data-element_type=\"widget\" data-e-type=\"widget\" data-widget_type=\"text-editor.default\">\n\t\t\t\t<div class=\"elementor-widget-container\">\n\t\t\t\t\t\t\t\t\t<p><i>Soviel Zylinder- &#8222;bedachte&#8220; K\u00f6pfe auf einmal, wie am Donnerstagmorgen, sah unsere Schriftleitung noch nicht. Aber auch noch nie so viele frohausgelassene junge Menschen, die ihre Examensn\u00f6te hinter sich und das Reifezeugnis in der Tasche hatten. Es war die diesj\u00e4hrige Abiturientia des Neusprachlichen Gymnasiums, die uns ihren Besuch machte und damit gleichsam den ersten Schritt ins volle Leben wagte.<\/i><\/p><p><i>Und dieser Schritt scheint gelungen, denn von der Schriftleitung ging es mit Musik, Gesang und Tschinderassa bum durch die Hauptstra\u00dfen der Paderstadt. Und wo der lustige Zug vorbeikam, da blieben die Passanten stehen und es war wohl keiner, der den frischgebackenen Abiturienten ihre Freude und ihr ausgelassenes Treiben nicht geg\u00f6nnt h\u00e4tte; Nur der Griesgram Winter, der gestern seinen Abschied nahm, lie\u00df es st\u00fcrmen und regnen. Und heute ist es Fr\u00fchling! Er sei den jungen Menschen allen, die in diesen Tagen ihre Reifepr\u00fcfung bestanden, Symbol f\u00fcr ihre nahe und fernere Zukunft.<\/i><\/p>\t\t\t\t\t\t\t\t<\/div>\n\t\t\t\t<\/div>\n\t\t\t\t\t<\/div>\n\t\t<\/div>\n\t\t\t\t\t<\/div>\n\t\t<\/section>\n\t\t\t\t<section class=\"elementor-section elementor-top-section elementor-element elementor-element-04df548 elementor-section-boxed elementor-section-height-default elementor-section-height-default\" data-id=\"04df548\" data-element_type=\"section\" data-e-type=\"section\">\n\t\t\t\t\t\t<div class=\"elementor-container elementor-column-gap-default\">\n\t\t\t\t\t<div class=\"elementor-column elementor-col-100 elementor-top-column elementor-element elementor-element-c6479bd\" data-id=\"c6479bd\" data-element_type=\"column\" data-e-type=\"column\">\n\t\t\t<div class=\"elementor-widget-wrap elementor-element-populated\">\n\t\t\t\t\t\t<div class=\"elementor-element elementor-element-002062f elementor-widget elementor-widget-text-editor\" data-id=\"002062f\" data-element_type=\"widget\" data-e-type=\"widget\" data-widget_type=\"text-editor.default\">\n\t\t\t\t<div class=\"elementor-widget-container\">\n\t\t\t\t\t\t\t\t\t<p>Der Originalzeitungsausschnitt aus dem Jahre 1952 befindet sich\u00a0<a href=\"https:\/\/reismann.de\/reismann_sites\/images\/1952\/abiturientia_1952.pdf\"><b>hier<\/b><\/a>.<\/p>\t\t\t\t\t\t\t\t<\/div>\n\t\t\t\t<\/div>\n\t\t\t\t\t<\/div>\n\t\t<\/div>\n\t\t\t\t\t<\/div>\n\t\t<\/section>\n\t\t\t\t<\/div>\n\t\t","protected":false},"excerpt":{"rendered":"<p>Jahrgang 1952 Jahrgang 1952 IOm B\u00f6ddeker, GeorgBorgmeier, Heinz-JoachimFriedrich, KunibertGro\u00df, PaulKlant, ClemensP\u00fcschel, Wolfgang\u00a0Ro\u00df, BernhardWestermann, Fritz\u00a0Wiemann, AlfredWilhelms, Hans-HeribertWippermann, Berhard Jahrgang 1952 OIs Beseler, WilhelmDeppe, HermannDierkes, WolfgangEikel, WalterFormanek, PaulGericke, ManfredHappe, AntonHolzm\u00fcller, Franz-JosefMenne, FerdinandRieselRiemann, AlfonsRubarth, UlrichVosseb\u00fcrger, LotharWeber, FranzWeber, KarlWeber, WolfgangZeike, Christian Abiturientia 1952 \u00dcbersicht Zeitungsbericht nach bestandenem Abitur Zur\u00fcck zur Jahrgangs\u00fcbersicht Zeitungsbericht nach bestandenem Abitur Unter dem Vorsitz von [&hellip;]<\/p>\n","protected":false},"author":2,"featured_media":0,"parent":0,"menu_order":0,"comment_status":"closed","ping_status":"closed","template":"","meta":{"ocean_post_layout":"","ocean_both_sidebars_style":"","ocean_both_sidebars_content_width":0,"ocean_both_sidebars_sidebars_width":0,"ocean_sidebar":"0","ocean_second_sidebar":"0","ocean_disable_margins":"enable","ocean_add_body_class":"","ocean_shortcode_before_top_bar":"","ocean_shortcode_after_top_bar":"","ocean_shortcode_before_header":"","ocean_shortcode_after_header":"","ocean_has_shortcode":"","ocean_shortcode_after_title":"","ocean_shortcode_before_footer_widgets":"","ocean_shortcode_after_footer_widgets":"","ocean_shortcode_before_footer_bottom":"","ocean_shortcode_after_footer_bottom":"","ocean_display_top_bar":"default","ocean_display_header":"default","ocean_header_style":"","ocean_center_header_left_menu":"0","ocean_custom_header_template":"0","ocean_custom_logo":0,"ocean_custom_retina_logo":0,"ocean_custom_logo_max_width":0,"ocean_custom_logo_tablet_max_width":0,"ocean_custom_logo_mobile_max_width":0,"ocean_custom_logo_max_height":0,"ocean_custom_logo_tablet_max_height":0,"ocean_custom_logo_mobile_max_height":0,"ocean_header_custom_menu":"0","ocean_menu_typo_font_family":"0","ocean_menu_typo_font_subset":"","ocean_menu_typo_font_size":0,"ocean_menu_typo_font_size_tablet":0,"ocean_menu_typo_font_size_mobile":0,"ocean_menu_typo_font_size_unit":"px","ocean_menu_typo_font_weight":"","ocean_menu_typo_font_weight_tablet":"","ocean_menu_typo_font_weight_mobile":"","ocean_menu_typo_transform":"","ocean_menu_typo_transform_tablet":"","ocean_menu_typo_transform_mobile":"","ocean_menu_typo_line_height":0,"ocean_menu_typo_line_height_tablet":0,"ocean_menu_typo_line_height_mobile":0,"ocean_menu_typo_line_height_unit":"","ocean_menu_typo_spacing":0,"ocean_menu_typo_spacing_tablet":0,"ocean_menu_typo_spacing_mobile":0,"ocean_menu_typo_spacing_unit":"","ocean_menu_link_color":"","ocean_menu_link_color_hover":"","ocean_menu_link_color_active":"","ocean_menu_link_background":"","ocean_menu_link_hover_background":"","ocean_menu_link_active_background":"","ocean_menu_social_links_bg":"","ocean_menu_social_hover_links_bg":"","ocean_menu_social_links_color":"","ocean_menu_social_hover_links_color":"","ocean_disable_title":"default","ocean_disable_heading":"default","ocean_post_title":"","ocean_post_subheading":"","ocean_post_title_style":"","ocean_post_title_background_color":"","ocean_post_title_background":0,"ocean_post_title_bg_image_position":"","ocean_post_title_bg_image_attachment":"","ocean_post_title_bg_image_repeat":"","ocean_post_title_bg_image_size":"","ocean_post_title_height":0,"ocean_post_title_bg_overlay":0.5,"ocean_post_title_bg_overlay_color":"","ocean_disable_breadcrumbs":"default","ocean_breadcrumbs_color":"","ocean_breadcrumbs_separator_color":"","ocean_breadcrumbs_links_color":"","ocean_breadcrumbs_links_hover_color":"","ocean_display_footer_widgets":"default","ocean_display_footer_bottom":"default","ocean_custom_footer_template":"0","footnotes":""},"class_list":["post-2092","page","type-page","status-publish","hentry","entry"],"jetpack_sharing_enabled":true,"_links":{"self":[{"href":"https:\/\/reismann.de\/index.php?rest_route=\/wp\/v2\/pages\/2092","targetHints":{"allow":["GET"]}}],"collection":[{"href":"https:\/\/reismann.de\/index.php?rest_route=\/wp\/v2\/pages"}],"about":[{"href":"https:\/\/reismann.de\/index.php?rest_route=\/wp\/v2\/types\/page"}],"author":[{"embeddable":true,"href":"https:\/\/reismann.de\/index.php?rest_route=\/wp\/v2\/users\/2"}],"replies":[{"embeddable":true,"href":"https:\/\/reismann.de\/index.php?rest_route=%2Fwp%2Fv2%2Fcomments&post=2092"}],"version-history":[{"count":19,"href":"https:\/\/reismann.de\/index.php?rest_route=\/wp\/v2\/pages\/2092\/revisions"}],"predecessor-version":[{"id":2893,"href":"https:\/\/reismann.de\/index.php?rest_route=\/wp\/v2\/pages\/2092\/revisions\/2893"}],"wp:attachment":[{"href":"https:\/\/reismann.de\/index.php?rest_route=%2Fwp%2Fv2%2Fmedia&parent=2092"}],"curies":[{"name":"wp","href":"https:\/\/api.w.org\/{rel}","templated":true}]}}