{"id":1831,"date":"2022-10-28T15:15:44","date_gmt":"2022-10-28T13:15:44","guid":{"rendered":"https:\/\/test.reismann.de\/?page_id=1831"},"modified":"2022-11-27T17:17:28","modified_gmt":"2022-11-27T15:17:28","slug":"weinseminar-1999","status":"publish","type":"page","link":"https:\/\/reismann.de\/?page_id=1831","title":{"rendered":"Weinseminar 1999"},"content":{"rendered":"\t\t<div data-elementor-type=\"wp-page\" data-elementor-id=\"1831\" class=\"elementor elementor-1831\">\n\t\t\t\t\t\t<section class=\"elementor-section elementor-top-section elementor-element elementor-element-d16d50e elementor-section-boxed elementor-section-height-default elementor-section-height-default\" data-id=\"d16d50e\" data-element_type=\"section\" data-e-type=\"section\">\n\t\t\t\t\t\t<div class=\"elementor-container elementor-column-gap-default\">\n\t\t\t\t\t<div class=\"elementor-column elementor-col-100 elementor-top-column elementor-element elementor-element-f3cffb5\" data-id=\"f3cffb5\" data-element_type=\"column\" data-e-type=\"column\">\n\t\t\t<div class=\"elementor-widget-wrap elementor-element-populated\">\n\t\t\t\t\t\t<div class=\"elementor-element elementor-element-14b001d elementor-widget elementor-widget-text-editor\" data-id=\"14b001d\" data-element_type=\"widget\" data-e-type=\"widget\" data-widget_type=\"text-editor.default\">\n\t\t\t\t<div class=\"elementor-widget-container\">\n\t\t\t\t\t\t\t\t\t<p>\t\t<div data-elementor-type=\"wp-post\" data-elementor-id=\"1943\" class=\"elementor elementor-1943\">\n\t\t\t\t\t\t<section class=\"elementor-section elementor-top-section elementor-element elementor-element-abb95c1 elementor-section-boxed elementor-section-height-default elementor-section-height-default\" data-id=\"abb95c1\" data-element_type=\"section\" data-e-type=\"section\">\n\t\t\t\t\t\t<div class=\"elementor-container elementor-column-gap-default\">\n\t\t\t\t\t<div class=\"elementor-column elementor-col-100 elementor-top-column elementor-element elementor-element-2987805\" data-id=\"2987805\" data-element_type=\"column\" data-e-type=\"column\">\n\t\t\t<div class=\"elementor-widget-wrap elementor-element-populated\">\n\t\t\t\t\t\t<div class=\"elementor-element elementor-element-25e114e elementor-widget elementor-widget-heading\" data-id=\"25e114e\" data-element_type=\"widget\" data-e-type=\"widget\" data-widget_type=\"heading.default\">\n\t\t\t\t<div class=\"elementor-widget-container\">\n\t\t\t\t\t<h2 class=\"elementor-heading-title elementor-size-large\">\u00dcbersicht<\/h2>\t\t\t\t<\/div>\n\t\t\t\t<\/div>\n\t\t\t\t<div class=\"elementor-element elementor-element-4ac8e8f elementor-widget elementor-widget-text-editor\" data-id=\"4ac8e8f\" data-element_type=\"widget\" data-e-type=\"widget\" data-widget_type=\"text-editor.default\">\n\t\t\t\t<div class=\"elementor-widget-container\">\n\t\t\t\t\t\t\t\t\t<ul><li><a href=\"https:\/\/reismann.de\/?page_id=4768\">Weinseminar 2026 &#8211; Von der Rh\u00f4ne ins Languedoc<\/a><\/li><li><a href=\"https:\/\/reismann.de\/?page_id=3837\">Kontraste &#8211; Die Launen der Natur (2022)<\/a><\/li><li><a href=\"https:\/\/reismann.de\/?page_id=1458\">Gro\u00dfe Gew\u00e4chse der letzten Jahre \u2013 Von Burgund nach Montpellier(2017)<\/a><\/li><li><a href=\"https:\/\/reismann.de\/?page_id=1490\">Von der Provence nach Bordeaux und zur\u00fcck (2016)<\/a><\/li><li><a href=\"https:\/\/reismann.de\/?page_id=1504\">Die gro\u00dfen Weine des Jahres (2015)<\/a><\/li><li><a href=\"https:\/\/reismann.de\/?page_id=2033\">Das Feuerwerk von Ch\u00e2teau de l\u2019Engerran (2014)<\/a><\/li><li><a href=\"https:\/\/reismann.de\/?page_id=1585\">Wei\u00dfe Burgunder und rote Bordeaux (2013)<\/a><\/li><li><a href=\"https:\/\/reismann.de\/?page_id=1601\">Die Welt der Frauen: Die Revolution in der franz\u00f6sischen Weinwelt (2012)<\/a><\/li><li><a href=\"https:\/\/reismann.de\/?page_id=1617\">Die Sonne des Jahres 2010 (2011)<\/a><\/li><li><a href=\"https:\/\/reismann.de\/?page_id=1639\">Tour de France \u2013 Frankreichs wichtigste Rebsorten (2010)<\/a><\/li><li><a href=\"https:\/\/reismann.de\/?page_id=1668\">Bordeaux: Klassiker in neuem Gewand (2009)<\/a><\/li><li><a href=\"https:\/\/reismann.de\/?page_id=1695\">Neue Kreationen aus dem Languedoc (2008)<\/a><\/li><li><a href=\"https:\/\/reismann.de\/?page_id=1711\">Weine des Plantagenets (2007 \u2013 2. Seminar)<\/a><\/li><li><a href=\"https:\/\/reismann.de\/?page_id=1725\">Eine Weinreise durch die Region Bordeaux (2007 \u2013 1. Seminar)<\/a><\/li><li><a href=\"https:\/\/reismann.de\/?page_id=1740\">S\u00fcdfrankreich im Glas und auf der Zunge (2005)<\/a><\/li><li><a href=\"https:\/\/reismann.de\/?page_id=1751\">Ein spannender Abend im neuen Gewand (2004)<\/a><\/li><li><a href=\"https:\/\/reismann.de\/?page_id=1761\">Weinseminar 2003<\/a><\/li><li><a href=\"https:\/\/reismann.de\/?page_id=1776\">Quiche und Chardonnay (2002)<\/a><\/li><li><a href=\"https:\/\/reismann.de\/?page_id=1794\">Weinseminar 2001<\/a><\/li><li><a href=\"https:\/\/reismann.de\/?page_id=1815\">Weinseminar 2000<\/a><\/li><li><a href=\"https:\/\/reismann.de\/?page_id=1831\">Weinseminar 1999<\/a><\/li><li><a href=\"https:\/\/reismann.de\/?page_id=1843\">Weinseminar 1996<\/a><\/li><li><a href=\"https:\/\/reismann.de\/?page_id=1864\">Weinseminar 1994<\/a><\/li><\/ul>\t\t\t\t\t\t\t\t<\/div>\n\t\t\t\t<\/div>\n\t\t\t\t<div class=\"elementor-element elementor-element-6d1d199 elementor-widget-divider--view-line elementor-widget elementor-widget-divider\" data-id=\"6d1d199\" data-element_type=\"widget\" data-e-type=\"widget\" data-widget_type=\"divider.default\">\n\t\t\t\t<div class=\"elementor-widget-container\">\n\t\t\t\t\t\t\t<div class=\"elementor-divider\">\n\t\t\t<span class=\"elementor-divider-separator\">\n\t\t\t\t\t\t<\/span>\n\t\t<\/div>\n\t\t\t\t\t\t<\/div>\n\t\t\t\t<\/div>\n\t\t\t\t\t<\/div>\n\t\t<\/div>\n\t\t\t\t\t<\/div>\n\t\t<\/section>\n\t\t\t\t<\/div>\n\t\t<\/p>\t\t\t\t\t\t\t\t<\/div>\n\t\t\t\t<\/div>\n\t\t\t\t<div class=\"elementor-element elementor-element-223141d elementor-widget elementor-widget-heading\" data-id=\"223141d\" data-element_type=\"widget\" data-e-type=\"widget\" data-widget_type=\"heading.default\">\n\t\t\t\t<div class=\"elementor-widget-container\">\n\t\t\t\t\t<h2 class=\"elementor-heading-title elementor-size-default\">Weinseminar 1999<\/h2>\t\t\t\t<\/div>\n\t\t\t\t<\/div>\n\t\t\t\t\t<\/div>\n\t\t<\/div>\n\t\t\t\t\t<\/div>\n\t\t<\/section>\n\t\t\t\t<section class=\"elementor-section elementor-top-section elementor-element elementor-element-34c9a8f elementor-section-boxed elementor-section-height-default elementor-section-height-default\" data-id=\"34c9a8f\" data-element_type=\"section\" data-e-type=\"section\">\n\t\t\t\t\t\t<div class=\"elementor-container elementor-column-gap-default\">\n\t\t\t\t\t<div class=\"elementor-column elementor-col-25 elementor-top-column elementor-element elementor-element-6574605\" data-id=\"6574605\" data-element_type=\"column\" data-e-type=\"column\">\n\t\t\t<div class=\"elementor-widget-wrap elementor-element-populated\">\n\t\t\t\t\t\t<div class=\"elementor-element elementor-element-b4aa454 elementor-widget elementor-widget-image\" data-id=\"b4aa454\" data-element_type=\"widget\" data-e-type=\"widget\" data-widget_type=\"image.default\">\n\t\t\t\t<div class=\"elementor-widget-container\">\n\t\t\t\t\t\t\t\t\t\t\t\t\t\t\t<img fetchpriority=\"high\" decoding=\"async\" width=\"350\" height=\"233\" src=\"https:\/\/reismann.de\/wp-content\/uploads\/2022\/10\/weinseminar1999_1.jpg\" class=\"attachment-large size-large wp-image-1836\" alt=\"\" srcset=\"https:\/\/reismann.de\/wp-content\/uploads\/2022\/10\/weinseminar1999_1.jpg 350w, https:\/\/reismann.de\/wp-content\/uploads\/2022\/10\/weinseminar1999_1-300x200.jpg 300w\" sizes=\"(max-width: 350px) 100vw, 350px\" \/>\t\t\t\t\t\t\t\t\t\t\t\t\t\t\t<\/div>\n\t\t\t\t<\/div>\n\t\t\t\t\t<\/div>\n\t\t<\/div>\n\t\t\t\t<div class=\"elementor-column elementor-col-50 elementor-top-column elementor-element elementor-element-117d910\" data-id=\"117d910\" data-element_type=\"column\" data-e-type=\"column\">\n\t\t\t<div class=\"elementor-widget-wrap elementor-element-populated\">\n\t\t\t\t\t\t<div class=\"elementor-element elementor-element-7c53743 elementor-widget elementor-widget-text-editor\" data-id=\"7c53743\" data-element_type=\"widget\" data-e-type=\"widget\" data-widget_type=\"text-editor.default\">\n\t\t\t\t<div class=\"elementor-widget-container\">\n\t\t\t\t\t\t\t\t\t<p>Dem Weinexperten\u00a0<b>Carl-Maria Gutwald<\/b>\u00a0war es im\u00a0<b>10. Weinseminar<\/b>\u00a0gelungen, anl\u00e4\u00dflich der 1200. Wiederkehr des epochemachenden Treffens von Papst Leo III. und Karl dem Gro\u00dfen in Paderborn ein paar Flaschen eines \u00e4lteren\u00a0<b>Corton-Charlemagne<\/b>\u00a0zu bekommen. Ein Wein, der wohl auch 799 an der Pader getrunken wurde.<\/p><p>Der\u00a0<b>Le Corton<\/b>, so Referent Gutwald, sei n\u00e4mlich der Lieblingswein von Karl dem Gro\u00dfen gewesen, den er all seinen G\u00e4sten angeboten und auch bei seinen vielen Reisen in ausreichender Menge mitgef\u00fchrt habe. Der Lieblingswein des Kaisers wuchs in der Burgundergemeinde der C\u00f4te de Beaune und lag wenige hundert Meter neben der Route Nationale 74.<\/p><p>Die Teilnehmer konnten nach den Degustationsgesetzen COLOR, ODOR und SAPOR testen, ob der gro\u00dfe Burgunder neben Toskanern, Spaniern oder Mainfranken bestehen konnte.<\/p>\t\t\t\t\t\t\t\t<\/div>\n\t\t\t\t<\/div>\n\t\t\t\t\t<\/div>\n\t\t<\/div>\n\t\t\t\t<div class=\"elementor-column elementor-col-25 elementor-top-column elementor-element elementor-element-1e576d3\" data-id=\"1e576d3\" data-element_type=\"column\" data-e-type=\"column\">\n\t\t\t<div class=\"elementor-widget-wrap elementor-element-populated\">\n\t\t\t\t\t\t<div class=\"elementor-element elementor-element-fac4ff3 elementor-widget elementor-widget-image\" data-id=\"fac4ff3\" data-element_type=\"widget\" data-e-type=\"widget\" data-widget_type=\"image.default\">\n\t\t\t\t<div class=\"elementor-widget-container\">\n\t\t\t\t\t\t\t\t\t\t\t\t\t\t\t<img decoding=\"async\" width=\"350\" height=\"248\" src=\"https:\/\/reismann.de\/wp-content\/uploads\/2022\/10\/weinseminar2000_1.jpg\" class=\"attachment-large size-large wp-image-1821\" alt=\"\" srcset=\"https:\/\/reismann.de\/wp-content\/uploads\/2022\/10\/weinseminar2000_1.jpg 350w, https:\/\/reismann.de\/wp-content\/uploads\/2022\/10\/weinseminar2000_1-300x213.jpg 300w\" sizes=\"(max-width: 350px) 100vw, 350px\" \/>\t\t\t\t\t\t\t\t\t\t\t\t\t\t\t<\/div>\n\t\t\t\t<\/div>\n\t\t\t\t\t<\/div>\n\t\t<\/div>\n\t\t\t\t\t<\/div>\n\t\t<\/section>\n\t\t\t\t<\/div>\n\t\t","protected":false},"excerpt":{"rendered":"<p>Weinseminar 1999 Dem Weinexperten\u00a0Carl-Maria Gutwald\u00a0war es im\u00a010. Weinseminar\u00a0gelungen, anl\u00e4\u00dflich der 1200. Wiederkehr des epochemachenden Treffens von Papst Leo III. und Karl dem Gro\u00dfen in Paderborn ein paar Flaschen eines \u00e4lteren\u00a0Corton-Charlemagne\u00a0zu bekommen. Ein Wein, der wohl auch 799 an der Pader getrunken wurde. Der\u00a0Le Corton, so Referent Gutwald, sei n\u00e4mlich der Lieblingswein von Karl dem Gro\u00dfen [&hellip;]<\/p>\n","protected":false},"author":2,"featured_media":0,"parent":0,"menu_order":0,"comment_status":"closed","ping_status":"closed","template":"","meta":{"ocean_post_layout":"","ocean_both_sidebars_style":"","ocean_both_sidebars_content_width":0,"ocean_both_sidebars_sidebars_width":0,"ocean_sidebar":"0","ocean_second_sidebar":"0","ocean_disable_margins":"enable","ocean_add_body_class":"","ocean_shortcode_before_top_bar":"","ocean_shortcode_after_top_bar":"","ocean_shortcode_before_header":"","ocean_shortcode_after_header":"","ocean_has_shortcode":"","ocean_shortcode_after_title":"","ocean_shortcode_before_footer_widgets":"","ocean_shortcode_after_footer_widgets":"","ocean_shortcode_before_footer_bottom":"","ocean_shortcode_after_footer_bottom":"","ocean_display_top_bar":"default","ocean_display_header":"default","ocean_header_style":"","ocean_center_header_left_menu":"0","ocean_custom_header_template":"0","ocean_custom_logo":0,"ocean_custom_retina_logo":0,"ocean_custom_logo_max_width":0,"ocean_custom_logo_tablet_max_width":0,"ocean_custom_logo_mobile_max_width":0,"ocean_custom_logo_max_height":0,"ocean_custom_logo_tablet_max_height":0,"ocean_custom_logo_mobile_max_height":0,"ocean_header_custom_menu":"0","ocean_menu_typo_font_family":"0","ocean_menu_typo_font_subset":"","ocean_menu_typo_font_size":0,"ocean_menu_typo_font_size_tablet":0,"ocean_menu_typo_font_size_mobile":0,"ocean_menu_typo_font_size_unit":"px","ocean_menu_typo_font_weight":"","ocean_menu_typo_font_weight_tablet":"","ocean_menu_typo_font_weight_mobile":"","ocean_menu_typo_transform":"","ocean_menu_typo_transform_tablet":"","ocean_menu_typo_transform_mobile":"","ocean_menu_typo_line_height":0,"ocean_menu_typo_line_height_tablet":0,"ocean_menu_typo_line_height_mobile":0,"ocean_menu_typo_line_height_unit":"","ocean_menu_typo_spacing":0,"ocean_menu_typo_spacing_tablet":0,"ocean_menu_typo_spacing_mobile":0,"ocean_menu_typo_spacing_unit":"","ocean_menu_link_color":"","ocean_menu_link_color_hover":"","ocean_menu_link_color_active":"","ocean_menu_link_background":"","ocean_menu_link_hover_background":"","ocean_menu_link_active_background":"","ocean_menu_social_links_bg":"","ocean_menu_social_hover_links_bg":"","ocean_menu_social_links_color":"","ocean_menu_social_hover_links_color":"","ocean_disable_title":"default","ocean_disable_heading":"default","ocean_post_title":"","ocean_post_subheading":"","ocean_post_title_style":"","ocean_post_title_background_color":"","ocean_post_title_background":0,"ocean_post_title_bg_image_position":"","ocean_post_title_bg_image_attachment":"","ocean_post_title_bg_image_repeat":"","ocean_post_title_bg_image_size":"","ocean_post_title_height":0,"ocean_post_title_bg_overlay":0.5,"ocean_post_title_bg_overlay_color":"","ocean_disable_breadcrumbs":"default","ocean_breadcrumbs_color":"","ocean_breadcrumbs_separator_color":"","ocean_breadcrumbs_links_color":"","ocean_breadcrumbs_links_hover_color":"","ocean_display_footer_widgets":"default","ocean_display_footer_bottom":"default","ocean_custom_footer_template":"0","footnotes":""},"class_list":["post-1831","page","type-page","status-publish","hentry","entry"],"jetpack_sharing_enabled":true,"_links":{"self":[{"href":"https:\/\/reismann.de\/index.php?rest_route=\/wp\/v2\/pages\/1831","targetHints":{"allow":["GET"]}}],"collection":[{"href":"https:\/\/reismann.de\/index.php?rest_route=\/wp\/v2\/pages"}],"about":[{"href":"https:\/\/reismann.de\/index.php?rest_route=\/wp\/v2\/types\/page"}],"author":[{"embeddable":true,"href":"https:\/\/reismann.de\/index.php?rest_route=\/wp\/v2\/users\/2"}],"replies":[{"embeddable":true,"href":"https:\/\/reismann.de\/index.php?rest_route=%2Fwp%2Fv2%2Fcomments&post=1831"}],"version-history":[{"count":10,"href":"https:\/\/reismann.de\/index.php?rest_route=\/wp\/v2\/pages\/1831\/revisions"}],"predecessor-version":[{"id":2289,"href":"https:\/\/reismann.de\/index.php?rest_route=\/wp\/v2\/pages\/1831\/revisions\/2289"}],"wp:attachment":[{"href":"https:\/\/reismann.de\/index.php?rest_route=%2Fwp%2Fv2%2Fmedia&parent=1831"}],"curies":[{"name":"wp","href":"https:\/\/api.w.org\/{rel}","templated":true}]}}