{"id":1761,"date":"2022-10-28T14:33:00","date_gmt":"2022-10-28T12:33:00","guid":{"rendered":"https:\/\/test.reismann.de\/?page_id=1761"},"modified":"2022-11-27T17:13:59","modified_gmt":"2022-11-27T15:13:59","slug":"elementor-1761","status":"publish","type":"page","link":"https:\/\/reismann.de\/?page_id=1761","title":{"rendered":"Weinseminar 2003"},"content":{"rendered":"\t\t<div data-elementor-type=\"wp-page\" data-elementor-id=\"1761\" class=\"elementor elementor-1761\">\n\t\t\t\t\t\t<section class=\"elementor-section elementor-top-section elementor-element elementor-element-0d8cca2 elementor-section-boxed elementor-section-height-default elementor-section-height-default\" data-id=\"0d8cca2\" data-element_type=\"section\" data-e-type=\"section\">\n\t\t\t\t\t\t<div class=\"elementor-container elementor-column-gap-default\">\n\t\t\t\t\t<div class=\"elementor-column elementor-col-100 elementor-top-column elementor-element elementor-element-5bf43e0\" data-id=\"5bf43e0\" data-element_type=\"column\" data-e-type=\"column\">\n\t\t\t<div class=\"elementor-widget-wrap elementor-element-populated\">\n\t\t\t\t\t\t<div class=\"elementor-element elementor-element-4aad538 elementor-widget elementor-widget-text-editor\" data-id=\"4aad538\" data-element_type=\"widget\" data-e-type=\"widget\" data-widget_type=\"text-editor.default\">\n\t\t\t\t<div class=\"elementor-widget-container\">\n\t\t\t\t\t\t\t\t\t<p>\t\t<div data-elementor-type=\"wp-post\" data-elementor-id=\"1943\" class=\"elementor elementor-1943\">\n\t\t\t\t\t\t<section class=\"elementor-section elementor-top-section elementor-element elementor-element-abb95c1 elementor-section-boxed elementor-section-height-default elementor-section-height-default\" data-id=\"abb95c1\" data-element_type=\"section\" data-e-type=\"section\">\n\t\t\t\t\t\t<div class=\"elementor-container elementor-column-gap-default\">\n\t\t\t\t\t<div class=\"elementor-column elementor-col-100 elementor-top-column elementor-element elementor-element-2987805\" data-id=\"2987805\" data-element_type=\"column\" data-e-type=\"column\">\n\t\t\t<div class=\"elementor-widget-wrap elementor-element-populated\">\n\t\t\t\t\t\t<div class=\"elementor-element elementor-element-25e114e elementor-widget elementor-widget-heading\" data-id=\"25e114e\" data-element_type=\"widget\" data-e-type=\"widget\" data-widget_type=\"heading.default\">\n\t\t\t\t<div class=\"elementor-widget-container\">\n\t\t\t\t\t<h2 class=\"elementor-heading-title elementor-size-large\">\u00dcbersicht<\/h2>\t\t\t\t<\/div>\n\t\t\t\t<\/div>\n\t\t\t\t<div class=\"elementor-element elementor-element-4ac8e8f elementor-widget elementor-widget-text-editor\" data-id=\"4ac8e8f\" data-element_type=\"widget\" data-e-type=\"widget\" data-widget_type=\"text-editor.default\">\n\t\t\t\t<div class=\"elementor-widget-container\">\n\t\t\t\t\t\t\t\t\t<ul><li><a href=\"https:\/\/reismann.de\/?page_id=4768\">Weinseminar 2026 &#8211; Von der Rh\u00f4ne ins Languedoc<\/a><\/li><li><a href=\"https:\/\/reismann.de\/?page_id=3837\">Kontraste &#8211; Die Launen der Natur (2022)<\/a><\/li><li><a href=\"https:\/\/reismann.de\/?page_id=1458\">Gro\u00dfe Gew\u00e4chse der letzten Jahre \u2013 Von Burgund nach Montpellier(2017)<\/a><\/li><li><a href=\"https:\/\/reismann.de\/?page_id=1490\">Von der Provence nach Bordeaux und zur\u00fcck (2016)<\/a><\/li><li><a href=\"https:\/\/reismann.de\/?page_id=1504\">Die gro\u00dfen Weine des Jahres (2015)<\/a><\/li><li><a href=\"https:\/\/reismann.de\/?page_id=2033\">Das Feuerwerk von Ch\u00e2teau de l\u2019Engerran (2014)<\/a><\/li><li><a href=\"https:\/\/reismann.de\/?page_id=1585\">Wei\u00dfe Burgunder und rote Bordeaux (2013)<\/a><\/li><li><a href=\"https:\/\/reismann.de\/?page_id=1601\">Die Welt der Frauen: Die Revolution in der franz\u00f6sischen Weinwelt (2012)<\/a><\/li><li><a href=\"https:\/\/reismann.de\/?page_id=1617\">Die Sonne des Jahres 2010 (2011)<\/a><\/li><li><a href=\"https:\/\/reismann.de\/?page_id=1639\">Tour de France \u2013 Frankreichs wichtigste Rebsorten (2010)<\/a><\/li><li><a href=\"https:\/\/reismann.de\/?page_id=1668\">Bordeaux: Klassiker in neuem Gewand (2009)<\/a><\/li><li><a href=\"https:\/\/reismann.de\/?page_id=1695\">Neue Kreationen aus dem Languedoc (2008)<\/a><\/li><li><a href=\"https:\/\/reismann.de\/?page_id=1711\">Weine des Plantagenets (2007 \u2013 2. Seminar)<\/a><\/li><li><a href=\"https:\/\/reismann.de\/?page_id=1725\">Eine Weinreise durch die Region Bordeaux (2007 \u2013 1. Seminar)<\/a><\/li><li><a href=\"https:\/\/reismann.de\/?page_id=1740\">S\u00fcdfrankreich im Glas und auf der Zunge (2005)<\/a><\/li><li><a href=\"https:\/\/reismann.de\/?page_id=1751\">Ein spannender Abend im neuen Gewand (2004)<\/a><\/li><li><a href=\"https:\/\/reismann.de\/?page_id=1761\">Weinseminar 2003<\/a><\/li><li><a href=\"https:\/\/reismann.de\/?page_id=1776\">Quiche und Chardonnay (2002)<\/a><\/li><li><a href=\"https:\/\/reismann.de\/?page_id=1794\">Weinseminar 2001<\/a><\/li><li><a href=\"https:\/\/reismann.de\/?page_id=1815\">Weinseminar 2000<\/a><\/li><li><a href=\"https:\/\/reismann.de\/?page_id=1831\">Weinseminar 1999<\/a><\/li><li><a href=\"https:\/\/reismann.de\/?page_id=1843\">Weinseminar 1996<\/a><\/li><li><a href=\"https:\/\/reismann.de\/?page_id=1864\">Weinseminar 1994<\/a><\/li><\/ul>\t\t\t\t\t\t\t\t<\/div>\n\t\t\t\t<\/div>\n\t\t\t\t<div class=\"elementor-element elementor-element-6d1d199 elementor-widget-divider--view-line elementor-widget elementor-widget-divider\" data-id=\"6d1d199\" data-element_type=\"widget\" data-e-type=\"widget\" data-widget_type=\"divider.default\">\n\t\t\t\t<div class=\"elementor-widget-container\">\n\t\t\t\t\t\t\t<div class=\"elementor-divider\">\n\t\t\t<span class=\"elementor-divider-separator\">\n\t\t\t\t\t\t<\/span>\n\t\t<\/div>\n\t\t\t\t\t\t<\/div>\n\t\t\t\t<\/div>\n\t\t\t\t\t<\/div>\n\t\t<\/div>\n\t\t\t\t\t<\/div>\n\t\t<\/section>\n\t\t\t\t<\/div>\n\t\t<\/p>\t\t\t\t\t\t\t\t<\/div>\n\t\t\t\t<\/div>\n\t\t\t\t<div class=\"elementor-element elementor-element-e15fb63 elementor-widget elementor-widget-heading\" data-id=\"e15fb63\" data-element_type=\"widget\" data-e-type=\"widget\" data-widget_type=\"heading.default\">\n\t\t\t\t<div class=\"elementor-widget-container\">\n\t\t\t\t\t<h2 class=\"elementor-heading-title elementor-size-default\">14. Weinseminar 2003<\/h2>\t\t\t\t<\/div>\n\t\t\t\t<\/div>\n\t\t\t\t\t<\/div>\n\t\t<\/div>\n\t\t\t\t\t<\/div>\n\t\t<\/section>\n\t\t\t\t<section class=\"elementor-section elementor-top-section elementor-element elementor-element-02758d8 elementor-section-boxed elementor-section-height-default elementor-section-height-default\" data-id=\"02758d8\" data-element_type=\"section\" data-e-type=\"section\">\n\t\t\t\t\t\t<div class=\"elementor-container elementor-column-gap-default\">\n\t\t\t\t\t<div class=\"elementor-column elementor-col-50 elementor-top-column elementor-element elementor-element-e80fa28\" data-id=\"e80fa28\" data-element_type=\"column\" data-e-type=\"column\">\n\t\t\t<div class=\"elementor-widget-wrap elementor-element-populated\">\n\t\t\t\t\t\t<div class=\"elementor-element elementor-element-8decb50 elementor-widget elementor-widget-image\" data-id=\"8decb50\" data-element_type=\"widget\" data-e-type=\"widget\" data-widget_type=\"image.default\">\n\t\t\t\t<div class=\"elementor-widget-container\">\n\t\t\t\t\t\t\t\t\t\t\t\t\t\t\t<img fetchpriority=\"high\" decoding=\"async\" width=\"1024\" height=\"768\" src=\"https:\/\/reismann.de\/wp-content\/uploads\/2022\/10\/Weinseminar_2003-015_g-1024x768.jpg\" class=\"attachment-large size-large wp-image-1763\" alt=\"\" srcset=\"https:\/\/reismann.de\/wp-content\/uploads\/2022\/10\/Weinseminar_2003-015_g-1024x768.jpg 1024w, https:\/\/reismann.de\/wp-content\/uploads\/2022\/10\/Weinseminar_2003-015_g-300x225.jpg 300w, https:\/\/reismann.de\/wp-content\/uploads\/2022\/10\/Weinseminar_2003-015_g-768x576.jpg 768w, https:\/\/reismann.de\/wp-content\/uploads\/2022\/10\/Weinseminar_2003-015_g.jpg 1280w\" sizes=\"(max-width: 1024px) 100vw, 1024px\" \/>\t\t\t\t\t\t\t\t\t\t\t\t\t\t\t<\/div>\n\t\t\t\t<\/div>\n\t\t\t\t\t<\/div>\n\t\t<\/div>\n\t\t\t\t<div class=\"elementor-column elementor-col-50 elementor-top-column elementor-element elementor-element-f1c266b\" data-id=\"f1c266b\" data-element_type=\"column\" data-e-type=\"column\">\n\t\t\t<div class=\"elementor-widget-wrap elementor-element-populated\">\n\t\t\t\t\t\t<div class=\"elementor-element elementor-element-a8f13ff elementor-widget elementor-widget-text-editor\" data-id=\"a8f13ff\" data-element_type=\"widget\" data-e-type=\"widget\" data-widget_type=\"text-editor.default\">\n\t\t\t\t<div class=\"elementor-widget-container\">\n\t\t\t\t\t\t\t\t\t<h3>Rezept des Abends f\u00fcr Tap\u00e9nade von Harald Lembke<\/h3><p>Die Tap\u00e9nade ist eine w\u00fcrzige Olivenpaste, die auch als Kaviar der Provence bezeichnet wird. Man serviert sie auf Baguette-Scheiben oder blanchierten Gem\u00fcsen, wie Karotte, Stangensellerie, Courgette, Kohlrabi etc.<br \/><b>Zutaten<\/b>: 300g schwarze Oliven mit Stein &#8211; 100g Sardellenfilets &#8211; 100g Thunfischfleisch &#8211; 1TL scharfer Senf &#8211; 200g Kapern &#8211; 0,2l hochwertiges Oliven\u00f6l &#8211; Pfeffer aus der M\u00fchle &#8211; 1 Schnappsglas Cognac.<\/p><p><b>Zubereitung<\/b>: Die Oliven entsteinen. Alle festen Zutaten sehr fein schneiden. Fehlt die Zeit, darf der Mixer helfen, aber das geht auf Kosten des Aromas und Geschmack! Senf unterheben, das \u00d6l in feinen Strahlen einbinden. Kr\u00e4ftig mit Pfeffer abschmecken. Zum Schlu\u00df den Cognac einr\u00fchren.<\/p>\t\t\t\t\t\t\t\t<\/div>\n\t\t\t\t<\/div>\n\t\t\t\t\t<\/div>\n\t\t<\/div>\n\t\t\t\t\t<\/div>\n\t\t<\/section>\n\t\t\t\t<section class=\"elementor-section elementor-top-section elementor-element elementor-element-a6476d9 elementor-section-boxed elementor-section-height-default elementor-section-height-default\" data-id=\"a6476d9\" data-element_type=\"section\" data-e-type=\"section\">\n\t\t\t\t\t\t<div class=\"elementor-container elementor-column-gap-default\">\n\t\t\t\t\t<div class=\"elementor-column elementor-col-100 elementor-top-column elementor-element elementor-element-5b08066\" data-id=\"5b08066\" data-element_type=\"column\" data-e-type=\"column\">\n\t\t\t<div class=\"elementor-widget-wrap elementor-element-populated\">\n\t\t\t\t\t\t<div class=\"elementor-element elementor-element-20a53fb elementor-arrows-position-outside elementor-pagination-position-outside elementor-widget elementor-widget-image-carousel\" data-id=\"20a53fb\" data-element_type=\"widget\" data-e-type=\"widget\" data-settings=\"{&quot;slides_to_show&quot;:&quot;2&quot;,&quot;navigation&quot;:&quot;both&quot;,&quot;autoplay&quot;:&quot;yes&quot;,&quot;pause_on_hover&quot;:&quot;yes&quot;,&quot;pause_on_interaction&quot;:&quot;yes&quot;,&quot;autoplay_speed&quot;:5000,&quot;infinite&quot;:&quot;yes&quot;,&quot;speed&quot;:500,&quot;image_spacing_custom&quot;:{&quot;unit&quot;:&quot;px&quot;,&quot;size&quot;:20,&quot;sizes&quot;:[]},&quot;image_spacing_custom_tablet&quot;:{&quot;unit&quot;:&quot;px&quot;,&quot;size&quot;:&quot;&quot;,&quot;sizes&quot;:[]},&quot;image_spacing_custom_mobile&quot;:{&quot;unit&quot;:&quot;px&quot;,&quot;size&quot;:&quot;&quot;,&quot;sizes&quot;:[]}}\" data-widget_type=\"image-carousel.default\">\n\t\t\t\t<div class=\"elementor-widget-container\">\n\t\t\t\t\t\t\t<div class=\"elementor-image-carousel-wrapper swiper\" role=\"region\" aria-roledescription=\"carousel\" aria-label=\"Bild Karussell\" dir=\"ltr\">\n\t\t\t<div class=\"elementor-image-carousel swiper-wrapper\" aria-live=\"off\">\n\t\t\t\t\t\t\t\t<div class=\"swiper-slide\" role=\"group\" aria-roledescription=\"slide\" aria-label=\"1 von 7\"><figure class=\"swiper-slide-inner\"><img decoding=\"async\" class=\"swiper-slide-image\" src=\"https:\/\/reismann.de\/wp-content\/uploads\/2022\/10\/Weinseminar_2003-016_g-768x576.jpg\" alt=\"Weinseminar_2003 016_g\" \/><\/figure><\/div><div class=\"swiper-slide\" role=\"group\" aria-roledescription=\"slide\" aria-label=\"2 von 7\"><figure class=\"swiper-slide-inner\"><img decoding=\"async\" class=\"swiper-slide-image\" src=\"https:\/\/reismann.de\/wp-content\/uploads\/2022\/10\/Weinseminar_2003-017_g-768x576.jpg\" alt=\"Weinseminar_2003 017_g\" \/><\/figure><\/div><div class=\"swiper-slide\" role=\"group\" aria-roledescription=\"slide\" aria-label=\"3 von 7\"><figure class=\"swiper-slide-inner\"><img decoding=\"async\" class=\"swiper-slide-image\" src=\"https:\/\/reismann.de\/wp-content\/uploads\/2022\/10\/Weinseminar_2003-018_g-768x576.jpg\" alt=\"Weinseminar_2003 018_g\" \/><\/figure><\/div><div class=\"swiper-slide\" role=\"group\" aria-roledescription=\"slide\" aria-label=\"4 von 7\"><figure class=\"swiper-slide-inner\"><img decoding=\"async\" class=\"swiper-slide-image\" src=\"https:\/\/reismann.de\/wp-content\/uploads\/2022\/10\/Weinseminar_2003-019_g-768x576.jpg\" alt=\"Weinseminar_2003 019_g\" \/><\/figure><\/div><div class=\"swiper-slide\" role=\"group\" aria-roledescription=\"slide\" aria-label=\"5 von 7\"><figure class=\"swiper-slide-inner\"><img decoding=\"async\" class=\"swiper-slide-image\" src=\"https:\/\/reismann.de\/wp-content\/uploads\/2022\/10\/Weinseminar_2003-020_g-768x576.jpg\" alt=\"Weinseminar_2003 020_g\" \/><\/figure><\/div><div class=\"swiper-slide\" role=\"group\" aria-roledescription=\"slide\" aria-label=\"6 von 7\"><figure class=\"swiper-slide-inner\"><img decoding=\"async\" class=\"swiper-slide-image\" src=\"https:\/\/reismann.de\/wp-content\/uploads\/2022\/10\/Weinseminar_2003-021_g-768x576.jpg\" alt=\"Weinseminar_2003 021_g\" \/><\/figure><\/div><div class=\"swiper-slide\" role=\"group\" aria-roledescription=\"slide\" aria-label=\"7 von 7\"><figure class=\"swiper-slide-inner\"><img decoding=\"async\" class=\"swiper-slide-image\" src=\"https:\/\/reismann.de\/wp-content\/uploads\/2022\/10\/Weinseminar_2003-022_g-768x576.jpg\" alt=\"Weinseminar_2003 022_g\" \/><\/figure><\/div>\t\t\t<\/div>\n\t\t\t\t\t\t\t\t\t\t\t\t<div class=\"elementor-swiper-button elementor-swiper-button-prev\" role=\"button\" tabindex=\"0\">\n\t\t\t\t\t\t<i aria-hidden=\"true\" class=\"eicon-chevron-left\"><\/i>\t\t\t\t\t<\/div>\n\t\t\t\t\t<div class=\"elementor-swiper-button elementor-swiper-button-next\" role=\"button\" tabindex=\"0\">\n\t\t\t\t\t\t<i aria-hidden=\"true\" class=\"eicon-chevron-right\"><\/i>\t\t\t\t\t<\/div>\n\t\t\t\t\n\t\t\t\t\t\t\t\t\t<div class=\"swiper-pagination\"><\/div>\n\t\t\t\t\t\t\t\t\t<\/div>\n\t\t\t\t\t\t<\/div>\n\t\t\t\t<\/div>\n\t\t\t\t\t<\/div>\n\t\t<\/div>\n\t\t\t\t\t<\/div>\n\t\t<\/section>\n\t\t\t\t<\/div>\n\t\t","protected":false},"excerpt":{"rendered":"<p>14. Weinseminar 2003 Rezept des Abends f\u00fcr Tap\u00e9nade von Harald Lembke Die Tap\u00e9nade ist eine w\u00fcrzige Olivenpaste, die auch als Kaviar der Provence bezeichnet wird. Man serviert sie auf Baguette-Scheiben oder blanchierten Gem\u00fcsen, wie Karotte, Stangensellerie, Courgette, Kohlrabi etc.Zutaten: 300g schwarze Oliven mit Stein &#8211; 100g Sardellenfilets &#8211; 100g Thunfischfleisch &#8211; 1TL scharfer Senf &#8211; [&hellip;]<\/p>\n","protected":false},"author":2,"featured_media":0,"parent":0,"menu_order":0,"comment_status":"closed","ping_status":"closed","template":"","meta":{"ocean_post_layout":"","ocean_both_sidebars_style":"","ocean_both_sidebars_content_width":0,"ocean_both_sidebars_sidebars_width":0,"ocean_sidebar":"0","ocean_second_sidebar":"0","ocean_disable_margins":"enable","ocean_add_body_class":"","ocean_shortcode_before_top_bar":"","ocean_shortcode_after_top_bar":"","ocean_shortcode_before_header":"","ocean_shortcode_after_header":"","ocean_has_shortcode":"","ocean_shortcode_after_title":"","ocean_shortcode_before_footer_widgets":"","ocean_shortcode_after_footer_widgets":"","ocean_shortcode_before_footer_bottom":"","ocean_shortcode_after_footer_bottom":"","ocean_display_top_bar":"default","ocean_display_header":"default","ocean_header_style":"","ocean_center_header_left_menu":"0","ocean_custom_header_template":"0","ocean_custom_logo":0,"ocean_custom_retina_logo":0,"ocean_custom_logo_max_width":0,"ocean_custom_logo_tablet_max_width":0,"ocean_custom_logo_mobile_max_width":0,"ocean_custom_logo_max_height":0,"ocean_custom_logo_tablet_max_height":0,"ocean_custom_logo_mobile_max_height":0,"ocean_header_custom_menu":"0","ocean_menu_typo_font_family":"0","ocean_menu_typo_font_subset":"","ocean_menu_typo_font_size":0,"ocean_menu_typo_font_size_tablet":0,"ocean_menu_typo_font_size_mobile":0,"ocean_menu_typo_font_size_unit":"px","ocean_menu_typo_font_weight":"","ocean_menu_typo_font_weight_tablet":"","ocean_menu_typo_font_weight_mobile":"","ocean_menu_typo_transform":"","ocean_menu_typo_transform_tablet":"","ocean_menu_typo_transform_mobile":"","ocean_menu_typo_line_height":0,"ocean_menu_typo_line_height_tablet":0,"ocean_menu_typo_line_height_mobile":0,"ocean_menu_typo_line_height_unit":"","ocean_menu_typo_spacing":0,"ocean_menu_typo_spacing_tablet":0,"ocean_menu_typo_spacing_mobile":0,"ocean_menu_typo_spacing_unit":"","ocean_menu_link_color":"","ocean_menu_link_color_hover":"","ocean_menu_link_color_active":"","ocean_menu_link_background":"","ocean_menu_link_hover_background":"","ocean_menu_link_active_background":"","ocean_menu_social_links_bg":"","ocean_menu_social_hover_links_bg":"","ocean_menu_social_links_color":"","ocean_menu_social_hover_links_color":"","ocean_disable_title":"default","ocean_disable_heading":"default","ocean_post_title":"","ocean_post_subheading":"","ocean_post_title_style":"","ocean_post_title_background_color":"","ocean_post_title_background":0,"ocean_post_title_bg_image_position":"","ocean_post_title_bg_image_attachment":"","ocean_post_title_bg_image_repeat":"","ocean_post_title_bg_image_size":"","ocean_post_title_height":0,"ocean_post_title_bg_overlay":0.5,"ocean_post_title_bg_overlay_color":"","ocean_disable_breadcrumbs":"default","ocean_breadcrumbs_color":"","ocean_breadcrumbs_separator_color":"","ocean_breadcrumbs_links_color":"","ocean_breadcrumbs_links_hover_color":"","ocean_display_footer_widgets":"default","ocean_display_footer_bottom":"default","ocean_custom_footer_template":"0","footnotes":""},"class_list":["post-1761","page","type-page","status-publish","hentry","entry"],"jetpack_sharing_enabled":true,"_links":{"self":[{"href":"https:\/\/reismann.de\/index.php?rest_route=\/wp\/v2\/pages\/1761","targetHints":{"allow":["GET"]}}],"collection":[{"href":"https:\/\/reismann.de\/index.php?rest_route=\/wp\/v2\/pages"}],"about":[{"href":"https:\/\/reismann.de\/index.php?rest_route=\/wp\/v2\/types\/page"}],"author":[{"embeddable":true,"href":"https:\/\/reismann.de\/index.php?rest_route=\/wp\/v2\/users\/2"}],"replies":[{"embeddable":true,"href":"https:\/\/reismann.de\/index.php?rest_route=%2Fwp%2Fv2%2Fcomments&post=1761"}],"version-history":[{"count":8,"href":"https:\/\/reismann.de\/index.php?rest_route=\/wp\/v2\/pages\/1761\/revisions"}],"predecessor-version":[{"id":2277,"href":"https:\/\/reismann.de\/index.php?rest_route=\/wp\/v2\/pages\/1761\/revisions\/2277"}],"wp:attachment":[{"href":"https:\/\/reismann.de\/index.php?rest_route=%2Fwp%2Fv2%2Fmedia&parent=1761"}],"curies":[{"name":"wp","href":"https:\/\/api.w.org\/{rel}","templated":true}]}}