{"id":1725,"date":"2022-10-23T21:24:28","date_gmt":"2022-10-23T19:24:28","guid":{"rendered":"https:\/\/test.reismann.de\/?page_id=1725"},"modified":"2022-11-27T17:10:10","modified_gmt":"2022-11-27T15:10:10","slug":"eine-weinreise-durch-die-region-bordeaux-2007-1-veranstaltung","status":"publish","type":"page","link":"https:\/\/reismann.de\/?page_id=1725","title":{"rendered":"Eine Weinreise durch die Region Bordeaux (2007 &#8211; 1. Veranstaltung)"},"content":{"rendered":"\t\t<div data-elementor-type=\"wp-page\" data-elementor-id=\"1725\" class=\"elementor elementor-1725\">\n\t\t\t\t\t\t<section class=\"elementor-section elementor-top-section elementor-element elementor-element-81a50e5 elementor-section-boxed elementor-section-height-default elementor-section-height-default\" data-id=\"81a50e5\" data-element_type=\"section\" data-e-type=\"section\">\n\t\t\t\t\t\t<div class=\"elementor-container elementor-column-gap-default\">\n\t\t\t\t\t<div class=\"elementor-column elementor-col-100 elementor-top-column elementor-element elementor-element-69a41b0\" data-id=\"69a41b0\" data-element_type=\"column\" data-e-type=\"column\">\n\t\t\t<div class=\"elementor-widget-wrap elementor-element-populated\">\n\t\t\t\t\t\t<div class=\"elementor-element elementor-element-725ce39 elementor-widget elementor-widget-text-editor\" data-id=\"725ce39\" data-element_type=\"widget\" data-e-type=\"widget\" data-widget_type=\"text-editor.default\">\n\t\t\t\t<div class=\"elementor-widget-container\">\n\t\t\t\t\t\t\t\t\t<p>\t\t<div data-elementor-type=\"wp-post\" data-elementor-id=\"1943\" class=\"elementor elementor-1943\">\n\t\t\t\t\t\t<section class=\"elementor-section elementor-top-section elementor-element elementor-element-abb95c1 elementor-section-boxed elementor-section-height-default elementor-section-height-default\" data-id=\"abb95c1\" data-element_type=\"section\" data-e-type=\"section\">\n\t\t\t\t\t\t<div class=\"elementor-container elementor-column-gap-default\">\n\t\t\t\t\t<div class=\"elementor-column elementor-col-100 elementor-top-column elementor-element elementor-element-2987805\" data-id=\"2987805\" data-element_type=\"column\" data-e-type=\"column\">\n\t\t\t<div class=\"elementor-widget-wrap elementor-element-populated\">\n\t\t\t\t\t\t<div class=\"elementor-element elementor-element-25e114e elementor-widget elementor-widget-heading\" data-id=\"25e114e\" data-element_type=\"widget\" data-e-type=\"widget\" data-widget_type=\"heading.default\">\n\t\t\t\t<div class=\"elementor-widget-container\">\n\t\t\t\t\t<h2 class=\"elementor-heading-title elementor-size-large\">\u00dcbersicht<\/h2>\t\t\t\t<\/div>\n\t\t\t\t<\/div>\n\t\t\t\t<div class=\"elementor-element elementor-element-4ac8e8f elementor-widget elementor-widget-text-editor\" data-id=\"4ac8e8f\" data-element_type=\"widget\" data-e-type=\"widget\" data-widget_type=\"text-editor.default\">\n\t\t\t\t<div class=\"elementor-widget-container\">\n\t\t\t\t\t\t\t\t\t<ul><li><a href=\"https:\/\/reismann.de\/?page_id=4768\">Weinseminar 2026 &#8211; Von der Rh\u00f4ne ins Languedoc<\/a><\/li><li><a href=\"https:\/\/reismann.de\/?page_id=3837\">Kontraste &#8211; Die Launen der Natur (2022)<\/a><\/li><li><a href=\"https:\/\/reismann.de\/?page_id=1458\">Gro\u00dfe Gew\u00e4chse der letzten Jahre \u2013 Von Burgund nach Montpellier(2017)<\/a><\/li><li><a href=\"https:\/\/reismann.de\/?page_id=1490\">Von der Provence nach Bordeaux und zur\u00fcck (2016)<\/a><\/li><li><a href=\"https:\/\/reismann.de\/?page_id=1504\">Die gro\u00dfen Weine des Jahres (2015)<\/a><\/li><li><a href=\"https:\/\/reismann.de\/?page_id=2033\">Das Feuerwerk von Ch\u00e2teau de l\u2019Engerran (2014)<\/a><\/li><li><a href=\"https:\/\/reismann.de\/?page_id=1585\">Wei\u00dfe Burgunder und rote Bordeaux (2013)<\/a><\/li><li><a href=\"https:\/\/reismann.de\/?page_id=1601\">Die Welt der Frauen: Die Revolution in der franz\u00f6sischen Weinwelt (2012)<\/a><\/li><li><a href=\"https:\/\/reismann.de\/?page_id=1617\">Die Sonne des Jahres 2010 (2011)<\/a><\/li><li><a href=\"https:\/\/reismann.de\/?page_id=1639\">Tour de France \u2013 Frankreichs wichtigste Rebsorten (2010)<\/a><\/li><li><a href=\"https:\/\/reismann.de\/?page_id=1668\">Bordeaux: Klassiker in neuem Gewand (2009)<\/a><\/li><li><a href=\"https:\/\/reismann.de\/?page_id=1695\">Neue Kreationen aus dem Languedoc (2008)<\/a><\/li><li><a href=\"https:\/\/reismann.de\/?page_id=1711\">Weine des Plantagenets (2007 \u2013 2. Seminar)<\/a><\/li><li><a href=\"https:\/\/reismann.de\/?page_id=1725\">Eine Weinreise durch die Region Bordeaux (2007 \u2013 1. Seminar)<\/a><\/li><li><a href=\"https:\/\/reismann.de\/?page_id=1740\">S\u00fcdfrankreich im Glas und auf der Zunge (2005)<\/a><\/li><li><a href=\"https:\/\/reismann.de\/?page_id=1751\">Ein spannender Abend im neuen Gewand (2004)<\/a><\/li><li><a href=\"https:\/\/reismann.de\/?page_id=1761\">Weinseminar 2003<\/a><\/li><li><a href=\"https:\/\/reismann.de\/?page_id=1776\">Quiche und Chardonnay (2002)<\/a><\/li><li><a href=\"https:\/\/reismann.de\/?page_id=1794\">Weinseminar 2001<\/a><\/li><li><a href=\"https:\/\/reismann.de\/?page_id=1815\">Weinseminar 2000<\/a><\/li><li><a href=\"https:\/\/reismann.de\/?page_id=1831\">Weinseminar 1999<\/a><\/li><li><a href=\"https:\/\/reismann.de\/?page_id=1843\">Weinseminar 1996<\/a><\/li><li><a href=\"https:\/\/reismann.de\/?page_id=1864\">Weinseminar 1994<\/a><\/li><\/ul>\t\t\t\t\t\t\t\t<\/div>\n\t\t\t\t<\/div>\n\t\t\t\t<div class=\"elementor-element elementor-element-6d1d199 elementor-widget-divider--view-line elementor-widget elementor-widget-divider\" data-id=\"6d1d199\" data-element_type=\"widget\" data-e-type=\"widget\" data-widget_type=\"divider.default\">\n\t\t\t\t<div class=\"elementor-widget-container\">\n\t\t\t\t\t\t\t<div class=\"elementor-divider\">\n\t\t\t<span class=\"elementor-divider-separator\">\n\t\t\t\t\t\t<\/span>\n\t\t<\/div>\n\t\t\t\t\t\t<\/div>\n\t\t\t\t<\/div>\n\t\t\t\t\t<\/div>\n\t\t<\/div>\n\t\t\t\t\t<\/div>\n\t\t<\/section>\n\t\t\t\t<\/div>\n\t\t<\/p>\t\t\t\t\t\t\t\t<\/div>\n\t\t\t\t<\/div>\n\t\t\t\t<div class=\"elementor-element elementor-element-7d37beb elementor-widget elementor-widget-heading\" data-id=\"7d37beb\" data-element_type=\"widget\" data-e-type=\"widget\" data-widget_type=\"heading.default\">\n\t\t\t\t<div class=\"elementor-widget-container\">\n\t\t\t\t\t<h2 class=\"elementor-heading-title elementor-size-default\">Eine Weinreise durch die Region Bordeaux (2007 - 1. Veranstaltung)\n<\/h2>\t\t\t\t<\/div>\n\t\t\t\t<\/div>\n\t\t\t\t\t<\/div>\n\t\t<\/div>\n\t\t\t\t\t<\/div>\n\t\t<\/section>\n\t\t\t\t<section class=\"elementor-section elementor-top-section elementor-element elementor-element-f78d38a elementor-section-boxed elementor-section-height-default elementor-section-height-default\" data-id=\"f78d38a\" data-element_type=\"section\" data-e-type=\"section\">\n\t\t\t\t\t\t<div class=\"elementor-container elementor-column-gap-default\">\n\t\t\t\t\t<div class=\"elementor-column elementor-col-50 elementor-top-column elementor-element elementor-element-1e66079\" data-id=\"1e66079\" data-element_type=\"column\" data-e-type=\"column\">\n\t\t\t<div class=\"elementor-widget-wrap elementor-element-populated\">\n\t\t\t\t\t\t<div class=\"elementor-element elementor-element-7447f13 elementor-widget elementor-widget-image\" data-id=\"7447f13\" data-element_type=\"widget\" data-e-type=\"widget\" data-widget_type=\"image.default\">\n\t\t\t\t<div class=\"elementor-widget-container\">\n\t\t\t\t\t\t\t\t\t\t\t\t<figure class=\"wp-caption\">\n\t\t\t\t\t\t\t\t\t\t<img fetchpriority=\"high\" decoding=\"async\" width=\"233\" height=\"350\" src=\"https:\/\/reismann.de\/wp-content\/uploads\/2022\/10\/P3093532k.jpg\" class=\"attachment-ocean-thumb-ml size-ocean-thumb-ml wp-image-1727\" alt=\"\" srcset=\"https:\/\/reismann.de\/wp-content\/uploads\/2022\/10\/P3093532k.jpg 233w, https:\/\/reismann.de\/wp-content\/uploads\/2022\/10\/P3093532k-200x300.jpg 200w\" sizes=\"(max-width: 233px) 100vw, 233px\" \/>\t\t\t\t\t\t\t\t\t\t\t<figcaption class=\"widget-image-caption wp-caption-text\">Wilhelm Groppe<\/figcaption>\n\t\t\t\t\t\t\t\t\t\t<\/figure>\n\t\t\t\t\t\t\t\t\t<\/div>\n\t\t\t\t<\/div>\n\t\t\t\t\t<\/div>\n\t\t<\/div>\n\t\t\t\t<div class=\"elementor-column elementor-col-50 elementor-top-column elementor-element elementor-element-a9d7e78\" data-id=\"a9d7e78\" data-element_type=\"column\" data-e-type=\"column\">\n\t\t\t<div class=\"elementor-widget-wrap elementor-element-populated\">\n\t\t\t\t\t\t<div class=\"elementor-element elementor-element-3a024dc elementor-widget elementor-widget-image\" data-id=\"3a024dc\" data-element_type=\"widget\" data-e-type=\"widget\" data-widget_type=\"image.default\">\n\t\t\t\t<div class=\"elementor-widget-container\">\n\t\t\t\t\t\t\t\t\t\t\t\t\t\t\t<img decoding=\"async\" src=\"https:\/\/reismann.de\/wp-content\/uploads\/2022\/10\/wsb_logo.jpg\" title=\"\" alt=\"\" loading=\"lazy\" \/>\t\t\t\t\t\t\t\t\t\t\t\t\t\t\t<\/div>\n\t\t\t\t<\/div>\n\t\t\t\t<div class=\"elementor-element elementor-element-d6e9508 elementor-widget elementor-widget-text-editor\" data-id=\"d6e9508\" data-element_type=\"widget\" data-e-type=\"widget\" data-widget_type=\"text-editor.default\">\n\t\t\t\t<div class=\"elementor-widget-container\">\n\t\t\t\t\t\t\t\t\t<p>Das erste Weinseminar in diesem Jahr fand am 9 M\u00e4rz 2007 im Weinatelier Groppe statt. Diese Veranstaltung, die nun bereits zum 17. Mal stattgefunden hat und damit zurecht die Bezeichnung &#8222;Traditionsveranstaltung&#8220; tr\u00e4gt, war auch diesmal ein Hochgenuss und ein echtes Highlight f\u00fcr alle Weingenie\u00dfer<\/p>\n<p>Unter der \u00dcberschrift &#8222;Eine Weinreise durch die Region Bordeaux&#8220; pr\u00e4sentierte der Sommelier Wilhelm Groppe den Teilnehmern \u00e4u\u00dferst interessante, k\u00f6stliche und seltene Weine. Zu allen Weinen lieferte Herr Groppe noch Informationen, Geschichten und anderes Wissenswertes \u00fcber die Weing\u00fcter, die Regionen und Herstellungsverfahren, so dass die Teilnehmer neben einem sch\u00f6nen und geselligen auch einen sehr lehrreichen Abend erleben durften.&nbsp;<\/p>\t\t\t\t\t\t\t\t<\/div>\n\t\t\t\t<\/div>\n\t\t\t\t\t<\/div>\n\t\t<\/div>\n\t\t\t\t\t<\/div>\n\t\t<\/section>\n\t\t\t\t<section class=\"elementor-section elementor-top-section elementor-element elementor-element-9f5053e elementor-section-boxed elementor-section-height-default elementor-section-height-default\" data-id=\"9f5053e\" data-element_type=\"section\" data-e-type=\"section\">\n\t\t\t\t\t\t<div class=\"elementor-container elementor-column-gap-default\">\n\t\t\t\t\t<div class=\"elementor-column elementor-col-50 elementor-top-column elementor-element elementor-element-bcb59bc\" data-id=\"bcb59bc\" data-element_type=\"column\" data-e-type=\"column\">\n\t\t\t<div class=\"elementor-widget-wrap elementor-element-populated\">\n\t\t\t\t\t\t<div class=\"elementor-element elementor-element-8edbd6e elementor-widget elementor-widget-image\" data-id=\"8edbd6e\" data-element_type=\"widget\" data-e-type=\"widget\" data-widget_type=\"image.default\">\n\t\t\t\t<div class=\"elementor-widget-container\">\n\t\t\t\t\t\t\t\t\t\t\t\t\t\t\t<img decoding=\"async\" width=\"233\" height=\"350\" src=\"https:\/\/reismann.de\/wp-content\/uploads\/2022\/10\/P3093533k.jpg\" class=\"attachment-large size-large wp-image-1728\" alt=\"\" srcset=\"https:\/\/reismann.de\/wp-content\/uploads\/2022\/10\/P3093533k.jpg 233w, https:\/\/reismann.de\/wp-content\/uploads\/2022\/10\/P3093533k-200x300.jpg 200w\" sizes=\"(max-width: 233px) 100vw, 233px\" \/>\t\t\t\t\t\t\t\t\t\t\t\t\t\t\t<\/div>\n\t\t\t\t<\/div>\n\t\t\t\t\t<\/div>\n\t\t<\/div>\n\t\t\t\t<div class=\"elementor-column elementor-col-50 elementor-top-column elementor-element elementor-element-ac9aebf\" data-id=\"ac9aebf\" data-element_type=\"column\" data-e-type=\"column\">\n\t\t\t<div class=\"elementor-widget-wrap elementor-element-populated\">\n\t\t\t\t\t\t<div class=\"elementor-element elementor-element-eafefd3 elementor-arrows-position-inside elementor-pagination-position-outside elementor-widget elementor-widget-image-carousel\" data-id=\"eafefd3\" data-element_type=\"widget\" data-e-type=\"widget\" data-settings=\"{&quot;slides_to_show&quot;:&quot;1&quot;,&quot;navigation&quot;:&quot;both&quot;,&quot;autoplay&quot;:&quot;yes&quot;,&quot;pause_on_hover&quot;:&quot;yes&quot;,&quot;pause_on_interaction&quot;:&quot;yes&quot;,&quot;autoplay_speed&quot;:5000,&quot;infinite&quot;:&quot;yes&quot;,&quot;effect&quot;:&quot;slide&quot;,&quot;speed&quot;:500}\" data-widget_type=\"image-carousel.default\">\n\t\t\t\t<div class=\"elementor-widget-container\">\n\t\t\t\t\t\t\t<div class=\"elementor-image-carousel-wrapper swiper\" role=\"region\" aria-roledescription=\"carousel\" aria-label=\"Bild Karussell\" dir=\"ltr\">\n\t\t\t<div class=\"elementor-image-carousel swiper-wrapper swiper-image-stretch\" aria-live=\"off\">\n\t\t\t\t\t\t\t\t<div class=\"swiper-slide\" role=\"group\" aria-roledescription=\"slide\" aria-label=\"1 von 4\"><figure class=\"swiper-slide-inner\"><img decoding=\"async\" class=\"swiper-slide-image\" src=\"https:\/\/reismann.de\/wp-content\/uploads\/2022\/10\/P3103535k.jpg\" alt=\"OLYMPUS DIGITAL CAMERA\" \/><\/figure><\/div><div class=\"swiper-slide\" role=\"group\" aria-roledescription=\"slide\" aria-label=\"2 von 4\"><figure class=\"swiper-slide-inner\"><img decoding=\"async\" class=\"swiper-slide-image\" src=\"https:\/\/reismann.de\/wp-content\/uploads\/2022\/10\/P3093522k.jpg\" alt=\"OLYMPUS DIGITAL CAMERA\" \/><\/figure><\/div><div class=\"swiper-slide\" role=\"group\" aria-roledescription=\"slide\" aria-label=\"3 von 4\"><figure class=\"swiper-slide-inner\"><img decoding=\"async\" class=\"swiper-slide-image\" src=\"https:\/\/reismann.de\/wp-content\/uploads\/2022\/10\/P3093528k.jpg\" alt=\"OLYMPUS DIGITAL CAMERA\" \/><\/figure><\/div><div class=\"swiper-slide\" role=\"group\" aria-roledescription=\"slide\" aria-label=\"4 von 4\"><figure class=\"swiper-slide-inner\"><img decoding=\"async\" class=\"swiper-slide-image\" src=\"https:\/\/reismann.de\/wp-content\/uploads\/2022\/10\/P3093505k.jpg\" alt=\"OLYMPUS DIGITAL CAMERA\" \/><\/figure><\/div>\t\t\t<\/div>\n\t\t\t\t\t\t\t\t\t\t\t\t<div class=\"elementor-swiper-button elementor-swiper-button-prev\" role=\"button\" tabindex=\"0\">\n\t\t\t\t\t\t<i aria-hidden=\"true\" class=\"eicon-chevron-left\"><\/i>\t\t\t\t\t<\/div>\n\t\t\t\t\t<div class=\"elementor-swiper-button elementor-swiper-button-next\" role=\"button\" tabindex=\"0\">\n\t\t\t\t\t\t<i aria-hidden=\"true\" class=\"eicon-chevron-right\"><\/i>\t\t\t\t\t<\/div>\n\t\t\t\t\n\t\t\t\t\t\t\t\t\t<div class=\"swiper-pagination\"><\/div>\n\t\t\t\t\t\t\t\t\t<\/div>\n\t\t\t\t\t\t<\/div>\n\t\t\t\t<\/div>\n\t\t\t\t\t<\/div>\n\t\t<\/div>\n\t\t\t\t\t<\/div>\n\t\t<\/section>\n\t\t\t\t<\/div>\n\t\t","protected":false},"excerpt":{"rendered":"<p>Eine Weinreise durch die Region Bordeaux (2007 &#8211; 1. Veranstaltung) Wilhelm Groppe Das erste Weinseminar in diesem Jahr fand am 9 M\u00e4rz 2007 im Weinatelier Groppe statt. Diese Veranstaltung, die nun bereits zum 17. Mal stattgefunden hat und damit zurecht die Bezeichnung &#8222;Traditionsveranstaltung&#8220; tr\u00e4gt, war auch diesmal ein Hochgenuss und ein echtes Highlight f\u00fcr alle [&hellip;]<\/p>\n","protected":false},"author":2,"featured_media":0,"parent":0,"menu_order":0,"comment_status":"closed","ping_status":"closed","template":"","meta":{"ocean_post_layout":"","ocean_both_sidebars_style":"","ocean_both_sidebars_content_width":0,"ocean_both_sidebars_sidebars_width":0,"ocean_sidebar":"0","ocean_second_sidebar":"0","ocean_disable_margins":"enable","ocean_add_body_class":"","ocean_shortcode_before_top_bar":"","ocean_shortcode_after_top_bar":"","ocean_shortcode_before_header":"","ocean_shortcode_after_header":"","ocean_has_shortcode":"","ocean_shortcode_after_title":"","ocean_shortcode_before_footer_widgets":"","ocean_shortcode_after_footer_widgets":"","ocean_shortcode_before_footer_bottom":"","ocean_shortcode_after_footer_bottom":"","ocean_display_top_bar":"default","ocean_display_header":"default","ocean_header_style":"","ocean_center_header_left_menu":"0","ocean_custom_header_template":"0","ocean_custom_logo":0,"ocean_custom_retina_logo":0,"ocean_custom_logo_max_width":0,"ocean_custom_logo_tablet_max_width":0,"ocean_custom_logo_mobile_max_width":0,"ocean_custom_logo_max_height":0,"ocean_custom_logo_tablet_max_height":0,"ocean_custom_logo_mobile_max_height":0,"ocean_header_custom_menu":"0","ocean_menu_typo_font_family":"0","ocean_menu_typo_font_subset":"","ocean_menu_typo_font_size":0,"ocean_menu_typo_font_size_tablet":0,"ocean_menu_typo_font_size_mobile":0,"ocean_menu_typo_font_size_unit":"px","ocean_menu_typo_font_weight":"","ocean_menu_typo_font_weight_tablet":"","ocean_menu_typo_font_weight_mobile":"","ocean_menu_typo_transform":"","ocean_menu_typo_transform_tablet":"","ocean_menu_typo_transform_mobile":"","ocean_menu_typo_line_height":0,"ocean_menu_typo_line_height_tablet":0,"ocean_menu_typo_line_height_mobile":0,"ocean_menu_typo_line_height_unit":"","ocean_menu_typo_spacing":0,"ocean_menu_typo_spacing_tablet":0,"ocean_menu_typo_spacing_mobile":0,"ocean_menu_typo_spacing_unit":"","ocean_menu_link_color":"","ocean_menu_link_color_hover":"","ocean_menu_link_color_active":"","ocean_menu_link_background":"","ocean_menu_link_hover_background":"","ocean_menu_link_active_background":"","ocean_menu_social_links_bg":"","ocean_menu_social_hover_links_bg":"","ocean_menu_social_links_color":"","ocean_menu_social_hover_links_color":"","ocean_disable_title":"default","ocean_disable_heading":"default","ocean_post_title":"","ocean_post_subheading":"","ocean_post_title_style":"","ocean_post_title_background_color":"","ocean_post_title_background":0,"ocean_post_title_bg_image_position":"","ocean_post_title_bg_image_attachment":"","ocean_post_title_bg_image_repeat":"","ocean_post_title_bg_image_size":"","ocean_post_title_height":0,"ocean_post_title_bg_overlay":0.5,"ocean_post_title_bg_overlay_color":"","ocean_disable_breadcrumbs":"default","ocean_breadcrumbs_color":"","ocean_breadcrumbs_separator_color":"","ocean_breadcrumbs_links_color":"","ocean_breadcrumbs_links_hover_color":"","ocean_display_footer_widgets":"default","ocean_display_footer_bottom":"default","ocean_custom_footer_template":"0","footnotes":""},"class_list":["post-1725","page","type-page","status-publish","hentry","entry"],"jetpack_sharing_enabled":true,"_links":{"self":[{"href":"https:\/\/reismann.de\/index.php?rest_route=\/wp\/v2\/pages\/1725","targetHints":{"allow":["GET"]}}],"collection":[{"href":"https:\/\/reismann.de\/index.php?rest_route=\/wp\/v2\/pages"}],"about":[{"href":"https:\/\/reismann.de\/index.php?rest_route=\/wp\/v2\/types\/page"}],"author":[{"embeddable":true,"href":"https:\/\/reismann.de\/index.php?rest_route=\/wp\/v2\/users\/2"}],"replies":[{"embeddable":true,"href":"https:\/\/reismann.de\/index.php?rest_route=%2Fwp%2Fv2%2Fcomments&post=1725"}],"version-history":[{"count":11,"href":"https:\/\/reismann.de\/index.php?rest_route=\/wp\/v2\/pages\/1725\/revisions"}],"predecessor-version":[{"id":2268,"href":"https:\/\/reismann.de\/index.php?rest_route=\/wp\/v2\/pages\/1725\/revisions\/2268"}],"wp:attachment":[{"href":"https:\/\/reismann.de\/index.php?rest_route=%2Fwp%2Fv2%2Fmedia&parent=1725"}],"curies":[{"name":"wp","href":"https:\/\/api.w.org\/{rel}","templated":true}]}}