{"id":1504,"date":"2022-10-23T13:18:51","date_gmt":"2022-10-23T11:18:51","guid":{"rendered":"https:\/\/test.reismann.de\/?page_id=1504"},"modified":"2022-12-30T17:55:07","modified_gmt":"2022-12-30T15:55:07","slug":"elementor-1504","status":"publish","type":"page","link":"https:\/\/reismann.de\/?page_id=1504","title":{"rendered":"Die gro\u00dfen Weine des Jahres (2015)"},"content":{"rendered":"\t\t<div data-elementor-type=\"wp-page\" data-elementor-id=\"1504\" class=\"elementor elementor-1504\">\n\t\t\t\t\t\t<section class=\"elementor-section elementor-top-section elementor-element elementor-element-508a07d elementor-section-boxed elementor-section-height-default elementor-section-height-default\" data-id=\"508a07d\" data-element_type=\"section\" data-e-type=\"section\">\n\t\t\t\t\t\t<div class=\"elementor-container elementor-column-gap-default\">\n\t\t\t\t\t<div class=\"elementor-column elementor-col-100 elementor-top-column elementor-element elementor-element-7059e3a\" data-id=\"7059e3a\" data-element_type=\"column\" data-e-type=\"column\">\n\t\t\t<div class=\"elementor-widget-wrap elementor-element-populated\">\n\t\t\t\t\t\t<div class=\"elementor-element elementor-element-98a17e0 elementor-widget elementor-widget-text-editor\" data-id=\"98a17e0\" data-element_type=\"widget\" data-e-type=\"widget\" data-widget_type=\"text-editor.default\">\n\t\t\t\t<div class=\"elementor-widget-container\">\n\t\t\t\t\t\t\t\t\t<p>\t\t<div data-elementor-type=\"wp-post\" data-elementor-id=\"1943\" class=\"elementor elementor-1943\">\n\t\t\t\t\t\t<section class=\"elementor-section elementor-top-section elementor-element elementor-element-abb95c1 elementor-section-boxed elementor-section-height-default elementor-section-height-default\" data-id=\"abb95c1\" data-element_type=\"section\" data-e-type=\"section\">\n\t\t\t\t\t\t<div class=\"elementor-container elementor-column-gap-default\">\n\t\t\t\t\t<div class=\"elementor-column elementor-col-100 elementor-top-column elementor-element elementor-element-2987805\" data-id=\"2987805\" data-element_type=\"column\" data-e-type=\"column\">\n\t\t\t<div class=\"elementor-widget-wrap elementor-element-populated\">\n\t\t\t\t\t\t<div class=\"elementor-element elementor-element-25e114e elementor-widget elementor-widget-heading\" data-id=\"25e114e\" data-element_type=\"widget\" data-e-type=\"widget\" data-widget_type=\"heading.default\">\n\t\t\t\t<div class=\"elementor-widget-container\">\n\t\t\t\t\t<h2 class=\"elementor-heading-title elementor-size-large\">\u00dcbersicht<\/h2>\t\t\t\t<\/div>\n\t\t\t\t<\/div>\n\t\t\t\t<div class=\"elementor-element elementor-element-4ac8e8f elementor-widget elementor-widget-text-editor\" data-id=\"4ac8e8f\" data-element_type=\"widget\" data-e-type=\"widget\" data-widget_type=\"text-editor.default\">\n\t\t\t\t<div class=\"elementor-widget-container\">\n\t\t\t\t\t\t\t\t\t<ul><li><a href=\"https:\/\/reismann.de\/?page_id=4768\">Weinseminar 2026 &#8211; Von der Rh\u00f4ne ins Languedoc<\/a><\/li><li><a href=\"https:\/\/reismann.de\/?page_id=3837\">Kontraste &#8211; Die Launen der Natur (2022)<\/a><\/li><li><a href=\"https:\/\/reismann.de\/?page_id=1458\">Gro\u00dfe Gew\u00e4chse der letzten Jahre \u2013 Von Burgund nach Montpellier(2017)<\/a><\/li><li><a href=\"https:\/\/reismann.de\/?page_id=1490\">Von der Provence nach Bordeaux und zur\u00fcck (2016)<\/a><\/li><li><a href=\"https:\/\/reismann.de\/?page_id=1504\">Die gro\u00dfen Weine des Jahres (2015)<\/a><\/li><li><a href=\"https:\/\/reismann.de\/?page_id=2033\">Das Feuerwerk von Ch\u00e2teau de l\u2019Engerran (2014)<\/a><\/li><li><a href=\"https:\/\/reismann.de\/?page_id=1585\">Wei\u00dfe Burgunder und rote Bordeaux (2013)<\/a><\/li><li><a href=\"https:\/\/reismann.de\/?page_id=1601\">Die Welt der Frauen: Die Revolution in der franz\u00f6sischen Weinwelt (2012)<\/a><\/li><li><a href=\"https:\/\/reismann.de\/?page_id=1617\">Die Sonne des Jahres 2010 (2011)<\/a><\/li><li><a href=\"https:\/\/reismann.de\/?page_id=1639\">Tour de France \u2013 Frankreichs wichtigste Rebsorten (2010)<\/a><\/li><li><a href=\"https:\/\/reismann.de\/?page_id=1668\">Bordeaux: Klassiker in neuem Gewand (2009)<\/a><\/li><li><a href=\"https:\/\/reismann.de\/?page_id=1695\">Neue Kreationen aus dem Languedoc (2008)<\/a><\/li><li><a href=\"https:\/\/reismann.de\/?page_id=1711\">Weine des Plantagenets (2007 \u2013 2. Seminar)<\/a><\/li><li><a href=\"https:\/\/reismann.de\/?page_id=1725\">Eine Weinreise durch die Region Bordeaux (2007 \u2013 1. Seminar)<\/a><\/li><li><a href=\"https:\/\/reismann.de\/?page_id=1740\">S\u00fcdfrankreich im Glas und auf der Zunge (2005)<\/a><\/li><li><a href=\"https:\/\/reismann.de\/?page_id=1751\">Ein spannender Abend im neuen Gewand (2004)<\/a><\/li><li><a href=\"https:\/\/reismann.de\/?page_id=1761\">Weinseminar 2003<\/a><\/li><li><a href=\"https:\/\/reismann.de\/?page_id=1776\">Quiche und Chardonnay (2002)<\/a><\/li><li><a href=\"https:\/\/reismann.de\/?page_id=1794\">Weinseminar 2001<\/a><\/li><li><a href=\"https:\/\/reismann.de\/?page_id=1815\">Weinseminar 2000<\/a><\/li><li><a href=\"https:\/\/reismann.de\/?page_id=1831\">Weinseminar 1999<\/a><\/li><li><a href=\"https:\/\/reismann.de\/?page_id=1843\">Weinseminar 1996<\/a><\/li><li><a href=\"https:\/\/reismann.de\/?page_id=1864\">Weinseminar 1994<\/a><\/li><\/ul>\t\t\t\t\t\t\t\t<\/div>\n\t\t\t\t<\/div>\n\t\t\t\t<div class=\"elementor-element elementor-element-6d1d199 elementor-widget-divider--view-line elementor-widget elementor-widget-divider\" data-id=\"6d1d199\" data-element_type=\"widget\" data-e-type=\"widget\" data-widget_type=\"divider.default\">\n\t\t\t\t<div class=\"elementor-widget-container\">\n\t\t\t\t\t\t\t<div class=\"elementor-divider\">\n\t\t\t<span class=\"elementor-divider-separator\">\n\t\t\t\t\t\t<\/span>\n\t\t<\/div>\n\t\t\t\t\t\t<\/div>\n\t\t\t\t<\/div>\n\t\t\t\t\t<\/div>\n\t\t<\/div>\n\t\t\t\t\t<\/div>\n\t\t<\/section>\n\t\t\t\t<\/div>\n\t\t<\/p>\t\t\t\t\t\t\t\t<\/div>\n\t\t\t\t<\/div>\n\t\t\t\t<div class=\"elementor-element elementor-element-1e58e99 elementor-widget elementor-widget-heading\" data-id=\"1e58e99\" data-element_type=\"widget\" data-e-type=\"widget\" data-widget_type=\"heading.default\">\n\t\t\t\t<div class=\"elementor-widget-container\">\n\t\t\t\t\t<h2 class=\"elementor-heading-title elementor-size-default\">Die gro\u00dfen Weine des Jahres 2015<\/h2>\t\t\t\t<\/div>\n\t\t\t\t<\/div>\n\t\t\t\t\t<\/div>\n\t\t<\/div>\n\t\t\t\t\t<\/div>\n\t\t<\/section>\n\t\t\t\t<section class=\"elementor-section elementor-top-section elementor-element elementor-element-55aa062 elementor-section-boxed elementor-section-height-default elementor-section-height-default\" data-id=\"55aa062\" data-element_type=\"section\" data-e-type=\"section\">\n\t\t\t\t\t\t<div class=\"elementor-container elementor-column-gap-default\">\n\t\t\t\t\t<div class=\"elementor-column elementor-col-50 elementor-top-column elementor-element elementor-element-8e29c8d\" data-id=\"8e29c8d\" data-element_type=\"column\" data-e-type=\"column\">\n\t\t\t<div class=\"elementor-widget-wrap elementor-element-populated\">\n\t\t\t\t\t\t<div class=\"elementor-element elementor-element-5a9a670 elementor-widget elementor-widget-image\" data-id=\"5a9a670\" data-element_type=\"widget\" data-e-type=\"widget\" data-widget_type=\"image.default\">\n\t\t\t\t<div class=\"elementor-widget-container\">\n\t\t\t\t\t\t\t\t\t\t\t\t<figure class=\"wp-caption\">\n\t\t\t\t\t\t\t\t\t\t<img fetchpriority=\"high\" decoding=\"async\" width=\"234\" height=\"350\" src=\"https:\/\/reismann.de\/wp-content\/uploads\/2022\/10\/DSC03715k.jpg\" class=\"attachment-ocean-thumb-ml size-ocean-thumb-ml wp-image-1536\" alt=\"\" srcset=\"https:\/\/reismann.de\/wp-content\/uploads\/2022\/10\/DSC03715k.jpg 234w, https:\/\/reismann.de\/wp-content\/uploads\/2022\/10\/DSC03715k-201x300.jpg 201w\" sizes=\"(max-width: 234px) 100vw, 234px\" \/>\t\t\t\t\t\t\t\t\t\t\t<figcaption class=\"widget-image-caption wp-caption-text\">Wilhelm Groppe<\/figcaption>\n\t\t\t\t\t\t\t\t\t\t<\/figure>\n\t\t\t\t\t\t\t\t\t<\/div>\n\t\t\t\t<\/div>\n\t\t\t\t\t<\/div>\n\t\t<\/div>\n\t\t\t\t<div class=\"elementor-column elementor-col-50 elementor-top-column elementor-element elementor-element-bf8d8ad\" data-id=\"bf8d8ad\" data-element_type=\"column\" data-e-type=\"column\">\n\t\t\t<div class=\"elementor-widget-wrap elementor-element-populated\">\n\t\t\t\t\t\t<div class=\"elementor-element elementor-element-562ef96 elementor-widget elementor-widget-image\" data-id=\"562ef96\" data-element_type=\"widget\" data-e-type=\"widget\" data-widget_type=\"image.default\">\n\t\t\t\t<div class=\"elementor-widget-container\">\n\t\t\t\t\t\t\t\t\t\t\t\t\t\t\t<img decoding=\"async\" src=\"https:\/\/reismann.de\/wp-content\/uploads\/2022\/10\/wsb_logo.jpg\" title=\"\" alt=\"\" loading=\"lazy\" \/>\t\t\t\t\t\t\t\t\t\t\t\t\t\t\t<\/div>\n\t\t\t\t<\/div>\n\t\t\t\t<div class=\"elementor-element elementor-element-ece42c0 elementor-widget elementor-widget-text-editor\" data-id=\"ece42c0\" data-element_type=\"widget\" data-e-type=\"widget\" data-widget_type=\"text-editor.default\">\n\t\t\t\t<div class=\"elementor-widget-container\">\n\t\t\t\t\t\t\t\t\t<p>Das\u00a0<b>28. Weinseminar<\/b>\u00a0am 10.11.2017 fand traditionel in den R\u00e4umen von\u00a0<a href=\"http:\/\/www.weinatelier-groppe.de\/1.html\"><b>Wilhelm Groppe&#8217;s Weinatelier<\/b><\/a>\u00a0in Paderborn statt.<br \/>Dieses Jahr stand das Seminar unter dem Motto &#8222;<b>Gro\u00dfe Gew\u00e4chse der letzten Jahre<\/b>&#8222;.<br \/>Wilhelm Groppe stellte diesmal Weine aus den Jahrg\u00e4ngen 2012 &#8211; 2016 vor.<br \/>Die kleinen Appetith\u00e4ppchen (Amuse-Gueule) von Ute Groppe verst\u00e4rkten den Genuss.<\/p><p>Die Teilnehmer wurden mit einem trockenen Schaumwein\u00a0<b>Cr\u00e9mant de Bourgogne Fichet Brut Tradition<\/b>\u00a0herzlich begr\u00fc\u00dft.<\/p>\t\t\t\t\t\t\t\t<\/div>\n\t\t\t\t<\/div>\n\t\t\t\t\t<\/div>\n\t\t<\/div>\n\t\t\t\t\t<\/div>\n\t\t<\/section>\n\t\t\t\t<section class=\"elementor-section elementor-top-section elementor-element elementor-element-e3cee7d elementor-section-boxed elementor-section-height-default elementor-section-height-default\" data-id=\"e3cee7d\" data-element_type=\"section\" data-e-type=\"section\">\n\t\t\t\t\t\t<div class=\"elementor-container elementor-column-gap-default\">\n\t\t\t\t\t<div class=\"elementor-column elementor-col-100 elementor-top-column elementor-element elementor-element-22dcdc3\" data-id=\"22dcdc3\" data-element_type=\"column\" data-e-type=\"column\">\n\t\t\t<div class=\"elementor-widget-wrap elementor-element-populated\">\n\t\t\t\t\t\t<div class=\"elementor-element elementor-element-7851906 elementor-widget-divider--view-line elementor-widget elementor-widget-divider\" data-id=\"7851906\" data-element_type=\"widget\" data-e-type=\"widget\" data-widget_type=\"divider.default\">\n\t\t\t\t<div class=\"elementor-widget-container\">\n\t\t\t\t\t\t\t<div class=\"elementor-divider\">\n\t\t\t<span class=\"elementor-divider-separator\">\n\t\t\t\t\t\t<\/span>\n\t\t<\/div>\n\t\t\t\t\t\t<\/div>\n\t\t\t\t<\/div>\n\t\t\t\t<div class=\"elementor-element elementor-element-3350967 elementor-widget elementor-widget-image\" data-id=\"3350967\" data-element_type=\"widget\" data-e-type=\"widget\" data-widget_type=\"image.default\">\n\t\t\t\t<div class=\"elementor-widget-container\">\n\t\t\t\t\t\t\t\t\t\t\t\t\t\t\t<img decoding=\"async\" width=\"500\" height=\"335\" src=\"https:\/\/reismann.de\/wp-content\/uploads\/2022\/10\/DSC03722k.jpg\" class=\"attachment-large size-large wp-image-1532\" alt=\"\" srcset=\"https:\/\/reismann.de\/wp-content\/uploads\/2022\/10\/DSC03722k.jpg 500w, https:\/\/reismann.de\/wp-content\/uploads\/2022\/10\/DSC03722k-300x201.jpg 300w\" sizes=\"(max-width: 500px) 100vw, 500px\" \/>\t\t\t\t\t\t\t\t\t\t\t\t\t\t\t<\/div>\n\t\t\t\t<\/div>\n\t\t\t\t\t<\/div>\n\t\t<\/div>\n\t\t\t\t\t<\/div>\n\t\t<\/section>\n\t\t\t\t<section class=\"elementor-section elementor-top-section elementor-element elementor-element-e86f4e9 elementor-section-boxed elementor-section-height-default elementor-section-height-default\" data-id=\"e86f4e9\" data-element_type=\"section\" data-e-type=\"section\">\n\t\t\t\t\t\t<div class=\"elementor-container elementor-column-gap-default\">\n\t\t\t\t\t<div class=\"elementor-column elementor-col-33 elementor-top-column elementor-element elementor-element-5ed90c7\" data-id=\"5ed90c7\" data-element_type=\"column\" data-e-type=\"column\">\n\t\t\t<div class=\"elementor-widget-wrap elementor-element-populated\">\n\t\t\t\t\t\t<div class=\"elementor-element elementor-element-5040769 elementor-widget elementor-widget-text-editor\" data-id=\"5040769\" data-element_type=\"widget\" data-e-type=\"widget\" data-widget_type=\"text-editor.default\">\n\t\t\t\t<div class=\"elementor-widget-container\">\n\t\t\t\t\t\t\t\t\t<h3>Wei\u00dfweine<\/h3><ul><li><b>Domaine de Gr\u00e9zan (Chardonnay)<\/b>\u00a0&#8211; Pays d&#8217;Oc &#8211; 2014<\/li><li><b>Domaine Fichet (London)<\/b>\u00a0&#8211; Macon-Ig\u00e9 &#8211; 2014<\/li><\/ul>\t\t\t\t\t\t\t\t<\/div>\n\t\t\t\t<\/div>\n\t\t\t\t\t<\/div>\n\t\t<\/div>\n\t\t\t\t<div class=\"elementor-column elementor-col-33 elementor-top-column elementor-element elementor-element-2db9d30\" data-id=\"2db9d30\" data-element_type=\"column\" data-e-type=\"column\">\n\t\t\t<div class=\"elementor-widget-wrap elementor-element-populated\">\n\t\t\t\t\t\t<div class=\"elementor-element elementor-element-77078f4 elementor-widget elementor-widget-text-editor\" data-id=\"77078f4\" data-element_type=\"widget\" data-e-type=\"widget\" data-widget_type=\"text-editor.default\">\n\t\t\t\t<div class=\"elementor-widget-container\">\n\t\t\t\t\t\t\t\t\t<h3>Ros\u00e9<\/h3><ul><li><b>Terre de l&#8217;Engarron Ros\u00e9<\/b>\u00a0&#8211; Pays d&#8217;Oc &#8211; 2014<\/li><\/ul>\t\t\t\t\t\t\t\t<\/div>\n\t\t\t\t<\/div>\n\t\t\t\t\t<\/div>\n\t\t<\/div>\n\t\t\t\t<div class=\"elementor-column elementor-col-33 elementor-top-column elementor-element elementor-element-3747b0a\" data-id=\"3747b0a\" data-element_type=\"column\" data-e-type=\"column\">\n\t\t\t<div class=\"elementor-widget-wrap elementor-element-populated\">\n\t\t\t\t\t\t<div class=\"elementor-element elementor-element-886a0cc elementor-widget elementor-widget-text-editor\" data-id=\"886a0cc\" data-element_type=\"widget\" data-e-type=\"widget\" data-widget_type=\"text-editor.default\">\n\t\t\t\t<div class=\"elementor-widget-container\">\n\t\t\t\t\t\t\t\t\t<h3>Rotweine<\/h3><ul><li><b>Domaine de Fontsainte<\/b>\u00a0-Corbi\u00e8res &#8211; 2013<\/li><li><b>Domaine de l&#8217;Engarron (Lionne)<\/b>\u00a0&#8211; Pays d&#8217;Oc &#8211; 2013<\/li><li><b>Ch\u00e2teau de Gr\u00e9zan (H\u00e9ritage)<\/b>\u00a0&#8211; Faug\u00e8res &#8211; 2012<\/li><li><b>Ch\u00e2teau de l&#8217;Engarron (Gr\u00e8s)<\/b>\u00a0&#8211; C\u00f4teaux du Langedoc &#8211; 2012<\/li><li><b>Domaine Moynier-Lacoste (Gr\u00e8s)<\/b>\u00a0&#8211; C\u00f4teaux du Langedoc &#8211; 2012<\/li><\/ul>\t\t\t\t\t\t\t\t<\/div>\n\t\t\t\t<\/div>\n\t\t\t\t\t<\/div>\n\t\t<\/div>\n\t\t\t\t\t<\/div>\n\t\t<\/section>\n\t\t\t\t<section class=\"elementor-section elementor-top-section elementor-element elementor-element-e1dde18 elementor-section-boxed elementor-section-height-default elementor-section-height-default\" data-id=\"e1dde18\" data-element_type=\"section\" data-e-type=\"section\">\n\t\t\t\t\t\t<div class=\"elementor-container elementor-column-gap-default\">\n\t\t\t\t\t<div class=\"elementor-column elementor-col-100 elementor-top-column elementor-element elementor-element-5aee007\" data-id=\"5aee007\" data-element_type=\"column\" data-e-type=\"column\">\n\t\t\t<div class=\"elementor-widget-wrap elementor-element-populated\">\n\t\t\t\t\t\t<div class=\"elementor-element elementor-element-96ef717 elementor-arrows-position-outside elementor-pagination-position-outside elementor-widget elementor-widget-image-carousel\" data-id=\"96ef717\" data-element_type=\"widget\" data-e-type=\"widget\" data-settings=\"{&quot;slides_to_show&quot;:&quot;3&quot;,&quot;navigation&quot;:&quot;both&quot;,&quot;autoplay&quot;:&quot;yes&quot;,&quot;pause_on_hover&quot;:&quot;yes&quot;,&quot;pause_on_interaction&quot;:&quot;yes&quot;,&quot;autoplay_speed&quot;:5000,&quot;infinite&quot;:&quot;yes&quot;,&quot;speed&quot;:500}\" data-widget_type=\"image-carousel.default\">\n\t\t\t\t<div class=\"elementor-widget-container\">\n\t\t\t\t\t\t\t<div class=\"elementor-image-carousel-wrapper swiper\" role=\"region\" aria-roledescription=\"carousel\" aria-label=\"Bild Karussell\" dir=\"ltr\">\n\t\t\t<div class=\"elementor-image-carousel swiper-wrapper\" aria-live=\"off\">\n\t\t\t\t\t\t\t\t<div class=\"swiper-slide\" role=\"group\" aria-roledescription=\"slide\" aria-label=\"1 von 6\"><figure class=\"swiper-slide-inner\"><img decoding=\"async\" class=\"swiper-slide-image\" src=\"https:\/\/reismann.de\/wp-content\/uploads\/2022\/10\/DSC03707k.jpg\" alt=\"SONY DSC\" \/><\/figure><\/div><div class=\"swiper-slide\" role=\"group\" aria-roledescription=\"slide\" aria-label=\"2 von 6\"><figure class=\"swiper-slide-inner\"><img decoding=\"async\" class=\"swiper-slide-image\" src=\"https:\/\/reismann.de\/wp-content\/uploads\/2022\/10\/DSC03708k.jpg\" alt=\"SONY DSC\" \/><\/figure><\/div><div class=\"swiper-slide\" role=\"group\" aria-roledescription=\"slide\" aria-label=\"3 von 6\"><figure class=\"swiper-slide-inner\"><img decoding=\"async\" class=\"swiper-slide-image\" src=\"https:\/\/reismann.de\/wp-content\/uploads\/2022\/10\/DSC03711k-300x201.jpg\" alt=\"SONY DSC\" \/><\/figure><\/div><div class=\"swiper-slide\" role=\"group\" aria-roledescription=\"slide\" aria-label=\"4 von 6\"><figure class=\"swiper-slide-inner\"><img decoding=\"async\" class=\"swiper-slide-image\" src=\"https:\/\/reismann.de\/wp-content\/uploads\/2022\/10\/DSC03709k.jpg\" alt=\"SONY DSC\" \/><\/figure><\/div><div class=\"swiper-slide\" role=\"group\" aria-roledescription=\"slide\" aria-label=\"5 von 6\"><figure class=\"swiper-slide-inner\"><img decoding=\"async\" class=\"swiper-slide-image\" src=\"https:\/\/reismann.de\/wp-content\/uploads\/2022\/10\/DSC03710k.jpg\" alt=\"SONY DSC\" \/><\/figure><\/div><div class=\"swiper-slide\" role=\"group\" aria-roledescription=\"slide\" aria-label=\"6 von 6\"><figure class=\"swiper-slide-inner\"><img decoding=\"async\" class=\"swiper-slide-image\" src=\"https:\/\/reismann.de\/wp-content\/uploads\/2022\/10\/DSC03803k-300x201.jpg\" alt=\"SONY DSC\" \/><\/figure><\/div>\t\t\t<\/div>\n\t\t\t\t\t\t\t\t\t\t\t\t<div class=\"elementor-swiper-button elementor-swiper-button-prev\" role=\"button\" tabindex=\"0\">\n\t\t\t\t\t\t<i aria-hidden=\"true\" class=\"eicon-chevron-left\"><\/i>\t\t\t\t\t<\/div>\n\t\t\t\t\t<div class=\"elementor-swiper-button elementor-swiper-button-next\" role=\"button\" tabindex=\"0\">\n\t\t\t\t\t\t<i aria-hidden=\"true\" class=\"eicon-chevron-right\"><\/i>\t\t\t\t\t<\/div>\n\t\t\t\t\n\t\t\t\t\t\t\t\t\t<div class=\"swiper-pagination\"><\/div>\n\t\t\t\t\t\t\t\t\t<\/div>\n\t\t\t\t\t\t<\/div>\n\t\t\t\t<\/div>\n\t\t\t\t<div class=\"elementor-element elementor-element-73af862 elementor-widget elementor-widget-image\" data-id=\"73af862\" data-element_type=\"widget\" data-e-type=\"widget\" data-widget_type=\"image.default\">\n\t\t\t\t<div class=\"elementor-widget-container\">\n\t\t\t\t\t\t\t\t\t\t\t\t<figure class=\"wp-caption\">\n\t\t\t\t\t\t\t\t\t\t<img decoding=\"async\" width=\"800\" height=\"536\" src=\"https:\/\/reismann.de\/wp-content\/uploads\/2022\/10\/DSC03721k.jpg\" class=\"attachment-large size-large wp-image-1522\" alt=\"\" srcset=\"https:\/\/reismann.de\/wp-content\/uploads\/2022\/10\/DSC03721k.jpg 800w, https:\/\/reismann.de\/wp-content\/uploads\/2022\/10\/DSC03721k-300x201.jpg 300w, https:\/\/reismann.de\/wp-content\/uploads\/2022\/10\/DSC03721k-768x515.jpg 768w\" sizes=\"(max-width: 800px) 100vw, 800px\" \/>\t\t\t\t\t\t\t\t\t\t\t<figcaption class=\"widget-image-caption wp-caption-text\">Teilnehmer des 26. Weinseminars<\/figcaption>\n\t\t\t\t\t\t\t\t\t\t<\/figure>\n\t\t\t\t\t\t\t\t\t<\/div>\n\t\t\t\t<\/div>\n\t\t\t\t\t<\/div>\n\t\t<\/div>\n\t\t\t\t\t<\/div>\n\t\t<\/section>\n\t\t\t\t<\/div>\n\t\t","protected":false},"excerpt":{"rendered":"<p>Die gro\u00dfen Weine des Jahres 2015 Wilhelm Groppe Das\u00a028. Weinseminar\u00a0am 10.11.2017 fand traditionel in den R\u00e4umen von\u00a0Wilhelm Groppe&#8217;s Weinatelier\u00a0in Paderborn statt.Dieses Jahr stand das Seminar unter dem Motto &#8222;Gro\u00dfe Gew\u00e4chse der letzten Jahre&#8222;.Wilhelm Groppe stellte diesmal Weine aus den Jahrg\u00e4ngen 2012 &#8211; 2016 vor.Die kleinen Appetith\u00e4ppchen (Amuse-Gueule) von Ute Groppe verst\u00e4rkten den Genuss. Die Teilnehmer [&hellip;]<\/p>\n","protected":false},"author":2,"featured_media":0,"parent":0,"menu_order":0,"comment_status":"closed","ping_status":"closed","template":"","meta":{"ocean_post_layout":"","ocean_both_sidebars_style":"","ocean_both_sidebars_content_width":0,"ocean_both_sidebars_sidebars_width":0,"ocean_sidebar":"0","ocean_second_sidebar":"0","ocean_disable_margins":"enable","ocean_add_body_class":"","ocean_shortcode_before_top_bar":"","ocean_shortcode_after_top_bar":"","ocean_shortcode_before_header":"","ocean_shortcode_after_header":"","ocean_has_shortcode":"","ocean_shortcode_after_title":"","ocean_shortcode_before_footer_widgets":"","ocean_shortcode_after_footer_widgets":"","ocean_shortcode_before_footer_bottom":"","ocean_shortcode_after_footer_bottom":"","ocean_display_top_bar":"default","ocean_display_header":"default","ocean_header_style":"","ocean_center_header_left_menu":"0","ocean_custom_header_template":"0","ocean_custom_logo":0,"ocean_custom_retina_logo":0,"ocean_custom_logo_max_width":0,"ocean_custom_logo_tablet_max_width":0,"ocean_custom_logo_mobile_max_width":0,"ocean_custom_logo_max_height":0,"ocean_custom_logo_tablet_max_height":0,"ocean_custom_logo_mobile_max_height":0,"ocean_header_custom_menu":"0","ocean_menu_typo_font_family":"0","ocean_menu_typo_font_subset":"","ocean_menu_typo_font_size":0,"ocean_menu_typo_font_size_tablet":0,"ocean_menu_typo_font_size_mobile":0,"ocean_menu_typo_font_size_unit":"px","ocean_menu_typo_font_weight":"","ocean_menu_typo_font_weight_tablet":"","ocean_menu_typo_font_weight_mobile":"","ocean_menu_typo_transform":"","ocean_menu_typo_transform_tablet":"","ocean_menu_typo_transform_mobile":"","ocean_menu_typo_line_height":0,"ocean_menu_typo_line_height_tablet":0,"ocean_menu_typo_line_height_mobile":0,"ocean_menu_typo_line_height_unit":"","ocean_menu_typo_spacing":0,"ocean_menu_typo_spacing_tablet":0,"ocean_menu_typo_spacing_mobile":0,"ocean_menu_typo_spacing_unit":"","ocean_menu_link_color":"","ocean_menu_link_color_hover":"","ocean_menu_link_color_active":"","ocean_menu_link_background":"","ocean_menu_link_hover_background":"","ocean_menu_link_active_background":"","ocean_menu_social_links_bg":"","ocean_menu_social_hover_links_bg":"","ocean_menu_social_links_color":"","ocean_menu_social_hover_links_color":"","ocean_disable_title":"default","ocean_disable_heading":"default","ocean_post_title":"","ocean_post_subheading":"","ocean_post_title_style":"","ocean_post_title_background_color":"","ocean_post_title_background":0,"ocean_post_title_bg_image_position":"","ocean_post_title_bg_image_attachment":"","ocean_post_title_bg_image_repeat":"","ocean_post_title_bg_image_size":"","ocean_post_title_height":0,"ocean_post_title_bg_overlay":0.5,"ocean_post_title_bg_overlay_color":"","ocean_disable_breadcrumbs":"default","ocean_breadcrumbs_color":"","ocean_breadcrumbs_separator_color":"","ocean_breadcrumbs_links_color":"","ocean_breadcrumbs_links_hover_color":"","ocean_display_footer_widgets":"default","ocean_display_footer_bottom":"default","ocean_custom_footer_template":"0","footnotes":""},"class_list":["post-1504","page","type-page","status-publish","hentry","entry"],"jetpack_sharing_enabled":true,"_links":{"self":[{"href":"https:\/\/reismann.de\/index.php?rest_route=\/wp\/v2\/pages\/1504","targetHints":{"allow":["GET"]}}],"collection":[{"href":"https:\/\/reismann.de\/index.php?rest_route=\/wp\/v2\/pages"}],"about":[{"href":"https:\/\/reismann.de\/index.php?rest_route=\/wp\/v2\/types\/page"}],"author":[{"embeddable":true,"href":"https:\/\/reismann.de\/index.php?rest_route=\/wp\/v2\/users\/2"}],"replies":[{"embeddable":true,"href":"https:\/\/reismann.de\/index.php?rest_route=%2Fwp%2Fv2%2Fcomments&post=1504"}],"version-history":[{"count":27,"href":"https:\/\/reismann.de\/index.php?rest_route=\/wp\/v2\/pages\/1504\/revisions"}],"predecessor-version":[{"id":2921,"href":"https:\/\/reismann.de\/index.php?rest_route=\/wp\/v2\/pages\/1504\/revisions\/2921"}],"wp:attachment":[{"href":"https:\/\/reismann.de\/index.php?rest_route=%2Fwp%2Fv2%2Fmedia&parent=1504"}],"curies":[{"name":"wp","href":"https:\/\/api.w.org\/{rel}","templated":true}]}}