{"id":1458,"date":"2022-10-22T15:21:16","date_gmt":"2022-10-22T13:21:16","guid":{"rendered":"https:\/\/test.reismann.de\/?page_id=1458"},"modified":"2022-11-25T15:14:17","modified_gmt":"2022-11-25T13:14:17","slug":"elementor-1458","status":"publish","type":"page","link":"https:\/\/reismann.de\/?page_id=1458","title":{"rendered":"Gro\u00dfe Gew\u00e4chse der letzten Jahre\u200b"},"content":{"rendered":"\t\t<div data-elementor-type=\"wp-page\" data-elementor-id=\"1458\" class=\"elementor elementor-1458\">\n\t\t\t\t\t\t<section class=\"elementor-section elementor-top-section elementor-element elementor-element-f80a99b elementor-section-boxed elementor-section-height-default elementor-section-height-default\" data-id=\"f80a99b\" data-element_type=\"section\" data-e-type=\"section\">\n\t\t\t\t\t\t<div class=\"elementor-container elementor-column-gap-default\">\n\t\t\t\t\t<div class=\"elementor-column elementor-col-100 elementor-top-column elementor-element elementor-element-eaeaea9\" data-id=\"eaeaea9\" data-element_type=\"column\" data-e-type=\"column\">\n\t\t\t<div class=\"elementor-widget-wrap elementor-element-populated\">\n\t\t\t\t\t\t<div class=\"elementor-element elementor-element-dc72427 elementor-widget elementor-widget-text-editor\" data-id=\"dc72427\" data-element_type=\"widget\" data-e-type=\"widget\" data-widget_type=\"text-editor.default\">\n\t\t\t\t<div class=\"elementor-widget-container\">\n\t\t\t\t\t\t\t\t\t<p>\t\t<div data-elementor-type=\"wp-post\" data-elementor-id=\"1943\" class=\"elementor elementor-1943\">\n\t\t\t\t\t\t<section class=\"elementor-section elementor-top-section elementor-element elementor-element-abb95c1 elementor-section-boxed elementor-section-height-default elementor-section-height-default\" data-id=\"abb95c1\" data-element_type=\"section\" data-e-type=\"section\">\n\t\t\t\t\t\t<div class=\"elementor-container elementor-column-gap-default\">\n\t\t\t\t\t<div class=\"elementor-column elementor-col-100 elementor-top-column elementor-element elementor-element-2987805\" data-id=\"2987805\" data-element_type=\"column\" data-e-type=\"column\">\n\t\t\t<div class=\"elementor-widget-wrap elementor-element-populated\">\n\t\t\t\t\t\t<div class=\"elementor-element elementor-element-25e114e elementor-widget elementor-widget-heading\" data-id=\"25e114e\" data-element_type=\"widget\" data-e-type=\"widget\" data-widget_type=\"heading.default\">\n\t\t\t\t<div class=\"elementor-widget-container\">\n\t\t\t\t\t<h2 class=\"elementor-heading-title elementor-size-large\">\u00dcbersicht<\/h2>\t\t\t\t<\/div>\n\t\t\t\t<\/div>\n\t\t\t\t<div class=\"elementor-element elementor-element-4ac8e8f elementor-widget elementor-widget-text-editor\" data-id=\"4ac8e8f\" data-element_type=\"widget\" data-e-type=\"widget\" data-widget_type=\"text-editor.default\">\n\t\t\t\t<div class=\"elementor-widget-container\">\n\t\t\t\t\t\t\t\t\t<ul><li><a href=\"https:\/\/reismann.de\/?page_id=4768\">Weinseminar 2026 &#8211; Von der Rh\u00f4ne ins Languedoc<\/a><\/li><li><a href=\"https:\/\/reismann.de\/?page_id=3837\">Kontraste &#8211; Die Launen der Natur (2022)<\/a><\/li><li><a href=\"https:\/\/reismann.de\/?page_id=1458\">Gro\u00dfe Gew\u00e4chse der letzten Jahre \u2013 Von Burgund nach Montpellier(2017)<\/a><\/li><li><a href=\"https:\/\/reismann.de\/?page_id=1490\">Von der Provence nach Bordeaux und zur\u00fcck (2016)<\/a><\/li><li><a href=\"https:\/\/reismann.de\/?page_id=1504\">Die gro\u00dfen Weine des Jahres (2015)<\/a><\/li><li><a href=\"https:\/\/reismann.de\/?page_id=2033\">Das Feuerwerk von Ch\u00e2teau de l\u2019Engerran (2014)<\/a><\/li><li><a href=\"https:\/\/reismann.de\/?page_id=1585\">Wei\u00dfe Burgunder und rote Bordeaux (2013)<\/a><\/li><li><a href=\"https:\/\/reismann.de\/?page_id=1601\">Die Welt der Frauen: Die Revolution in der franz\u00f6sischen Weinwelt (2012)<\/a><\/li><li><a href=\"https:\/\/reismann.de\/?page_id=1617\">Die Sonne des Jahres 2010 (2011)<\/a><\/li><li><a href=\"https:\/\/reismann.de\/?page_id=1639\">Tour de France \u2013 Frankreichs wichtigste Rebsorten (2010)<\/a><\/li><li><a href=\"https:\/\/reismann.de\/?page_id=1668\">Bordeaux: Klassiker in neuem Gewand (2009)<\/a><\/li><li><a href=\"https:\/\/reismann.de\/?page_id=1695\">Neue Kreationen aus dem Languedoc (2008)<\/a><\/li><li><a href=\"https:\/\/reismann.de\/?page_id=1711\">Weine des Plantagenets (2007 \u2013 2. Seminar)<\/a><\/li><li><a href=\"https:\/\/reismann.de\/?page_id=1725\">Eine Weinreise durch die Region Bordeaux (2007 \u2013 1. Seminar)<\/a><\/li><li><a href=\"https:\/\/reismann.de\/?page_id=1740\">S\u00fcdfrankreich im Glas und auf der Zunge (2005)<\/a><\/li><li><a href=\"https:\/\/reismann.de\/?page_id=1751\">Ein spannender Abend im neuen Gewand (2004)<\/a><\/li><li><a href=\"https:\/\/reismann.de\/?page_id=1761\">Weinseminar 2003<\/a><\/li><li><a href=\"https:\/\/reismann.de\/?page_id=1776\">Quiche und Chardonnay (2002)<\/a><\/li><li><a href=\"https:\/\/reismann.de\/?page_id=1794\">Weinseminar 2001<\/a><\/li><li><a href=\"https:\/\/reismann.de\/?page_id=1815\">Weinseminar 2000<\/a><\/li><li><a href=\"https:\/\/reismann.de\/?page_id=1831\">Weinseminar 1999<\/a><\/li><li><a href=\"https:\/\/reismann.de\/?page_id=1843\">Weinseminar 1996<\/a><\/li><li><a href=\"https:\/\/reismann.de\/?page_id=1864\">Weinseminar 1994<\/a><\/li><\/ul>\t\t\t\t\t\t\t\t<\/div>\n\t\t\t\t<\/div>\n\t\t\t\t<div class=\"elementor-element elementor-element-6d1d199 elementor-widget-divider--view-line elementor-widget elementor-widget-divider\" data-id=\"6d1d199\" data-element_type=\"widget\" data-e-type=\"widget\" data-widget_type=\"divider.default\">\n\t\t\t\t<div class=\"elementor-widget-container\">\n\t\t\t\t\t\t\t<div class=\"elementor-divider\">\n\t\t\t<span class=\"elementor-divider-separator\">\n\t\t\t\t\t\t<\/span>\n\t\t<\/div>\n\t\t\t\t\t\t<\/div>\n\t\t\t\t<\/div>\n\t\t\t\t\t<\/div>\n\t\t<\/div>\n\t\t\t\t\t<\/div>\n\t\t<\/section>\n\t\t\t\t<\/div>\n\t\t<\/p>\t\t\t\t\t\t\t\t<\/div>\n\t\t\t\t<\/div>\n\t\t\t\t<div class=\"elementor-element elementor-element-2263d87 elementor-widget elementor-widget-heading\" data-id=\"2263d87\" data-element_type=\"widget\" data-e-type=\"widget\" data-widget_type=\"heading.default\">\n\t\t\t\t<div class=\"elementor-widget-container\">\n\t\t\t\t\t<h2 class=\"elementor-heading-title elementor-size-default\">Gro\u00dfe Gew\u00e4chse der letzten Jahre<\/h2>\t\t\t\t<\/div>\n\t\t\t\t<\/div>\n\t\t\t\t\t<\/div>\n\t\t<\/div>\n\t\t\t\t\t<\/div>\n\t\t<\/section>\n\t\t\t\t<section class=\"elementor-section elementor-top-section elementor-element elementor-element-40ee8b2 elementor-section-boxed elementor-section-height-default elementor-section-height-default\" data-id=\"40ee8b2\" data-element_type=\"section\" data-e-type=\"section\">\n\t\t\t\t\t\t<div class=\"elementor-container elementor-column-gap-default\">\n\t\t\t\t\t<div class=\"elementor-column elementor-col-50 elementor-top-column elementor-element elementor-element-626f360\" data-id=\"626f360\" data-element_type=\"column\" data-e-type=\"column\">\n\t\t\t<div class=\"elementor-widget-wrap elementor-element-populated\">\n\t\t\t\t\t\t<div class=\"elementor-element elementor-element-31625f5 elementor-widget elementor-widget-image\" data-id=\"31625f5\" data-element_type=\"widget\" data-e-type=\"widget\" data-widget_type=\"image.default\">\n\t\t\t\t<div class=\"elementor-widget-container\">\n\t\t\t\t\t\t\t\t\t\t\t\t<figure class=\"wp-caption\">\n\t\t\t\t\t\t\t\t\t\t<img decoding=\"async\" width=\"165\" height=\"247\" src=\"https:\/\/reismann.de\/wp-content\/uploads\/2022\/10\/wilhelm_groppe.jpg\" class=\"attachment-ocean-thumb-ml size-ocean-thumb-ml wp-image-1460\" alt=\"\" \/>\t\t\t\t\t\t\t\t\t\t\t<figcaption class=\"widget-image-caption wp-caption-text\">Wilhelm Groppe<\/figcaption>\n\t\t\t\t\t\t\t\t\t\t<\/figure>\n\t\t\t\t\t\t\t\t\t<\/div>\n\t\t\t\t<\/div>\n\t\t\t\t\t<\/div>\n\t\t<\/div>\n\t\t\t\t<div class=\"elementor-column elementor-col-50 elementor-top-column elementor-element elementor-element-e605937\" data-id=\"e605937\" data-element_type=\"column\" data-e-type=\"column\">\n\t\t\t<div class=\"elementor-widget-wrap elementor-element-populated\">\n\t\t\t\t\t\t<div class=\"elementor-element elementor-element-ec45201 elementor-widget elementor-widget-image\" data-id=\"ec45201\" data-element_type=\"widget\" data-e-type=\"widget\" data-widget_type=\"image.default\">\n\t\t\t\t<div class=\"elementor-widget-container\">\n\t\t\t\t\t\t\t\t\t\t\t\t\t\t\t<img decoding=\"async\" src=\"https:\/\/reismann.de\/wp-content\/uploads\/2022\/10\/wsb_logo.jpg\" title=\"\" alt=\"\" loading=\"lazy\" \/>\t\t\t\t\t\t\t\t\t\t\t\t\t\t\t<\/div>\n\t\t\t\t<\/div>\n\t\t\t\t<div class=\"elementor-element elementor-element-59ece31 elementor-widget elementor-widget-text-editor\" data-id=\"59ece31\" data-element_type=\"widget\" data-e-type=\"widget\" data-widget_type=\"text-editor.default\">\n\t\t\t\t<div class=\"elementor-widget-container\">\n\t\t\t\t\t\t\t\t\t<p>Das\u00a0<b>26. Weinseminar<\/b>\u00a0am\u00a0<b>20.11.2015<\/b>\u00a0fand traditionell in den Verkaufsr\u00e4umen von\u00a0<a href=\"http:\/\/www.weinatelier-groppe.de\/1.html\"><b>Wilhelm Groppe&#8217;s Weinatelier<\/b><\/a>\u00a0in Paderborn statt.<br \/>Das Thema des aktuellen Seminars lautete: &#8222;<b>Die gro\u00dfen Weine des Jahres 2015<\/b>&#8222;.<br \/>In seiner temperamentvollen und kompeteten Art stellte er 2 Wei\u00df-, 1 Ros\u00e9- und 5 Rotweine aus unterschiedlichen Regionen und ber\u00fchmten, franz\u00f6sischen Weinkellereien vor, die in diesem Jahr in den Verkauf kamen und von den Seminarteilnehmer mit Interesse verkostet wurden.<br \/>Alle Seminarteilnehmer wurden mit dem trockenen Schaumwein\u00a0<b>Bouvet Tr\u00e9sor Cr\u00e9mant de Loire Ros\u00e9<\/b>\u00a0herzlich von\u00a0<b>Wilhelm Groppe<\/b>\u00a0empfangen.<\/p><p><b>Ute Groppe<\/b>\u00a0sorgte, in Kenntnis der franz\u00f6sischen K\u00fcche, professionell f\u00fcr das leibliche Wohl mit Ihren kleinen Appetith\u00e4ppchen (Amuse-Gueule).<\/p>\t\t\t\t\t\t\t\t<\/div>\n\t\t\t\t<\/div>\n\t\t\t\t\t<\/div>\n\t\t<\/div>\n\t\t\t\t\t<\/div>\n\t\t<\/section>\n\t\t\t\t<section class=\"elementor-section elementor-top-section elementor-element elementor-element-2486d84 elementor-section-boxed elementor-section-height-default elementor-section-height-default\" data-id=\"2486d84\" data-element_type=\"section\" data-e-type=\"section\">\n\t\t\t\t\t\t<div class=\"elementor-container elementor-column-gap-default\">\n\t\t\t\t\t<div class=\"elementor-column elementor-col-100 elementor-top-column elementor-element elementor-element-9966a77\" data-id=\"9966a77\" data-element_type=\"column\" data-e-type=\"column\">\n\t\t\t<div class=\"elementor-widget-wrap elementor-element-populated\">\n\t\t\t\t\t\t<div class=\"elementor-element elementor-element-ae6a8b2 elementor-widget elementor-widget-text-editor\" data-id=\"ae6a8b2\" data-element_type=\"widget\" data-e-type=\"widget\" data-widget_type=\"text-editor.default\">\n\t\t\t\t<div class=\"elementor-widget-container\">\n\t\t\t\t\t\t\t\t\t<p><strong>Seminarweine<\/strong><br \/>&#8211; <strong>Domaine Reine Juliette<\/strong> &#8211; Sauvignon &#8211; Pays d&#8217;Oc &#8211; 2016<br \/>&#8211; <strong>Ch\u00e2teau Verriere Sauvignon<\/strong> &#8211; Bordeaux &#8211; 2016<br \/>&#8211; <strong>Ch\u00e2teau Vignol- Clairet<\/strong> &#8211; Bordeaux &#8211; 2016<br \/>&#8211; <strong>Ch\u00e2teau Verrieres Superieur<\/strong> -Bordeaux &#8211; 2015<br \/><strong>&#8211; Domaine de la Coste Moynier <\/strong>&#8211; 2015<br \/>&#8211; <strong>Terre des brus Merlot<\/strong> &#8211; Pays d&#8217;Oc &#8211; 2015<br \/><strong>&#8211; Cuv\u00e9e Selection\u00e9e <\/strong>&#8211; Saint Cristol &#8211; 2012<br \/><strong>&#8211; Gres de Monpellier <\/strong>&#8211; Langedoc &#8211; 2014<\/p>\t\t\t\t\t\t\t\t<\/div>\n\t\t\t\t<\/div>\n\t\t\t\t\t<\/div>\n\t\t<\/div>\n\t\t\t\t\t<\/div>\n\t\t<\/section>\n\t\t\t\t<section class=\"elementor-section elementor-top-section elementor-element elementor-element-9541f3e elementor-section-boxed elementor-section-height-default elementor-section-height-default\" data-id=\"9541f3e\" data-element_type=\"section\" data-e-type=\"section\">\n\t\t\t\t\t\t<div class=\"elementor-container elementor-column-gap-default\">\n\t\t\t\t\t<div class=\"elementor-column elementor-col-100 elementor-top-column elementor-element elementor-element-263e505\" data-id=\"263e505\" data-element_type=\"column\" data-e-type=\"column\">\n\t\t\t<div class=\"elementor-widget-wrap elementor-element-populated\">\n\t\t\t\t\t\t<div class=\"elementor-element elementor-element-03d9bf3 elementor-widget elementor-widget-image\" data-id=\"03d9bf3\" data-element_type=\"widget\" data-e-type=\"widget\" data-widget_type=\"image.default\">\n\t\t\t\t<div class=\"elementor-widget-container\">\n\t\t\t\t\t\t\t\t\t\t\t\t<figure class=\"wp-caption\">\n\t\t\t\t\t\t\t\t\t\t<img fetchpriority=\"high\" decoding=\"async\" width=\"800\" height=\"600\" src=\"https:\/\/reismann.de\/wp-content\/uploads\/2022\/10\/IMG_1317m.jpg\" class=\"attachment-large size-large wp-image-1474\" alt=\"\" srcset=\"https:\/\/reismann.de\/wp-content\/uploads\/2022\/10\/IMG_1317m.jpg 800w, https:\/\/reismann.de\/wp-content\/uploads\/2022\/10\/IMG_1317m-300x225.jpg 300w, https:\/\/reismann.de\/wp-content\/uploads\/2022\/10\/IMG_1317m-768x576.jpg 768w\" sizes=\"(max-width: 800px) 100vw, 800px\" \/>\t\t\t\t\t\t\t\t\t\t\t<figcaption class=\"widget-image-caption wp-caption-text\">Teilnehmer des 28. Weinseminars<\/figcaption>\n\t\t\t\t\t\t\t\t\t\t<\/figure>\n\t\t\t\t\t\t\t\t\t<\/div>\n\t\t\t\t<\/div>\n\t\t\t\t\t<\/div>\n\t\t<\/div>\n\t\t\t\t\t<\/div>\n\t\t<\/section>\n\t\t\t\t<\/div>\n\t\t","protected":false},"excerpt":{"rendered":"<p>Gro\u00dfe Gew\u00e4chse der letzten Jahre Wilhelm Groppe Das&nbsp;26. Weinseminar&nbsp;am&nbsp;20.11.2015&nbsp;fand traditionell in den Verkaufsr\u00e4umen von&nbsp;Wilhelm Groppe&#8217;s Weinatelier&nbsp;in Paderborn statt. Das Thema des aktuellen Seminars lautete: &#8222;Die gro\u00dfen Weine des Jahres 2015&#8222;. In seiner temperamentvollen und kompeteten Art stellte er 2 Wei\u00df-, 1 Ros\u00e9- und 5 Rotweine aus unterschiedlichen Regionen und ber\u00fchmten, franz\u00f6sischen Weinkellereien vor, die in [&hellip;]<\/p>\n","protected":false},"author":2,"featured_media":0,"parent":0,"menu_order":0,"comment_status":"closed","ping_status":"closed","template":"","meta":{"ocean_post_layout":"","ocean_both_sidebars_style":"","ocean_both_sidebars_content_width":0,"ocean_both_sidebars_sidebars_width":0,"ocean_sidebar":"0","ocean_second_sidebar":"0","ocean_disable_margins":"enable","ocean_add_body_class":"","ocean_shortcode_before_top_bar":"","ocean_shortcode_after_top_bar":"","ocean_shortcode_before_header":"","ocean_shortcode_after_header":"","ocean_has_shortcode":"","ocean_shortcode_after_title":"","ocean_shortcode_before_footer_widgets":"","ocean_shortcode_after_footer_widgets":"","ocean_shortcode_before_footer_bottom":"","ocean_shortcode_after_footer_bottom":"","ocean_display_top_bar":"default","ocean_display_header":"default","ocean_header_style":"","ocean_center_header_left_menu":"0","ocean_custom_header_template":"0","ocean_custom_logo":0,"ocean_custom_retina_logo":0,"ocean_custom_logo_max_width":0,"ocean_custom_logo_tablet_max_width":0,"ocean_custom_logo_mobile_max_width":0,"ocean_custom_logo_max_height":0,"ocean_custom_logo_tablet_max_height":0,"ocean_custom_logo_mobile_max_height":0,"ocean_header_custom_menu":"0","ocean_menu_typo_font_family":"0","ocean_menu_typo_font_subset":"","ocean_menu_typo_font_size":0,"ocean_menu_typo_font_size_tablet":0,"ocean_menu_typo_font_size_mobile":0,"ocean_menu_typo_font_size_unit":"px","ocean_menu_typo_font_weight":"","ocean_menu_typo_font_weight_tablet":"","ocean_menu_typo_font_weight_mobile":"","ocean_menu_typo_transform":"","ocean_menu_typo_transform_tablet":"","ocean_menu_typo_transform_mobile":"","ocean_menu_typo_line_height":0,"ocean_menu_typo_line_height_tablet":0,"ocean_menu_typo_line_height_mobile":0,"ocean_menu_typo_line_height_unit":"","ocean_menu_typo_spacing":0,"ocean_menu_typo_spacing_tablet":0,"ocean_menu_typo_spacing_mobile":0,"ocean_menu_typo_spacing_unit":"","ocean_menu_link_color":"","ocean_menu_link_color_hover":"","ocean_menu_link_color_active":"","ocean_menu_link_background":"","ocean_menu_link_hover_background":"","ocean_menu_link_active_background":"","ocean_menu_social_links_bg":"","ocean_menu_social_hover_links_bg":"","ocean_menu_social_links_color":"","ocean_menu_social_hover_links_color":"","ocean_disable_title":"default","ocean_disable_heading":"default","ocean_post_title":"","ocean_post_subheading":"","ocean_post_title_style":"","ocean_post_title_background_color":"","ocean_post_title_background":0,"ocean_post_title_bg_image_position":"","ocean_post_title_bg_image_attachment":"","ocean_post_title_bg_image_repeat":"","ocean_post_title_bg_image_size":"","ocean_post_title_height":0,"ocean_post_title_bg_overlay":0.5,"ocean_post_title_bg_overlay_color":"","ocean_disable_breadcrumbs":"default","ocean_breadcrumbs_color":"","ocean_breadcrumbs_separator_color":"","ocean_breadcrumbs_links_color":"","ocean_breadcrumbs_links_hover_color":"","ocean_display_footer_widgets":"default","ocean_display_footer_bottom":"default","ocean_custom_footer_template":"0","footnotes":""},"class_list":["post-1458","page","type-page","status-publish","hentry","entry"],"jetpack_sharing_enabled":true,"_links":{"self":[{"href":"https:\/\/reismann.de\/index.php?rest_route=\/wp\/v2\/pages\/1458","targetHints":{"allow":["GET"]}}],"collection":[{"href":"https:\/\/reismann.de\/index.php?rest_route=\/wp\/v2\/pages"}],"about":[{"href":"https:\/\/reismann.de\/index.php?rest_route=\/wp\/v2\/types\/page"}],"author":[{"embeddable":true,"href":"https:\/\/reismann.de\/index.php?rest_route=\/wp\/v2\/users\/2"}],"replies":[{"embeddable":true,"href":"https:\/\/reismann.de\/index.php?rest_route=%2Fwp%2Fv2%2Fcomments&post=1458"}],"version-history":[{"count":31,"href":"https:\/\/reismann.de\/index.php?rest_route=\/wp\/v2\/pages\/1458\/revisions"}],"predecessor-version":[{"id":2012,"href":"https:\/\/reismann.de\/index.php?rest_route=\/wp\/v2\/pages\/1458\/revisions\/2012"}],"wp:attachment":[{"href":"https:\/\/reismann.de\/index.php?rest_route=%2Fwp%2Fv2%2Fmedia&parent=1458"}],"curies":[{"name":"wp","href":"https:\/\/api.w.org\/{rel}","templated":true}]}}