{"id":1262,"date":"2022-09-29T21:07:23","date_gmt":"2022-09-29T19:07:23","guid":{"rendered":"https:\/\/test.reismann.de\/?page_id=1262"},"modified":"2022-12-30T18:25:41","modified_gmt":"2022-12-30T16:25:41","slug":"1262-2","status":"publish","type":"page","link":"https:\/\/reismann.de\/?page_id=1262","title":{"rendered":"Besichtigung der Klutert-H\u00f6hle im Ennepetal (1997)"},"content":{"rendered":"\t\t<div data-elementor-type=\"wp-page\" data-elementor-id=\"1262\" class=\"elementor elementor-1262\">\n\t\t\t\t\t\t<section class=\"elementor-section elementor-top-section elementor-element elementor-element-2bb7699d elementor-section-boxed elementor-section-height-default elementor-section-height-default\" data-id=\"2bb7699d\" data-element_type=\"section\" data-e-type=\"section\">\n\t\t\t\t\t\t<div class=\"elementor-container elementor-column-gap-default\">\n\t\t\t\t\t<div class=\"elementor-column elementor-col-100 elementor-top-column elementor-element elementor-element-3501b028\" data-id=\"3501b028\" data-element_type=\"column\" data-e-type=\"column\">\n\t\t\t<div class=\"elementor-widget-wrap elementor-element-populated\">\n\t\t\t\t\t\t<div class=\"elementor-element elementor-element-8f312e4 elementor-widget elementor-widget-heading\" data-id=\"8f312e4\" data-element_type=\"widget\" data-e-type=\"widget\" data-widget_type=\"heading.default\">\n\t\t\t\t<div class=\"elementor-widget-container\">\n\t\t\t\t\t<h2 class=\"elementor-heading-title elementor-size-default\">Besichtigung der Klutert-H\u00f6hle im Ennepetal (1997)<\/h2>\t\t\t\t<\/div>\n\t\t\t\t<\/div>\n\t\t\t\t<div class=\"elementor-element elementor-element-def4f93 elementor-widget elementor-widget-text-editor\" data-id=\"def4f93\" data-element_type=\"widget\" data-e-type=\"widget\" data-widget_type=\"text-editor.default\">\n\t\t\t\t<div class=\"elementor-widget-container\">\n\t\t\t\t\t\t\t\t\t<p>Am Samstag, den 23.08.1997 fr\u00fch morgens fuhren wir los. Nach einer zweist\u00fcndigen Fahrt im Auto waren wir am Ziel. Noch schnell umgezogen &#8211; wir wollten die H\u00f6hle erkunden &#8211; und los ging es. Doch zuerst mussten wir nat\u00fcrlich bezahlen und auf unseren H\u00f6hlen-F\u00fchrer warten. Aber jetzt ! &#8230;.<\/p>\n<p>Nachdem uns dieser etwas eingewiesen und auf die Gefahren aufmerksam gemacht hatte, starteten wir. Auf dem Weg zum Eingang sahen wir noch eine Gruppe aus der H\u00f6hle kommen und die war &#8230; &#8211; na ja , so sollte es uns nicht ergehen. Also durch dieses Tor m\u00fcssen alle durch. Das erste St\u00fcck gerade aus und dabei die Taschenlampe an. Ganz sch\u00f6n kalt hier drin. Doch nicht gleich schlapp machen. Weiter geht\u2019s. Jetzt &#8230; tja nun etwas abseits des Hauptverkehrs, etwas erleben, erkunden, sich f\u00fchlen wie ein H\u00f6hlenforscher vor &#8211; ich wei\u00df nicht wann &#8211; sagen wir, als die H\u00f6hle entdeckt worden ist, etwas anders vielleicht doch, da wir ja &#8222;noch&#8220; nicht einmal Hobbyforscher sind.<\/p>\n<p>Abseits der Hauptwege versuchten wir, die die keine Stiefel angezogen hatten, weil uns die Vorstellung fehlte, was da auf uns zukommen sollte, vielleicht aber auch nicht richtig zugeh\u00f6rt hatten, also, trockenen Fu\u00dfes durchzukommen. Die ersten G\u00e4nge, Windungen, waren kein Problem; dann aber fing es an, schwierig zu werden, an den feuchten, glitschigen W\u00e4nden und Vorspr\u00fcngen entlang zu rutschen. Schlie\u00dflich war es uns egal &#8211; vielleicht, nachdem wir an einem helleren Ort feststellten, wie &#8222;sauber&#8220; wir waren und dass dies bisschen &#8222;N\u00e4sse&#8220; nur unwesentlich zum Gesamtbild beitragen kann, wie auch immer es ausfallen mag.<\/p>\n<p>Abseits der Hauptwege ging es zuerst aufrecht, dann geb\u00fcckt, dann gekniet und zuletzt gerobbt durch die G\u00e4nge. So manches Mal hatten wir den Eindruck, durch die engen, verwinkelten, als Sackgasse erscheinenden Wanddurchl\u00e4sse nicht hindurchzupassen. Dabei fiel uns pl\u00f6tzlich ein, was Franz-Josef, der diese Tour angeregt hatte, von seinem letzten Besuch dieses Ortes sagte: es soll einer fast in einer Spalte h\u00e4ngen geblieben sein, was uns zum Schmunzeln brachte, da diese Person, sagen wir mal ,vollschlank war. &#8211; Aber es ging.<\/p>\n<p>Apropos heller Ort &#8211; wir gingen, krabbelten und rutschten vielleicht eine halbe Stunde durch das Tunnelgewirr, Witze rei\u00dfend\/fluchend, als wir feststellten, nachdem wir einen &#8222;Hauptweg&#8220; gekreuzt hatten, dass es auch sauberen Schrittes m\u00f6glich war, die H\u00f6hle zu besichtigen. Doch dann h\u00e4tten wir nicht dieses Erlebnis eines &#8222;vermeintlichen Forschers&#8220; gehabt, das nur so vollkommen geworden ist, mit von Lehm verdreckten, von Wasser durchn\u00e4ssten Schuhen und schmutzigen H\u00e4nden und Gesicht.<\/p>\n<p>Jetzt erinnerten wir uns an die Gruppe, die uns bei unserem &#8222;Einstieg&#8220; in das H\u00f6hlensystem begegnet war. Schon zwischendurch fragten wir uns, warum wir f\u00fcr dieses Dreckvergn\u00fcgen bezahlen mussten &#8211; wahrscheinlich weil es ein Vergn\u00fcgen war.<\/p>\t\t\t\t\t\t\t\t<\/div>\n\t\t\t\t<\/div>\n\t\t\t\t<div class=\"elementor-element elementor-element-576466c elementor-widget elementor-widget-image\" data-id=\"576466c\" data-element_type=\"widget\" data-e-type=\"widget\" data-widget_type=\"image.default\">\n\t\t\t\t<div class=\"elementor-widget-container\">\n\t\t\t\t\t\t\t\t\t\t\t\t<figure class=\"wp-caption\">\n\t\t\t\t\t\t\t\t\t\t<img fetchpriority=\"high\" decoding=\"async\" width=\"800\" height=\"469\" src=\"https:\/\/reismann.de\/wp-content\/uploads\/2022\/09\/hoehlenforscher_m.jpg\" class=\"attachment-large size-large wp-image-1266\" alt=\"\" srcset=\"https:\/\/reismann.de\/wp-content\/uploads\/2022\/09\/hoehlenforscher_m.jpg 800w, https:\/\/reismann.de\/wp-content\/uploads\/2022\/09\/hoehlenforscher_m-300x176.jpg 300w, https:\/\/reismann.de\/wp-content\/uploads\/2022\/09\/hoehlenforscher_m-768x450.jpg 768w\" sizes=\"(max-width: 800px) 100vw, 800px\" \/>\t\t\t\t\t\t\t\t\t\t\t<figcaption class=\"widget-image-caption wp-caption-text\">H\u00f6hlenforscher mit Lizenz<\/figcaption>\n\t\t\t\t\t\t\t\t\t\t<\/figure>\n\t\t\t\t\t\t\t\t\t<\/div>\n\t\t\t\t<\/div>\n\t\t\t\t\t<\/div>\n\t\t<\/div>\n\t\t\t\t\t<\/div>\n\t\t<\/section>\n\t\t\t\t<\/div>\n\t\t","protected":false},"excerpt":{"rendered":"<p>Besichtigung der Klutert-H\u00f6hle im Ennepetal (1997) Am Samstag, den 23.08.1997 fr\u00fch morgens fuhren wir los. Nach einer zweist\u00fcndigen Fahrt im Auto waren wir am Ziel. Noch schnell umgezogen &#8211; wir wollten die H\u00f6hle erkunden &#8211; und los ging es. Doch zuerst mussten wir nat\u00fcrlich bezahlen und auf unseren H\u00f6hlen-F\u00fchrer warten. Aber jetzt ! &#8230;. Nachdem [&hellip;]<\/p>\n","protected":false},"author":2,"featured_media":0,"parent":0,"menu_order":0,"comment_status":"closed","ping_status":"closed","template":"","meta":{"ocean_post_layout":"","ocean_both_sidebars_style":"","ocean_both_sidebars_content_width":0,"ocean_both_sidebars_sidebars_width":0,"ocean_sidebar":"0","ocean_second_sidebar":"0","ocean_disable_margins":"enable","ocean_add_body_class":"","ocean_shortcode_before_top_bar":"","ocean_shortcode_after_top_bar":"","ocean_shortcode_before_header":"","ocean_shortcode_after_header":"","ocean_has_shortcode":"","ocean_shortcode_after_title":"","ocean_shortcode_before_footer_widgets":"","ocean_shortcode_after_footer_widgets":"","ocean_shortcode_before_footer_bottom":"","ocean_shortcode_after_footer_bottom":"","ocean_display_top_bar":"default","ocean_display_header":"default","ocean_header_style":"","ocean_center_header_left_menu":"0","ocean_custom_header_template":"0","ocean_custom_logo":0,"ocean_custom_retina_logo":0,"ocean_custom_logo_max_width":0,"ocean_custom_logo_tablet_max_width":0,"ocean_custom_logo_mobile_max_width":0,"ocean_custom_logo_max_height":0,"ocean_custom_logo_tablet_max_height":0,"ocean_custom_logo_mobile_max_height":0,"ocean_header_custom_menu":"0","ocean_menu_typo_font_family":"0","ocean_menu_typo_font_subset":"","ocean_menu_typo_font_size":0,"ocean_menu_typo_font_size_tablet":0,"ocean_menu_typo_font_size_mobile":0,"ocean_menu_typo_font_size_unit":"px","ocean_menu_typo_font_weight":"","ocean_menu_typo_font_weight_tablet":"","ocean_menu_typo_font_weight_mobile":"","ocean_menu_typo_transform":"","ocean_menu_typo_transform_tablet":"","ocean_menu_typo_transform_mobile":"","ocean_menu_typo_line_height":0,"ocean_menu_typo_line_height_tablet":0,"ocean_menu_typo_line_height_mobile":0,"ocean_menu_typo_line_height_unit":"","ocean_menu_typo_spacing":0,"ocean_menu_typo_spacing_tablet":0,"ocean_menu_typo_spacing_mobile":0,"ocean_menu_typo_spacing_unit":"","ocean_menu_link_color":"","ocean_menu_link_color_hover":"","ocean_menu_link_color_active":"","ocean_menu_link_background":"","ocean_menu_link_hover_background":"","ocean_menu_link_active_background":"","ocean_menu_social_links_bg":"","ocean_menu_social_hover_links_bg":"","ocean_menu_social_links_color":"","ocean_menu_social_hover_links_color":"","ocean_disable_title":"default","ocean_disable_heading":"default","ocean_post_title":"","ocean_post_subheading":"","ocean_post_title_style":"","ocean_post_title_background_color":"","ocean_post_title_background":0,"ocean_post_title_bg_image_position":"","ocean_post_title_bg_image_attachment":"","ocean_post_title_bg_image_repeat":"","ocean_post_title_bg_image_size":"","ocean_post_title_height":0,"ocean_post_title_bg_overlay":0.5,"ocean_post_title_bg_overlay_color":"","ocean_disable_breadcrumbs":"default","ocean_breadcrumbs_color":"","ocean_breadcrumbs_separator_color":"","ocean_breadcrumbs_links_color":"","ocean_breadcrumbs_links_hover_color":"","ocean_display_footer_widgets":"default","ocean_display_footer_bottom":"default","ocean_custom_footer_template":"0","footnotes":""},"class_list":["post-1262","page","type-page","status-publish","hentry","entry"],"jetpack_sharing_enabled":true,"_links":{"self":[{"href":"https:\/\/reismann.de\/index.php?rest_route=\/wp\/v2\/pages\/1262","targetHints":{"allow":["GET"]}}],"collection":[{"href":"https:\/\/reismann.de\/index.php?rest_route=\/wp\/v2\/pages"}],"about":[{"href":"https:\/\/reismann.de\/index.php?rest_route=\/wp\/v2\/types\/page"}],"author":[{"embeddable":true,"href":"https:\/\/reismann.de\/index.php?rest_route=\/wp\/v2\/users\/2"}],"replies":[{"embeddable":true,"href":"https:\/\/reismann.de\/index.php?rest_route=%2Fwp%2Fv2%2Fcomments&post=1262"}],"version-history":[{"count":10,"href":"https:\/\/reismann.de\/index.php?rest_route=\/wp\/v2\/pages\/1262\/revisions"}],"predecessor-version":[{"id":2930,"href":"https:\/\/reismann.de\/index.php?rest_route=\/wp\/v2\/pages\/1262\/revisions\/2930"}],"wp:attachment":[{"href":"https:\/\/reismann.de\/index.php?rest_route=%2Fwp%2Fv2%2Fmedia&parent=1262"}],"curies":[{"name":"wp","href":"https:\/\/api.w.org\/{rel}","templated":true}]}}