{"id":1161,"date":"2022-09-29T19:56:41","date_gmt":"2022-09-29T17:56:41","guid":{"rendered":"https:\/\/test.reismann.de\/?page_id=1161"},"modified":"2022-09-29T20:07:27","modified_gmt":"2022-09-29T18:07:27","slug":"elementor-1161","status":"publish","type":"page","link":"https:\/\/reismann.de\/?page_id=1161","title":{"rendered":"Ehemalige und aktive Reismann-Sch\u00fcler zu Gast im Landtag NRW (2004)\ufffc"},"content":{"rendered":"\t\t<div data-elementor-type=\"wp-page\" data-elementor-id=\"1161\" class=\"elementor elementor-1161\">\n\t\t\t\t\t\t<section class=\"elementor-section elementor-top-section elementor-element elementor-element-3ab787c elementor-section-boxed elementor-section-height-default elementor-section-height-default\" data-id=\"3ab787c\" data-element_type=\"section\" data-e-type=\"section\">\n\t\t\t\t\t\t<div class=\"elementor-container elementor-column-gap-default\">\n\t\t\t\t\t<div class=\"elementor-column elementor-col-100 elementor-top-column elementor-element elementor-element-760df0c\" data-id=\"760df0c\" data-element_type=\"column\" data-e-type=\"column\">\n\t\t\t<div class=\"elementor-widget-wrap elementor-element-populated\">\n\t\t\t\t\t\t<div class=\"elementor-element elementor-element-059b907 elementor-widget elementor-widget-heading\" data-id=\"059b907\" data-element_type=\"widget\" data-e-type=\"widget\" data-widget_type=\"heading.default\">\n\t\t\t\t<div class=\"elementor-widget-container\">\n\t\t\t\t\t<h2 class=\"elementor-heading-title elementor-size-default\">Ehemalige und aktive Reismann-Sch\u00fcler zu Gast im Landtag NRW (2004)<\/h2>\t\t\t\t<\/div>\n\t\t\t\t<\/div>\n\t\t\t\t\t<\/div>\n\t\t<\/div>\n\t\t\t\t\t<\/div>\n\t\t<\/section>\n\t\t\t\t<section class=\"elementor-section elementor-top-section elementor-element elementor-element-8ac0eb1 elementor-section-boxed elementor-section-height-default elementor-section-height-default\" data-id=\"8ac0eb1\" data-element_type=\"section\" data-e-type=\"section\">\n\t\t\t\t\t\t<div class=\"elementor-container elementor-column-gap-default\">\n\t\t\t\t\t<div class=\"elementor-column elementor-col-100 elementor-top-column elementor-element elementor-element-dc94d0a\" data-id=\"dc94d0a\" data-element_type=\"column\" data-e-type=\"column\">\n\t\t\t<div class=\"elementor-widget-wrap elementor-element-populated\">\n\t\t\t\t\t\t<div class=\"elementor-element elementor-element-b128ce5 elementor-widget elementor-widget-text-editor\" data-id=\"b128ce5\" data-element_type=\"widget\" data-e-type=\"widget\" data-widget_type=\"text-editor.default\">\n\t\t\t\t<div class=\"elementor-widget-container\">\n\t\t\t\t\t\t\t\t\t<p>Als sich der Verein ehemaliger Reism\u00e4nner zu Jahresbeginn um einen Besuchstermin im D\u00fcsseldorfer Landtag bem\u00fchte, kam spontan die Einladung von\u00a0<b>MdL Wolfgang Schmitz<\/b>. Schmitz, der 1967 sein Abitur am Reismann absolviert hatte. Er freute sich jetzt, in der Besuchergruppe auch seinen ehemaligen Mathematiklehrer\u00a0<b>StD Herbert Fritzenk\u00f6tter<\/b>, sowie einige Mitsch\u00fcler begr\u00fc\u00dfen zu d\u00fcrfen. Und eine weitere \u00dcberraschung: Der Vereinsvorsitzende\u00a0<b>Harald Lembke<\/b>\u00a0und Wolfgang Schmitz hatten seinerzeit nahezu zeitgleich den Umbau des Schuljahrwechsels von Ostern auf den Sommer miterlebt. Beide erinnerten sich an die dramatischen Kurzschuljahre, die in 1966 zu dem Kuriosum zweier Abiture in einem Kalenderjahr gef\u00fchrt hatten.<\/p><p>Nach der fast famili\u00e4r gef\u00fchrten Diskussion mit dem MdL Schmitz erhielten die Besucher einen umfassenden \u00dcberblick \u00fcber die Arbeitsumgebung des Landesparlaments. Auch eine Kurzvisite des \u00bbStadttors\u00ab, dem Sitz der Staatskanzlei, zeigte, wie sch\u00f6n es sein muss, an diesem Ort arbeiten zu d\u00fcrfen.<\/p><p>Gro\u00dfe Freude bereitete den Ehemaligen die erstmalige Anwesenheit von aktiven Sch\u00fclerinnen und Sch\u00fclern des Reismann-Gymnasiums, die sich als sympathische Mittler zwischen Alt und Jung in dieser Veranstaltung darstellten.<\/p>\t\t\t\t\t\t\t\t<\/div>\n\t\t\t\t<\/div>\n\t\t\t\t<div class=\"elementor-element elementor-element-3d54b2b elementor-widget elementor-widget-image\" data-id=\"3d54b2b\" data-element_type=\"widget\" data-e-type=\"widget\" data-widget_type=\"image.default\">\n\t\t\t\t<div class=\"elementor-widget-container\">\n\t\t\t\t\t\t\t\t\t\t\t\t<figure class=\"wp-caption\">\n\t\t\t\t\t\t\t\t\t\t<img fetchpriority=\"high\" decoding=\"async\" width=\"350\" height=\"263\" src=\"https:\/\/reismann.de\/wp-content\/uploads\/2022\/09\/landtag_2004.jpg\" class=\"attachment-2048x2048 size-2048x2048 wp-image-1163\" alt=\"\" srcset=\"https:\/\/reismann.de\/wp-content\/uploads\/2022\/09\/landtag_2004.jpg 350w, https:\/\/reismann.de\/wp-content\/uploads\/2022\/09\/landtag_2004-300x225.jpg 300w\" sizes=\"(max-width: 350px) 100vw, 350px\" \/>\t\t\t\t\t\t\t\t\t\t\t<figcaption class=\"widget-image-caption wp-caption-text\">Ehemalige und Sch\u00fcler im Landesparlament<\/figcaption>\n\t\t\t\t\t\t\t\t\t\t<\/figure>\n\t\t\t\t\t\t\t\t\t<\/div>\n\t\t\t\t<\/div>\n\t\t\t\t\t<\/div>\n\t\t<\/div>\n\t\t\t\t\t<\/div>\n\t\t<\/section>\n\t\t\t\t<\/div>\n\t\t","protected":false},"excerpt":{"rendered":"<p>Ehemalige und aktive Reismann-Sch\u00fcler zu Gast im Landtag NRW (2004) Als sich der Verein ehemaliger Reism\u00e4nner zu Jahresbeginn um einen Besuchstermin im D\u00fcsseldorfer Landtag bem\u00fchte, kam spontan die Einladung von&nbsp;MdL Wolfgang Schmitz. Schmitz, der 1967 sein Abitur am Reismann absolviert hatte. Er freute sich jetzt, in der Besuchergruppe auch seinen ehemaligen Mathematiklehrer&nbsp;StD Herbert Fritzenk\u00f6tter, sowie [&hellip;]<\/p>\n","protected":false},"author":2,"featured_media":0,"parent":0,"menu_order":0,"comment_status":"closed","ping_status":"closed","template":"","meta":{"ocean_post_layout":"","ocean_both_sidebars_style":"","ocean_both_sidebars_content_width":0,"ocean_both_sidebars_sidebars_width":0,"ocean_sidebar":"0","ocean_second_sidebar":"0","ocean_disable_margins":"enable","ocean_add_body_class":"","ocean_shortcode_before_top_bar":"","ocean_shortcode_after_top_bar":"","ocean_shortcode_before_header":"","ocean_shortcode_after_header":"","ocean_has_shortcode":"","ocean_shortcode_after_title":"","ocean_shortcode_before_footer_widgets":"","ocean_shortcode_after_footer_widgets":"","ocean_shortcode_before_footer_bottom":"","ocean_shortcode_after_footer_bottom":"","ocean_display_top_bar":"default","ocean_display_header":"default","ocean_header_style":"","ocean_center_header_left_menu":"0","ocean_custom_header_template":"0","ocean_custom_logo":0,"ocean_custom_retina_logo":0,"ocean_custom_logo_max_width":0,"ocean_custom_logo_tablet_max_width":0,"ocean_custom_logo_mobile_max_width":0,"ocean_custom_logo_max_height":0,"ocean_custom_logo_tablet_max_height":0,"ocean_custom_logo_mobile_max_height":0,"ocean_header_custom_menu":"0","ocean_menu_typo_font_family":"0","ocean_menu_typo_font_subset":"","ocean_menu_typo_font_size":0,"ocean_menu_typo_font_size_tablet":0,"ocean_menu_typo_font_size_mobile":0,"ocean_menu_typo_font_size_unit":"px","ocean_menu_typo_font_weight":"","ocean_menu_typo_font_weight_tablet":"","ocean_menu_typo_font_weight_mobile":"","ocean_menu_typo_transform":"","ocean_menu_typo_transform_tablet":"","ocean_menu_typo_transform_mobile":"","ocean_menu_typo_line_height":0,"ocean_menu_typo_line_height_tablet":0,"ocean_menu_typo_line_height_mobile":0,"ocean_menu_typo_line_height_unit":"","ocean_menu_typo_spacing":0,"ocean_menu_typo_spacing_tablet":0,"ocean_menu_typo_spacing_mobile":0,"ocean_menu_typo_spacing_unit":"","ocean_menu_link_color":"","ocean_menu_link_color_hover":"","ocean_menu_link_color_active":"","ocean_menu_link_background":"","ocean_menu_link_hover_background":"","ocean_menu_link_active_background":"","ocean_menu_social_links_bg":"","ocean_menu_social_hover_links_bg":"","ocean_menu_social_links_color":"","ocean_menu_social_hover_links_color":"","ocean_disable_title":"default","ocean_disable_heading":"default","ocean_post_title":"","ocean_post_subheading":"","ocean_post_title_style":"","ocean_post_title_background_color":"","ocean_post_title_background":0,"ocean_post_title_bg_image_position":"","ocean_post_title_bg_image_attachment":"","ocean_post_title_bg_image_repeat":"","ocean_post_title_bg_image_size":"","ocean_post_title_height":0,"ocean_post_title_bg_overlay":0.5,"ocean_post_title_bg_overlay_color":"","ocean_disable_breadcrumbs":"default","ocean_breadcrumbs_color":"","ocean_breadcrumbs_separator_color":"","ocean_breadcrumbs_links_color":"","ocean_breadcrumbs_links_hover_color":"","ocean_display_footer_widgets":"default","ocean_display_footer_bottom":"default","ocean_custom_footer_template":"0","footnotes":""},"class_list":["post-1161","page","type-page","status-publish","hentry","entry"],"jetpack_sharing_enabled":true,"_links":{"self":[{"href":"https:\/\/reismann.de\/index.php?rest_route=\/wp\/v2\/pages\/1161","targetHints":{"allow":["GET"]}}],"collection":[{"href":"https:\/\/reismann.de\/index.php?rest_route=\/wp\/v2\/pages"}],"about":[{"href":"https:\/\/reismann.de\/index.php?rest_route=\/wp\/v2\/types\/page"}],"author":[{"embeddable":true,"href":"https:\/\/reismann.de\/index.php?rest_route=\/wp\/v2\/users\/2"}],"replies":[{"embeddable":true,"href":"https:\/\/reismann.de\/index.php?rest_route=%2Fwp%2Fv2%2Fcomments&post=1161"}],"version-history":[{"count":6,"href":"https:\/\/reismann.de\/index.php?rest_route=\/wp\/v2\/pages\/1161\/revisions"}],"predecessor-version":[{"id":1171,"href":"https:\/\/reismann.de\/index.php?rest_route=\/wp\/v2\/pages\/1161\/revisions\/1171"}],"wp:attachment":[{"href":"https:\/\/reismann.de\/index.php?rest_route=%2Fwp%2Fv2%2Fmedia&parent=1161"}],"curies":[{"name":"wp","href":"https:\/\/api.w.org\/{rel}","templated":true}]}}